{"id":10770,"date":"2023-02-04T08:26:55","date_gmt":"2023-02-04T07:26:55","guid":{"rendered":"https:\/\/www.taleaspa.com\/brand\/"},"modified":"2023-04-27T16:31:58","modified_gmt":"2023-04-27T14:31:58","slug":"brand","status":"publish","type":"page","link":"https:\/\/taleagroupspa.com\/en\/brand\/","title":{"rendered":"Brand"},"content":{"rendered":"<section class=\"wpb-content-wrapper\"><p>[vc_section el_class=&#8221;all-brands&#8221;][vc_row bg_type=&#8221;image&#8221; parallax_style=&#8221;vcpb-default&#8221; bg_image_new=&#8221;id^10498|url^https:\/\/taleagroupspa.com\/wp-content\/uploads\/2023\/02\/brand-hero-desktop-scaled.jpg|caption^null|alt^null|title^brand-hero-desktop|description^null&#8221; bg_image_repeat=&#8221;no-repeat&#8221; bg_image_posiiton=&#8221;0px 0px&#8221; el_class=&#8221;brand-banner riga-full-height testata-brand full-width&#8221;][vc_column offset=&#8221;vc_col-lg-10 vc_col-sm-offset-0&#8243;][vc_single_image image=&#8221;10503&#8243; img_size=&#8221;full&#8221; alignment=&#8221;center&#8221; el_class=&#8221;image_hero_brand&#8221;][vc_column_text]<\/p>\n<h2>OUR BRANDS<br \/>\nGenerating growth, spreading value. Each of our brands consistently focuses on the value of all People and all Companies, always at their side, enhancing their digital culture<\/h2>\n<p>[\/vc_column_text][\/vc_column][\/vc_row][vc_row full_width=&#8221;stretch_row&#8221; el_class=&#8221;bg-F7F7F7 pt-5 brands-loghi&#8221;][vc_column]<style type=\"text\/css\" data-type=\"the7_shortcodes-inline-css\">.dt-breadcrumbs-id-a5fa9a75788848dea54239d1d5c788e4 .breadcrumbs {\n  display: inline-block;\n  margin: 0;\n  padding: 2px 10px 2px 10px;\n  border: 0px solid ;\n  border-radius: 0px;\n}\n.dt-breadcrumbs-id-a5fa9a75788848dea54239d1d5c788e4 .breadcrumbs * {\n  color: #a2a5a6;\n}\n<\/style><div class=\"dt-breadcrumbs-shortcode dt-breadcrumbs-id-a5fa9a75788848dea54239d1d5c788e4 align-left\"><div class=\"assistive-text\">You are here:<\/div><ol class=\"breadcrumbs text-small\" itemscope itemtype=\"https:\/\/schema.org\/BreadcrumbList\"><li itemprop=\"itemListElement\" itemscope itemtype=\"https:\/\/schema.org\/ListItem\"><a itemprop=\"item\" href=\"https:\/\/taleagroupspa.com\/en\/\" title=\"Home\"><span itemprop=\"name\">Home<\/span><\/a><meta itemprop=\"position\" content=\"1\" \/><\/li><li class=\"current\" itemprop=\"itemListElement\" itemscope itemtype=\"https:\/\/schema.org\/ListItem\"><span itemprop=\"name\">Page<\/span><meta itemprop=\"position\" content=\"2\" \/><\/li><\/ol><\/div>[vc_row_inner equal_height=&#8221;yes&#8221; content_placement=&#8221;middle&#8221; el_class=&#8221;pb-lg-5 pb-0&#8243;][vc_column_inner el_class=&#8221;border&#8221; width=&#8221;5\/12&#8243; offset=&#8221;vc_col-lg-offset-1 vc_col-lg-4 vc_col-md-offset-0 vc_col-md-5 vc_col-sm-offset-0&#8243;][vc_single_image image=&#8221;10494&#8243; img_size=&#8221;full&#8221; alignment=&#8221;center&#8221; onclick=&#8221;custom_link&#8221; link=&#8221;https:\/\/taleagroupspa.com\/en\/brand\/farmae\/&#8221;][vc_column_text el_class=&#8221;cta-overpass&#8221;]<\/p>\n<p class=\"text-center\"><a href=\"https:\/\/taleagroupspa.com\/en\/brand\/farmae\/\">discover<\/a><\/p>\n<p>[\/vc_column_text][\/vc_column_inner][vc_column_inner el_class=&#8221;border&#8221; width=&#8221;5\/12&#8243; offset=&#8221;vc_col-lg-offset-1 vc_col-lg-4 vc_col-md-offset-1 vc_col-md-5 vc_col-sm-offset-1&#8243;][vc_single_image image=&#8221;10492&#8243; img_size=&#8221;full&#8221; alignment=&#8221;center&#8221; onclick=&#8221;custom_link&#8221; link=&#8221;https:\/\/taleagroupspa.com\/en\/brand\/amicafarmacia\/&#8221;][vc_column_text el_class=&#8221;cta-overpass&#8221;]<\/p>\n<p class=\"text-center\"><a href=\"https:\/\/taleagroupspa.com\/en\/brand\/amicafarmacia\/\">discover<\/a><\/p>\n<p>[\/vc_column_text][\/vc_column_inner][\/vc_row_inner][vc_row_inner equal_height=&#8221;yes&#8221; content_placement=&#8221;middle&#8221; el_class=&#8221;pt-5 pb-5&#8243;][vc_column_inner el_class=&#8221;border&#8221; width=&#8221;5\/12&#8243; offset=&#8221;vc_col-lg-offset-1 vc_col-lg-4 vc_col-md-offset-0 vc_col-md-5 vc_col-sm-offset-0&#8243;][vc_single_image image=&#8221;10490&#8243; img_size=&#8221;full&#8221; alignment=&#8221;center&#8221; onclick=&#8221;custom_link&#8221; link=&#8221;https:\/\/taleagroupspa.com\/en\/brand\/farmaeurope\/&#8221;][vc_column_text el_class=&#8221;cta-overpass&#8221;]<\/p>\n<p class=\"text-center\"><a href=\"https:\/\/taleagroupspa.com\/en\/brand\/farmaeurope\/\">discover<\/a><\/p>\n<p>[\/vc_column_text][\/vc_column_inner][vc_column_inner el_class=&#8221;border&#8221; width=&#8221;5\/12&#8243; offset=&#8221;vc_col-lg-offset-1 vc_col-lg-4 vc_col-md-offset-1 vc_col-md-5 vc_col-sm-offset-1&#8243;][vc_single_image image=&#8221;10486&#8243; img_size=&#8221;full&#8221; alignment=&#8221;center&#8221; onclick=&#8221;custom_link&#8221; link=&#8221;https:\/\/taleagroupspa.com\/en\/brand\/beautye\/&#8221;][vc_column_text el_class=&#8221;cta-overpass&#8221;]<\/p>\n<p class=\"text-center\"><a href=\"https:\/\/taleagroupspa.com\/en\/brand\/beautye\/\">discover<\/a><\/p>\n<p>[\/vc_column_text][\/vc_column_inner][\/vc_row_inner][vc_row_inner equal_height=&#8221;yes&#8221; content_placement=&#8221;middle&#8221; el_class=&#8221;pb-5&#8243;][vc_column_inner el_class=&#8221;border&#8221; width=&#8221;5\/12&#8243; offset=&#8221;vc_col-lg-offset-1 vc_col-lg-4 vc_col-md-offset-0 vc_col-md-5 vc_col-sm-offset-0&#8243;][vc_single_image image=&#8221;10484&#8243; img_size=&#8221;full&#8221; alignment=&#8221;center&#8221; onclick=&#8221;custom_link&#8221; link=&#8221;https:\/\/taleagroupspa.com\/en\/brand\/sanort\/&#8221;][vc_column_text el_class=&#8221;cta-overpass&#8221;]<\/p>\n<p class=\"text-center\"><a href=\"https:\/\/taleagroupspa.com\/en\/brand\/sanort\/\">discover<\/a><\/p>\n<p>[\/vc_column_text][\/vc_column_inner][vc_column_inner el_class=&#8221;border&#8221; width=&#8221;5\/12&#8243; offset=&#8221;vc_col-lg-offset-1 vc_col-lg-4 vc_col-md-offset-1 vc_col-md-5 vc_col-sm-offset-1&#8243;][vc_single_image image=&#8221;10482&#8243; img_size=&#8221;full&#8221; alignment=&#8221;center&#8221; onclick=&#8221;custom_link&#8221; link=&#8221;https:\/\/taleagroupspa.com\/en\/brand\/valnan\/&#8221;][vc_column_text el_class=&#8221;cta-overpass&#8221;]<\/p>\n<p class=\"text-center\"><a href=\"https:\/\/taleagroupspa.com\/en\/brand\/valnan\/\">discover<\/a><\/p>\n<p>[\/vc_column_text][\/vc_column_inner][\/vc_row_inner][vc_row_inner equal_height=&#8221;yes&#8221; content_placement=&#8221;middle&#8221; el_class=&#8221;pb-5&#8243;][vc_column_inner el_class=&#8221;border&#8221; width=&#8221;5\/12&#8243; offset=&#8221;vc_col-lg-offset-1 vc_col-lg-4 vc_col-md-offset-0 vc_col-md-5 vc_col-sm-offset-0&#8243;][vc_single_image image=&#8221;11462&#8243; img_size=&#8221;full&#8221; alignment=&#8221;center&#8221; onclick=&#8221;custom_link&#8221; link=&#8221;https:\/\/taleagroupspa.com\/en\/brand\/talea-media\/&#8221;][vc_column_text el_class=&#8221;cta-overpass&#8221;]<\/p>\n<p class=\"text-center\"><a href=\"https:\/\/taleagroupspa.com\/en\/brand\/talea-media\/\">discover<\/a><\/p>\n<p>[\/vc_column_text][\/vc_column_inner][\/vc_row_inner][\/vc_column][\/vc_row][vc_row full_width=&#8221;stretch_row&#8221; disable_element=&#8221;yes&#8221; el_class=&#8221;riga-full-height bg-F7F7F7 pt-sm-5 pt0 pb100 brands-loghi&#8221;][vc_column][vc_row_inner equal_height=&#8221;yes&#8221; content_placement=&#8221;middle&#8221;][vc_column_inner el_class=&#8221;border&#8221; offset=&#8221;vc_col-lg-offset-1 vc_col-lg-4 vc_col-md-offset-0 vc_col-md-5 vc_col-sm-offset-0&#8243;][vc_single_image image=&#8221;10484&#8243; img_size=&#8221;full&#8221; alignment=&#8221;center&#8221; onclick=&#8221;custom_link&#8221; link=&#8221;https:\/\/taleagroupspa.com\/en\/brand\/sanort\/&#8221;][vc_column_text el_class=&#8221;cta-overpass&#8221;]<\/p>\n<p class=\"text-center\"><a href=\"https:\/\/taleagroupspa.com\/en\/brand\/sanort\/\">discover<\/a><\/p>\n<p>[\/vc_column_text][\/vc_column_inner][vc_column_inner el_class=&#8221;border&#8221; offset=&#8221;vc_col-lg-offset-1 vc_col-lg-4 vc_col-md-offset-1 vc_col-md-5 vc_col-sm-offset-0&#8243;][vc_single_image image=&#8221;10482&#8243; img_size=&#8221;full&#8221; alignment=&#8221;center&#8221; onclick=&#8221;custom_link&#8221; link=&#8221;https:\/\/taleagroupspa.com\/en\/brand\/valnan\/&#8221;][vc_column_text el_class=&#8221;cta-overpass&#8221;]<\/p>\n<p class=\"text-center\"><a href=\"https:\/\/taleagroupspa.com\/en\/brand\/valnan\/\">discover<\/a><\/p>\n<p>[\/vc_column_text][\/vc_column_inner][\/vc_row_inner][\/vc_column][\/vc_row][\/vc_section]<\/p>\n<\/section>","protected":false},"excerpt":{"rendered":"<p>[vc_section el_class=&#8221;all-brands&#8221;][vc_row bg_type=&#8221;image&#8221; parallax_style=&#8221;vcpb-default&#8221; bg_image_new=&#8221;id^10498|url^https:\/\/taleagroupspa.com\/wp-content\/uploads\/2023\/02\/brand-hero-desktop-scaled.jpg|caption^null|alt^null|title^brand-hero-desktop|description^null&#8221; bg_image_repeat=&#8221;no-repeat&#8221; bg_image_posiiton=&#8221;0px 0px&#8221; el_class=&#8221;brand-banner riga-full-height testata-brand full-width&#8221;][vc_column offset=&#8221;vc_col-lg-10 vc_col-sm-offset-0&#8243;][vc_single_image image=&#8221;10503&#8243; img_size=&#8221;full&#8221; alignment=&#8221;center&#8221; el_class=&#8221;image_hero_brand&#8221;][vc_column_text] OUR BRANDS Generating growth, spreading value. Each of our brands consistently focuses on the value of all People and all Companies, always at their side, enhancing their digital culture [\/vc_column_text][\/vc_column][\/vc_row][vc_row full_width=&#8221;stretch_row&#8221; el_class=&#8221;bg-F7F7F7 pt-5 brands-loghi&#8221;][vc_column][vc_row_inner equal_height=&#8221;yes&#8221; content_placement=&#8221;middle&#8221; el_class=&#8221;pb-lg-5&hellip;<\/p>\n","protected":false},"author":1,"featured_media":0,"parent":0,"menu_order":0,"comment_status":"closed","ping_status":"closed","template":"","meta":{"_mi_skip_tracking":false},"yoast_head":"<!-- This site is optimized with the Yoast SEO plugin v20.7 - https:\/\/yoast.com\/wordpress\/plugins\/seo\/ -->\n<title>Brand - Talea Group S.p.A<\/title>\n<meta name=\"robots\" content=\"index, follow, max-snippet:-1, max-image-preview:large, max-video-preview:-1\" \/>\n<link rel=\"canonical\" href=\"https:\/\/taleagroupspa.com\/en\/brand\/\" \/>\n<meta property=\"og:locale\" content=\"en_US\" \/>\n<meta property=\"og:type\" content=\"article\" \/>\n<meta property=\"og:title\" content=\"Brand - Talea Group S.p.A\" \/>\n<meta property=\"og:description\" content=\"[vc_section el_class=&#8221;all-brands&#8221;][vc_row bg_type=&#8221;image&#8221; parallax_style=&#8221;vcpb-default&#8221; bg_image_new=&#8221;id^10498|url^https:\/\/taleagroupspa.com\/wp-content\/uploads\/2023\/02\/brand-hero-desktop-scaled.jpg|caption^null|alt^null|title^brand-hero-desktop|description^null&#8221; bg_image_repeat=&#8221;no-repeat&#8221; bg_image_posiiton=&#8221;0px 0px&#8221; el_class=&#8221;brand-banner riga-full-height testata-brand full-width&#8221;][vc_column offset=&#8221;vc_col-lg-10 vc_col-sm-offset-0&#8243;][vc_single_image image=&#8221;10503&#8243; img_size=&#8221;full&#8221; alignment=&#8221;center&#8221; el_class=&#8221;image_hero_brand&#8221;][vc_column_text] OUR BRANDS Generating growth, spreading value. Each of our brands consistently focuses on the value of all People and all Companies, always at their side, enhancing their digital culture [\/vc_column_text][\/vc_column][\/vc_row][vc_row full_width=&#8221;stretch_row&#8221; el_class=&#8221;bg-F7F7F7 pt-5 brands-loghi&#8221;][vc_column][vc_row_inner equal_height=&#8221;yes&#8221; content_placement=&#8221;middle&#8221; el_class=&#8221;pb-lg-5&hellip;\" \/>\n<meta property=\"og:url\" content=\"https:\/\/taleagroupspa.com\/en\/brand\/\" \/>\n<meta property=\"og:site_name\" content=\"Talea Group S.p.A\" \/>\n<meta property=\"article:modified_time\" content=\"2023-04-27T14:31:58+00:00\" \/>\n<meta name=\"twitter:card\" content=\"summary_large_image\" \/>\n<meta name=\"twitter:label1\" content=\"Est. reading time\" \/>\n\t<meta name=\"twitter:data1\" content=\"2 minutes\" \/>\n<script type=\"application\/ld+json\" class=\"yoast-schema-graph\">{\"@context\":\"https:\/\/schema.org\",\"@graph\":[{\"@type\":\"WebPage\",\"@id\":\"https:\/\/taleagroupspa.com\/en\/brand\/\",\"url\":\"https:\/\/taleagroupspa.com\/en\/brand\/\",\"name\":\"Brand - Talea Group S.p.A\",\"isPartOf\":{\"@id\":\"https:\/\/taleagroupspa.com\/en\/#website\"},\"datePublished\":\"2023-02-04T07:26:55+00:00\",\"dateModified\":\"2023-04-27T14:31:58+00:00\",\"breadcrumb\":{\"@id\":\"https:\/\/taleagroupspa.com\/en\/brand\/#breadcrumb\"},\"inLanguage\":\"en-US\",\"potentialAction\":[{\"@type\":\"ReadAction\",\"target\":[\"https:\/\/taleagroupspa.com\/en\/brand\/\"]}]},{\"@type\":\"BreadcrumbList\",\"@id\":\"https:\/\/taleagroupspa.com\/en\/brand\/#breadcrumb\",\"itemListElement\":[{\"@type\":\"ListItem\",\"position\":1,\"name\":\"Home\",\"item\":\"https:\/\/taleagroupspa.com\/en\/\"},{\"@type\":\"ListItem\",\"position\":2,\"name\":\"Brand\"}]},{\"@type\":\"WebSite\",\"@id\":\"https:\/\/taleagroupspa.com\/en\/#website\",\"url\":\"https:\/\/taleagroupspa.com\/en\/\",\"name\":\"Talea Group S.p.A\",\"description\":\"Talea Group S.p.A, societ\u00e0 quotata sul mercato Euronext Growth Milan di Borsa Italiana nata dal rebranding di Farma\u00e8 S.p.A., \u00e8 tra i principali gruppi digitali in Europa nel macrosettore multicanale della Salute, Benessere e Bellezza e nei servizi media e di trasformazione digitale per le imprese.\u00a0\",\"publisher\":{\"@id\":\"https:\/\/taleagroupspa.com\/en\/#organization\"},\"potentialAction\":[{\"@type\":\"SearchAction\",\"target\":{\"@type\":\"EntryPoint\",\"urlTemplate\":\"https:\/\/taleagroupspa.com\/en\/?s={search_term_string}\"},\"query-input\":\"required name=search_term_string\"}],\"inLanguage\":\"en-US\"},{\"@type\":\"Organization\",\"@id\":\"https:\/\/taleagroupspa.com\/en\/#organization\",\"name\":\"Talea Group S.p.A\",\"url\":\"https:\/\/taleagroupspa.com\/en\/\",\"logo\":{\"@type\":\"ImageObject\",\"inLanguage\":\"en-US\",\"@id\":\"https:\/\/taleagroupspa.com\/en\/#\/schema\/logo\/image\/\",\"url\":\"https:\/\/taleagroupspa.com\/wp-content\/uploads\/2022\/09\/logo-dark.svg\",\"contentUrl\":\"https:\/\/taleagroupspa.com\/wp-content\/uploads\/2022\/09\/logo-dark.svg\",\"caption\":\"Talea Group S.p.A\"},\"image\":{\"@id\":\"https:\/\/taleagroupspa.com\/en\/#\/schema\/logo\/image\/\"}}]}<\/script>\n<!-- \/ Yoast SEO plugin. -->","yoast_head_json":{"title":"Brand - Talea Group S.p.A","robots":{"index":"index","follow":"follow","max-snippet":"max-snippet:-1","max-image-preview":"max-image-preview:large","max-video-preview":"max-video-preview:-1"},"canonical":"https:\/\/taleagroupspa.com\/en\/brand\/","og_locale":"en_US","og_type":"article","og_title":"Brand - Talea Group S.p.A","og_description":"[vc_section el_class=&#8221;all-brands&#8221;][vc_row bg_type=&#8221;image&#8221; parallax_style=&#8221;vcpb-default&#8221; bg_image_new=&#8221;id^10498|url^https:\/\/taleagroupspa.com\/wp-content\/uploads\/2023\/02\/brand-hero-desktop-scaled.jpg|caption^null|alt^null|title^brand-hero-desktop|description^null&#8221; bg_image_repeat=&#8221;no-repeat&#8221; bg_image_posiiton=&#8221;0px 0px&#8221; el_class=&#8221;brand-banner riga-full-height testata-brand full-width&#8221;][vc_column offset=&#8221;vc_col-lg-10 vc_col-sm-offset-0&#8243;][vc_single_image image=&#8221;10503&#8243; img_size=&#8221;full&#8221; alignment=&#8221;center&#8221; el_class=&#8221;image_hero_brand&#8221;][vc_column_text] OUR BRANDS Generating growth, spreading value. Each of our brands consistently focuses on the value of all People and all Companies, always at their side, enhancing their digital culture [\/vc_column_text][\/vc_column][\/vc_row][vc_row full_width=&#8221;stretch_row&#8221; el_class=&#8221;bg-F7F7F7 pt-5 brands-loghi&#8221;][vc_column][vc_row_inner equal_height=&#8221;yes&#8221; content_placement=&#8221;middle&#8221; el_class=&#8221;pb-lg-5&hellip;","og_url":"https:\/\/taleagroupspa.com\/en\/brand\/","og_site_name":"Talea Group S.p.A","article_modified_time":"2023-04-27T14:31:58+00:00","twitter_card":"summary_large_image","twitter_misc":{"Est. reading time":"2 minutes"},"schema":{"@context":"https:\/\/schema.org","@graph":[{"@type":"WebPage","@id":"https:\/\/taleagroupspa.com\/en\/brand\/","url":"https:\/\/taleagroupspa.com\/en\/brand\/","name":"Brand - Talea Group S.p.A","isPartOf":{"@id":"https:\/\/taleagroupspa.com\/en\/#website"},"datePublished":"2023-02-04T07:26:55+00:00","dateModified":"2023-04-27T14:31:58+00:00","breadcrumb":{"@id":"https:\/\/taleagroupspa.com\/en\/brand\/#breadcrumb"},"inLanguage":"en-US","potentialAction":[{"@type":"ReadAction","target":["https:\/\/taleagroupspa.com\/en\/brand\/"]}]},{"@type":"BreadcrumbList","@id":"https:\/\/taleagroupspa.com\/en\/brand\/#breadcrumb","itemListElement":[{"@type":"ListItem","position":1,"name":"Home","item":"https:\/\/taleagroupspa.com\/en\/"},{"@type":"ListItem","position":2,"name":"Brand"}]},{"@type":"WebSite","@id":"https:\/\/taleagroupspa.com\/en\/#website","url":"https:\/\/taleagroupspa.com\/en\/","name":"Talea Group S.p.A","description":"Talea Group S.p.A, societ\u00e0 quotata sul mercato Euronext Growth Milan di Borsa Italiana nata dal rebranding di Farma\u00e8 S.p.A., \u00e8 tra i principali gruppi digitali in Europa nel macrosettore multicanale della Salute, Benessere e Bellezza e nei servizi media e di trasformazione digitale per le imprese.\u00a0","publisher":{"@id":"https:\/\/taleagroupspa.com\/en\/#organization"},"potentialAction":[{"@type":"SearchAction","target":{"@type":"EntryPoint","urlTemplate":"https:\/\/taleagroupspa.com\/en\/?s={search_term_string}"},"query-input":"required name=search_term_string"}],"inLanguage":"en-US"},{"@type":"Organization","@id":"https:\/\/taleagroupspa.com\/en\/#organization","name":"Talea Group S.p.A","url":"https:\/\/taleagroupspa.com\/en\/","logo":{"@type":"ImageObject","inLanguage":"en-US","@id":"https:\/\/taleagroupspa.com\/en\/#\/schema\/logo\/image\/","url":"https:\/\/taleagroupspa.com\/wp-content\/uploads\/2022\/09\/logo-dark.svg","contentUrl":"https:\/\/taleagroupspa.com\/wp-content\/uploads\/2022\/09\/logo-dark.svg","caption":"Talea Group S.p.A"},"image":{"@id":"https:\/\/taleagroupspa.com\/en\/#\/schema\/logo\/image\/"}}]}},"_links":{"self":[{"href":"https:\/\/taleagroupspa.com\/en\/wp-json\/wp\/v2\/pages\/10770"}],"collection":[{"href":"https:\/\/taleagroupspa.com\/en\/wp-json\/wp\/v2\/pages"}],"about":[{"href":"https:\/\/taleagroupspa.com\/en\/wp-json\/wp\/v2\/types\/page"}],"author":[{"embeddable":true,"href":"https:\/\/taleagroupspa.com\/en\/wp-json\/wp\/v2\/users\/1"}],"replies":[{"embeddable":true,"href":"https:\/\/taleagroupspa.com\/en\/wp-json\/wp\/v2\/comments?post=10770"}],"version-history":[{"count":19,"href":"https:\/\/taleagroupspa.com\/en\/wp-json\/wp\/v2\/pages\/10770\/revisions"}],"predecessor-version":[{"id":11647,"href":"https:\/\/taleagroupspa.com\/en\/wp-json\/wp\/v2\/pages\/10770\/revisions\/11647"}],"wp:attachment":[{"href":"https:\/\/taleagroupspa.com\/en\/wp-json\/wp\/v2\/media?parent=10770"}],"curies":[{"name":"wp","href":"https:\/\/api.w.org\/{rel}","templated":true}]}}