{"id":10800,"date":"2023-02-04T13:00:55","date_gmt":"2023-02-04T12:00:55","guid":{"rendered":"https:\/\/www.taleaspa.com\/brand\/sanort\/"},"modified":"2023-05-15T15:55:27","modified_gmt":"2023-05-15T13:55:27","slug":"sanort","status":"publish","type":"page","link":"https:\/\/taleagroupspa.com\/en\/brand\/sanort\/","title":{"rendered":"Sanort"},"content":{"rendered":"<section class=\"wpb-content-wrapper\"><p>[vc_section full_width=&#8221;stretch_row&#8221; el_class=&#8221;riga-full-height-container pagina-brand&#8221;][vc_row bg_type=&#8221;image&#8221; parallax_style=&#8221;vcpb-default&#8221; bg_image_new=&#8221;id^10351|url^https:\/\/taleagroupspa.com\/wp-content\/uploads\/2023\/02\/sanort-hero-desktop-scaled.jpg|caption^null|alt^null|title^sanort-hero-desktop|description^null&#8221; bg_image_repeat=&#8221;no-repeat&#8221; bg_image_posiiton=&#8221;0px 0px&#8221; el_class=&#8221;riga-full-height testata-brand full-width&#8221;][vc_column offset=&#8221;vc_col-lg-10&#8243;][vc_single_image image=&#8221;10350&#8243; img_size=&#8221;full&#8221; alignment=&#8221;center&#8221; el_class=&#8221;image_hero_brand&#8221;][vc_single_image image=&#8221;10348&#8243; img_size=&#8221;full&#8221; el_class=&#8221;logo-brand-page&#8221;][vc_column_text]<\/p>\n<h2>Standing by those who need constant support<\/h2>\n<p>[\/vc_column_text][\/vc_column][\/vc_row][vc_row el_class=&#8221;riga-full-height bg-F7F7F7&#8243;][vc_column]<style type=\"text\/css\" data-type=\"the7_shortcodes-inline-css\">.dt-breadcrumbs-id-a5fa9a75788848dea54239d1d5c788e4 .breadcrumbs {\n  display: inline-block;\n  margin: 0;\n  padding: 2px 10px 2px 10px;\n  border: 0px solid ;\n  border-radius: 0px;\n}\n.dt-breadcrumbs-id-a5fa9a75788848dea54239d1d5c788e4 .breadcrumbs * {\n  color: #a2a5a6;\n}\n<\/style><div class=\"dt-breadcrumbs-shortcode dt-breadcrumbs-id-a5fa9a75788848dea54239d1d5c788e4 align-left\"><div class=\"assistive-text\">You are here:<\/div><ol class=\"breadcrumbs text-small\" itemscope itemtype=\"https:\/\/schema.org\/BreadcrumbList\"><li itemprop=\"itemListElement\" itemscope itemtype=\"https:\/\/schema.org\/ListItem\"><a itemprop=\"item\" href=\"https:\/\/taleagroupspa.com\/en\/\" title=\"Home\"><span itemprop=\"name\">Home<\/span><\/a><meta itemprop=\"position\" content=\"1\" \/><\/li><li class=\"current\" itemprop=\"itemListElement\" itemscope itemtype=\"https:\/\/schema.org\/ListItem\"><span itemprop=\"name\">Page<\/span><meta itemprop=\"position\" content=\"2\" \/><\/li><\/ol><\/div>[vc_row_inner equal_height=&#8221;yes&#8221; content_placement=&#8221;middle&#8221;][vc_column_inner offset=&#8221;vc_col-lg-offset-1 vc_col-lg-4 vc_col-md-offset-0 vc_col-md-6&#8243;][vc_single_image image=&#8221;10355&#8243; img_size=&#8221;full&#8221;][\/vc_column_inner][vc_column_inner el_class=&#8221;bg-palla&#8221; offset=&#8221;vc_col-lg-offset-1 vc_col-lg-5 vc_col-md-offset-0 vc_col-md-6&#8243;][vc_column_text]Sanort serves the Italian online market for healthcare products and orthopaedic aids through its sanort.com platform.<br \/>\nThe brand was founded in 2012 to exploit the lack of online supply of healthcare and orthopaedic products, and it joined the Group in 2019, contributing its expertise in the care of the chronically ill and long-stay patients.<br \/>\nSanort only operates online. It has its own Ecommerce, offering a wide range of healthcare and orthopaedic products, including mobility and inpatient aids, orthopaedic products and footwear, furniture for doctor practices and electromedical products.[\/vc_column_text][vc_column_text el_class=&#8221;cta-overpass text-lg-end text-left&#8221;]<a class=\"d-block\" href=\"https:\/\/www.sanort.com\/it\/\">Visit the website<\/a>[\/vc_column_text][\/vc_column_inner][\/vc_row_inner][\/vc_column][\/vc_row][vc_row el_class=&#8221;riga-full-height bg-F7F7F7 bg-brand-sx&#8221;][vc_column][vc_row_inner equal_height=&#8221;yes&#8221; content_placement=&#8221;middle&#8221; el_class=&#8221;inverter-mobile&#8221;][vc_column_inner offset=&#8221;vc_col-lg-offset-1 vc_col-lg-5 vc_col-md-offset-0 vc_col-md-6&#8243;][vc_column_text]Sanort is driven by simplicity and clarity, and it is committed to guiding end customers in their choice of the suitable product, making the shopping experience as simple, quick and effective as possible.<br \/>\nSanort always strives to be leader in the sale of healthcare items and orthopaedic aids to promote health, care and the satisfaction of customers&#8217; basic needs. Its attentive customer care service also includes technical staff who support the patient or the patient&#8217;s family in choosing the best solution and reassure them on often complex issues. [\/vc_column_text][vc_column_text el_class=&#8221;cta-overpass text-lg-end text-left&#8221;]<a class=\"d-block\" href=\"https:\/\/www.sanort.com\/it\/\">Visit the website<\/a>[\/vc_column_text][\/vc_column_inner][vc_column_inner offset=&#8221;vc_col-lg-offset-1 vc_col-lg-4 vc_col-md-offset-0 vc_col-md-6&#8243;][vc_single_image image=&#8221;10357&#8243; img_size=&#8221;full&#8221;][\/vc_column_inner][\/vc_row_inner][\/vc_column][\/vc_row][vc_row el_class=&#8221;riga-full-height bg-F7F7F7 bg-brand-dx&#8221;][vc_column][vc_row_inner equal_height=&#8221;yes&#8221; content_placement=&#8221;middle&#8221;][vc_column_inner offset=&#8221;vc_col-lg-offset-1 vc_col-lg-4 vc_col-md-offset-0 vc_col-md-6&#8243;][vc_single_image image=&#8221;10359&#8243; img_size=&#8221;full&#8221;][\/vc_column_inner][vc_column_inner offset=&#8221;vc_col-lg-offset-1 vc_col-lg-5 vc_col-md-offset-0 vc_col-md-6&#8243;][vc_column_text el_class=&#8221;titolo-paragrafo-brand&#8221;]<\/p>\n<h2>VALUES<\/h2>\n<p>[\/vc_column_text][vc_column_text]Sanort&#8217;s culture, in line with that of the Group, revolves around the individual, even and especially in times of distress after a traumatic event. Reliability, simplicity, safety and competence are the values and characteristics that reflect the brand and represent a direct link between company and people.[\/vc_column_text][vc_column_text el_class=&#8221;cta-overpass text-lg-end text-left&#8221;]<a class=\"d-block\" href=\"https:\/\/www.sanort.com\/it\/\">Visit the website<\/a>[\/vc_column_text][\/vc_column_inner][\/vc_row_inner][\/vc_column][\/vc_row][vc_row el_class=&#8221;riga-full-height col-pos-unset&#8221;][vc_column]<section class=\"wpb-content-wrapper\"><div class=\"vc_row wpb_row vc_row-fluid p100 carousel-brand vc_row-o-equal-height vc_row-o-content-middle vc_row-flex\"><div class=\"wpb_column vc_column_container vc_col-sm-12 vc_col-lg-offset-1 vc_col-lg-10 vc_col-md-offset-1 vc_col-md-10 vc_col-sm-offset-0\"><div class=\"vc_column-inner\"><div class=\"wpb_wrapper\">\n\t<div class=\"wpb_text_column wpb_content_element  pb-5\" >\n\t\t<div class=\"wpb_wrapper\">\n\t\t\t<h2 style=\"text-align: center;\">CONNECTED TO YOUR NEEDS <br class=\"d-none d-sm-none d-md-block\" \/>PROVIDED WITH SOLUTIONS<\/h2>\n\n\t\t<\/div>\n\t<\/div>\n<style type=\"text\/css\" data-type=\"the7_shortcodes-inline-css\">.carousel-shortcode.carousel-shortcode-id-a3f9ac93baf315ed5805c69edad21aab .owl-nav a {\n  width: 36px;\n  height: 36px;\n  border-radius: 500px;\n}\n.dt-arrow-border-on.carousel-shortcode.carousel-shortcode-id-a3f9ac93baf315ed5805c69edad21aab .owl-nav a:not(:hover):before {\n  border-width: 0px;\n}\n.dt-arrow-hover-border-on.carousel-shortcode.carousel-shortcode-id-a3f9ac93baf315ed5805c69edad21aab .owl-nav a:hover:after {\n  border-width: 0px;\n}\n.carousel-shortcode.carousel-shortcode-id-a3f9ac93baf315ed5805c69edad21aab .owl-nav a.owl-prev {\n  top: 50%;\n  transform: translateY(calc(-50% + 0px));\n  left: 0px;\n}\n@media all and (-ms-high-contrast: none) {\n  .carousel-shortcode.carousel-shortcode-id-a3f9ac93baf315ed5805c69edad21aab .owl-nav a.owl-prev {\n    transform: translateY(-50%);\n    margin-top: 0px;\n  }\n}\n.carousel-shortcode.carousel-shortcode-id-a3f9ac93baf315ed5805c69edad21aab .owl-nav a.owl-prev i {\n  padding: 0px 0px 0px 0px;\n}\n.carousel-shortcode.carousel-shortcode-id-a3f9ac93baf315ed5805c69edad21aab .owl-nav a.owl-next {\n  top: 50%;\n  transform: translateY(calc(-50% + 0px));\n  right: 0px;\n}\n@media all and (-ms-high-contrast: none) {\n  .carousel-shortcode.carousel-shortcode-id-a3f9ac93baf315ed5805c69edad21aab .owl-nav a.owl-next {\n    transform: translateY(-50%);\n    margin-top: 0px;\n  }\n}\n.carousel-shortcode.carousel-shortcode-id-a3f9ac93baf315ed5805c69edad21aab .owl-nav a.owl-next i {\n  padding: 0px 0px 0px 0px;\n}\n.carousel-shortcode.carousel-shortcode-id-a3f9ac93baf315ed5805c69edad21aab .owl-nav i {\n  font-size: 18px;\n}\n.carousel-shortcode.carousel-shortcode-id-a3f9ac93baf315ed5805c69edad21aab .owl-nav a:not(:hover) i,\n.carousel-shortcode.carousel-shortcode-id-a3f9ac93baf315ed5805c69edad21aab .owl-nav a:not(:hover) i:before {\n  color: #132855;\n  background: none;\n}\n.carousel-shortcode.carousel-shortcode-id-a3f9ac93baf315ed5805c69edad21aab .owl-nav a:hover i,\n.carousel-shortcode.carousel-shortcode-id-a3f9ac93baf315ed5805c69edad21aab .owl-nav a:hover i:before {\n  color: #132855;\n  background: none;\n}\n.carousel-shortcode.carousel-shortcode-id-a3f9ac93baf315ed5805c69edad21aab .owl-dots {\n  top: calc(100% + 20px);\n  left: 50%;\n  transform: translateX(calc(-50% + 0px));\n}\n@media all and (-ms-high-contrast: none) {\n  .carousel-shortcode.carousel-shortcode-id-a3f9ac93baf315ed5805c69edad21aab .owl-dots {\n    transform: translateX(-50%);\n    margin-left: 0px;\n  }\n}\n.carousel-shortcode.carousel-shortcode-id-a3f9ac93baf315ed5805c69edad21aab .owl-dot {\n  width: 10px;\n  height: 10px;\n  margin: 0 8px;\n}\n@media screen and (max-width: 778px) {\n  .carousel-shortcode.carousel-shortcode-id-a3f9ac93baf315ed5805c69edad21aab.hide-arrows .owl-nav a {\n    display: none;\n  }\n}\n@media screen and (max-width: 778px) {\n  .carousel-shortcode.carousel-shortcode-id-a3f9ac93baf315ed5805c69edad21aab.reposition-arrows .owl-nav .owl-prev {\n    top: 50%;\n    transform: translateY(calc(-50% + 0px));\n    left: 0px;\n  }\n  .carousel-shortcode.carousel-shortcode-id-a3f9ac93baf315ed5805c69edad21aab.reposition-arrows .owl-nav .owl-next {\n    top: 50%;\n    transform: translateY(calc(-50% + 0px));\n    right: 0px;\n  }\n}\n@media screen and (max-width: 778px) and all and (-ms-high-contrast: none) {\n  .carousel-shortcode.carousel-shortcode-id-a3f9ac93baf315ed5805c69edad21aab.reposition-arrows .owl-nav .owl-prev {\n    transform: translateY(-50%);\n    margin-top: 0px;\n  }\n}\n@media screen and (max-width: 778px) and all and (-ms-high-contrast: none) {\n  .carousel-shortcode.carousel-shortcode-id-a3f9ac93baf315ed5805c69edad21aab.reposition-arrows .owl-nav .owl-next {\n    transform: translateY(-50%);\n    margin-top: 0px;\n  }\n}\n<\/style><div class=\"owl-carousel carousel-shortcode dt-owl-carousel-call carousel-shortcode-id-a3f9ac93baf315ed5805c69edad21aab bullets-small-dot-stroke reposition-arrows arrows-bg-off disable-arrows-hover-bg arrows-hover-bg-off  logo_slider_hp\" data-scroll-mode=\"1\" data-col-num=\"2\" data-wide-col-num=\"3\" data-laptop-col=\"2\" data-h-tablet-columns-num=\"2\" data-v-tablet-columns-num=\"2\" data-phone-columns-num=\"1\" data-auto-height=\"true\" data-col-gap=\"5\" data-stage-padding=\"0\" data-speed=\"600\" data-autoplay=\"false\" data-autoplay_speed=\"6000\" data-arrows=\"true\" data-bullet=\"false\" data-next-icon=\"icon-ar-017-r\" data-prev-icon=\"icon-ar-017-l\">\n\t<div class=\"wpb_text_column wpb_content_element  farmae logo-bn\" >\n\t\t<div class=\"wpb_wrapper\">\n\t\t\t<p><a href=\"https:\/\/taleagroupspa.com\/en\/brand\/farmae\/\"><img decoding=\"async\" loading=\"lazy\" class=\"alignnone size-full wp-image-11331\" src=\"https:\/\/taleagroupspa.com\/wp-content\/uploads\/2023\/02\/Farmae.png\" alt=\"\" width=\"306\" height=\"59\" \/><\/a><\/p>\n\n\t\t<\/div>\n\t<\/div>\n\n\t<div class=\"wpb_text_column wpb_content_element  amicafarmacia logo-bn\" >\n\t\t<div class=\"wpb_wrapper\">\n\t\t\t<p><a href=\"https:\/\/taleagroupspa.com\/en\/brand\/amicafarmacia\/\"><img decoding=\"async\" loading=\"lazy\" class=\"alignnone size-full wp-image-11327\" src=\"https:\/\/taleagroupspa.com\/wp-content\/uploads\/2023\/02\/AmicaFarmacia.png\" alt=\"\" width=\"421\" height=\"48\" \/><\/a><\/p>\n\n\t\t<\/div>\n\t<\/div>\n\n\t<div class=\"wpb_text_column wpb_content_element  farmaeurope logo-bn\" >\n\t\t<div class=\"wpb_wrapper\">\n\t\t\t<p><a href=\"https:\/\/taleagroupspa.com\/en\/brand\/farmaeurope\/\"><img decoding=\"async\" loading=\"lazy\" class=\"alignnone size-full wp-image-11333\" src=\"https:\/\/taleagroupspa.com\/wp-content\/uploads\/2023\/02\/FarmaEurope.png\" alt=\"\" width=\"430\" height=\"74\" \/><\/a><\/p>\n\n\t\t<\/div>\n\t<\/div>\n\n\t<div class=\"wpb_text_column wpb_content_element  beautye logo-bn\" >\n\t\t<div class=\"wpb_wrapper\">\n\t\t\t<p><a href=\"https:\/\/taleagroupspa.com\/en\/brand\/beautye\/\"><img decoding=\"async\" loading=\"lazy\" class=\"alignnone size-full wp-image-11329\" src=\"https:\/\/taleagroupspa.com\/wp-content\/uploads\/2023\/02\/Beautye.png\" alt=\"\" width=\"271\" height=\"72\" \/><\/a><\/p>\n\n\t\t<\/div>\n\t<\/div>\n\n\t<div class=\"wpb_text_column wpb_content_element  sanort logo-bn\" >\n\t\t<div class=\"wpb_wrapper\">\n\t\t\t<p><a href=\"https:\/\/taleagroupspa.com\/en\/brand\/sanort\/\"><img decoding=\"async\" loading=\"lazy\" class=\"alignnone size-full wp-image-11335\" src=\"https:\/\/taleagroupspa.com\/wp-content\/uploads\/2023\/02\/Sanort.png\" alt=\"\" width=\"309\" height=\"54\" \/><\/a><\/p>\n\n\t\t<\/div>\n\t<\/div>\n\n\t<div class=\"wpb_text_column wpb_content_element  valnan logo-bn\" >\n\t\t<div class=\"wpb_wrapper\">\n\t\t\t<p><a href=\"https:\/\/taleagroupspa.com\/en\/brand\/valnan\/\"><img decoding=\"async\" loading=\"lazy\" class=\"alignnone size-full wp-image-11337\" src=\"https:\/\/taleagroupspa.com\/wp-content\/uploads\/2023\/02\/Valnan.png\" alt=\"\" width=\"292\" height=\"65\" \/><\/a><\/p>\n\n\t\t<\/div>\n\t<\/div>\n\n\t<div class=\"wpb_text_column wpb_content_element  taleamedia logo-bn\" >\n\t\t<div class=\"wpb_wrapper\">\n\t\t\t<p><a href=\"https:\/\/taleagroupspa.com\/en\/brand\/talea-media\/\"><br \/>\n<img decoding=\"async\" loading=\"lazy\" class=\"alignnone size-full wp-image-11461\" src=\"https:\/\/taleagroupspa.com\/wp-content\/uploads\/2023\/04\/talea-logo-brand@2x.png\" alt=\"\" width=\"400\" height=\"52\" \/><\/a><\/p>\n\n\t\t<\/div>\n\t<\/div>\n<\/div>\n\t<div class=\"wpb_text_column wpb_content_element  overpass cta-brand\" >\n\t\t<div class=\"wpb_wrapper\">\n\t\t\t<div class=\"d-flex align-items-baseline justify-content-center mt-5\" style=\"text-align: center;\" data-wp-editing=\"1\">\n<p class=\"m-0\"><a href=\"https:\/\/taleagroupspa.com\/brand\/\"><img decoding=\"async\" loading=\"lazy\" class=\"alignnone size-full wp-image-9853\" src=\"https:\/\/taleagroupspa.com\/wp-content\/uploads\/2023\/01\/linea-link@2x.png\" alt=\"\" width=\"50\" height=\"1\" \/><\/a><\/p>\n<p class=\"discover-page ps-3\"><a href=\"https:\/\/taleagroupspa.com\/en\/brand\/\">all brands<\/a><\/p>\n<p>&nbsp;<\/p>\n<\/div>\n\n\t\t<\/div>\n\t<\/div>\n<\/div><\/div><\/div><\/div><!-- Row Backgrounds -->\n<\/section>[\/vc_column][\/vc_row][\/vc_section]<\/p>\n<\/section>","protected":false},"excerpt":{"rendered":"<p>CONNECTED TO YOUR NEEDS PROVIDED WITH SOLUTIONS all brands &nbsp;<\/p>\n","protected":false},"author":1,"featured_media":0,"parent":10770,"menu_order":0,"comment_status":"closed","ping_status":"closed","template":"","meta":{"_mi_skip_tracking":false},"yoast_head":"<!-- This site is optimized with the Yoast SEO plugin v20.7 - https:\/\/yoast.com\/wordpress\/plugins\/seo\/ -->\n<title>Sanort - Talea Group S.p.A<\/title>\n<meta name=\"robots\" content=\"index, follow, max-snippet:-1, max-image-preview:large, max-video-preview:-1\" \/>\n<link rel=\"canonical\" href=\"https:\/\/taleagroupspa.com\/en\/brand\/sanort\/\" \/>\n<meta property=\"og:locale\" content=\"en_US\" \/>\n<meta property=\"og:type\" content=\"article\" \/>\n<meta property=\"og:title\" content=\"Sanort - Talea Group S.p.A\" \/>\n<meta property=\"og:url\" content=\"https:\/\/taleagroupspa.com\/en\/brand\/sanort\/\" \/>\n<meta property=\"og:site_name\" content=\"Talea Group S.p.A\" \/>\n<meta property=\"article:modified_time\" content=\"2023-05-15T13:55:27+00:00\" \/>\n<meta name=\"twitter:card\" content=\"summary_large_image\" \/>\n<meta name=\"twitter:label1\" content=\"Est. reading time\" \/>\n\t<meta name=\"twitter:data1\" content=\"2 minutes\" \/>\n<script type=\"application\/ld+json\" class=\"yoast-schema-graph\">{\"@context\":\"https:\/\/schema.org\",\"@graph\":[{\"@type\":\"WebPage\",\"@id\":\"https:\/\/taleagroupspa.com\/en\/brand\/sanort\/\",\"url\":\"https:\/\/taleagroupspa.com\/en\/brand\/sanort\/\",\"name\":\"Sanort - Talea Group S.p.A\",\"isPartOf\":{\"@id\":\"https:\/\/taleagroupspa.com\/en\/#website\"},\"datePublished\":\"2023-02-04T12:00:55+00:00\",\"dateModified\":\"2023-05-15T13:55:27+00:00\",\"breadcrumb\":{\"@id\":\"https:\/\/taleagroupspa.com\/en\/brand\/sanort\/#breadcrumb\"},\"inLanguage\":\"en-US\",\"potentialAction\":[{\"@type\":\"ReadAction\",\"target\":[\"https:\/\/taleagroupspa.com\/en\/brand\/sanort\/\"]}]},{\"@type\":\"BreadcrumbList\",\"@id\":\"https:\/\/taleagroupspa.com\/en\/brand\/sanort\/#breadcrumb\",\"itemListElement\":[{\"@type\":\"ListItem\",\"position\":1,\"name\":\"Home\",\"item\":\"https:\/\/taleagroupspa.com\/en\/\"},{\"@type\":\"ListItem\",\"position\":2,\"name\":\"Brand\",\"item\":\"https:\/\/taleagroupspa.com\/en\/brand\/\"},{\"@type\":\"ListItem\",\"position\":3,\"name\":\"Sanort\"}]},{\"@type\":\"WebSite\",\"@id\":\"https:\/\/taleagroupspa.com\/en\/#website\",\"url\":\"https:\/\/taleagroupspa.com\/en\/\",\"name\":\"Talea Group S.p.A\",\"description\":\"Talea Group S.p.A, societ\u00e0 quotata sul mercato Euronext Growth Milan di Borsa Italiana nata dal rebranding di Farma\u00e8 S.p.A., \u00e8 tra i principali gruppi digitali in Europa nel macrosettore multicanale della Salute, Benessere e Bellezza e nei servizi media e di trasformazione digitale per le imprese.\u00a0\",\"publisher\":{\"@id\":\"https:\/\/taleagroupspa.com\/en\/#organization\"},\"potentialAction\":[{\"@type\":\"SearchAction\",\"target\":{\"@type\":\"EntryPoint\",\"urlTemplate\":\"https:\/\/taleagroupspa.com\/en\/?s={search_term_string}\"},\"query-input\":\"required name=search_term_string\"}],\"inLanguage\":\"en-US\"},{\"@type\":\"Organization\",\"@id\":\"https:\/\/taleagroupspa.com\/en\/#organization\",\"name\":\"Talea Group S.p.A\",\"url\":\"https:\/\/taleagroupspa.com\/en\/\",\"logo\":{\"@type\":\"ImageObject\",\"inLanguage\":\"en-US\",\"@id\":\"https:\/\/taleagroupspa.com\/en\/#\/schema\/logo\/image\/\",\"url\":\"https:\/\/taleagroupspa.com\/wp-content\/uploads\/2022\/09\/logo-dark.svg\",\"contentUrl\":\"https:\/\/taleagroupspa.com\/wp-content\/uploads\/2022\/09\/logo-dark.svg\",\"caption\":\"Talea Group S.p.A\"},\"image\":{\"@id\":\"https:\/\/taleagroupspa.com\/en\/#\/schema\/logo\/image\/\"}}]}<\/script>\n<!-- \/ Yoast SEO plugin. -->","yoast_head_json":{"title":"Sanort - Talea Group S.p.A","robots":{"index":"index","follow":"follow","max-snippet":"max-snippet:-1","max-image-preview":"max-image-preview:large","max-video-preview":"max-video-preview:-1"},"canonical":"https:\/\/taleagroupspa.com\/en\/brand\/sanort\/","og_locale":"en_US","og_type":"article","og_title":"Sanort - Talea Group S.p.A","og_url":"https:\/\/taleagroupspa.com\/en\/brand\/sanort\/","og_site_name":"Talea Group S.p.A","article_modified_time":"2023-05-15T13:55:27+00:00","twitter_card":"summary_large_image","twitter_misc":{"Est. reading time":"2 minutes"},"schema":{"@context":"https:\/\/schema.org","@graph":[{"@type":"WebPage","@id":"https:\/\/taleagroupspa.com\/en\/brand\/sanort\/","url":"https:\/\/taleagroupspa.com\/en\/brand\/sanort\/","name":"Sanort - Talea Group S.p.A","isPartOf":{"@id":"https:\/\/taleagroupspa.com\/en\/#website"},"datePublished":"2023-02-04T12:00:55+00:00","dateModified":"2023-05-15T13:55:27+00:00","breadcrumb":{"@id":"https:\/\/taleagroupspa.com\/en\/brand\/sanort\/#breadcrumb"},"inLanguage":"en-US","potentialAction":[{"@type":"ReadAction","target":["https:\/\/taleagroupspa.com\/en\/brand\/sanort\/"]}]},{"@type":"BreadcrumbList","@id":"https:\/\/taleagroupspa.com\/en\/brand\/sanort\/#breadcrumb","itemListElement":[{"@type":"ListItem","position":1,"name":"Home","item":"https:\/\/taleagroupspa.com\/en\/"},{"@type":"ListItem","position":2,"name":"Brand","item":"https:\/\/taleagroupspa.com\/en\/brand\/"},{"@type":"ListItem","position":3,"name":"Sanort"}]},{"@type":"WebSite","@id":"https:\/\/taleagroupspa.com\/en\/#website","url":"https:\/\/taleagroupspa.com\/en\/","name":"Talea Group S.p.A","description":"Talea Group S.p.A, societ\u00e0 quotata sul mercato Euronext Growth Milan di Borsa Italiana nata dal rebranding di Farma\u00e8 S.p.A., \u00e8 tra i principali gruppi digitali in Europa nel macrosettore multicanale della Salute, Benessere e Bellezza e nei servizi media e di trasformazione digitale per le imprese.\u00a0","publisher":{"@id":"https:\/\/taleagroupspa.com\/en\/#organization"},"potentialAction":[{"@type":"SearchAction","target":{"@type":"EntryPoint","urlTemplate":"https:\/\/taleagroupspa.com\/en\/?s={search_term_string}"},"query-input":"required name=search_term_string"}],"inLanguage":"en-US"},{"@type":"Organization","@id":"https:\/\/taleagroupspa.com\/en\/#organization","name":"Talea Group S.p.A","url":"https:\/\/taleagroupspa.com\/en\/","logo":{"@type":"ImageObject","inLanguage":"en-US","@id":"https:\/\/taleagroupspa.com\/en\/#\/schema\/logo\/image\/","url":"https:\/\/taleagroupspa.com\/wp-content\/uploads\/2022\/09\/logo-dark.svg","contentUrl":"https:\/\/taleagroupspa.com\/wp-content\/uploads\/2022\/09\/logo-dark.svg","caption":"Talea Group S.p.A"},"image":{"@id":"https:\/\/taleagroupspa.com\/en\/#\/schema\/logo\/image\/"}}]}},"_links":{"self":[{"href":"https:\/\/taleagroupspa.com\/en\/wp-json\/wp\/v2\/pages\/10800"}],"collection":[{"href":"https:\/\/taleagroupspa.com\/en\/wp-json\/wp\/v2\/pages"}],"about":[{"href":"https:\/\/taleagroupspa.com\/en\/wp-json\/wp\/v2\/types\/page"}],"author":[{"embeddable":true,"href":"https:\/\/taleagroupspa.com\/en\/wp-json\/wp\/v2\/users\/1"}],"replies":[{"embeddable":true,"href":"https:\/\/taleagroupspa.com\/en\/wp-json\/wp\/v2\/comments?post=10800"}],"version-history":[{"count":12,"href":"https:\/\/taleagroupspa.com\/en\/wp-json\/wp\/v2\/pages\/10800\/revisions"}],"predecessor-version":[{"id":11916,"href":"https:\/\/taleagroupspa.com\/en\/wp-json\/wp\/v2\/pages\/10800\/revisions\/11916"}],"up":[{"embeddable":true,"href":"https:\/\/taleagroupspa.com\/en\/wp-json\/wp\/v2\/pages\/10770"}],"wp:attachment":[{"href":"https:\/\/taleagroupspa.com\/en\/wp-json\/wp\/v2\/media?parent=10800"}],"curies":[{"name":"wp","href":"https:\/\/api.w.org\/{rel}","templated":true}]}}