{"id":10812,"date":"2023-02-04T13:19:27","date_gmt":"2023-02-04T12:19:27","guid":{"rendered":"https:\/\/www.taleaspa.com\/group\/"},"modified":"2023-05-15T15:34:47","modified_gmt":"2023-05-15T13:34:47","slug":"group","status":"publish","type":"page","link":"https:\/\/taleagroupspa.com\/en\/group\/","title":{"rendered":"Group"},"content":{"rendered":"<section class=\"wpb-content-wrapper\"><p>[vc_section full_width=&#8221;stretch_row&#8221; el_class=&#8221;riga-full-height-container pagina-brand pagina-gruppo&#8221;][vc_row bg_type=&#8221;image&#8221; parallax_style=&#8221;vcpb-default&#8221; bg_image_new=&#8221;id^10573|url^https:\/\/taleagroupspa.com\/wp-content\/uploads\/2023\/02\/gruppo-hero-desktop-scaled.jpg|caption^null|alt^null|title^gruppo-hero-desktop|description^null&#8221; bg_image_repeat=&#8221;no-repeat&#8221; bg_image_posiiton=&#8221;0px 0px&#8221; el_class=&#8221;riga-full-height testata-brand&#8221;][vc_column offset=&#8221;vc_col-lg-10&#8243;][vc_single_image image=&#8221;10571&#8243; img_size=&#8221;full&#8221; alignment=&#8221;center&#8221; el_class=&#8221;image_hero_brand&#8221;][vc_column_text el_class=&#8221;paragrafo-testata&#8221;]<\/p>\n<h2>The top digital Group in Europe in the relevant multichannel macro sector<\/h2>\n<p>[\/vc_column_text][\/vc_column][\/vc_row][vc_row el_class=&#8221;riga-full-height bg-F7F7F7 riga-con-breadcrumbs bg-brand-sx&#8221;][vc_column]<style type=\"text\/css\" data-type=\"the7_shortcodes-inline-css\">.dt-breadcrumbs-id-a5fa9a75788848dea54239d1d5c788e4 .breadcrumbs {\n  display: inline-block;\n  margin: 0;\n  padding: 2px 10px 2px 10px;\n  border: 0px solid ;\n  border-radius: 0px;\n}\n.dt-breadcrumbs-id-a5fa9a75788848dea54239d1d5c788e4 .breadcrumbs * {\n  color: #a2a5a6;\n}\n<\/style><div class=\"dt-breadcrumbs-shortcode dt-breadcrumbs-id-a5fa9a75788848dea54239d1d5c788e4 align-left\"><div class=\"assistive-text\">You are here:<\/div><ol class=\"breadcrumbs text-small\" itemscope itemtype=\"https:\/\/schema.org\/BreadcrumbList\"><li itemprop=\"itemListElement\" itemscope itemtype=\"https:\/\/schema.org\/ListItem\"><a itemprop=\"item\" href=\"https:\/\/taleagroupspa.com\/en\/\" title=\"Home\"><span itemprop=\"name\">Home<\/span><\/a><meta itemprop=\"position\" content=\"1\" \/><\/li><li class=\"current\" itemprop=\"itemListElement\" itemscope itemtype=\"https:\/\/schema.org\/ListItem\"><span itemprop=\"name\">Page<\/span><meta itemprop=\"position\" content=\"2\" \/><\/li><\/ol><\/div>[vc_row_inner equal_height=&#8221;yes&#8221; content_placement=&#8221;middle&#8221; el_class=&#8221;intro-gruppo&#8221;][vc_column_inner offset=&#8221;vc_col-lg-offset-1 vc_col-lg-10 vc_col-md-offset-0&#8243;][vc_column_text]<\/p>\n<p class=\"text-lg-center text-left\">Talea Group<strong> places People and Companies at the heart <\/strong> of its values <strong>, and actions<\/strong> in order to meet their needs and desires with an approach that integrates <strong>simplicity, specificity, sustainability and security<\/strong>. Similarly to the plant propagation method after which it is named, <strong> Talea Group bases its identity on digital culture <\/strong> and the ability to <strong> cultivate and nurture opportunities for stakeholders <\/strong>, through innovative and sustainable digital solutions to <strong> meet the needs of consumers, companies and partners in the best and fastest way possible<\/strong>.<\/p>\n<p class=\"text-lg-center text-left\">People and Companies lie at the centre of our initiatives, we aim at fulfilling their needs and desires and develop our business model on two main areas of business activity:<\/p>\n<ul>\n<li>The Consumers Area, in which it operates with the commercial brands, the best known and most established in the online Health, Wellness and Beauty sector: <strong>Farma\u00e8<\/strong>, <strong>Amicafarmacia<\/strong>, <strong>Farmaeurope<\/strong>, <strong>Sanort<\/strong> and <strong>Beauty\u00e8<\/strong>;<\/li>\n<li>The Industrial Area, in which it operates with <strong>Talea Media<\/strong>, the Group&#8217;s new brand designed and created to manage an ecosystem of digital opportunities for businesses and <strong>Valnan<\/strong>, the Group&#8217;s online Communication and Marketing agency.<\/li>\n<\/ul>\n<p class=\"text-lg-center text-left\">Over the years, the Group has developed the ability to evolve business models and generate growth and prosperity in the relevant markets thanks to a <strong> profound analytical culture <\/strong> (Data analysis) that currently represents an important strategic value of the Group and the requirement to consolidate and nurture the <strong>unparalleled value of the Data Economy<\/strong>.<\/p>\n<p>[\/vc_column_text][\/vc_column_inner][\/vc_row_inner][\/vc_column][\/vc_row][vc_row el_class=&#8221;riga-full-height bg-F7F7F7 bg-brand-sx&#8221;][vc_column offset=&#8221;vc_col-lg-offset-3 vc_col-lg-6 vc_col-md-offset-3 vc_col-md-6&#8243;][vc_single_image image=&#8221;11671&#8243; img_size=&#8221;full&#8221; alignment=&#8221;center&#8221; el_class=&#8221;hidden-xs&#8221;][vc_single_image image=&#8221;11673&#8243; img_size=&#8221;full&#8221; alignment=&#8221;center&#8221; el_class=&#8221;visible-xs&#8221;][\/vc_column][\/vc_row][vc_row el_class=&#8221;riga-full-height bg-F7F7F7 bg-brand-sx&#8221;][vc_column][vc_row_inner equal_height=&#8221;yes&#8221; content_placement=&#8221;middle&#8221; el_class=&#8221;intro-gruppo&#8221;][vc_column_inner offset=&#8221;vc_col-lg-offset-1 vc_col-lg-4 vc_col-md-offset-0 vc_col-md-6&#8243;][vc_single_image image=&#8221;10580&#8243; img_size=&#8221;full&#8221;][\/vc_column_inner][vc_column_inner el_class=&#8221;bg-palla&#8221; offset=&#8221;vc_col-lg-offset-1 vc_col-lg-5 vc_col-md-offset-0 vc_col-md-6&#8243;][vc_column_text]<\/p>\n<h2>VISION<\/h2>\n<h3 class=\"piccolo\">To fulfil the needs and desires of people and companies.<br \/>\nThrough Digital Transformation, Digital Business and the Data Economy<\/h3>\n<p>[\/vc_column_text][vc_column_text el_class=&#8221;cta-overpass text-lg-end text-left&#8221;]<\/p>\n<p class=\"d-block\"><a href=\"https:\/\/taleagroupspa.com\/en\/group\/vision\/\">discover the vision<\/a><\/p>\n<p>[\/vc_column_text][\/vc_column_inner][\/vc_row_inner][\/vc_column][\/vc_row][vc_row el_class=&#8221;riga-full-height bg-F7F7F7 bg-brand-sx&#8221;][vc_column][vc_row_inner equal_height=&#8221;yes&#8221; content_placement=&#8221;middle&#8221; el_class=&#8221;inverter-mobile intro-gruppo&#8221;][vc_column_inner offset=&#8221;vc_col-lg-offset-1 vc_col-lg-5 vc_col-md-offset-0 vc_col-md-6&#8243;][vc_column_text]<\/p>\n<h2>MISSION<\/h2>\n<h3>Offering a universe of digital solutions that become a benchmark for people and companies<\/h3>\n<p>[\/vc_column_text][vc_column_text el_class=&#8221;cta-overpass text-lg-end text-left&#8221;]<\/p>\n<p class=\"d-block\"><a href=\"https:\/\/taleagroupspa.com\/en\/group\/mission\/\">discover the mission<\/a><\/p>\n<p>[\/vc_column_text][\/vc_column_inner][vc_column_inner offset=&#8221;vc_col-lg-offset-1 vc_col-lg-4 vc_col-md-offset-0 vc_col-md-6&#8243;][vc_single_image image=&#8221;10582&#8243; img_size=&#8221;full&#8221;][\/vc_column_inner][\/vc_row_inner][\/vc_column][\/vc_row][vc_row el_class=&#8221;riga-full-height bg-F7F7F7 bg-brand-dx&#8221;][vc_column][vc_row_inner equal_height=&#8221;yes&#8221; content_placement=&#8221;middle&#8221; el_class=&#8221;intro-gruppo&#8221;][vc_column_inner offset=&#8221;vc_col-lg-offset-1 vc_col-lg-4 vc_col-md-offset-0 vc_col-md-6&#8243;][vc_single_image image=&#8221;10584&#8243; img_size=&#8221;full&#8221;][\/vc_column_inner][vc_column_inner offset=&#8221;vc_col-lg-offset-1 vc_col-lg-5 vc_col-md-offset-0 vc_col-md-6&#8243;][vc_column_text]<\/p>\n<h2>POSITIONING<\/h2>\n<h3>Connected to your needs, provided with solutions<\/h3>\n<p>[\/vc_column_text][vc_column_text el_class=&#8221;cta-overpass text-lg-end text-left&#8221;]<\/p>\n<p class=\"d-block\"><a href=\"https:\/\/taleagroupspa.com\/en\/group\/positioning\/\">discover the positioning<\/a><\/p>\n<p>[\/vc_column_text][\/vc_column_inner][\/vc_row_inner][\/vc_column][\/vc_row][vc_row el_class=&#8221;riga-full-height bg-F7F7F7 bg-brand-sx&#8221;][vc_column][vc_row_inner equal_height=&#8221;yes&#8221; content_placement=&#8221;middle&#8221; el_class=&#8221;inverter-mobile intro-gruppo&#8221;][vc_column_inner offset=&#8221;vc_col-lg-offset-1 vc_col-lg-5 vc_col-md-offset-0 vc_col-md-6&#8243;][vc_column_text]<\/p>\n<h2>VALUES<\/h2>\n<h3>The founding principles and new values that strongly guide the company&#8217;s identity and actions. Today and tomorrow<\/h3>\n<p>[\/vc_column_text][vc_column_text el_class=&#8221;cta-overpass text-lg-end text-left&#8221;]<\/p>\n<p class=\"d-block\"><a href=\"https:\/\/taleagroupspa.com\/en\/group\/values\/\">discover the values<\/a><\/p>\n<p>[\/vc_column_text][\/vc_column_inner][vc_column_inner offset=&#8221;vc_col-lg-offset-1 vc_col-lg-4 vc_col-md-offset-0 vc_col-md-6&#8243;][vc_single_image image=&#8221;10586&#8243; img_size=&#8221;full&#8221;][\/vc_column_inner][\/vc_row_inner][\/vc_column][\/vc_row][vc_row el_class=&#8221;riga-full-height bg-F7F7F7 bg-brand-dx&#8221;][vc_column][vc_row_inner equal_height=&#8221;yes&#8221; content_placement=&#8221;middle&#8221; el_class=&#8221;intro-gruppo&#8221;][vc_column_inner offset=&#8221;vc_col-lg-offset-1 vc_col-lg-4 vc_col-md-offset-0 vc_col-md-6&#8243;][vc_single_image image=&#8221;10588&#8243; img_size=&#8221;full&#8221;][\/vc_column_inner][vc_column_inner offset=&#8221;vc_col-lg-offset-1 vc_col-lg-5 vc_col-md-offset-0 vc_col-md-6&#8243;][vc_column_text]<\/p>\n<h2>STRATEGY<\/h2>\n<h3>Digital people oriented<\/h3>\n<p>[\/vc_column_text][vc_column_text el_class=&#8221;cta-overpass text-lg-end text-left&#8221;]<\/p>\n<p class=\"d-block\"><a href=\"https:\/\/taleagroupspa.com\/en\/group\/strategy\/\">discover the strategy<\/a><\/p>\n<p>[\/vc_column_text][\/vc_column_inner][\/vc_row_inner][\/vc_column][\/vc_row][vc_row el_class=&#8221;riga-full-height bg-F7F7F7 bg-brand-sx&#8221;][vc_column][vc_row_inner equal_height=&#8221;yes&#8221; content_placement=&#8221;middle&#8221; el_class=&#8221;inverter-mobile intro-gruppo&#8221;][vc_column_inner offset=&#8221;vc_col-lg-offset-1 vc_col-lg-5 vc_col-md-offset-0 vc_col-md-6&#8243;][vc_column_text]<\/p>\n<h2>BUSINESS MODEL<\/h2>\n<h3>An integration of digital solutions to guarantee specific experiences for specific needs and requirements<\/h3>\n<p>[\/vc_column_text][vc_column_text el_class=&#8221;cta-overpass text-lg-end text-left&#8221;]<\/p>\n<p class=\"d-block\"><a href=\"https:\/\/taleagroupspa.com\/en\/group\/business-model\/\">Discover the business model<\/a><\/p>\n<p>[\/vc_column_text][\/vc_column_inner][vc_column_inner offset=&#8221;vc_col-lg-offset-1 vc_col-lg-4 vc_col-md-offset-0 vc_col-md-6&#8243;][vc_single_image image=&#8221;10590&#8243; img_size=&#8221;full&#8221;][\/vc_column_inner][\/vc_row_inner][\/vc_column][\/vc_row][\/vc_section]<\/p>\n<\/section>","protected":false},"excerpt":{"rendered":"<p>[vc_section full_width=&#8221;stretch_row&#8221; el_class=&#8221;riga-full-height-container pagina-brand pagina-gruppo&#8221;][vc_row bg_type=&#8221;image&#8221; parallax_style=&#8221;vcpb-default&#8221; bg_image_new=&#8221;id^10573|url^https:\/\/taleagroupspa.com\/wp-content\/uploads\/2023\/02\/gruppo-hero-desktop-scaled.jpg|caption^null|alt^null|title^gruppo-hero-desktop|description^null&#8221; bg_image_repeat=&#8221;no-repeat&#8221; bg_image_posiiton=&#8221;0px 0px&#8221; el_class=&#8221;riga-full-height testata-brand&#8221;][vc_column offset=&#8221;vc_col-lg-10&#8243;][vc_single_image image=&#8221;10571&#8243; img_size=&#8221;full&#8221; alignment=&#8221;center&#8221; el_class=&#8221;image_hero_brand&#8221;][vc_column_text el_class=&#8221;paragrafo-testata&#8221;] The top digital Group in Europe in the relevant multichannel macro sector [\/vc_column_text][\/vc_column][\/vc_row][vc_row el_class=&#8221;riga-full-height bg-F7F7F7 riga-con-breadcrumbs bg-brand-sx&#8221;][vc_column][vc_row_inner equal_height=&#8221;yes&#8221; content_placement=&#8221;middle&#8221; el_class=&#8221;intro-gruppo&#8221;][vc_column_inner offset=&#8221;vc_col-lg-offset-1 vc_col-lg-10 vc_col-md-offset-0&#8243;][vc_column_text] Talea Group places People and Companies at the heart of its values ,&hellip;<\/p>\n","protected":false},"author":1,"featured_media":0,"parent":0,"menu_order":0,"comment_status":"closed","ping_status":"closed","template":"","meta":{"_mi_skip_tracking":false},"yoast_head":"<!-- This site is optimized with the Yoast SEO plugin v20.7 - https:\/\/yoast.com\/wordpress\/plugins\/seo\/ -->\n<title>Group - Talea Group S.p.A<\/title>\n<meta name=\"robots\" content=\"index, follow, max-snippet:-1, max-image-preview:large, max-video-preview:-1\" \/>\n<link rel=\"canonical\" href=\"https:\/\/taleagroupspa.com\/en\/group\/\" \/>\n<meta property=\"og:locale\" content=\"en_US\" \/>\n<meta property=\"og:type\" content=\"article\" \/>\n<meta property=\"og:title\" content=\"Group - Talea Group S.p.A\" \/>\n<meta property=\"og:description\" content=\"[vc_section full_width=&#8221;stretch_row&#8221; el_class=&#8221;riga-full-height-container pagina-brand pagina-gruppo&#8221;][vc_row bg_type=&#8221;image&#8221; parallax_style=&#8221;vcpb-default&#8221; bg_image_new=&#8221;id^10573|url^https:\/\/taleagroupspa.com\/wp-content\/uploads\/2023\/02\/gruppo-hero-desktop-scaled.jpg|caption^null|alt^null|title^gruppo-hero-desktop|description^null&#8221; bg_image_repeat=&#8221;no-repeat&#8221; bg_image_posiiton=&#8221;0px 0px&#8221; el_class=&#8221;riga-full-height testata-brand&#8221;][vc_column offset=&#8221;vc_col-lg-10&#8243;][vc_single_image image=&#8221;10571&#8243; img_size=&#8221;full&#8221; alignment=&#8221;center&#8221; el_class=&#8221;image_hero_brand&#8221;][vc_column_text el_class=&#8221;paragrafo-testata&#8221;] The top digital Group in Europe in the relevant multichannel macro sector [\/vc_column_text][\/vc_column][\/vc_row][vc_row el_class=&#8221;riga-full-height bg-F7F7F7 riga-con-breadcrumbs bg-brand-sx&#8221;][vc_column][vc_row_inner equal_height=&#8221;yes&#8221; content_placement=&#8221;middle&#8221; el_class=&#8221;intro-gruppo&#8221;][vc_column_inner offset=&#8221;vc_col-lg-offset-1 vc_col-lg-10 vc_col-md-offset-0&#8243;][vc_column_text] Talea Group places People and Companies at the heart of its values ,&hellip;\" \/>\n<meta property=\"og:url\" content=\"https:\/\/taleagroupspa.com\/en\/group\/\" \/>\n<meta property=\"og:site_name\" content=\"Talea Group S.p.A\" \/>\n<meta property=\"article:modified_time\" content=\"2023-05-15T13:34:47+00:00\" \/>\n<meta name=\"twitter:card\" content=\"summary_large_image\" \/>\n<meta name=\"twitter:label1\" content=\"Est. reading time\" \/>\n\t<meta name=\"twitter:data1\" content=\"3 minutes\" \/>\n<script type=\"application\/ld+json\" class=\"yoast-schema-graph\">{\"@context\":\"https:\/\/schema.org\",\"@graph\":[{\"@type\":\"WebPage\",\"@id\":\"https:\/\/taleagroupspa.com\/en\/group\/\",\"url\":\"https:\/\/taleagroupspa.com\/en\/group\/\",\"name\":\"Group - Talea Group S.p.A\",\"isPartOf\":{\"@id\":\"https:\/\/taleagroupspa.com\/en\/#website\"},\"datePublished\":\"2023-02-04T12:19:27+00:00\",\"dateModified\":\"2023-05-15T13:34:47+00:00\",\"breadcrumb\":{\"@id\":\"https:\/\/taleagroupspa.com\/en\/group\/#breadcrumb\"},\"inLanguage\":\"en-US\",\"potentialAction\":[{\"@type\":\"ReadAction\",\"target\":[\"https:\/\/taleagroupspa.com\/en\/group\/\"]}]},{\"@type\":\"BreadcrumbList\",\"@id\":\"https:\/\/taleagroupspa.com\/en\/group\/#breadcrumb\",\"itemListElement\":[{\"@type\":\"ListItem\",\"position\":1,\"name\":\"Home\",\"item\":\"https:\/\/taleagroupspa.com\/en\/\"},{\"@type\":\"ListItem\",\"position\":2,\"name\":\"Group\"}]},{\"@type\":\"WebSite\",\"@id\":\"https:\/\/taleagroupspa.com\/en\/#website\",\"url\":\"https:\/\/taleagroupspa.com\/en\/\",\"name\":\"Talea Group S.p.A\",\"description\":\"Talea Group S.p.A, societ\u00e0 quotata sul mercato Euronext Growth Milan di Borsa Italiana nata dal rebranding di Farma\u00e8 S.p.A., \u00e8 tra i principali gruppi digitali in Europa nel macrosettore multicanale della Salute, Benessere e Bellezza e nei servizi media e di trasformazione digitale per le imprese.\u00a0\",\"publisher\":{\"@id\":\"https:\/\/taleagroupspa.com\/en\/#organization\"},\"potentialAction\":[{\"@type\":\"SearchAction\",\"target\":{\"@type\":\"EntryPoint\",\"urlTemplate\":\"https:\/\/taleagroupspa.com\/en\/?s={search_term_string}\"},\"query-input\":\"required name=search_term_string\"}],\"inLanguage\":\"en-US\"},{\"@type\":\"Organization\",\"@id\":\"https:\/\/taleagroupspa.com\/en\/#organization\",\"name\":\"Talea Group S.p.A\",\"url\":\"https:\/\/taleagroupspa.com\/en\/\",\"logo\":{\"@type\":\"ImageObject\",\"inLanguage\":\"en-US\",\"@id\":\"https:\/\/taleagroupspa.com\/en\/#\/schema\/logo\/image\/\",\"url\":\"https:\/\/taleagroupspa.com\/wp-content\/uploads\/2022\/09\/logo-dark.svg\",\"contentUrl\":\"https:\/\/taleagroupspa.com\/wp-content\/uploads\/2022\/09\/logo-dark.svg\",\"caption\":\"Talea Group S.p.A\"},\"image\":{\"@id\":\"https:\/\/taleagroupspa.com\/en\/#\/schema\/logo\/image\/\"}}]}<\/script>\n<!-- \/ Yoast SEO plugin. -->","yoast_head_json":{"title":"Group - Talea Group S.p.A","robots":{"index":"index","follow":"follow","max-snippet":"max-snippet:-1","max-image-preview":"max-image-preview:large","max-video-preview":"max-video-preview:-1"},"canonical":"https:\/\/taleagroupspa.com\/en\/group\/","og_locale":"en_US","og_type":"article","og_title":"Group - Talea Group S.p.A","og_description":"[vc_section full_width=&#8221;stretch_row&#8221; el_class=&#8221;riga-full-height-container pagina-brand pagina-gruppo&#8221;][vc_row bg_type=&#8221;image&#8221; parallax_style=&#8221;vcpb-default&#8221; bg_image_new=&#8221;id^10573|url^https:\/\/taleagroupspa.com\/wp-content\/uploads\/2023\/02\/gruppo-hero-desktop-scaled.jpg|caption^null|alt^null|title^gruppo-hero-desktop|description^null&#8221; bg_image_repeat=&#8221;no-repeat&#8221; bg_image_posiiton=&#8221;0px 0px&#8221; el_class=&#8221;riga-full-height testata-brand&#8221;][vc_column offset=&#8221;vc_col-lg-10&#8243;][vc_single_image image=&#8221;10571&#8243; img_size=&#8221;full&#8221; alignment=&#8221;center&#8221; el_class=&#8221;image_hero_brand&#8221;][vc_column_text el_class=&#8221;paragrafo-testata&#8221;] The top digital Group in Europe in the relevant multichannel macro sector [\/vc_column_text][\/vc_column][\/vc_row][vc_row el_class=&#8221;riga-full-height bg-F7F7F7 riga-con-breadcrumbs bg-brand-sx&#8221;][vc_column][vc_row_inner equal_height=&#8221;yes&#8221; content_placement=&#8221;middle&#8221; el_class=&#8221;intro-gruppo&#8221;][vc_column_inner offset=&#8221;vc_col-lg-offset-1 vc_col-lg-10 vc_col-md-offset-0&#8243;][vc_column_text] Talea Group places People and Companies at the heart of its values ,&hellip;","og_url":"https:\/\/taleagroupspa.com\/en\/group\/","og_site_name":"Talea Group S.p.A","article_modified_time":"2023-05-15T13:34:47+00:00","twitter_card":"summary_large_image","twitter_misc":{"Est. reading time":"3 minutes"},"schema":{"@context":"https:\/\/schema.org","@graph":[{"@type":"WebPage","@id":"https:\/\/taleagroupspa.com\/en\/group\/","url":"https:\/\/taleagroupspa.com\/en\/group\/","name":"Group - Talea Group S.p.A","isPartOf":{"@id":"https:\/\/taleagroupspa.com\/en\/#website"},"datePublished":"2023-02-04T12:19:27+00:00","dateModified":"2023-05-15T13:34:47+00:00","breadcrumb":{"@id":"https:\/\/taleagroupspa.com\/en\/group\/#breadcrumb"},"inLanguage":"en-US","potentialAction":[{"@type":"ReadAction","target":["https:\/\/taleagroupspa.com\/en\/group\/"]}]},{"@type":"BreadcrumbList","@id":"https:\/\/taleagroupspa.com\/en\/group\/#breadcrumb","itemListElement":[{"@type":"ListItem","position":1,"name":"Home","item":"https:\/\/taleagroupspa.com\/en\/"},{"@type":"ListItem","position":2,"name":"Group"}]},{"@type":"WebSite","@id":"https:\/\/taleagroupspa.com\/en\/#website","url":"https:\/\/taleagroupspa.com\/en\/","name":"Talea Group S.p.A","description":"Talea Group S.p.A, societ\u00e0 quotata sul mercato Euronext Growth Milan di Borsa Italiana nata dal rebranding di Farma\u00e8 S.p.A., \u00e8 tra i principali gruppi digitali in Europa nel macrosettore multicanale della Salute, Benessere e Bellezza e nei servizi media e di trasformazione digitale per le imprese.\u00a0","publisher":{"@id":"https:\/\/taleagroupspa.com\/en\/#organization"},"potentialAction":[{"@type":"SearchAction","target":{"@type":"EntryPoint","urlTemplate":"https:\/\/taleagroupspa.com\/en\/?s={search_term_string}"},"query-input":"required name=search_term_string"}],"inLanguage":"en-US"},{"@type":"Organization","@id":"https:\/\/taleagroupspa.com\/en\/#organization","name":"Talea Group S.p.A","url":"https:\/\/taleagroupspa.com\/en\/","logo":{"@type":"ImageObject","inLanguage":"en-US","@id":"https:\/\/taleagroupspa.com\/en\/#\/schema\/logo\/image\/","url":"https:\/\/taleagroupspa.com\/wp-content\/uploads\/2022\/09\/logo-dark.svg","contentUrl":"https:\/\/taleagroupspa.com\/wp-content\/uploads\/2022\/09\/logo-dark.svg","caption":"Talea Group S.p.A"},"image":{"@id":"https:\/\/taleagroupspa.com\/en\/#\/schema\/logo\/image\/"}}]}},"_links":{"self":[{"href":"https:\/\/taleagroupspa.com\/en\/wp-json\/wp\/v2\/pages\/10812"}],"collection":[{"href":"https:\/\/taleagroupspa.com\/en\/wp-json\/wp\/v2\/pages"}],"about":[{"href":"https:\/\/taleagroupspa.com\/en\/wp-json\/wp\/v2\/types\/page"}],"author":[{"embeddable":true,"href":"https:\/\/taleagroupspa.com\/en\/wp-json\/wp\/v2\/users\/1"}],"replies":[{"embeddable":true,"href":"https:\/\/taleagroupspa.com\/en\/wp-json\/wp\/v2\/comments?post=10812"}],"version-history":[{"count":39,"href":"https:\/\/taleagroupspa.com\/en\/wp-json\/wp\/v2\/pages\/10812\/revisions"}],"predecessor-version":[{"id":11896,"href":"https:\/\/taleagroupspa.com\/en\/wp-json\/wp\/v2\/pages\/10812\/revisions\/11896"}],"wp:attachment":[{"href":"https:\/\/taleagroupspa.com\/en\/wp-json\/wp\/v2\/media?parent=10812"}],"curies":[{"name":"wp","href":"https:\/\/api.w.org\/{rel}","templated":true}]}}