{"id":10816,"date":"2023-02-04T13:22:50","date_gmt":"2023-02-04T12:22:50","guid":{"rendered":"https:\/\/www.taleaspa.com\/sustainability\/"},"modified":"2024-11-08T09:30:29","modified_gmt":"2024-11-08T08:30:29","slug":"sustainability","status":"publish","type":"page","link":"https:\/\/taleagroupspa.com\/en\/sustainability\/","title":{"rendered":"SUSTAINABILITY"},"content":{"rendered":"<section class=\"wpb-content-wrapper\"><p>[vc_section full_width=&#8221;stretch_row&#8221; el_class=&#8221;riga-full-height-container pagina-brand&#8221;][vc_row bg_type=&#8221;image&#8221; parallax_style=&#8221;vcpb-default&#8221; bg_image_new=&#8221;id^10256|url^https:\/\/taleagroupspa.com\/wp-content\/uploads\/2023\/02\/sostenibilita-hero-desktop-scaled.jpg|caption^null|alt^null|title^sostenibilita-hero-desktop|description^null&#8221; bg_image_repeat=&#8221;no-repeat&#8221; bg_image_posiiton=&#8221;top right&#8221; el_class=&#8221;riga-full-height testata-brand testata-cover full-width&#8221;][vc_column offset=&#8221;vc_col-lg-10&#8243;][vc_single_image image=&#8221;10259&#8243; img_size=&#8221;full&#8221; alignment=&#8221;center&#8221; el_class=&#8221;image_hero_brand&#8221;][vc_column_text el_class=&#8221;m-0&#8243;]<\/p>\n<h2>SUSTAINABILITY IN TALEA GROUP<\/h2>\n<p>[\/vc_column_text][vc_column_text el_class=&#8221;cta-overpass text-lg-start text-left&#8221;]<a class=\"d-block\" href=\"https:\/\/taleagroupspa.com\/wp-content\/uploads\/2024\/11\/Bilancio-sostenibilita-Talea-2023-2.pdf\" target=\"_blank\" rel=\"noopener\">download our Sustainability Report 2023<br \/>\n<span class=\"small_txt\">(available only in Italian)<\/span><\/a>[\/vc_column_text][vc_column_text el_class=&#8221;cta-overpass text-lg-start text-left&#8221;]<a class=\"d-block\" href=\"https:\/\/taleagroupspa.com\/wp-content\/uploads\/2023\/10\/Bilancio-sostenibilita-Talea-2022-A-04.pdf\" target=\"_blank\" rel=\"noopener\">download our Sustainability Report 2022<br \/>\n<span class=\"small_txt\">(available only in Italian)<\/span><\/a><br \/>\n[\/vc_column_text][vc_raw_html]JTNDc3R5bGUlM0UlMEEuc21hbGxfdHh0JTIwJTdCJTBBZGlzcGxheSUzQSUyMGJsb2NrJTNCJTBBJTIwJTIwJTIwJTIwaGVpZ2h0JTNBJTIwMTBweCUzQiUwQSUyMCUyMCUyMCUyMGxpbmUtaGVpZ2h0JTNBJTIwMTBweCUzQiUwQSUyMCUyMCUyMCUyMHRleHQtYWxpZ24lM0ElMjBzdGFydCUzQiUwQWZvbnQtc2l6ZSUzQTEwcHglM0IlMEElN0QlMEElM0MlMkZzdHlsZSUzRQ==[\/vc_raw_html][\/vc_column][\/vc_row][vc_row el_class=&#8221;riga-full-height bg-F7F7F7 bg-brand-sx&#8221;][vc_column]<style type=\"text\/css\" data-type=\"the7_shortcodes-inline-css\">.dt-breadcrumbs-id-a5fa9a75788848dea54239d1d5c788e4 .breadcrumbs {\n  display: inline-block;\n  margin: 0;\n  padding: 2px 10px 2px 10px;\n  border: 0px solid ;\n  border-radius: 0px;\n}\n.dt-breadcrumbs-id-a5fa9a75788848dea54239d1d5c788e4 .breadcrumbs * {\n  color: #a2a5a6;\n}\n<\/style><div class=\"dt-breadcrumbs-shortcode dt-breadcrumbs-id-a5fa9a75788848dea54239d1d5c788e4 align-left\"><div class=\"assistive-text\">You are here:<\/div><ol class=\"breadcrumbs text-small\" itemscope itemtype=\"https:\/\/schema.org\/BreadcrumbList\"><li itemprop=\"itemListElement\" itemscope itemtype=\"https:\/\/schema.org\/ListItem\"><a itemprop=\"item\" href=\"https:\/\/taleagroupspa.com\/en\/\" title=\"Home\"><span itemprop=\"name\">Home<\/span><\/a><meta itemprop=\"position\" content=\"1\" \/><\/li><li class=\"current\" itemprop=\"itemListElement\" itemscope itemtype=\"https:\/\/schema.org\/ListItem\"><span itemprop=\"name\">Page<\/span><meta itemprop=\"position\" content=\"2\" \/><\/li><\/ol><\/div>[vc_row_inner equal_height=&#8221;yes&#8221; content_placement=&#8221;middle&#8221;][vc_column_inner offset=&#8221;vc_col-lg-offset-1 vc_col-lg-4 vc_col-md-offset-0 vc_col-md-6&#8243;][vc_single_image image=&#8221;10316&#8243; img_size=&#8221;full&#8221;][\/vc_column_inner][vc_column_inner el_class=&#8221;bg-palla border-bottom-mobile mb-lg-0 mb-5&#8243; offset=&#8221;vc_col-lg-offset-1 vc_col-lg-5 vc_col-md-offset-0 vc_col-md-6&#8243;][vc_column_text]<\/p>\n<h2>SUSTAINABILITY IN OUR VALUE SYSTEM<\/h2>\n<p>[\/vc_column_text][vc_column_text]In line with its value system, Talea Group concretely and actively embraces the principles of environmental, social and governance sustainability, operating with a mindful and careful approach in order to generate shared value for the Group and all its stakeholders.[\/vc_column_text][\/vc_column_inner][\/vc_row_inner][\/vc_column][\/vc_row][vc_row el_class=&#8221;riga-full-height bg-F7F7F7&#8243;][vc_column][vc_row_inner equal_height=&#8221;yes&#8221; content_placement=&#8221;middle&#8221;][vc_column_inner offset=&#8221;vc_col-lg-offset-2 vc_col-lg-8 vc_col-md-offset-1 vc_col-md-10 vc_col-sm-offset-0&#8243;][vc_column_text]<\/p>\n<h2 class=\"text-sm-center text-left\">AREAS OF COMMITMENT<\/h2>\n<p>[\/vc_column_text][vc_column_text]<\/p>\n<p class=\"text-sm-center text-left\">Talea Group adopts a corporate policy that is mindful of ESG (Environmental, Social and Governance) criteria and is based on an approach that combines awareness and practicality, information, training and change both in its own companies and in the supply chain.<\/p>\n<p>Sustainable development is mainly based on three areas of interest, through which the Group is committed to promoting ethical and responsible values for a lasting focus on sustainability issues, as well as inspiring concrete initiatives to produce a positive impact on society and the environment.[\/vc_column_text][\/vc_column_inner][\/vc_row_inner][vc_row_inner equal_height=&#8221;yes&#8221; content_placement=&#8221;top&#8221; el_class=&#8221;sostenibilita-aree&#8221;][vc_column_inner width=&#8221;1\/3&#8243; offset=&#8221;vc_col-lg-offset-1\/5 vc_col-lg-1\/5 vc_col-md-offset-1\/5 vc_col-md-1\/5 vc_col-sm-offset-0&#8243;][vc_single_image image=&#8221;10320&#8243; img_size=&#8221;full&#8221; onclick=&#8221;custom_link&#8221; link=&#8221;https:\/\/taleagroupspa.com\/en\/sustainability\/people\/&#8221;][vc_column_text el_class=&#8221;cta-overpass&#8221;]<a href=\"https:\/\/taleagroupspa.com\/en\/sustainability\/people\/\">people<\/a>[\/vc_column_text][\/vc_column_inner][vc_column_inner width=&#8221;1\/3&#8243; offset=&#8221;vc_col-lg-1\/5 vc_col-md-1\/5&#8243;][vc_single_image image=&#8221;10318&#8243; img_size=&#8221;full&#8221; onclick=&#8221;custom_link&#8221; link=&#8221;https:\/\/taleagroupspa.com\/en\/sustainability\/environment\/&#8221;][vc_column_text el_class=&#8221;cta-overpass&#8221;]<a href=\"https:\/\/taleagroupspa.com\/en\/sustainability\/environment\/\">environment<\/a>[\/vc_column_text][\/vc_column_inner][vc_column_inner width=&#8221;1\/3&#8243; offset=&#8221;vc_col-lg-1\/5 vc_col-md-1\/5&#8243;][vc_single_image image=&#8221;10314&#8243; img_size=&#8221;full&#8221; onclick=&#8221;custom_link&#8221; link=&#8221;https:\/\/taleagroupspa.com\/en\/sustainability\/community-engagement\/&#8221;][vc_column_text el_class=&#8221;cta-overpass&#8221;]<a href=\"https:\/\/taleagroupspa.com\/en\/sustainability\/community-engagement\/\">community<\/a>[\/vc_column_text][\/vc_column_inner][\/vc_row_inner][\/vc_column][\/vc_row][vc_row el_class=&#8221;riga-full-height bg-F7F7F7&#8243;][vc_column][vc_row_inner el_class=&#8221;certificazioni&#8221;][vc_column_inner width=&#8221;1\/2&#8243;][vc_column_text]<\/p>\n<p style=\"text-align: center;\">Our certifications<\/p>\n<p>[\/vc_column_text][vc_single_image image=&#8221;11959&#8243; img_size=&#8221;full&#8221; alignment=&#8221;center&#8221;][\/vc_column_inner][vc_column_inner width=&#8221;1\/2&#8243;][vc_column_text]<\/p>\n<p style=\"text-align: center;\">Partner<\/p>\n<p>[\/vc_column_text][vc_single_image image=&#8221;11957&#8243; img_size=&#8221;full&#8221; alignment=&#8221;center&#8221; onclick=&#8221;custom_link&#8221; img_link_target=&#8221;_blank&#8221; el_class=&#8221;partner&#8221; link=&#8221;https:\/\/ogyre.com\/pages\/farmae&#8221;][\/vc_column_inner][\/vc_row_inner][\/vc_column][\/vc_row][\/vc_section]<\/p>\n<\/section>","protected":false},"excerpt":{"rendered":"<p>[vc_section full_width=&#8221;stretch_row&#8221; el_class=&#8221;riga-full-height-container pagina-brand&#8221;][vc_row bg_type=&#8221;image&#8221; parallax_style=&#8221;vcpb-default&#8221; bg_image_new=&#8221;id^10256|url^https:\/\/taleagroupspa.com\/wp-content\/uploads\/2023\/02\/sostenibilita-hero-desktop-scaled.jpg|caption^null|alt^null|title^sostenibilita-hero-desktop|description^null&#8221; bg_image_repeat=&#8221;no-repeat&#8221; bg_image_posiiton=&#8221;top right&#8221; el_class=&#8221;riga-full-height testata-brand testata-cover full-width&#8221;][vc_column offset=&#8221;vc_col-lg-10&#8243;][vc_single_image image=&#8221;10259&#8243; img_size=&#8221;full&#8221; alignment=&#8221;center&#8221; el_class=&#8221;image_hero_brand&#8221;][vc_column_text el_class=&#8221;m-0&#8243;] SUSTAINABILITY IN TALEA GROUP [\/vc_column_text][vc_column_text el_class=&#8221;cta-overpass text-lg-start text-left&#8221;]download our Sustainability Report 2023 (available only in Italian)[\/vc_column_text][vc_column_text el_class=&#8221;cta-overpass text-lg-start text-left&#8221;]download our Sustainability Report 2022 (available only in Italian) [\/vc_column_text][vc_raw_html]JTNDc3R5bGUlM0UlMEEuc21hbGxfdHh0JTIwJTdCJTBBZGlzcGxheSUzQSUyMGJsb2NrJTNCJTBBJTIwJTIwJTIwJTIwaGVpZ2h0JTNBJTIwMTBweCUzQiUwQSUyMCUyMCUyMCUyMGxpbmUtaGVpZ2h0JTNBJTIwMTBweCUzQiUwQSUyMCUyMCUyMCUyMHRleHQtYWxpZ24lM0ElMjBzdGFydCUzQiUwQWZvbnQtc2l6ZSUzQTEwcHglM0IlMEElN0QlMEElM0MlMkZzdHlsZSUzRQ==[\/vc_raw_html][\/vc_column][\/vc_row][vc_row el_class=&#8221;riga-full-height bg-F7F7F7 bg-brand-sx&#8221;][vc_column][vc_row_inner equal_height=&#8221;yes&#8221; content_placement=&#8221;middle&#8221;][vc_column_inner offset=&#8221;vc_col-lg-offset-1 vc_col-lg-4&hellip;<\/p>\n","protected":false},"author":1,"featured_media":0,"parent":0,"menu_order":0,"comment_status":"closed","ping_status":"closed","template":"","meta":{"_mi_skip_tracking":false},"yoast_head":"<!-- This site is optimized with the Yoast SEO plugin v20.7 - https:\/\/yoast.com\/wordpress\/plugins\/seo\/ -->\n<title>SUSTAINABILITY - Talea Group S.p.A<\/title>\n<meta name=\"robots\" content=\"index, follow, max-snippet:-1, max-image-preview:large, max-video-preview:-1\" \/>\n<link rel=\"canonical\" href=\"https:\/\/taleagroupspa.com\/en\/sustainability\/\" \/>\n<meta property=\"og:locale\" content=\"en_US\" \/>\n<meta property=\"og:type\" content=\"article\" \/>\n<meta property=\"og:title\" content=\"SUSTAINABILITY - Talea Group S.p.A\" \/>\n<meta property=\"og:description\" content=\"[vc_section full_width=&#8221;stretch_row&#8221; el_class=&#8221;riga-full-height-container pagina-brand&#8221;][vc_row bg_type=&#8221;image&#8221; parallax_style=&#8221;vcpb-default&#8221; bg_image_new=&#8221;id^10256|url^https:\/\/taleagroupspa.com\/wp-content\/uploads\/2023\/02\/sostenibilita-hero-desktop-scaled.jpg|caption^null|alt^null|title^sostenibilita-hero-desktop|description^null&#8221; bg_image_repeat=&#8221;no-repeat&#8221; bg_image_posiiton=&#8221;top right&#8221; el_class=&#8221;riga-full-height testata-brand testata-cover full-width&#8221;][vc_column offset=&#8221;vc_col-lg-10&#8243;][vc_single_image image=&#8221;10259&#8243; img_size=&#8221;full&#8221; alignment=&#8221;center&#8221; el_class=&#8221;image_hero_brand&#8221;][vc_column_text el_class=&#8221;m-0&#8243;] SUSTAINABILITY IN TALEA GROUP [\/vc_column_text][vc_column_text el_class=&#8221;cta-overpass text-lg-start text-left&#8221;]download our Sustainability Report 2023 (available only in Italian)[\/vc_column_text][vc_column_text el_class=&#8221;cta-overpass text-lg-start text-left&#8221;]download our Sustainability Report 2022 (available only in Italian) [\/vc_column_text][vc_raw_html]JTNDc3R5bGUlM0UlMEEuc21hbGxfdHh0JTIwJTdCJTBBZGlzcGxheSUzQSUyMGJsb2NrJTNCJTBBJTIwJTIwJTIwJTIwaGVpZ2h0JTNBJTIwMTBweCUzQiUwQSUyMCUyMCUyMCUyMGxpbmUtaGVpZ2h0JTNBJTIwMTBweCUzQiUwQSUyMCUyMCUyMCUyMHRleHQtYWxpZ24lM0ElMjBzdGFydCUzQiUwQWZvbnQtc2l6ZSUzQTEwcHglM0IlMEElN0QlMEElM0MlMkZzdHlsZSUzRQ==[\/vc_raw_html][\/vc_column][\/vc_row][vc_row el_class=&#8221;riga-full-height bg-F7F7F7 bg-brand-sx&#8221;][vc_column][vc_row_inner equal_height=&#8221;yes&#8221; content_placement=&#8221;middle&#8221;][vc_column_inner offset=&#8221;vc_col-lg-offset-1 vc_col-lg-4&hellip;\" \/>\n<meta property=\"og:url\" content=\"https:\/\/taleagroupspa.com\/en\/sustainability\/\" \/>\n<meta property=\"og:site_name\" content=\"Talea Group S.p.A\" \/>\n<meta property=\"article:modified_time\" content=\"2024-11-08T08:30:29+00:00\" \/>\n<meta name=\"twitter:card\" content=\"summary_large_image\" \/>\n<meta name=\"twitter:label1\" content=\"Est. reading time\" \/>\n\t<meta name=\"twitter:data1\" content=\"2 minutes\" \/>\n<script type=\"application\/ld+json\" class=\"yoast-schema-graph\">{\"@context\":\"https:\/\/schema.org\",\"@graph\":[{\"@type\":\"WebPage\",\"@id\":\"https:\/\/taleagroupspa.com\/en\/sustainability\/\",\"url\":\"https:\/\/taleagroupspa.com\/en\/sustainability\/\",\"name\":\"SUSTAINABILITY - Talea Group S.p.A\",\"isPartOf\":{\"@id\":\"https:\/\/taleagroupspa.com\/en\/#website\"},\"datePublished\":\"2023-02-04T12:22:50+00:00\",\"dateModified\":\"2024-11-08T08:30:29+00:00\",\"breadcrumb\":{\"@id\":\"https:\/\/taleagroupspa.com\/en\/sustainability\/#breadcrumb\"},\"inLanguage\":\"en-US\",\"potentialAction\":[{\"@type\":\"ReadAction\",\"target\":[\"https:\/\/taleagroupspa.com\/en\/sustainability\/\"]}]},{\"@type\":\"BreadcrumbList\",\"@id\":\"https:\/\/taleagroupspa.com\/en\/sustainability\/#breadcrumb\",\"itemListElement\":[{\"@type\":\"ListItem\",\"position\":1,\"name\":\"Home\",\"item\":\"https:\/\/taleagroupspa.com\/en\/\"},{\"@type\":\"ListItem\",\"position\":2,\"name\":\"SUSTAINABILITY\"}]},{\"@type\":\"WebSite\",\"@id\":\"https:\/\/taleagroupspa.com\/en\/#website\",\"url\":\"https:\/\/taleagroupspa.com\/en\/\",\"name\":\"Talea Group S.p.A\",\"description\":\"Talea Group S.p.A, societ\u00e0 quotata sul mercato Euronext Growth Milan di Borsa Italiana nata dal rebranding di Farma\u00e8 S.p.A., \u00e8 tra i principali gruppi digitali in Europa nel macrosettore multicanale della Salute, Benessere e Bellezza e nei servizi media e di trasformazione digitale per le imprese.\u00a0\",\"publisher\":{\"@id\":\"https:\/\/taleagroupspa.com\/en\/#organization\"},\"potentialAction\":[{\"@type\":\"SearchAction\",\"target\":{\"@type\":\"EntryPoint\",\"urlTemplate\":\"https:\/\/taleagroupspa.com\/en\/?s={search_term_string}\"},\"query-input\":\"required name=search_term_string\"}],\"inLanguage\":\"en-US\"},{\"@type\":\"Organization\",\"@id\":\"https:\/\/taleagroupspa.com\/en\/#organization\",\"name\":\"Talea Group S.p.A\",\"url\":\"https:\/\/taleagroupspa.com\/en\/\",\"logo\":{\"@type\":\"ImageObject\",\"inLanguage\":\"en-US\",\"@id\":\"https:\/\/taleagroupspa.com\/en\/#\/schema\/logo\/image\/\",\"url\":\"https:\/\/taleagroupspa.com\/wp-content\/uploads\/2022\/09\/logo-dark.svg\",\"contentUrl\":\"https:\/\/taleagroupspa.com\/wp-content\/uploads\/2022\/09\/logo-dark.svg\",\"caption\":\"Talea Group S.p.A\"},\"image\":{\"@id\":\"https:\/\/taleagroupspa.com\/en\/#\/schema\/logo\/image\/\"}}]}<\/script>\n<!-- \/ Yoast SEO plugin. -->","yoast_head_json":{"title":"SUSTAINABILITY - Talea Group S.p.A","robots":{"index":"index","follow":"follow","max-snippet":"max-snippet:-1","max-image-preview":"max-image-preview:large","max-video-preview":"max-video-preview:-1"},"canonical":"https:\/\/taleagroupspa.com\/en\/sustainability\/","og_locale":"en_US","og_type":"article","og_title":"SUSTAINABILITY - Talea Group S.p.A","og_description":"[vc_section full_width=&#8221;stretch_row&#8221; el_class=&#8221;riga-full-height-container pagina-brand&#8221;][vc_row bg_type=&#8221;image&#8221; parallax_style=&#8221;vcpb-default&#8221; bg_image_new=&#8221;id^10256|url^https:\/\/taleagroupspa.com\/wp-content\/uploads\/2023\/02\/sostenibilita-hero-desktop-scaled.jpg|caption^null|alt^null|title^sostenibilita-hero-desktop|description^null&#8221; bg_image_repeat=&#8221;no-repeat&#8221; bg_image_posiiton=&#8221;top right&#8221; el_class=&#8221;riga-full-height testata-brand testata-cover full-width&#8221;][vc_column offset=&#8221;vc_col-lg-10&#8243;][vc_single_image image=&#8221;10259&#8243; img_size=&#8221;full&#8221; alignment=&#8221;center&#8221; el_class=&#8221;image_hero_brand&#8221;][vc_column_text el_class=&#8221;m-0&#8243;] SUSTAINABILITY IN TALEA GROUP [\/vc_column_text][vc_column_text el_class=&#8221;cta-overpass text-lg-start text-left&#8221;]download our Sustainability Report 2023 (available only in Italian)[\/vc_column_text][vc_column_text el_class=&#8221;cta-overpass text-lg-start text-left&#8221;]download our Sustainability Report 2022 (available only in Italian) [\/vc_column_text][vc_raw_html]JTNDc3R5bGUlM0UlMEEuc21hbGxfdHh0JTIwJTdCJTBBZGlzcGxheSUzQSUyMGJsb2NrJTNCJTBBJTIwJTIwJTIwJTIwaGVpZ2h0JTNBJTIwMTBweCUzQiUwQSUyMCUyMCUyMCUyMGxpbmUtaGVpZ2h0JTNBJTIwMTBweCUzQiUwQSUyMCUyMCUyMCUyMHRleHQtYWxpZ24lM0ElMjBzdGFydCUzQiUwQWZvbnQtc2l6ZSUzQTEwcHglM0IlMEElN0QlMEElM0MlMkZzdHlsZSUzRQ==[\/vc_raw_html][\/vc_column][\/vc_row][vc_row el_class=&#8221;riga-full-height bg-F7F7F7 bg-brand-sx&#8221;][vc_column][vc_row_inner equal_height=&#8221;yes&#8221; content_placement=&#8221;middle&#8221;][vc_column_inner offset=&#8221;vc_col-lg-offset-1 vc_col-lg-4&hellip;","og_url":"https:\/\/taleagroupspa.com\/en\/sustainability\/","og_site_name":"Talea Group S.p.A","article_modified_time":"2024-11-08T08:30:29+00:00","twitter_card":"summary_large_image","twitter_misc":{"Est. reading time":"2 minutes"},"schema":{"@context":"https:\/\/schema.org","@graph":[{"@type":"WebPage","@id":"https:\/\/taleagroupspa.com\/en\/sustainability\/","url":"https:\/\/taleagroupspa.com\/en\/sustainability\/","name":"SUSTAINABILITY - Talea Group S.p.A","isPartOf":{"@id":"https:\/\/taleagroupspa.com\/en\/#website"},"datePublished":"2023-02-04T12:22:50+00:00","dateModified":"2024-11-08T08:30:29+00:00","breadcrumb":{"@id":"https:\/\/taleagroupspa.com\/en\/sustainability\/#breadcrumb"},"inLanguage":"en-US","potentialAction":[{"@type":"ReadAction","target":["https:\/\/taleagroupspa.com\/en\/sustainability\/"]}]},{"@type":"BreadcrumbList","@id":"https:\/\/taleagroupspa.com\/en\/sustainability\/#breadcrumb","itemListElement":[{"@type":"ListItem","position":1,"name":"Home","item":"https:\/\/taleagroupspa.com\/en\/"},{"@type":"ListItem","position":2,"name":"SUSTAINABILITY"}]},{"@type":"WebSite","@id":"https:\/\/taleagroupspa.com\/en\/#website","url":"https:\/\/taleagroupspa.com\/en\/","name":"Talea Group S.p.A","description":"Talea Group S.p.A, societ\u00e0 quotata sul mercato Euronext Growth Milan di Borsa Italiana nata dal rebranding di Farma\u00e8 S.p.A., \u00e8 tra i principali gruppi digitali in Europa nel macrosettore multicanale della Salute, Benessere e Bellezza e nei servizi media e di trasformazione digitale per le imprese.\u00a0","publisher":{"@id":"https:\/\/taleagroupspa.com\/en\/#organization"},"potentialAction":[{"@type":"SearchAction","target":{"@type":"EntryPoint","urlTemplate":"https:\/\/taleagroupspa.com\/en\/?s={search_term_string}"},"query-input":"required name=search_term_string"}],"inLanguage":"en-US"},{"@type":"Organization","@id":"https:\/\/taleagroupspa.com\/en\/#organization","name":"Talea Group S.p.A","url":"https:\/\/taleagroupspa.com\/en\/","logo":{"@type":"ImageObject","inLanguage":"en-US","@id":"https:\/\/taleagroupspa.com\/en\/#\/schema\/logo\/image\/","url":"https:\/\/taleagroupspa.com\/wp-content\/uploads\/2022\/09\/logo-dark.svg","contentUrl":"https:\/\/taleagroupspa.com\/wp-content\/uploads\/2022\/09\/logo-dark.svg","caption":"Talea Group S.p.A"},"image":{"@id":"https:\/\/taleagroupspa.com\/en\/#\/schema\/logo\/image\/"}}]}},"_links":{"self":[{"href":"https:\/\/taleagroupspa.com\/en\/wp-json\/wp\/v2\/pages\/10816"}],"collection":[{"href":"https:\/\/taleagroupspa.com\/en\/wp-json\/wp\/v2\/pages"}],"about":[{"href":"https:\/\/taleagroupspa.com\/en\/wp-json\/wp\/v2\/types\/page"}],"author":[{"embeddable":true,"href":"https:\/\/taleagroupspa.com\/en\/wp-json\/wp\/v2\/users\/1"}],"replies":[{"embeddable":true,"href":"https:\/\/taleagroupspa.com\/en\/wp-json\/wp\/v2\/comments?post=10816"}],"version-history":[{"count":22,"href":"https:\/\/taleagroupspa.com\/en\/wp-json\/wp\/v2\/pages\/10816\/revisions"}],"predecessor-version":[{"id":13067,"href":"https:\/\/taleagroupspa.com\/en\/wp-json\/wp\/v2\/pages\/10816\/revisions\/13067"}],"wp:attachment":[{"href":"https:\/\/taleagroupspa.com\/en\/wp-json\/wp\/v2\/media?parent=10816"}],"curies":[{"name":"wp","href":"https:\/\/api.w.org\/{rel}","templated":true}]}}