{"id":10844,"date":"2023-02-04T13:46:42","date_gmt":"2023-02-04T12:46:42","guid":{"rendered":"https:\/\/www.taleaspa.com\/sustainability\/environment\/"},"modified":"2023-04-27T15:56:44","modified_gmt":"2023-04-27T13:56:44","slug":"environment","status":"publish","type":"page","link":"https:\/\/taleagroupspa.com\/en\/sustainability\/environment\/","title":{"rendered":"ENVIRONMENT"},"content":{"rendered":"<section class=\"wpb-content-wrapper\"><p>[vc_section full_width=&#8221;stretch_row&#8221; el_class=&#8221;riga-full-height-container pagina-brand&#8221;][vc_row bg_type=&#8221;image&#8221; parallax_style=&#8221;vcpb-default&#8221; bg_image_new=&#8221;id^10384|url^https:\/\/taleagroupspa.com\/wp-content\/uploads\/2023\/02\/ambiente-hero-desktop-scaled.jpg|caption^null|alt^null|title^ambiente-hero-desktop|description^null&#8221; bg_image_repeat=&#8221;no-repeat&#8221; bg_image_posiiton=&#8221;0px 0px&#8221; el_class=&#8221;riga-full-height testata-brand full-width&#8221;][vc_column offset=&#8221;vc_col-lg-10&#8243;][vc_single_image image=&#8221;10379&#8243; img_size=&#8221;full&#8221; alignment=&#8221;center&#8221; el_class=&#8221;image_hero_brand&#8221;][vc_column_text el_class=&#8221;paragrafo-testata&#8221;]<\/p>\n<h2>ENVIRONMENT<\/h2>\n<p>Talea Group gives environmental and social responsibility a fundamental role within its business model, the aim being that of pursuing sustainable development.[\/vc_column_text][\/vc_column][\/vc_row][vc_row el_class=&#8221;riga-full-height bg-F7F7F7 bg-brand-sx&#8221;][vc_column]<style type=\"text\/css\" data-type=\"the7_shortcodes-inline-css\">.dt-breadcrumbs-id-a5fa9a75788848dea54239d1d5c788e4 .breadcrumbs {\n  display: inline-block;\n  margin: 0;\n  padding: 2px 10px 2px 10px;\n  border: 0px solid ;\n  border-radius: 0px;\n}\n.dt-breadcrumbs-id-a5fa9a75788848dea54239d1d5c788e4 .breadcrumbs * {\n  color: #a2a5a6;\n}\n<\/style><div class=\"dt-breadcrumbs-shortcode dt-breadcrumbs-id-a5fa9a75788848dea54239d1d5c788e4 align-left\"><div class=\"assistive-text\">You are here:<\/div><ol class=\"breadcrumbs text-small\" itemscope itemtype=\"https:\/\/schema.org\/BreadcrumbList\"><li itemprop=\"itemListElement\" itemscope itemtype=\"https:\/\/schema.org\/ListItem\"><a itemprop=\"item\" href=\"https:\/\/taleagroupspa.com\/en\/\" title=\"Home\"><span itemprop=\"name\">Home<\/span><\/a><meta itemprop=\"position\" content=\"1\" \/><\/li><li class=\"current\" itemprop=\"itemListElement\" itemscope itemtype=\"https:\/\/schema.org\/ListItem\"><span itemprop=\"name\">Page<\/span><meta itemprop=\"position\" content=\"2\" \/><\/li><\/ol><\/div>[vc_row_inner equal_height=&#8221;yes&#8221; content_placement=&#8221;middle&#8221;][vc_column_inner offset=&#8221;vc_col-lg-offset-1 vc_col-lg-4 vc_col-md-offset-0 vc_col-md-6&#8243;][vc_single_image image=&#8221;10425&#8243; img_size=&#8221;full&#8221;][\/vc_column_inner][vc_column_inner el_class=&#8221;bg-palla border-bottom-mobile mb-lg-0 mb-5&#8243; offset=&#8221;vc_col-lg-offset-1 vc_col-lg-5 vc_col-md-offset-0 vc_col-md-6&#8243;][vc_column_text]The Group&#8217;s path towards sustainability includes objectives to reduce environmental impact by constantly improving the ESG standards of its supply chain through close collaboration with partners.<\/p>\n<p>The path also includes the implementation of medium- and long-term projects aligned with the UN Sustainable Development Goals for the protection of the Planet. The commitment covers, in particular, the areas of energy, emissions and waste.<\/p>\n<p>In 2022, with its new environmental strategy, Talea Group has set itself challenging targets to be achieved by 2030 and 2050, while committing to measure and report its performance in a clear and transparent manner.[\/vc_column_text][\/vc_column_inner][\/vc_row_inner][\/vc_column][\/vc_row][vc_row el_class=&#8221;riga-full-height bg-F7F7F7 bg-brand-dx&#8221;][vc_column][vc_row_inner equal_height=&#8221;yes&#8221; content_placement=&#8221;middle&#8221; el_class=&#8221;inverter-mobile&#8221;][vc_column_inner offset=&#8221;vc_col-lg-offset-1 vc_col-lg-10 vc_col-md-offset-1 vc_col-md-10&#8243;][vc_column_text]<\/p>\n<h2 class=\"text-sm-center text-left\">ENERGY EFFICIENCY AND DECARBONISATION<\/h2>\n<p class=\"text-sm-center text-left\">To move in this direction, the Group&#8217;s environmental impact to date has been determined, and a strategic decarbonisation plan has been drawn up in three stages: data collection and analysis, emission reduction strategy over time and identification of possible actions, 100% offsetting of emissions in the current year, and communication to its stakeholders with a view to engagement.<\/p>\n<p>What has been done so far has enabled the company to achieve Carbon Neutral Company certification for 2021, as well as <strong>Verified Carbon Footprint, Committed to Net Zero and CO2 Blockchain Certified certifications.<\/strong><\/p>\n<p>[\/vc_column_text][\/vc_column_inner][\/vc_row_inner][\/vc_column][\/vc_row][vc_row el_class=&#8221;riga-full-height bg-F7F7F7&#8243;][vc_column][vc_row_inner equal_height=&#8221;yes&#8221; content_placement=&#8221;middle&#8221; el_class=&#8221;inverter-mobile&#8221;][vc_column_inner offset=&#8221;vc_col-lg-offset-1 vc_col-lg-5 vc_col-md-offset-0 vc_col-md-6&#8243;][vc_column_text]<\/p>\n<h2>TALEA GROUP&#8217;S TARGET<\/h2>\n<p>[\/vc_column_text][vc_tta_accordion c_icon=&#8221;triangle&#8221; c_position=&#8221;right&#8221; active_section=&#8221;1&#8243; el_class=&#8221;ambiente-accordion&#8221;][vc_tta_section title=&#8221;2022&#8243; tab_id=&#8221;1675266965176-bad24a3f-b0c2&#8243;][vc_column_text]Calculation of emissions &#8211; Scope 1 and 2 Farma\u00e8 Carbon Neutral &#8211; Scope 1 and 2 External &#8220;Carbon Neutrality&#8221; communication Calculation of emissions &#8211; Scope 3[\/vc_column_text][\/vc_tta_section][vc_tta_section title=&#8221;2023&#8243; tab_id=&#8221;1675266965198-c822e894-5110&#8243;][\/vc_tta_section][vc_tta_section title=&#8221;2025&#8243; tab_id=&#8221;1675267293250-52cafd97-9cc8&#8243;][\/vc_tta_section][\/vc_tta_accordion][\/vc_column_inner][vc_column_inner offset=&#8221;vc_col-lg-offset-1 vc_col-lg-4 vc_col-md-offset-0 vc_col-md-6&#8243;][vc_single_image image=&#8221;10423&#8243; img_size=&#8221;full&#8221;][\/vc_column_inner][\/vc_row_inner][\/vc_column][\/vc_row][vc_row el_class=&#8221;riga-full-height bg-F7F7F7&#8243;][vc_column][vc_row_inner equal_height=&#8221;yes&#8221; content_placement=&#8221;middle&#8221;][vc_column_inner offset=&#8221;vc_col-lg-offset-1 vc_col-lg-4 vc_col-md-offset-0 vc_col-md-6&#8243;][vc_single_image image=&#8221;10427&#8243; img_size=&#8221;full&#8221;][\/vc_column_inner][vc_column_inner offset=&#8221;vc_col-lg-offset-1 vc_col-lg-5 vc_col-md-offset-0 vc_col-md-6&#8243;][vc_column_text]<\/p>\n<h2>WASTE MANAGEMENT<\/h2>\n<p>With a view to reducing its impact on the Planet, Talea Group promotes the principles of circular economy and environmental sustainability and is committed to ensuring proper waste production and management.<\/p>\n<p>The Group is active in implementing investment programmes for the consolidation of collection, sorting, recycling and disposal activities, as well as the purchase and maintenance of state-of-the-art infrastructure with reduced environmental impact.<\/p>\n<p>Optimising packaging with reduced environmental impact is fundamental for Talea Group, which is committed to adopting sustainable packaging technologies with the aim of reducing its ecological footprint.[\/vc_column_text][\/vc_column_inner][\/vc_row_inner][vc_row_inner el_class=&#8221;pt-5 pb-5&#8243;][vc_column_inner][vc_column_text el_class=&#8221;cta-overpass&#8221;]<\/p>\n<p class=\"text-sm-center text-left\"><a href=\"https:\/\/taleagroupspa.com\/en\/sustainability\/\">back to sustanability<\/a><\/p>\n<p>[\/vc_column_text][\/vc_column_inner][\/vc_row_inner][\/vc_column][\/vc_row][\/vc_section]<\/p>\n<\/section>","protected":false},"excerpt":{"rendered":"<p>[vc_section full_width=&#8221;stretch_row&#8221; el_class=&#8221;riga-full-height-container pagina-brand&#8221;][vc_row bg_type=&#8221;image&#8221; parallax_style=&#8221;vcpb-default&#8221; bg_image_new=&#8221;id^10384|url^https:\/\/taleagroupspa.com\/wp-content\/uploads\/2023\/02\/ambiente-hero-desktop-scaled.jpg|caption^null|alt^null|title^ambiente-hero-desktop|description^null&#8221; bg_image_repeat=&#8221;no-repeat&#8221; bg_image_posiiton=&#8221;0px 0px&#8221; el_class=&#8221;riga-full-height testata-brand full-width&#8221;][vc_column offset=&#8221;vc_col-lg-10&#8243;][vc_single_image image=&#8221;10379&#8243; img_size=&#8221;full&#8221; alignment=&#8221;center&#8221; el_class=&#8221;image_hero_brand&#8221;][vc_column_text el_class=&#8221;paragrafo-testata&#8221;] ENVIRONMENT Talea Group gives environmental and social responsibility a fundamental role within its business model, the aim being that of pursuing sustainable development.[\/vc_column_text][\/vc_column][\/vc_row][vc_row el_class=&#8221;riga-full-height bg-F7F7F7 bg-brand-sx&#8221;][vc_column][vc_row_inner equal_height=&#8221;yes&#8221; content_placement=&#8221;middle&#8221;][vc_column_inner offset=&#8221;vc_col-lg-offset-1 vc_col-lg-4 vc_col-md-offset-0 vc_col-md-6&#8243;][vc_single_image image=&#8221;10425&#8243; img_size=&#8221;full&#8221;][\/vc_column_inner][vc_column_inner el_class=&#8221;bg-palla border-bottom-mobile&hellip;<\/p>\n","protected":false},"author":1,"featured_media":0,"parent":10816,"menu_order":0,"comment_status":"closed","ping_status":"closed","template":"","meta":{"_mi_skip_tracking":false},"yoast_head":"<!-- This site is optimized with the Yoast SEO plugin v20.7 - https:\/\/yoast.com\/wordpress\/plugins\/seo\/ -->\n<title>ENVIRONMENT - Talea Group S.p.A<\/title>\n<meta name=\"robots\" content=\"index, follow, max-snippet:-1, max-image-preview:large, max-video-preview:-1\" \/>\n<link rel=\"canonical\" href=\"https:\/\/taleagroupspa.com\/en\/sustainability\/environment\/\" \/>\n<meta property=\"og:locale\" content=\"en_US\" \/>\n<meta property=\"og:type\" content=\"article\" \/>\n<meta property=\"og:title\" content=\"ENVIRONMENT - Talea Group S.p.A\" \/>\n<meta property=\"og:description\" content=\"[vc_section full_width=&#8221;stretch_row&#8221; el_class=&#8221;riga-full-height-container pagina-brand&#8221;][vc_row bg_type=&#8221;image&#8221; parallax_style=&#8221;vcpb-default&#8221; bg_image_new=&#8221;id^10384|url^https:\/\/taleagroupspa.com\/wp-content\/uploads\/2023\/02\/ambiente-hero-desktop-scaled.jpg|caption^null|alt^null|title^ambiente-hero-desktop|description^null&#8221; bg_image_repeat=&#8221;no-repeat&#8221; bg_image_posiiton=&#8221;0px 0px&#8221; el_class=&#8221;riga-full-height testata-brand full-width&#8221;][vc_column offset=&#8221;vc_col-lg-10&#8243;][vc_single_image image=&#8221;10379&#8243; img_size=&#8221;full&#8221; alignment=&#8221;center&#8221; el_class=&#8221;image_hero_brand&#8221;][vc_column_text el_class=&#8221;paragrafo-testata&#8221;] ENVIRONMENT Talea Group gives environmental and social responsibility a fundamental role within its business model, the aim being that of pursuing sustainable development.[\/vc_column_text][\/vc_column][\/vc_row][vc_row el_class=&#8221;riga-full-height bg-F7F7F7 bg-brand-sx&#8221;][vc_column][vc_row_inner equal_height=&#8221;yes&#8221; content_placement=&#8221;middle&#8221;][vc_column_inner offset=&#8221;vc_col-lg-offset-1 vc_col-lg-4 vc_col-md-offset-0 vc_col-md-6&#8243;][vc_single_image image=&#8221;10425&#8243; img_size=&#8221;full&#8221;][\/vc_column_inner][vc_column_inner el_class=&#8221;bg-palla border-bottom-mobile&hellip;\" \/>\n<meta property=\"og:url\" content=\"https:\/\/taleagroupspa.com\/en\/sustainability\/environment\/\" \/>\n<meta property=\"og:site_name\" content=\"Talea Group S.p.A\" \/>\n<meta property=\"article:modified_time\" content=\"2023-04-27T13:56:44+00:00\" \/>\n<meta name=\"twitter:card\" content=\"summary_large_image\" \/>\n<meta name=\"twitter:label1\" content=\"Est. reading time\" \/>\n\t<meta name=\"twitter:data1\" content=\"3 minutes\" \/>\n<script type=\"application\/ld+json\" class=\"yoast-schema-graph\">{\"@context\":\"https:\/\/schema.org\",\"@graph\":[{\"@type\":\"WebPage\",\"@id\":\"https:\/\/taleagroupspa.com\/en\/sustainability\/environment\/\",\"url\":\"https:\/\/taleagroupspa.com\/en\/sustainability\/environment\/\",\"name\":\"ENVIRONMENT - Talea Group S.p.A\",\"isPartOf\":{\"@id\":\"https:\/\/taleagroupspa.com\/en\/#website\"},\"datePublished\":\"2023-02-04T12:46:42+00:00\",\"dateModified\":\"2023-04-27T13:56:44+00:00\",\"breadcrumb\":{\"@id\":\"https:\/\/taleagroupspa.com\/en\/sustainability\/environment\/#breadcrumb\"},\"inLanguage\":\"en-US\",\"potentialAction\":[{\"@type\":\"ReadAction\",\"target\":[\"https:\/\/taleagroupspa.com\/en\/sustainability\/environment\/\"]}]},{\"@type\":\"BreadcrumbList\",\"@id\":\"https:\/\/taleagroupspa.com\/en\/sustainability\/environment\/#breadcrumb\",\"itemListElement\":[{\"@type\":\"ListItem\",\"position\":1,\"name\":\"Home\",\"item\":\"https:\/\/taleagroupspa.com\/en\/\"},{\"@type\":\"ListItem\",\"position\":2,\"name\":\"SUSTAINABILITY\",\"item\":\"https:\/\/taleagroupspa.com\/en\/sustainability\/\"},{\"@type\":\"ListItem\",\"position\":3,\"name\":\"ENVIRONMENT\"}]},{\"@type\":\"WebSite\",\"@id\":\"https:\/\/taleagroupspa.com\/en\/#website\",\"url\":\"https:\/\/taleagroupspa.com\/en\/\",\"name\":\"Talea Group S.p.A\",\"description\":\"Talea Group S.p.A, societ\u00e0 quotata sul mercato Euronext Growth Milan di Borsa Italiana nata dal rebranding di Farma\u00e8 S.p.A., \u00e8 tra i principali gruppi digitali in Europa nel macrosettore multicanale della Salute, Benessere e Bellezza e nei servizi media e di trasformazione digitale per le imprese.\u00a0\",\"publisher\":{\"@id\":\"https:\/\/taleagroupspa.com\/en\/#organization\"},\"potentialAction\":[{\"@type\":\"SearchAction\",\"target\":{\"@type\":\"EntryPoint\",\"urlTemplate\":\"https:\/\/taleagroupspa.com\/en\/?s={search_term_string}\"},\"query-input\":\"required name=search_term_string\"}],\"inLanguage\":\"en-US\"},{\"@type\":\"Organization\",\"@id\":\"https:\/\/taleagroupspa.com\/en\/#organization\",\"name\":\"Talea Group S.p.A\",\"url\":\"https:\/\/taleagroupspa.com\/en\/\",\"logo\":{\"@type\":\"ImageObject\",\"inLanguage\":\"en-US\",\"@id\":\"https:\/\/taleagroupspa.com\/en\/#\/schema\/logo\/image\/\",\"url\":\"https:\/\/taleagroupspa.com\/wp-content\/uploads\/2022\/09\/logo-dark.svg\",\"contentUrl\":\"https:\/\/taleagroupspa.com\/wp-content\/uploads\/2022\/09\/logo-dark.svg\",\"caption\":\"Talea Group S.p.A\"},\"image\":{\"@id\":\"https:\/\/taleagroupspa.com\/en\/#\/schema\/logo\/image\/\"}}]}<\/script>\n<!-- \/ Yoast SEO plugin. -->","yoast_head_json":{"title":"ENVIRONMENT - Talea Group S.p.A","robots":{"index":"index","follow":"follow","max-snippet":"max-snippet:-1","max-image-preview":"max-image-preview:large","max-video-preview":"max-video-preview:-1"},"canonical":"https:\/\/taleagroupspa.com\/en\/sustainability\/environment\/","og_locale":"en_US","og_type":"article","og_title":"ENVIRONMENT - Talea Group S.p.A","og_description":"[vc_section full_width=&#8221;stretch_row&#8221; el_class=&#8221;riga-full-height-container pagina-brand&#8221;][vc_row bg_type=&#8221;image&#8221; parallax_style=&#8221;vcpb-default&#8221; bg_image_new=&#8221;id^10384|url^https:\/\/taleagroupspa.com\/wp-content\/uploads\/2023\/02\/ambiente-hero-desktop-scaled.jpg|caption^null|alt^null|title^ambiente-hero-desktop|description^null&#8221; bg_image_repeat=&#8221;no-repeat&#8221; bg_image_posiiton=&#8221;0px 0px&#8221; el_class=&#8221;riga-full-height testata-brand full-width&#8221;][vc_column offset=&#8221;vc_col-lg-10&#8243;][vc_single_image image=&#8221;10379&#8243; img_size=&#8221;full&#8221; alignment=&#8221;center&#8221; el_class=&#8221;image_hero_brand&#8221;][vc_column_text el_class=&#8221;paragrafo-testata&#8221;] ENVIRONMENT Talea Group gives environmental and social responsibility a fundamental role within its business model, the aim being that of pursuing sustainable development.[\/vc_column_text][\/vc_column][\/vc_row][vc_row el_class=&#8221;riga-full-height bg-F7F7F7 bg-brand-sx&#8221;][vc_column][vc_row_inner equal_height=&#8221;yes&#8221; content_placement=&#8221;middle&#8221;][vc_column_inner offset=&#8221;vc_col-lg-offset-1 vc_col-lg-4 vc_col-md-offset-0 vc_col-md-6&#8243;][vc_single_image image=&#8221;10425&#8243; img_size=&#8221;full&#8221;][\/vc_column_inner][vc_column_inner el_class=&#8221;bg-palla border-bottom-mobile&hellip;","og_url":"https:\/\/taleagroupspa.com\/en\/sustainability\/environment\/","og_site_name":"Talea Group S.p.A","article_modified_time":"2023-04-27T13:56:44+00:00","twitter_card":"summary_large_image","twitter_misc":{"Est. reading time":"3 minutes"},"schema":{"@context":"https:\/\/schema.org","@graph":[{"@type":"WebPage","@id":"https:\/\/taleagroupspa.com\/en\/sustainability\/environment\/","url":"https:\/\/taleagroupspa.com\/en\/sustainability\/environment\/","name":"ENVIRONMENT - Talea Group S.p.A","isPartOf":{"@id":"https:\/\/taleagroupspa.com\/en\/#website"},"datePublished":"2023-02-04T12:46:42+00:00","dateModified":"2023-04-27T13:56:44+00:00","breadcrumb":{"@id":"https:\/\/taleagroupspa.com\/en\/sustainability\/environment\/#breadcrumb"},"inLanguage":"en-US","potentialAction":[{"@type":"ReadAction","target":["https:\/\/taleagroupspa.com\/en\/sustainability\/environment\/"]}]},{"@type":"BreadcrumbList","@id":"https:\/\/taleagroupspa.com\/en\/sustainability\/environment\/#breadcrumb","itemListElement":[{"@type":"ListItem","position":1,"name":"Home","item":"https:\/\/taleagroupspa.com\/en\/"},{"@type":"ListItem","position":2,"name":"SUSTAINABILITY","item":"https:\/\/taleagroupspa.com\/en\/sustainability\/"},{"@type":"ListItem","position":3,"name":"ENVIRONMENT"}]},{"@type":"WebSite","@id":"https:\/\/taleagroupspa.com\/en\/#website","url":"https:\/\/taleagroupspa.com\/en\/","name":"Talea Group S.p.A","description":"Talea Group S.p.A, societ\u00e0 quotata sul mercato Euronext Growth Milan di Borsa Italiana nata dal rebranding di Farma\u00e8 S.p.A., \u00e8 tra i principali gruppi digitali in Europa nel macrosettore multicanale della Salute, Benessere e Bellezza e nei servizi media e di trasformazione digitale per le imprese.\u00a0","publisher":{"@id":"https:\/\/taleagroupspa.com\/en\/#organization"},"potentialAction":[{"@type":"SearchAction","target":{"@type":"EntryPoint","urlTemplate":"https:\/\/taleagroupspa.com\/en\/?s={search_term_string}"},"query-input":"required name=search_term_string"}],"inLanguage":"en-US"},{"@type":"Organization","@id":"https:\/\/taleagroupspa.com\/en\/#organization","name":"Talea Group S.p.A","url":"https:\/\/taleagroupspa.com\/en\/","logo":{"@type":"ImageObject","inLanguage":"en-US","@id":"https:\/\/taleagroupspa.com\/en\/#\/schema\/logo\/image\/","url":"https:\/\/taleagroupspa.com\/wp-content\/uploads\/2022\/09\/logo-dark.svg","contentUrl":"https:\/\/taleagroupspa.com\/wp-content\/uploads\/2022\/09\/logo-dark.svg","caption":"Talea Group S.p.A"},"image":{"@id":"https:\/\/taleagroupspa.com\/en\/#\/schema\/logo\/image\/"}}]}},"_links":{"self":[{"href":"https:\/\/taleagroupspa.com\/en\/wp-json\/wp\/v2\/pages\/10844"}],"collection":[{"href":"https:\/\/taleagroupspa.com\/en\/wp-json\/wp\/v2\/pages"}],"about":[{"href":"https:\/\/taleagroupspa.com\/en\/wp-json\/wp\/v2\/types\/page"}],"author":[{"embeddable":true,"href":"https:\/\/taleagroupspa.com\/en\/wp-json\/wp\/v2\/users\/1"}],"replies":[{"embeddable":true,"href":"https:\/\/taleagroupspa.com\/en\/wp-json\/wp\/v2\/comments?post=10844"}],"version-history":[{"count":9,"href":"https:\/\/taleagroupspa.com\/en\/wp-json\/wp\/v2\/pages\/10844\/revisions"}],"predecessor-version":[{"id":11628,"href":"https:\/\/taleagroupspa.com\/en\/wp-json\/wp\/v2\/pages\/10844\/revisions\/11628"}],"up":[{"embeddable":true,"href":"https:\/\/taleagroupspa.com\/en\/wp-json\/wp\/v2\/pages\/10816"}],"wp:attachment":[{"href":"https:\/\/taleagroupspa.com\/en\/wp-json\/wp\/v2\/media?parent=10844"}],"curies":[{"name":"wp","href":"https:\/\/api.w.org\/{rel}","templated":true}]}}