{"id":12158,"date":"2023-06-13T09:10:39","date_gmt":"2023-06-13T07:10:39","guid":{"rendered":"https:\/\/taleagroupspa.com\/?page_id=12158"},"modified":"2023-06-13T09:11:26","modified_gmt":"2023-06-13T07:11:26","slug":"financial-calendar-2022-2","status":"publish","type":"page","link":"https:\/\/taleagroupspa.com\/en\/investor-relations\/financial-calendar-2022-2\/","title":{"rendered":"Financial calendar 2023"},"content":{"rendered":"<section class=\"wpb-content-wrapper\"><p>[vc_row][vc_column][vc_column_text]<div class=\"update-time\">Last update: 30 March 2026<\/div>[\/vc_column_text][\/vc_column][\/vc_row][vc_row][vc_column width=&#8221;3\/4&#8243; offset=&#8221;vc_col-xs-9&#8243; el_class=&#8221;order-2 order-sm-1&#8243;][vc_column_text]<\/p>\n<div class=\"page\" title=\"Page 1\">\n<div class=\"layoutArea\">\n<div class=\"column\">\n<p>BoD to approve unaudited Q4 2022 Revenues and Key KPIs data<\/p>\n<\/div>\n<\/div>\n<\/div>\n<p>[\/vc_column_text][\/vc_column][vc_column width=&#8221;1\/4&#8243; offset=&#8221;vc_col-xs-3&#8243; el_class=&#8221;c-807667 order-1 order-sm-2&#8243;][vc_column_text]14\/02\/2023[\/vc_column_text][\/vc_column][\/vc_row][vc_row][vc_column width=&#8221;3\/4&#8243; offset=&#8221;vc_col-xs-9&#8243; el_class=&#8221;order-2 order-sm-1&#8243;][vc_column_text]<\/p>\n<div class=\"page\" title=\"Page 1\">\n<div class=\"layoutArea\">\n<div class=\"column\">\n<p>BoD to approve the draft Financial Statements and Consolidated Financial Statements as at 31\/12\/2022;<\/p>\n<\/div>\n<\/div>\n<\/div>\n<p>[\/vc_column_text][\/vc_column][vc_column width=&#8221;1\/4&#8243; offset=&#8221;vc_col-xs-3&#8243; el_class=&#8221;c-807667 order-1 order-sm-2&#8243;][vc_column_text]28\/03\/2023[\/vc_column_text][\/vc_column][\/vc_row][vc_row][vc_column width=&#8221;3\/4&#8243; offset=&#8221;vc_col-xs-9&#8243; el_class=&#8221;order-2 order-sm-1&#8243;][vc_column_text]<\/p>\n<div class=\"page\" title=\"Page 1\">\n<div class=\"layoutArea\">\n<div class=\"column\">\n<p>BoD to approve unaudited Q1 2023 Revenues and Key KPIs data<\/p>\n<\/div>\n<\/div>\n<\/div>\n<p>[\/vc_column_text][\/vc_column][vc_column width=&#8221;1\/4&#8243; offset=&#8221;vc_col-xs-3&#8243; el_class=&#8221;c-807667 order-1 order-sm-2&#8243;][vc_column_text]<\/p>\n<div class=\"page\" title=\"Page 1\">\n<div class=\"layoutArea\">\n<div class=\"column\">\n<p>20\/04\/2023<\/p>\n<\/div>\n<\/div>\n<\/div>\n<p>[\/vc_column_text][\/vc_column][\/vc_row][vc_row][vc_column width=&#8221;3\/4&#8243; offset=&#8221;vc_col-xs-9&#8243; el_class=&#8221;order-2 order-sm-1&#8243;][vc_column_text]<\/p>\n<div class=\"page\" title=\"Page 1\">\n<div class=\"layoutArea\">\n<div class=\"column\">\n<p>Shareholders&#8217; Meeting for the approval of the Financial Statements as at 31\/12\/2022<\/p>\n<\/div>\n<\/div>\n<\/div>\n<p>[\/vc_column_text][\/vc_column][vc_column width=&#8221;1\/4&#8243; offset=&#8221;vc_col-xs-3&#8243; el_class=&#8221;c-807667 order-1 order-sm-2&#8243;][vc_column_text]<\/p>\n<div class=\"page\" title=\"Page 1\">\n<div class=\"layoutArea\">\n<div class=\"column\">\n<p>28\/04\/2023<\/p>\n<\/div>\n<\/div>\n<\/div>\n<p>[\/vc_column_text][\/vc_column][\/vc_row][vc_row][vc_column width=&#8221;3\/4&#8243; offset=&#8221;vc_col-xs-9&#8243; el_class=&#8221;order-2 order-sm-1&#8243;][vc_column_text]<\/p>\n<div class=\"page\" title=\"Page 1\">\n<div class=\"layoutArea\">\n<div class=\"column\">\n<p>BoD to approve unaudited Q2 2023 Revenues and key KPIs data<\/p>\n<\/div>\n<\/div>\n<\/div>\n<p>[\/vc_column_text][\/vc_column][vc_column width=&#8221;1\/4&#8243; offset=&#8221;vc_col-xs-3&#8243; el_class=&#8221;c-807667 order-1 order-sm-2&#8243;][vc_column_text]<\/p>\n<div class=\"page\" title=\"Page 1\">\n<div class=\"layoutArea\">\n<div class=\"column\">\n<p>19\/07\/2023<\/p>\n<\/div>\n<\/div>\n<\/div>\n<p>[\/vc_column_text][\/vc_column][\/vc_row][vc_row][vc_column width=&#8221;3\/4&#8243; offset=&#8221;vc_col-xs-9&#8243; el_class=&#8221;order-2 order-sm-1&#8243;][vc_column_text]<\/p>\n<div class=\"page\" title=\"Page 1\">\n<div class=\"layoutArea\">\n<div class=\"column\">\n<p>BoD to approve the Voluntarily Audited Half-Year Financial Report as of June 30, 2023<\/p>\n<\/div>\n<\/div>\n<\/div>\n<p>[\/vc_column_text][\/vc_column][vc_column width=&#8221;1\/4&#8243; offset=&#8221;vc_col-xs-3&#8243; el_class=&#8221;c-807667 order-1 order-sm-2&#8243;][vc_column_text]<\/p>\n<div class=\"page\" title=\"Page 1\">\n<div class=\"layoutArea\">\n<div class=\"column\">\n<p>26\/09\/2023<\/p>\n<\/div>\n<\/div>\n<\/div>\n<p>[\/vc_column_text][\/vc_column][\/vc_row][vc_row][vc_column width=&#8221;3\/4&#8243; offset=&#8221;vc_col-xs-9&#8243; el_class=&#8221;order-2 order-sm-1&#8243;][vc_column_text]<\/p>\n<div class=\"page\" title=\"Page 1\">\n<div class=\"layoutArea\">\n<div class=\"column\">\n<p>BoD to approve unaudited Q3 2023 Revenues and Key KPIs data<\/p>\n<\/div>\n<\/div>\n<\/div>\n<p>[\/vc_column_text][\/vc_column][vc_column width=&#8221;1\/4&#8243; offset=&#8221;vc_col-xs-3&#8243; el_class=&#8221;c-807667 order-1 order-sm-2&#8243;][vc_column_text]<\/p>\n<div class=\"page\" title=\"Page 1\">\n<div class=\"layoutArea\">\n<div class=\"column\">\n<p>24\/10\/2023<\/p>\n<\/div>\n<\/div>\n<\/div>\n<p>[\/vc_column_text][\/vc_column][\/vc_row]<\/p>\n<\/section>","protected":false},"excerpt":{"rendered":"<p>[vc_row][vc_column][vc_column_text][\/vc_column_text][\/vc_column][\/vc_row][vc_row][vc_column width=&#8221;3\/4&#8243; offset=&#8221;vc_col-xs-9&#8243; el_class=&#8221;order-2 order-sm-1&#8243;][vc_column_text] BoD to approve unaudited Q4 2022 Revenues and Key KPIs data [\/vc_column_text][\/vc_column][vc_column width=&#8221;1\/4&#8243; offset=&#8221;vc_col-xs-3&#8243; el_class=&#8221;c-807667 order-1 order-sm-2&#8243;][vc_column_text]14\/02\/2023[\/vc_column_text][\/vc_column][\/vc_row][vc_row][vc_column width=&#8221;3\/4&#8243; offset=&#8221;vc_col-xs-9&#8243; el_class=&#8221;order-2 order-sm-1&#8243;][vc_column_text] BoD to approve the draft Financial Statements and Consolidated Financial Statements as at 31\/12\/2022; [\/vc_column_text][\/vc_column][vc_column width=&#8221;1\/4&#8243; offset=&#8221;vc_col-xs-3&#8243; el_class=&#8221;c-807667 order-1 order-sm-2&#8243;][vc_column_text]28\/03\/2023[\/vc_column_text][\/vc_column][\/vc_row][vc_row][vc_column width=&#8221;3\/4&#8243; offset=&#8221;vc_col-xs-9&#8243; el_class=&#8221;order-2 order-sm-1&#8243;][vc_column_text] BoD to approve unaudited Q1&hellip;<\/p>\n","protected":false},"author":4,"featured_media":0,"parent":645,"menu_order":0,"comment_status":"closed","ping_status":"closed","template":"page-farmaegroup.php","meta":{"_mi_skip_tracking":false},"yoast_head":"<!-- This site is optimized with the Yoast SEO plugin v20.7 - https:\/\/yoast.com\/wordpress\/plugins\/seo\/ -->\n<title>Financial calendar 2023 - Talea Group S.p.A<\/title>\n<meta name=\"robots\" content=\"index, follow, max-snippet:-1, max-image-preview:large, max-video-preview:-1\" \/>\n<link rel=\"canonical\" href=\"https:\/\/taleagroupspa.com\/en\/investor-relations\/financial-calendar-2022-2\/\" \/>\n<meta property=\"og:locale\" content=\"en_US\" \/>\n<meta property=\"og:type\" content=\"article\" \/>\n<meta property=\"og:title\" content=\"Financial calendar 2023 - Talea Group S.p.A\" \/>\n<meta property=\"og:description\" content=\"[vc_row][vc_column][vc_column_text][\/vc_column_text][\/vc_column][\/vc_row][vc_row][vc_column width=&#8221;3\/4&#8243; offset=&#8221;vc_col-xs-9&#8243; el_class=&#8221;order-2 order-sm-1&#8243;][vc_column_text] BoD to approve unaudited Q4 2022 Revenues and Key KPIs data [\/vc_column_text][\/vc_column][vc_column width=&#8221;1\/4&#8243; offset=&#8221;vc_col-xs-3&#8243; el_class=&#8221;c-807667 order-1 order-sm-2&#8243;][vc_column_text]14\/02\/2023[\/vc_column_text][\/vc_column][\/vc_row][vc_row][vc_column width=&#8221;3\/4&#8243; offset=&#8221;vc_col-xs-9&#8243; el_class=&#8221;order-2 order-sm-1&#8243;][vc_column_text] BoD to approve the draft Financial Statements and Consolidated Financial Statements as at 31\/12\/2022; [\/vc_column_text][\/vc_column][vc_column width=&#8221;1\/4&#8243; offset=&#8221;vc_col-xs-3&#8243; el_class=&#8221;c-807667 order-1 order-sm-2&#8243;][vc_column_text]28\/03\/2023[\/vc_column_text][\/vc_column][\/vc_row][vc_row][vc_column width=&#8221;3\/4&#8243; offset=&#8221;vc_col-xs-9&#8243; el_class=&#8221;order-2 order-sm-1&#8243;][vc_column_text] BoD to approve unaudited Q1&hellip;\" \/>\n<meta property=\"og:url\" content=\"https:\/\/taleagroupspa.com\/en\/investor-relations\/financial-calendar-2022-2\/\" \/>\n<meta property=\"og:site_name\" content=\"Talea Group S.p.A\" \/>\n<meta property=\"article:modified_time\" content=\"2023-06-13T07:11:26+00:00\" \/>\n<meta name=\"twitter:card\" content=\"summary_large_image\" \/>\n<meta name=\"twitter:label1\" content=\"Est. reading time\" \/>\n\t<meta name=\"twitter:data1\" content=\"1 minute\" \/>\n<script type=\"application\/ld+json\" class=\"yoast-schema-graph\">{\"@context\":\"https:\/\/schema.org\",\"@graph\":[{\"@type\":\"WebPage\",\"@id\":\"https:\/\/taleagroupspa.com\/en\/investor-relations\/financial-calendar-2022-2\/\",\"url\":\"https:\/\/taleagroupspa.com\/en\/investor-relations\/financial-calendar-2022-2\/\",\"name\":\"Financial calendar 2023 - Talea Group S.p.A\",\"isPartOf\":{\"@id\":\"https:\/\/taleagroupspa.com\/en\/#website\"},\"datePublished\":\"2023-06-13T07:10:39+00:00\",\"dateModified\":\"2023-06-13T07:11:26+00:00\",\"breadcrumb\":{\"@id\":\"https:\/\/taleagroupspa.com\/en\/investor-relations\/financial-calendar-2022-2\/#breadcrumb\"},\"inLanguage\":\"en-US\",\"potentialAction\":[{\"@type\":\"ReadAction\",\"target\":[\"https:\/\/taleagroupspa.com\/en\/investor-relations\/financial-calendar-2022-2\/\"]}]},{\"@type\":\"BreadcrumbList\",\"@id\":\"https:\/\/taleagroupspa.com\/en\/investor-relations\/financial-calendar-2022-2\/#breadcrumb\",\"itemListElement\":[{\"@type\":\"ListItem\",\"position\":1,\"name\":\"Home\",\"item\":\"https:\/\/taleagroupspa.com\/en\/\"},{\"@type\":\"ListItem\",\"position\":2,\"name\":\"Investor Relations\",\"item\":\"https:\/\/taleagroupspa.com\/en\/investor-relations\/\"},{\"@type\":\"ListItem\",\"position\":3,\"name\":\"Financial calendar 2023\"}]},{\"@type\":\"WebSite\",\"@id\":\"https:\/\/taleagroupspa.com\/en\/#website\",\"url\":\"https:\/\/taleagroupspa.com\/en\/\",\"name\":\"Talea Group S.p.A\",\"description\":\"Talea Group S.p.A, societ\u00e0 quotata sul mercato Euronext Growth Milan di Borsa Italiana nata dal rebranding di Farma\u00e8 S.p.A., \u00e8 tra i principali gruppi digitali in Europa nel macrosettore multicanale della Salute, Benessere e Bellezza e nei servizi media e di trasformazione digitale per le imprese.\u00a0\",\"publisher\":{\"@id\":\"https:\/\/taleagroupspa.com\/en\/#organization\"},\"potentialAction\":[{\"@type\":\"SearchAction\",\"target\":{\"@type\":\"EntryPoint\",\"urlTemplate\":\"https:\/\/taleagroupspa.com\/en\/?s={search_term_string}\"},\"query-input\":\"required name=search_term_string\"}],\"inLanguage\":\"en-US\"},{\"@type\":\"Organization\",\"@id\":\"https:\/\/taleagroupspa.com\/en\/#organization\",\"name\":\"Talea Group S.p.A\",\"url\":\"https:\/\/taleagroupspa.com\/en\/\",\"logo\":{\"@type\":\"ImageObject\",\"inLanguage\":\"en-US\",\"@id\":\"https:\/\/taleagroupspa.com\/en\/#\/schema\/logo\/image\/\",\"url\":\"https:\/\/taleagroupspa.com\/wp-content\/uploads\/2022\/09\/logo-dark.svg\",\"contentUrl\":\"https:\/\/taleagroupspa.com\/wp-content\/uploads\/2022\/09\/logo-dark.svg\",\"caption\":\"Talea Group S.p.A\"},\"image\":{\"@id\":\"https:\/\/taleagroupspa.com\/en\/#\/schema\/logo\/image\/\"}}]}<\/script>\n<!-- \/ Yoast SEO plugin. -->","yoast_head_json":{"title":"Financial calendar 2023 - Talea Group S.p.A","robots":{"index":"index","follow":"follow","max-snippet":"max-snippet:-1","max-image-preview":"max-image-preview:large","max-video-preview":"max-video-preview:-1"},"canonical":"https:\/\/taleagroupspa.com\/en\/investor-relations\/financial-calendar-2022-2\/","og_locale":"en_US","og_type":"article","og_title":"Financial calendar 2023 - Talea Group S.p.A","og_description":"[vc_row][vc_column][vc_column_text][\/vc_column_text][\/vc_column][\/vc_row][vc_row][vc_column width=&#8221;3\/4&#8243; offset=&#8221;vc_col-xs-9&#8243; el_class=&#8221;order-2 order-sm-1&#8243;][vc_column_text] BoD to approve unaudited Q4 2022 Revenues and Key KPIs data [\/vc_column_text][\/vc_column][vc_column width=&#8221;1\/4&#8243; offset=&#8221;vc_col-xs-3&#8243; el_class=&#8221;c-807667 order-1 order-sm-2&#8243;][vc_column_text]14\/02\/2023[\/vc_column_text][\/vc_column][\/vc_row][vc_row][vc_column width=&#8221;3\/4&#8243; offset=&#8221;vc_col-xs-9&#8243; el_class=&#8221;order-2 order-sm-1&#8243;][vc_column_text] BoD to approve the draft Financial Statements and Consolidated Financial Statements as at 31\/12\/2022; [\/vc_column_text][\/vc_column][vc_column width=&#8221;1\/4&#8243; offset=&#8221;vc_col-xs-3&#8243; el_class=&#8221;c-807667 order-1 order-sm-2&#8243;][vc_column_text]28\/03\/2023[\/vc_column_text][\/vc_column][\/vc_row][vc_row][vc_column width=&#8221;3\/4&#8243; offset=&#8221;vc_col-xs-9&#8243; el_class=&#8221;order-2 order-sm-1&#8243;][vc_column_text] BoD to approve unaudited Q1&hellip;","og_url":"https:\/\/taleagroupspa.com\/en\/investor-relations\/financial-calendar-2022-2\/","og_site_name":"Talea Group S.p.A","article_modified_time":"2023-06-13T07:11:26+00:00","twitter_card":"summary_large_image","twitter_misc":{"Est. reading time":"1 minute"},"schema":{"@context":"https:\/\/schema.org","@graph":[{"@type":"WebPage","@id":"https:\/\/taleagroupspa.com\/en\/investor-relations\/financial-calendar-2022-2\/","url":"https:\/\/taleagroupspa.com\/en\/investor-relations\/financial-calendar-2022-2\/","name":"Financial calendar 2023 - Talea Group S.p.A","isPartOf":{"@id":"https:\/\/taleagroupspa.com\/en\/#website"},"datePublished":"2023-06-13T07:10:39+00:00","dateModified":"2023-06-13T07:11:26+00:00","breadcrumb":{"@id":"https:\/\/taleagroupspa.com\/en\/investor-relations\/financial-calendar-2022-2\/#breadcrumb"},"inLanguage":"en-US","potentialAction":[{"@type":"ReadAction","target":["https:\/\/taleagroupspa.com\/en\/investor-relations\/financial-calendar-2022-2\/"]}]},{"@type":"BreadcrumbList","@id":"https:\/\/taleagroupspa.com\/en\/investor-relations\/financial-calendar-2022-2\/#breadcrumb","itemListElement":[{"@type":"ListItem","position":1,"name":"Home","item":"https:\/\/taleagroupspa.com\/en\/"},{"@type":"ListItem","position":2,"name":"Investor Relations","item":"https:\/\/taleagroupspa.com\/en\/investor-relations\/"},{"@type":"ListItem","position":3,"name":"Financial calendar 2023"}]},{"@type":"WebSite","@id":"https:\/\/taleagroupspa.com\/en\/#website","url":"https:\/\/taleagroupspa.com\/en\/","name":"Talea Group S.p.A","description":"Talea Group S.p.A, societ\u00e0 quotata sul mercato Euronext Growth Milan di Borsa Italiana nata dal rebranding di Farma\u00e8 S.p.A., \u00e8 tra i principali gruppi digitali in Europa nel macrosettore multicanale della Salute, Benessere e Bellezza e nei servizi media e di trasformazione digitale per le imprese.\u00a0","publisher":{"@id":"https:\/\/taleagroupspa.com\/en\/#organization"},"potentialAction":[{"@type":"SearchAction","target":{"@type":"EntryPoint","urlTemplate":"https:\/\/taleagroupspa.com\/en\/?s={search_term_string}"},"query-input":"required name=search_term_string"}],"inLanguage":"en-US"},{"@type":"Organization","@id":"https:\/\/taleagroupspa.com\/en\/#organization","name":"Talea Group S.p.A","url":"https:\/\/taleagroupspa.com\/en\/","logo":{"@type":"ImageObject","inLanguage":"en-US","@id":"https:\/\/taleagroupspa.com\/en\/#\/schema\/logo\/image\/","url":"https:\/\/taleagroupspa.com\/wp-content\/uploads\/2022\/09\/logo-dark.svg","contentUrl":"https:\/\/taleagroupspa.com\/wp-content\/uploads\/2022\/09\/logo-dark.svg","caption":"Talea Group S.p.A"},"image":{"@id":"https:\/\/taleagroupspa.com\/en\/#\/schema\/logo\/image\/"}}]}},"_links":{"self":[{"href":"https:\/\/taleagroupspa.com\/en\/wp-json\/wp\/v2\/pages\/12158"}],"collection":[{"href":"https:\/\/taleagroupspa.com\/en\/wp-json\/wp\/v2\/pages"}],"about":[{"href":"https:\/\/taleagroupspa.com\/en\/wp-json\/wp\/v2\/types\/page"}],"author":[{"embeddable":true,"href":"https:\/\/taleagroupspa.com\/en\/wp-json\/wp\/v2\/users\/4"}],"replies":[{"embeddable":true,"href":"https:\/\/taleagroupspa.com\/en\/wp-json\/wp\/v2\/comments?post=12158"}],"version-history":[{"count":2,"href":"https:\/\/taleagroupspa.com\/en\/wp-json\/wp\/v2\/pages\/12158\/revisions"}],"predecessor-version":[{"id":12160,"href":"https:\/\/taleagroupspa.com\/en\/wp-json\/wp\/v2\/pages\/12158\/revisions\/12160"}],"up":[{"embeddable":true,"href":"https:\/\/taleagroupspa.com\/en\/wp-json\/wp\/v2\/pages\/645"}],"wp:attachment":[{"href":"https:\/\/taleagroupspa.com\/en\/wp-json\/wp\/v2\/media?parent=12158"}],"curies":[{"name":"wp","href":"https:\/\/api.w.org\/{rel}","templated":true}]}}