{"id":12631,"date":"2024-11-06T18:23:34","date_gmt":"2024-11-06T17:23:34","guid":{"rendered":"https:\/\/taleagroupspa.com\/?page_id=12631"},"modified":"2024-11-11T17:51:56","modified_gmt":"2024-11-11T16:51:56","slug":"news-2024","status":"publish","type":"page","link":"https:\/\/taleagroupspa.com\/en\/media-relations\/news-2024\/","title":{"rendered":"NEWS 2024"},"content":{"rendered":"<section class=\"wpb-content-wrapper\"><p>[vc_row][vc_column][vc_column_text]<div class=\"update-time\">Last update: 8 November 2024<\/div>[\/vc_column_text][\/vc_column][\/vc_row][vc_section el_class=&#8221;news-2022&#8243;][vc_row equal_height=&#8221;yes&#8221; content_placement=&#8221;middle&#8221;][vc_column width=&#8221;2\/3&#8243; offset=&#8221;vc_col-lg-8 vc_col-md-8&#8243; el_class=&#8221;title_governance&#8221;][vc_column_text el_class=&#8221;c-807667&#8243;]Talea Group: 2023 Sustainability Report Approved[\/vc_column_text][\/vc_column][vc_column width=&#8221;1\/3&#8243;][vc_column_text el_class=&#8221;title_governance c-807667&#8243;]<\/p>\n<p style=\"text-align: right;\">06\/11\/2024<\/p>\n<p>[\/vc_column_text][\/vc_column][vc_column width=&#8221;1\/2&#8243;][vc_column_text el_class=&#8221;cta-overpass&#8221;]<a href=\"https:\/\/taleagroupspa.com\/en\/talea-group-2023-sustainability-report-appoved\/\">leggi tutto<\/a>[\/vc_column_text][\/vc_column][vc_column width=&#8221;1\/2&#8243;][vc_column_text]<\/p>\n<div class=\"d-flex align-items-center justify-content-start justify-content-sm-end\"><a href=\"https:\/\/taleagroupspa.com\/wp-content\/uploads\/2024\/02\/Talea-Group_CS_NominaGaiaFranceschiniBeghini.pdf\" target=\"_blank\" rel=\"noopener\"><img decoding=\"async\" loading=\"lazy\" class=\"alignnone size-full wp-image-10092 m-0 me-2\" src=\"https:\/\/taleagroupspa.com\/wp-content\/uploads\/2023\/01\/icon_Download_Gold.png\" alt=\"\" width=\"28\" height=\"23\" \/><\/a><a href=\"https:\/\/taleagroupspa.com\/wp-content\/uploads\/2024\/11\/Talea-Group_CS_bil-sostenibilita-Def-1.pdf\">Scarica il documento<\/a><\/div>\n<p>[\/vc_column_text][\/vc_column][\/vc_row][vc_row equal_height=&#8221;yes&#8221; content_placement=&#8221;middle&#8221;][vc_column width=&#8221;2\/3&#8243; offset=&#8221;vc_col-lg-8 vc_col-md-8&#8243; el_class=&#8221;title_governance&#8221;][vc_column_text el_class=&#8221;c-807667&#8243;]Talea Group: Gaia Franceschini Beghini new Marketing and Commercial Director[\/vc_column_text][\/vc_column][vc_column width=&#8221;1\/3&#8243;][vc_column_text el_class=&#8221;title_governance c-807667&#8243;]<\/p>\n<p style=\"text-align: right;\">31\/01\/2024<\/p>\n<p>[\/vc_column_text][\/vc_column][vc_column width=&#8221;1\/2&#8243;][vc_column_text el_class=&#8221;cta-overpass&#8221;]<a href=\"https:\/\/taleagroupspa.com\/en\/talea-group-gaia-franceschini-beghini-new-marketing-and-commercial-director\/\">leggi tutto<\/a>[\/vc_column_text][\/vc_column][vc_column width=&#8221;1\/2&#8243;][vc_column_text]<\/p>\n<div class=\"d-flex align-items-center justify-content-start justify-content-sm-end\"><a href=\"https:\/\/taleagroupspa.com\/wp-content\/uploads\/2024\/02\/Talea-Group_CS_NominaGaiaFranceschiniBeghini.pdf\" target=\"_blank\" rel=\"noopener\"><img decoding=\"async\" loading=\"lazy\" class=\"alignnone size-full wp-image-10092 m-0 me-2\" src=\"https:\/\/taleagroupspa.com\/wp-content\/uploads\/2023\/01\/icon_Download_Gold.png\" alt=\"\" width=\"28\" height=\"23\" \/>scarica il documento<\/a><\/div>\n<p>[\/vc_column_text][\/vc_column][\/vc_row][\/vc_section]<\/p>\n<\/section>","protected":false},"excerpt":{"rendered":"<p>[vc_row][vc_column][vc_column_text][\/vc_column_text][\/vc_column][\/vc_row][vc_section el_class=&#8221;news-2022&#8243;][vc_row equal_height=&#8221;yes&#8221; content_placement=&#8221;middle&#8221;][vc_column width=&#8221;2\/3&#8243; offset=&#8221;vc_col-lg-8 vc_col-md-8&#8243; el_class=&#8221;title_governance&#8221;][vc_column_text el_class=&#8221;c-807667&#8243;]Talea Group: 2023 Sustainability Report Approved[\/vc_column_text][\/vc_column][vc_column width=&#8221;1\/3&#8243;][vc_column_text el_class=&#8221;title_governance c-807667&#8243;] 06\/11\/2024 [\/vc_column_text][\/vc_column][vc_column width=&#8221;1\/2&#8243;][vc_column_text el_class=&#8221;cta-overpass&#8221;]leggi tutto[\/vc_column_text][\/vc_column][vc_column width=&#8221;1\/2&#8243;][vc_column_text] Scarica il documento [\/vc_column_text][\/vc_column][\/vc_row][vc_row equal_height=&#8221;yes&#8221; content_placement=&#8221;middle&#8221;][vc_column width=&#8221;2\/3&#8243; offset=&#8221;vc_col-lg-8 vc_col-md-8&#8243; el_class=&#8221;title_governance&#8221;][vc_column_text el_class=&#8221;c-807667&#8243;]Talea Group: Gaia Franceschini Beghini new Marketing and Commercial Director[\/vc_column_text][\/vc_column][vc_column width=&#8221;1\/3&#8243;][vc_column_text el_class=&#8221;title_governance c-807667&#8243;] 31\/01\/2024 [\/vc_column_text][\/vc_column][vc_column width=&#8221;1\/2&#8243;][vc_column_text el_class=&#8221;cta-overpass&#8221;]leggi tutto[\/vc_column_text][\/vc_column][vc_column width=&#8221;1\/2&#8243;][vc_column_text] scarica il documento&hellip;<\/p>\n","protected":false},"author":4,"featured_media":0,"parent":733,"menu_order":0,"comment_status":"closed","ping_status":"closed","template":"page-farmaegroup.php","meta":{"_mi_skip_tracking":false},"yoast_head":"<!-- This site is optimized with the Yoast SEO plugin v20.7 - https:\/\/yoast.com\/wordpress\/plugins\/seo\/ -->\n<title>NEWS 2024 - Talea Group S.p.A<\/title>\n<meta name=\"robots\" content=\"index, follow, max-snippet:-1, max-image-preview:large, max-video-preview:-1\" \/>\n<link rel=\"canonical\" href=\"https:\/\/taleagroupspa.com\/en\/media-relations\/news-2024\/\" \/>\n<meta property=\"og:locale\" content=\"en_US\" \/>\n<meta property=\"og:type\" content=\"article\" \/>\n<meta property=\"og:title\" content=\"NEWS 2024 - Talea Group S.p.A\" \/>\n<meta property=\"og:description\" content=\"[vc_row][vc_column][vc_column_text][\/vc_column_text][\/vc_column][\/vc_row][vc_section el_class=&#8221;news-2022&#8243;][vc_row equal_height=&#8221;yes&#8221; content_placement=&#8221;middle&#8221;][vc_column width=&#8221;2\/3&#8243; offset=&#8221;vc_col-lg-8 vc_col-md-8&#8243; el_class=&#8221;title_governance&#8221;][vc_column_text el_class=&#8221;c-807667&#8243;]Talea Group: 2023 Sustainability Report Approved[\/vc_column_text][\/vc_column][vc_column width=&#8221;1\/3&#8243;][vc_column_text el_class=&#8221;title_governance c-807667&#8243;] 06\/11\/2024 [\/vc_column_text][\/vc_column][vc_column width=&#8221;1\/2&#8243;][vc_column_text el_class=&#8221;cta-overpass&#8221;]leggi tutto[\/vc_column_text][\/vc_column][vc_column width=&#8221;1\/2&#8243;][vc_column_text] Scarica il documento [\/vc_column_text][\/vc_column][\/vc_row][vc_row equal_height=&#8221;yes&#8221; content_placement=&#8221;middle&#8221;][vc_column width=&#8221;2\/3&#8243; offset=&#8221;vc_col-lg-8 vc_col-md-8&#8243; el_class=&#8221;title_governance&#8221;][vc_column_text el_class=&#8221;c-807667&#8243;]Talea Group: Gaia Franceschini Beghini new Marketing and Commercial Director[\/vc_column_text][\/vc_column][vc_column width=&#8221;1\/3&#8243;][vc_column_text el_class=&#8221;title_governance c-807667&#8243;] 31\/01\/2024 [\/vc_column_text][\/vc_column][vc_column width=&#8221;1\/2&#8243;][vc_column_text el_class=&#8221;cta-overpass&#8221;]leggi tutto[\/vc_column_text][\/vc_column][vc_column width=&#8221;1\/2&#8243;][vc_column_text] scarica il documento&hellip;\" \/>\n<meta property=\"og:url\" content=\"https:\/\/taleagroupspa.com\/en\/media-relations\/news-2024\/\" \/>\n<meta property=\"og:site_name\" content=\"Talea Group S.p.A\" \/>\n<meta property=\"article:modified_time\" content=\"2024-11-11T16:51:56+00:00\" \/>\n<meta property=\"og:image\" content=\"https:\/\/taleagroupspa.com\/wp-content\/uploads\/2023\/01\/icon_Download_Gold.png\" \/>\n<meta name=\"twitter:card\" content=\"summary_large_image\" \/>\n<meta name=\"twitter:label1\" content=\"Est. reading time\" \/>\n\t<meta name=\"twitter:data1\" content=\"1 minute\" \/>\n<script type=\"application\/ld+json\" class=\"yoast-schema-graph\">{\"@context\":\"https:\/\/schema.org\",\"@graph\":[{\"@type\":\"WebPage\",\"@id\":\"https:\/\/taleagroupspa.com\/en\/media-relations\/news-2024\/\",\"url\":\"https:\/\/taleagroupspa.com\/en\/media-relations\/news-2024\/\",\"name\":\"NEWS 2024 - Talea Group S.p.A\",\"isPartOf\":{\"@id\":\"https:\/\/taleagroupspa.com\/en\/#website\"},\"datePublished\":\"2024-11-06T17:23:34+00:00\",\"dateModified\":\"2024-11-11T16:51:56+00:00\",\"breadcrumb\":{\"@id\":\"https:\/\/taleagroupspa.com\/en\/media-relations\/news-2024\/#breadcrumb\"},\"inLanguage\":\"en-US\",\"potentialAction\":[{\"@type\":\"ReadAction\",\"target\":[\"https:\/\/taleagroupspa.com\/en\/media-relations\/news-2024\/\"]}]},{\"@type\":\"BreadcrumbList\",\"@id\":\"https:\/\/taleagroupspa.com\/en\/media-relations\/news-2024\/#breadcrumb\",\"itemListElement\":[{\"@type\":\"ListItem\",\"position\":1,\"name\":\"Home\",\"item\":\"https:\/\/taleagroupspa.com\/en\/\"},{\"@type\":\"ListItem\",\"position\":2,\"name\":\"Media Relations\",\"item\":\"https:\/\/taleagroupspa.com\/en\/media-relations\/\"},{\"@type\":\"ListItem\",\"position\":3,\"name\":\"NEWS 2024\"}]},{\"@type\":\"WebSite\",\"@id\":\"https:\/\/taleagroupspa.com\/en\/#website\",\"url\":\"https:\/\/taleagroupspa.com\/en\/\",\"name\":\"Talea Group S.p.A\",\"description\":\"Talea Group S.p.A, societ\u00e0 quotata sul mercato Euronext Growth Milan di Borsa Italiana nata dal rebranding di Farma\u00e8 S.p.A., \u00e8 tra i principali gruppi digitali in Europa nel macrosettore multicanale della Salute, Benessere e Bellezza e nei servizi media e di trasformazione digitale per le imprese.\u00a0\",\"publisher\":{\"@id\":\"https:\/\/taleagroupspa.com\/en\/#organization\"},\"potentialAction\":[{\"@type\":\"SearchAction\",\"target\":{\"@type\":\"EntryPoint\",\"urlTemplate\":\"https:\/\/taleagroupspa.com\/en\/?s={search_term_string}\"},\"query-input\":\"required name=search_term_string\"}],\"inLanguage\":\"en-US\"},{\"@type\":\"Organization\",\"@id\":\"https:\/\/taleagroupspa.com\/en\/#organization\",\"name\":\"Talea Group S.p.A\",\"url\":\"https:\/\/taleagroupspa.com\/en\/\",\"logo\":{\"@type\":\"ImageObject\",\"inLanguage\":\"en-US\",\"@id\":\"https:\/\/taleagroupspa.com\/en\/#\/schema\/logo\/image\/\",\"url\":\"https:\/\/taleagroupspa.com\/wp-content\/uploads\/2022\/09\/logo-dark.svg\",\"contentUrl\":\"https:\/\/taleagroupspa.com\/wp-content\/uploads\/2022\/09\/logo-dark.svg\",\"caption\":\"Talea Group S.p.A\"},\"image\":{\"@id\":\"https:\/\/taleagroupspa.com\/en\/#\/schema\/logo\/image\/\"}}]}<\/script>\n<!-- \/ Yoast SEO plugin. -->","yoast_head_json":{"title":"NEWS 2024 - Talea Group S.p.A","robots":{"index":"index","follow":"follow","max-snippet":"max-snippet:-1","max-image-preview":"max-image-preview:large","max-video-preview":"max-video-preview:-1"},"canonical":"https:\/\/taleagroupspa.com\/en\/media-relations\/news-2024\/","og_locale":"en_US","og_type":"article","og_title":"NEWS 2024 - Talea Group S.p.A","og_description":"[vc_row][vc_column][vc_column_text][\/vc_column_text][\/vc_column][\/vc_row][vc_section el_class=&#8221;news-2022&#8243;][vc_row equal_height=&#8221;yes&#8221; content_placement=&#8221;middle&#8221;][vc_column width=&#8221;2\/3&#8243; offset=&#8221;vc_col-lg-8 vc_col-md-8&#8243; el_class=&#8221;title_governance&#8221;][vc_column_text el_class=&#8221;c-807667&#8243;]Talea Group: 2023 Sustainability Report Approved[\/vc_column_text][\/vc_column][vc_column width=&#8221;1\/3&#8243;][vc_column_text el_class=&#8221;title_governance c-807667&#8243;] 06\/11\/2024 [\/vc_column_text][\/vc_column][vc_column width=&#8221;1\/2&#8243;][vc_column_text el_class=&#8221;cta-overpass&#8221;]leggi tutto[\/vc_column_text][\/vc_column][vc_column width=&#8221;1\/2&#8243;][vc_column_text] Scarica il documento [\/vc_column_text][\/vc_column][\/vc_row][vc_row equal_height=&#8221;yes&#8221; content_placement=&#8221;middle&#8221;][vc_column width=&#8221;2\/3&#8243; offset=&#8221;vc_col-lg-8 vc_col-md-8&#8243; el_class=&#8221;title_governance&#8221;][vc_column_text el_class=&#8221;c-807667&#8243;]Talea Group: Gaia Franceschini Beghini new Marketing and Commercial Director[\/vc_column_text][\/vc_column][vc_column width=&#8221;1\/3&#8243;][vc_column_text el_class=&#8221;title_governance c-807667&#8243;] 31\/01\/2024 [\/vc_column_text][\/vc_column][vc_column width=&#8221;1\/2&#8243;][vc_column_text el_class=&#8221;cta-overpass&#8221;]leggi tutto[\/vc_column_text][\/vc_column][vc_column width=&#8221;1\/2&#8243;][vc_column_text] scarica il documento&hellip;","og_url":"https:\/\/taleagroupspa.com\/en\/media-relations\/news-2024\/","og_site_name":"Talea Group S.p.A","article_modified_time":"2024-11-11T16:51:56+00:00","og_image":[{"url":"https:\/\/taleagroupspa.com\/wp-content\/uploads\/2023\/01\/icon_Download_Gold.png"}],"twitter_card":"summary_large_image","twitter_misc":{"Est. reading time":"1 minute"},"schema":{"@context":"https:\/\/schema.org","@graph":[{"@type":"WebPage","@id":"https:\/\/taleagroupspa.com\/en\/media-relations\/news-2024\/","url":"https:\/\/taleagroupspa.com\/en\/media-relations\/news-2024\/","name":"NEWS 2024 - Talea Group S.p.A","isPartOf":{"@id":"https:\/\/taleagroupspa.com\/en\/#website"},"datePublished":"2024-11-06T17:23:34+00:00","dateModified":"2024-11-11T16:51:56+00:00","breadcrumb":{"@id":"https:\/\/taleagroupspa.com\/en\/media-relations\/news-2024\/#breadcrumb"},"inLanguage":"en-US","potentialAction":[{"@type":"ReadAction","target":["https:\/\/taleagroupspa.com\/en\/media-relations\/news-2024\/"]}]},{"@type":"BreadcrumbList","@id":"https:\/\/taleagroupspa.com\/en\/media-relations\/news-2024\/#breadcrumb","itemListElement":[{"@type":"ListItem","position":1,"name":"Home","item":"https:\/\/taleagroupspa.com\/en\/"},{"@type":"ListItem","position":2,"name":"Media Relations","item":"https:\/\/taleagroupspa.com\/en\/media-relations\/"},{"@type":"ListItem","position":3,"name":"NEWS 2024"}]},{"@type":"WebSite","@id":"https:\/\/taleagroupspa.com\/en\/#website","url":"https:\/\/taleagroupspa.com\/en\/","name":"Talea Group S.p.A","description":"Talea Group S.p.A, societ\u00e0 quotata sul mercato Euronext Growth Milan di Borsa Italiana nata dal rebranding di Farma\u00e8 S.p.A., \u00e8 tra i principali gruppi digitali in Europa nel macrosettore multicanale della Salute, Benessere e Bellezza e nei servizi media e di trasformazione digitale per le imprese.\u00a0","publisher":{"@id":"https:\/\/taleagroupspa.com\/en\/#organization"},"potentialAction":[{"@type":"SearchAction","target":{"@type":"EntryPoint","urlTemplate":"https:\/\/taleagroupspa.com\/en\/?s={search_term_string}"},"query-input":"required name=search_term_string"}],"inLanguage":"en-US"},{"@type":"Organization","@id":"https:\/\/taleagroupspa.com\/en\/#organization","name":"Talea Group S.p.A","url":"https:\/\/taleagroupspa.com\/en\/","logo":{"@type":"ImageObject","inLanguage":"en-US","@id":"https:\/\/taleagroupspa.com\/en\/#\/schema\/logo\/image\/","url":"https:\/\/taleagroupspa.com\/wp-content\/uploads\/2022\/09\/logo-dark.svg","contentUrl":"https:\/\/taleagroupspa.com\/wp-content\/uploads\/2022\/09\/logo-dark.svg","caption":"Talea Group S.p.A"},"image":{"@id":"https:\/\/taleagroupspa.com\/en\/#\/schema\/logo\/image\/"}}]}},"_links":{"self":[{"href":"https:\/\/taleagroupspa.com\/en\/wp-json\/wp\/v2\/pages\/12631"}],"collection":[{"href":"https:\/\/taleagroupspa.com\/en\/wp-json\/wp\/v2\/pages"}],"about":[{"href":"https:\/\/taleagroupspa.com\/en\/wp-json\/wp\/v2\/types\/page"}],"author":[{"embeddable":true,"href":"https:\/\/taleagroupspa.com\/en\/wp-json\/wp\/v2\/users\/4"}],"replies":[{"embeddable":true,"href":"https:\/\/taleagroupspa.com\/en\/wp-json\/wp\/v2\/comments?post=12631"}],"version-history":[{"count":6,"href":"https:\/\/taleagroupspa.com\/en\/wp-json\/wp\/v2\/pages\/12631\/revisions"}],"predecessor-version":[{"id":12636,"href":"https:\/\/taleagroupspa.com\/en\/wp-json\/wp\/v2\/pages\/12631\/revisions\/12636"}],"up":[{"embeddable":true,"href":"https:\/\/taleagroupspa.com\/en\/wp-json\/wp\/v2\/pages\/733"}],"wp:attachment":[{"href":"https:\/\/taleagroupspa.com\/en\/wp-json\/wp\/v2\/media?parent=12631"}],"curies":[{"name":"wp","href":"https:\/\/api.w.org\/{rel}","templated":true}]}}