{"id":13177,"date":"2024-11-21T09:51:05","date_gmt":"2024-11-21T08:51:05","guid":{"rendered":"https:\/\/taleagroupspa.com\/?page_id=13177"},"modified":"2024-12-19T09:09:35","modified_gmt":"2024-12-19T08:09:35","slug":"capital-increase","status":"publish","type":"page","link":"https:\/\/taleagroupspa.com\/en\/investor-relations\/capital-increase\/","title":{"rendered":"Capital Increase (Available only in Italian)"},"content":{"rendered":"<section class=\"wpb-content-wrapper\"><p>[vc_row][vc_column][vc_column_text]<div class=\"update-time\">Last update: 30 March 2026<\/div>[\/vc_column_text][\/vc_column][\/vc_row][vc_row equal_height=&#8221;yes&#8221; content_placement=&#8221;middle&#8221;][vc_column width=&#8221;7\/12&#8243; offset=&#8221;vc_col-lg-7 vc_col-md-7 vc_col-xs-7&#8243;][vc_column_text el_class=&#8221;title_governance&#8221;]<\/p>\n<p style=\"font-weight: 400;\">\u00a0TALEA GROUP S.P.A.: CONCLUSO L\u2019AUMENTO DI CAPITALE IN OPZIONE<\/p>\n<p>[\/vc_column_text][\/vc_column][vc_column width=&#8221;1\/12&#8243; offset=&#8221;vc_col-lg-1 vc_col-md-1 vc_col-xs-1&#8243;][vc_single_image image=&#8221;636&#8243; img_size=&#8221;full&#8221; onclick=&#8221;custom_link&#8221; img_link_target=&#8221;_blank&#8221; link=&#8221;https:\/\/taleagroupspa.com\/wp-content\/uploads\/2024\/12\/TaleaGroup_CS_Risultati-definitivi-AUCAP-def.pdf&#8221;][\/vc_column][\/vc_row][vc_row equal_height=&#8221;yes&#8221; content_placement=&#8221;middle&#8221;][vc_column width=&#8221;7\/12&#8243; offset=&#8221;vc_col-lg-7 vc_col-md-7 vc_col-xs-7&#8243;][vc_column_text el_class=&#8221;title_governance&#8221;]<\/p>\n<p style=\"font-weight: 400;\">\u00a0TALEA GROUP S.P.A.: CONCLUSA L\u2019OFFERTA IN BORSA DEI DIRITTI INOPTATI<\/p>\n<p>[\/vc_column_text][\/vc_column][vc_column width=&#8221;1\/12&#8243; offset=&#8221;vc_col-lg-1 vc_col-md-1 vc_col-xs-1&#8243;][vc_single_image image=&#8221;636&#8243; img_size=&#8221;full&#8221; onclick=&#8221;custom_link&#8221; img_link_target=&#8221;_blank&#8221; link=&#8221;https:\/\/taleagroupspa.com\/wp-content\/uploads\/2024\/12\/TaleaGroup_CS_Risultati-Asta-Inoptati-def.pdf&#8221;][\/vc_column][\/vc_row][vc_row equal_height=&#8221;yes&#8221; content_placement=&#8221;middle&#8221;][vc_column width=&#8221;7\/12&#8243; offset=&#8221;vc_col-lg-7 vc_col-md-7 vc_col-xs-7&#8243;][vc_column_text el_class=&#8221;title_governance&#8221;]KID Diritti Inoptati[\/vc_column_text][\/vc_column][vc_column width=&#8221;1\/12&#8243; offset=&#8221;vc_col-lg-1 vc_col-md-1 vc_col-xs-1&#8243;][vc_single_image image=&#8221;636&#8243; img_size=&#8221;full&#8221; onclick=&#8221;custom_link&#8221; img_link_target=&#8221;_blank&#8221; link=&#8221;https:\/\/taleagroupspa.com\/wp-content\/uploads\/2024\/12\/20241213_IT0005623449_TALEAGROUPSPA.pdf&#8221;][\/vc_column][\/vc_row][vc_row equal_height=&#8221;yes&#8221; content_placement=&#8221;middle&#8221;][vc_column width=&#8221;7\/12&#8243; offset=&#8221;vc_col-lg-7 vc_col-md-7 vc_col-xs-7&#8243;][vc_column_text el_class=&#8221;title_governance&#8221;]TALEA GROUP S.P.A.: NOTIFICATA A CONSOB LA PUBBLICAZIONE DEL KID RELATIVO AI DIRITTI INOPTATI &#8211; CODICE ISIN IT0005623449[\/vc_column_text][\/vc_column][vc_column width=&#8221;1\/12&#8243; offset=&#8221;vc_col-lg-1 vc_col-md-1 vc_col-xs-1&#8243;][vc_single_image image=&#8221;636&#8243; img_size=&#8221;full&#8221; onclick=&#8221;custom_link&#8221; img_link_target=&#8221;_blank&#8221; link=&#8221;https:\/\/taleagroupspa.com\/wp-content\/uploads\/2024\/12\/TaleaGroup_CS_KID-Inoptati-def.pdf&#8221;][\/vc_column][\/vc_row][vc_row equal_height=&#8221;yes&#8221; content_placement=&#8221;middle&#8221;][vc_column width=&#8221;7\/12&#8243; offset=&#8221;vc_col-lg-7 vc_col-md-7 vc_col-xs-7&#8243;][vc_column_text el_class=&#8221;title_governance&#8221;]<\/p>\n<p style=\"font-weight: 400;\">TALEA GROUP: CONCLUSO CON SUCCESSO IL PERIODO DI OFFERTA IN OPZIONE DELL\u2019AUMENTO DI CAPITALE<\/p>\n<p>[\/vc_column_text][\/vc_column][vc_column width=&#8221;1\/12&#8243; offset=&#8221;vc_col-lg-1 vc_col-md-1 vc_col-xs-1&#8243;][vc_single_image image=&#8221;636&#8243; img_size=&#8221;full&#8221; onclick=&#8221;custom_link&#8221; img_link_target=&#8221;_blank&#8221; link=&#8221;https:\/\/taleagroupspa.com\/wp-content\/uploads\/2024\/12\/TaleaGroup_CS_Conclusione-periodo-di-offerta-def.pdf&#8221;][\/vc_column][\/vc_row][vc_row equal_height=&#8221;yes&#8221; content_placement=&#8221;middle&#8221;][vc_column width=&#8221;7\/12&#8243; offset=&#8221;vc_col-lg-7 vc_col-md-7 vc_col-xs-7&#8243;][vc_column_text el_class=&#8221;title_governance&#8221;]KID Diritti di Opzione[\/vc_column_text][\/vc_column][vc_column width=&#8221;1\/12&#8243; offset=&#8221;vc_col-lg-1 vc_col-md-1 vc_col-xs-1&#8243;][vc_single_image image=&#8221;636&#8243; img_size=&#8221;full&#8221; onclick=&#8221;custom_link&#8221; img_link_target=&#8221;_blank&#8221; link=&#8221;https:\/\/taleagroupspa.com\/wp-content\/uploads\/2024\/11\/20241125_IT0005623431_TALEAGROUPSPA.pdf&#8221;][\/vc_column][\/vc_row][vc_row equal_height=&#8221;yes&#8221; content_placement=&#8221;middle&#8221;][vc_column width=&#8221;7\/12&#8243; offset=&#8221;vc_col-lg-7 vc_col-md-7 vc_col-xs-7&#8243;][vc_column_text el_class=&#8221;title_governance&#8221;]<\/p>\n<p style=\"font-weight: 400;\">TALEA GROUP S.P.A.: NOTIFICATA A CONSOB LA PUBBLICAZIONE DEL KID RELATIVO AI DIRITTI DI OPZIONE<\/p>\n<p>[\/vc_column_text][\/vc_column][vc_column width=&#8221;1\/12&#8243; offset=&#8221;vc_col-lg-1 vc_col-md-1 vc_col-xs-1&#8243;][vc_single_image image=&#8221;636&#8243; img_size=&#8221;full&#8221; onclick=&#8221;custom_link&#8221; img_link_target=&#8221;_blank&#8221; link=&#8221;https:\/\/taleagroupspa.com\/wp-content\/uploads\/2024\/11\/TaleaGroup_CS_Messa-a-disposizione-KID_def.pdf&#8221;][\/vc_column][\/vc_row][vc_row equal_height=&#8221;yes&#8221; content_placement=&#8221;middle&#8221;][vc_column width=&#8221;7\/12&#8243; offset=&#8221;vc_col-lg-7 vc_col-md-7 vc_col-xs-7&#8243;][vc_column_text el_class=&#8221;title_governance&#8221;]MODULO DI ADESIONE[\/vc_column_text][\/vc_column][vc_column width=&#8221;1\/12&#8243; offset=&#8221;vc_col-lg-1 vc_col-md-1 vc_col-xs-1&#8243;][vc_single_image image=&#8221;636&#8243; img_size=&#8221;full&#8221; onclick=&#8221;custom_link&#8221; img_link_target=&#8221;_blank&#8221; link=&#8221;https:\/\/taleagroupspa.com\/wp-content\/uploads\/2024\/11\/Talea-Group-S.p.A._Modulo-adesione-Aucap_DEF.pdf&#8221;][\/vc_column][\/vc_row][vc_row equal_height=&#8221;yes&#8221; content_placement=&#8221;middle&#8221;][vc_column width=&#8221;7\/12&#8243; offset=&#8221;vc_col-lg-7 vc_col-md-7 vc_col-xs-7&#8243;][vc_column_text el_class=&#8221;title_governance&#8221;]DEPOSITO DELL\u2019AVVISO DI OFFERTA IN OPZIONE[\/vc_column_text][\/vc_column][vc_column width=&#8221;1\/12&#8243; offset=&#8221;vc_col-lg-1 vc_col-md-1 vc_col-xs-1&#8243;][vc_single_image image=&#8221;636&#8243; img_size=&#8221;full&#8221; onclick=&#8221;custom_link&#8221; img_link_target=&#8221;_blank&#8221; link=&#8221;https:\/\/taleagroupspa.com\/wp-content\/uploads\/2024\/11\/TaleaGroup_CS_Deposito-Avviso-di-Offerta_def.pdf&#8221;][\/vc_column][\/vc_row][vc_row equal_height=&#8221;yes&#8221; content_placement=&#8221;middle&#8221;][vc_column width=&#8221;7\/12&#8243; offset=&#8221;vc_col-lg-7 vc_col-md-7 vc_col-xs-7&#8243;][vc_column_text el_class=&#8221;title_governance&#8221;]TALEA GROUP: VERBALE ASSEMBLEA ORDINARIA E STRAORDINARIA[\/vc_column_text][\/vc_column][vc_column width=&#8221;1\/12&#8243; offset=&#8221;vc_col-lg-1 vc_col-md-1 vc_col-xs-1&#8243;][vc_single_image image=&#8221;636&#8243; img_size=&#8221;full&#8221; onclick=&#8221;custom_link&#8221; img_link_target=&#8221;_blank&#8221; link=&#8221;https:\/\/taleagroupspa.com\/wp-content\/uploads\/2024\/11\/TaleaGroup_CS_Assemblea-Straordinaria_Integrazione.pdf&#8221;][\/vc_column][\/vc_row][vc_row equal_height=&#8221;yes&#8221; content_placement=&#8221;middle&#8221;][vc_column width=&#8221;7\/12&#8243; offset=&#8221;vc_col-lg-7 vc_col-md-7 vc_col-xs-7&#8243;][vc_column_text el_class=&#8221;title_governance&#8221;]VERBALE ASSEMBLEA ORDINARIA E STRAORDINARIA[\/vc_column_text][\/vc_column][vc_column width=&#8221;1\/12&#8243; offset=&#8221;vc_col-lg-1 vc_col-md-1 vc_col-xs-1&#8243;][vc_single_image image=&#8221;636&#8243; img_size=&#8221;full&#8221; onclick=&#8221;custom_link&#8221; img_link_target=&#8221;_blank&#8221; link=&#8221;https:\/\/taleagroupspa.com\/wp-content\/uploads\/2024\/11\/01_atto-cliente-signed-1.pdf&#8221;][\/vc_column][\/vc_row][vc_row equal_height=&#8221;yes&#8221; content_placement=&#8221;middle&#8221;][vc_column width=&#8221;7\/12&#8243; offset=&#8221;vc_col-lg-7 vc_col-md-7 vc_col-xs-7&#8243;][vc_column_text el_class=&#8221;title_governance&#8221;]TALEA GROUP: L\u2019ASSEMBLEA DEGLI AZIONISTI IN SEDUTA ORDINARIA E STRAORDINARIA SI RIUNISCE E APPROVA I PUNTI ALL\u2019ORDINE DEL GIORNO[\/vc_column_text][\/vc_column][vc_column width=&#8221;1\/12&#8243; offset=&#8221;vc_col-lg-1 vc_col-md-1 vc_col-xs-1&#8243;][vc_single_image image=&#8221;636&#8243; img_size=&#8221;full&#8221; onclick=&#8221;custom_link&#8221; img_link_target=&#8221;_blank&#8221; link=&#8221;https:\/\/taleagroupspa.com\/wp-content\/uploads\/2024\/11\/TaleaGroup_CS_Assemblea_def.pdf&#8221;][\/vc_column][\/vc_row][vc_column width=&#8221;7\/12&#8243; offset=&#8221;vc_col-lg-7 vc_col-md-7 vc_col-xs-7&#8243;][\/vc_column]<\/p>\n<\/section>","protected":false},"excerpt":{"rendered":"<p>[vc_row][vc_column][vc_column_text][\/vc_column_text][\/vc_column][\/vc_row][vc_row equal_height=&#8221;yes&#8221; content_placement=&#8221;middle&#8221;][vc_column width=&#8221;7\/12&#8243; offset=&#8221;vc_col-lg-7 vc_col-md-7 vc_col-xs-7&#8243;][vc_column_text el_class=&#8221;title_governance&#8221;] \u00a0TALEA GROUP S.P.A.: CONCLUSO L\u2019AUMENTO DI CAPITALE IN OPZIONE [\/vc_column_text][\/vc_column][vc_column width=&#8221;1\/12&#8243; offset=&#8221;vc_col-lg-1 vc_col-md-1 vc_col-xs-1&#8243;][vc_single_image image=&#8221;636&#8243; img_size=&#8221;full&#8221; onclick=&#8221;custom_link&#8221; img_link_target=&#8221;_blank&#8221; link=&#8221;https:\/\/taleagroupspa.com\/wp-content\/uploads\/2024\/12\/TaleaGroup_CS_Risultati-definitivi-AUCAP-def.pdf&#8221;][\/vc_column][\/vc_row][vc_row equal_height=&#8221;yes&#8221; content_placement=&#8221;middle&#8221;][vc_column width=&#8221;7\/12&#8243; offset=&#8221;vc_col-lg-7 vc_col-md-7 vc_col-xs-7&#8243;][vc_column_text el_class=&#8221;title_governance&#8221;] \u00a0TALEA GROUP S.P.A.: CONCLUSA L\u2019OFFERTA IN BORSA DEI DIRITTI INOPTATI [\/vc_column_text][\/vc_column][vc_column width=&#8221;1\/12&#8243; offset=&#8221;vc_col-lg-1 vc_col-md-1 vc_col-xs-1&#8243;][vc_single_image image=&#8221;636&#8243; img_size=&#8221;full&#8221; onclick=&#8221;custom_link&#8221; img_link_target=&#8221;_blank&#8221; link=&#8221;https:\/\/taleagroupspa.com\/wp-content\/uploads\/2024\/12\/TaleaGroup_CS_Risultati-Asta-Inoptati-def.pdf&#8221;][\/vc_column][\/vc_row][vc_row equal_height=&#8221;yes&#8221;&hellip;<\/p>\n","protected":false},"author":4,"featured_media":0,"parent":645,"menu_order":0,"comment_status":"closed","ping_status":"closed","template":"page-farmaegroup.php","meta":{"_mi_skip_tracking":false},"yoast_head":"<!-- This site is optimized with the Yoast SEO plugin v20.7 - https:\/\/yoast.com\/wordpress\/plugins\/seo\/ -->\n<title>Capital Increase (Available only in Italian) - Talea Group S.p.A<\/title>\n<meta name=\"robots\" content=\"index, follow, max-snippet:-1, max-image-preview:large, max-video-preview:-1\" \/>\n<link rel=\"canonical\" href=\"https:\/\/taleagroupspa.com\/en\/investor-relations\/capital-increase\/\" \/>\n<meta property=\"og:locale\" content=\"en_US\" \/>\n<meta property=\"og:type\" content=\"article\" \/>\n<meta property=\"og:title\" content=\"Capital Increase (Available only in Italian) - Talea Group S.p.A\" \/>\n<meta property=\"og:description\" content=\"[vc_row][vc_column][vc_column_text][\/vc_column_text][\/vc_column][\/vc_row][vc_row equal_height=&#8221;yes&#8221; content_placement=&#8221;middle&#8221;][vc_column width=&#8221;7\/12&#8243; offset=&#8221;vc_col-lg-7 vc_col-md-7 vc_col-xs-7&#8243;][vc_column_text el_class=&#8221;title_governance&#8221;] \u00a0TALEA GROUP S.P.A.: CONCLUSO L\u2019AUMENTO DI CAPITALE IN OPZIONE [\/vc_column_text][\/vc_column][vc_column width=&#8221;1\/12&#8243; offset=&#8221;vc_col-lg-1 vc_col-md-1 vc_col-xs-1&#8243;][vc_single_image image=&#8221;636&#8243; img_size=&#8221;full&#8221; onclick=&#8221;custom_link&#8221; img_link_target=&#8221;_blank&#8221; link=&#8221;https:\/\/taleagroupspa.com\/wp-content\/uploads\/2024\/12\/TaleaGroup_CS_Risultati-definitivi-AUCAP-def.pdf&#8221;][\/vc_column][\/vc_row][vc_row equal_height=&#8221;yes&#8221; content_placement=&#8221;middle&#8221;][vc_column width=&#8221;7\/12&#8243; offset=&#8221;vc_col-lg-7 vc_col-md-7 vc_col-xs-7&#8243;][vc_column_text el_class=&#8221;title_governance&#8221;] \u00a0TALEA GROUP S.P.A.: CONCLUSA L\u2019OFFERTA IN BORSA DEI DIRITTI INOPTATI [\/vc_column_text][\/vc_column][vc_column width=&#8221;1\/12&#8243; offset=&#8221;vc_col-lg-1 vc_col-md-1 vc_col-xs-1&#8243;][vc_single_image image=&#8221;636&#8243; img_size=&#8221;full&#8221; onclick=&#8221;custom_link&#8221; img_link_target=&#8221;_blank&#8221; link=&#8221;https:\/\/taleagroupspa.com\/wp-content\/uploads\/2024\/12\/TaleaGroup_CS_Risultati-Asta-Inoptati-def.pdf&#8221;][\/vc_column][\/vc_row][vc_row equal_height=&#8221;yes&#8221;&hellip;\" \/>\n<meta property=\"og:url\" content=\"https:\/\/taleagroupspa.com\/en\/investor-relations\/capital-increase\/\" \/>\n<meta property=\"og:site_name\" content=\"Talea Group S.p.A\" \/>\n<meta property=\"article:modified_time\" content=\"2024-12-19T08:09:35+00:00\" \/>\n<meta name=\"twitter:card\" content=\"summary_large_image\" \/>\n<script type=\"application\/ld+json\" class=\"yoast-schema-graph\">{\"@context\":\"https:\/\/schema.org\",\"@graph\":[{\"@type\":\"WebPage\",\"@id\":\"https:\/\/taleagroupspa.com\/en\/investor-relations\/capital-increase\/\",\"url\":\"https:\/\/taleagroupspa.com\/en\/investor-relations\/capital-increase\/\",\"name\":\"Capital Increase (Available only in Italian) - Talea Group S.p.A\",\"isPartOf\":{\"@id\":\"https:\/\/taleagroupspa.com\/en\/#website\"},\"datePublished\":\"2024-11-21T08:51:05+00:00\",\"dateModified\":\"2024-12-19T08:09:35+00:00\",\"breadcrumb\":{\"@id\":\"https:\/\/taleagroupspa.com\/en\/investor-relations\/capital-increase\/#breadcrumb\"},\"inLanguage\":\"en-US\",\"potentialAction\":[{\"@type\":\"ReadAction\",\"target\":[\"https:\/\/taleagroupspa.com\/en\/investor-relations\/capital-increase\/\"]}]},{\"@type\":\"BreadcrumbList\",\"@id\":\"https:\/\/taleagroupspa.com\/en\/investor-relations\/capital-increase\/#breadcrumb\",\"itemListElement\":[{\"@type\":\"ListItem\",\"position\":1,\"name\":\"Home\",\"item\":\"https:\/\/taleagroupspa.com\/en\/\"},{\"@type\":\"ListItem\",\"position\":2,\"name\":\"Investor Relations\",\"item\":\"https:\/\/taleagroupspa.com\/en\/investor-relations\/\"},{\"@type\":\"ListItem\",\"position\":3,\"name\":\"Capital Increase (Available only in Italian)\"}]},{\"@type\":\"WebSite\",\"@id\":\"https:\/\/taleagroupspa.com\/en\/#website\",\"url\":\"https:\/\/taleagroupspa.com\/en\/\",\"name\":\"Talea Group S.p.A\",\"description\":\"Talea Group S.p.A, societ\u00e0 quotata sul mercato Euronext Growth Milan di Borsa Italiana nata dal rebranding di Farma\u00e8 S.p.A., \u00e8 tra i principali gruppi digitali in Europa nel macrosettore multicanale della Salute, Benessere e Bellezza e nei servizi media e di trasformazione digitale per le imprese.\u00a0\",\"publisher\":{\"@id\":\"https:\/\/taleagroupspa.com\/en\/#organization\"},\"potentialAction\":[{\"@type\":\"SearchAction\",\"target\":{\"@type\":\"EntryPoint\",\"urlTemplate\":\"https:\/\/taleagroupspa.com\/en\/?s={search_term_string}\"},\"query-input\":\"required name=search_term_string\"}],\"inLanguage\":\"en-US\"},{\"@type\":\"Organization\",\"@id\":\"https:\/\/taleagroupspa.com\/en\/#organization\",\"name\":\"Talea Group S.p.A\",\"url\":\"https:\/\/taleagroupspa.com\/en\/\",\"logo\":{\"@type\":\"ImageObject\",\"inLanguage\":\"en-US\",\"@id\":\"https:\/\/taleagroupspa.com\/en\/#\/schema\/logo\/image\/\",\"url\":\"https:\/\/taleagroupspa.com\/wp-content\/uploads\/2022\/09\/logo-dark.svg\",\"contentUrl\":\"https:\/\/taleagroupspa.com\/wp-content\/uploads\/2022\/09\/logo-dark.svg\",\"caption\":\"Talea Group S.p.A\"},\"image\":{\"@id\":\"https:\/\/taleagroupspa.com\/en\/#\/schema\/logo\/image\/\"}}]}<\/script>\n<!-- \/ Yoast SEO plugin. -->","yoast_head_json":{"title":"Capital Increase (Available only in Italian) - Talea Group S.p.A","robots":{"index":"index","follow":"follow","max-snippet":"max-snippet:-1","max-image-preview":"max-image-preview:large","max-video-preview":"max-video-preview:-1"},"canonical":"https:\/\/taleagroupspa.com\/en\/investor-relations\/capital-increase\/","og_locale":"en_US","og_type":"article","og_title":"Capital Increase (Available only in Italian) - Talea Group S.p.A","og_description":"[vc_row][vc_column][vc_column_text][\/vc_column_text][\/vc_column][\/vc_row][vc_row equal_height=&#8221;yes&#8221; content_placement=&#8221;middle&#8221;][vc_column width=&#8221;7\/12&#8243; offset=&#8221;vc_col-lg-7 vc_col-md-7 vc_col-xs-7&#8243;][vc_column_text el_class=&#8221;title_governance&#8221;] \u00a0TALEA GROUP S.P.A.: CONCLUSO L\u2019AUMENTO DI CAPITALE IN OPZIONE [\/vc_column_text][\/vc_column][vc_column width=&#8221;1\/12&#8243; offset=&#8221;vc_col-lg-1 vc_col-md-1 vc_col-xs-1&#8243;][vc_single_image image=&#8221;636&#8243; img_size=&#8221;full&#8221; onclick=&#8221;custom_link&#8221; img_link_target=&#8221;_blank&#8221; link=&#8221;https:\/\/taleagroupspa.com\/wp-content\/uploads\/2024\/12\/TaleaGroup_CS_Risultati-definitivi-AUCAP-def.pdf&#8221;][\/vc_column][\/vc_row][vc_row equal_height=&#8221;yes&#8221; content_placement=&#8221;middle&#8221;][vc_column width=&#8221;7\/12&#8243; offset=&#8221;vc_col-lg-7 vc_col-md-7 vc_col-xs-7&#8243;][vc_column_text el_class=&#8221;title_governance&#8221;] \u00a0TALEA GROUP S.P.A.: CONCLUSA L\u2019OFFERTA IN BORSA DEI DIRITTI INOPTATI [\/vc_column_text][\/vc_column][vc_column width=&#8221;1\/12&#8243; offset=&#8221;vc_col-lg-1 vc_col-md-1 vc_col-xs-1&#8243;][vc_single_image image=&#8221;636&#8243; img_size=&#8221;full&#8221; onclick=&#8221;custom_link&#8221; img_link_target=&#8221;_blank&#8221; link=&#8221;https:\/\/taleagroupspa.com\/wp-content\/uploads\/2024\/12\/TaleaGroup_CS_Risultati-Asta-Inoptati-def.pdf&#8221;][\/vc_column][\/vc_row][vc_row equal_height=&#8221;yes&#8221;&hellip;","og_url":"https:\/\/taleagroupspa.com\/en\/investor-relations\/capital-increase\/","og_site_name":"Talea Group S.p.A","article_modified_time":"2024-12-19T08:09:35+00:00","twitter_card":"summary_large_image","schema":{"@context":"https:\/\/schema.org","@graph":[{"@type":"WebPage","@id":"https:\/\/taleagroupspa.com\/en\/investor-relations\/capital-increase\/","url":"https:\/\/taleagroupspa.com\/en\/investor-relations\/capital-increase\/","name":"Capital Increase (Available only in Italian) - Talea Group S.p.A","isPartOf":{"@id":"https:\/\/taleagroupspa.com\/en\/#website"},"datePublished":"2024-11-21T08:51:05+00:00","dateModified":"2024-12-19T08:09:35+00:00","breadcrumb":{"@id":"https:\/\/taleagroupspa.com\/en\/investor-relations\/capital-increase\/#breadcrumb"},"inLanguage":"en-US","potentialAction":[{"@type":"ReadAction","target":["https:\/\/taleagroupspa.com\/en\/investor-relations\/capital-increase\/"]}]},{"@type":"BreadcrumbList","@id":"https:\/\/taleagroupspa.com\/en\/investor-relations\/capital-increase\/#breadcrumb","itemListElement":[{"@type":"ListItem","position":1,"name":"Home","item":"https:\/\/taleagroupspa.com\/en\/"},{"@type":"ListItem","position":2,"name":"Investor Relations","item":"https:\/\/taleagroupspa.com\/en\/investor-relations\/"},{"@type":"ListItem","position":3,"name":"Capital Increase (Available only in Italian)"}]},{"@type":"WebSite","@id":"https:\/\/taleagroupspa.com\/en\/#website","url":"https:\/\/taleagroupspa.com\/en\/","name":"Talea Group S.p.A","description":"Talea Group S.p.A, societ\u00e0 quotata sul mercato Euronext Growth Milan di Borsa Italiana nata dal rebranding di Farma\u00e8 S.p.A., \u00e8 tra i principali gruppi digitali in Europa nel macrosettore multicanale della Salute, Benessere e Bellezza e nei servizi media e di trasformazione digitale per le imprese.\u00a0","publisher":{"@id":"https:\/\/taleagroupspa.com\/en\/#organization"},"potentialAction":[{"@type":"SearchAction","target":{"@type":"EntryPoint","urlTemplate":"https:\/\/taleagroupspa.com\/en\/?s={search_term_string}"},"query-input":"required name=search_term_string"}],"inLanguage":"en-US"},{"@type":"Organization","@id":"https:\/\/taleagroupspa.com\/en\/#organization","name":"Talea Group S.p.A","url":"https:\/\/taleagroupspa.com\/en\/","logo":{"@type":"ImageObject","inLanguage":"en-US","@id":"https:\/\/taleagroupspa.com\/en\/#\/schema\/logo\/image\/","url":"https:\/\/taleagroupspa.com\/wp-content\/uploads\/2022\/09\/logo-dark.svg","contentUrl":"https:\/\/taleagroupspa.com\/wp-content\/uploads\/2022\/09\/logo-dark.svg","caption":"Talea Group S.p.A"},"image":{"@id":"https:\/\/taleagroupspa.com\/en\/#\/schema\/logo\/image\/"}}]}},"_links":{"self":[{"href":"https:\/\/taleagroupspa.com\/en\/wp-json\/wp\/v2\/pages\/13177"}],"collection":[{"href":"https:\/\/taleagroupspa.com\/en\/wp-json\/wp\/v2\/pages"}],"about":[{"href":"https:\/\/taleagroupspa.com\/en\/wp-json\/wp\/v2\/types\/page"}],"author":[{"embeddable":true,"href":"https:\/\/taleagroupspa.com\/en\/wp-json\/wp\/v2\/users\/4"}],"replies":[{"embeddable":true,"href":"https:\/\/taleagroupspa.com\/en\/wp-json\/wp\/v2\/comments?post=13177"}],"version-history":[{"count":17,"href":"https:\/\/taleagroupspa.com\/en\/wp-json\/wp\/v2\/pages\/13177\/revisions"}],"predecessor-version":[{"id":13286,"href":"https:\/\/taleagroupspa.com\/en\/wp-json\/wp\/v2\/pages\/13177\/revisions\/13286"}],"up":[{"embeddable":true,"href":"https:\/\/taleagroupspa.com\/en\/wp-json\/wp\/v2\/pages\/645"}],"wp:attachment":[{"href":"https:\/\/taleagroupspa.com\/en\/wp-json\/wp\/v2\/media?parent=13177"}],"curies":[{"name":"wp","href":"https:\/\/api.w.org\/{rel}","templated":true}]}}