{"id":13210,"date":"2024-11-27T18:08:18","date_gmt":"2024-11-27T17:08:18","guid":{"rendered":"https:\/\/taleagroupspa.com\/?page_id=13210"},"modified":"2024-12-04T19:37:49","modified_gmt":"2024-12-04T18:37:49","slug":"internal-dealing-2024","status":"publish","type":"page","link":"https:\/\/taleagroupspa.com\/en\/investor-relations\/internal-dealing-2024\/","title":{"rendered":"Internal Dealing 2024"},"content":{"rendered":"<section class=\"wpb-content-wrapper\"><p>[vc_row][vc_column][vc_column_text]<div class=\"update-time\">Last update: 30 March 2026<\/div>[\/vc_column_text][\/vc_column][\/vc_row][vc_row equal_height=&#8221;yes&#8221; content_placement=&#8221;middle&#8221;][vc_column width=&#8221;7\/12&#8243; offset=&#8221;vc_col-lg-7 vc_col-md-7 vc_col-xs-7&#8243;][vc_column_text el_class=&#8221;title_governance&#8221;]Internal Dealing Riccardo Iacometti[\/vc_column_text][\/vc_column][vc_column width=&#8221;1\/6&#8243; offset=&#8221;vc_col-lg-2 vc_col-md-2 vc_col-xs-2&#8243;][vc_column_text]04\/12\/2024[\/vc_column_text][\/vc_column][vc_column width=&#8221;1\/6&#8243; offset=&#8221;vc_col-lg-2 vc_col-md-2 vc_col-xs-2&#8243;][vc_column_text]19:12[\/vc_column_text][\/vc_column][vc_column width=&#8221;1\/12&#8243; offset=&#8221;vc_col-lg-1 vc_col-md-1 vc_col-xs-1&#8243;][vc_single_image image=&#8221;636&#8243; img_size=&#8221;full&#8221; onclick=&#8221;custom_link&#8221; img_link_target=&#8221;_blank&#8221; link=&#8221;https:\/\/taleagroupspa.com\/wp-content\/uploads\/2024\/12\/internal-dealing-riccardo.pdf&#8221;][\/vc_column][\/vc_row][vc_row equal_height=&#8221;yes&#8221; content_placement=&#8221;middle&#8221;][vc_column width=&#8221;7\/12&#8243; offset=&#8221;vc_col-lg-7 vc_col-md-7 vc_col-xs-7&#8243;][vc_column_text el_class=&#8221;title_governance&#8221;]Internal Dealing Riac Holding[\/vc_column_text][\/vc_column][vc_column width=&#8221;1\/6&#8243; offset=&#8221;vc_col-lg-2 vc_col-md-2 vc_col-xs-2&#8243;][vc_column_text]04\/12\/2024[\/vc_column_text][\/vc_column][vc_column width=&#8221;1\/6&#8243; offset=&#8221;vc_col-lg-2 vc_col-md-2 vc_col-xs-2&#8243;][vc_column_text]19:10[\/vc_column_text][\/vc_column][vc_column width=&#8221;1\/12&#8243; offset=&#8221;vc_col-lg-1 vc_col-md-1 vc_col-xs-1&#8243;][vc_single_image image=&#8221;636&#8243; img_size=&#8221;full&#8221; onclick=&#8221;custom_link&#8221; img_link_target=&#8221;_blank&#8221; link=&#8221;https:\/\/taleagroupspa.com\/wp-content\/uploads\/2024\/12\/internal-dealing-riac-4.pdf&#8221;][\/vc_column][\/vc_row][vc_row equal_height=&#8221;yes&#8221; content_placement=&#8221;middle&#8221;][vc_column width=&#8221;7\/12&#8243; offset=&#8221;vc_col-lg-7 vc_col-md-7 vc_col-xs-7&#8243;][vc_column_text el_class=&#8221;title_governance&#8221;]Internal Dealing Riac Holding[\/vc_column_text][\/vc_column][vc_column width=&#8221;1\/6&#8243; offset=&#8221;vc_col-lg-2 vc_col-md-2 vc_col-xs-2&#8243;][vc_column_text]28\/11\/2024[\/vc_column_text][\/vc_column][vc_column width=&#8221;1\/6&#8243; offset=&#8221;vc_col-lg-2 vc_col-md-2 vc_col-xs-2&#8243;][vc_column_text]18:11[\/vc_column_text][\/vc_column][vc_column width=&#8221;1\/12&#8243; offset=&#8221;vc_col-lg-1 vc_col-md-1 vc_col-xs-1&#8243;][vc_single_image image=&#8221;636&#8243; img_size=&#8221;full&#8221; onclick=&#8221;custom_link&#8221; img_link_target=&#8221;_blank&#8221; link=&#8221;https:\/\/taleagroupspa.com\/wp-content\/uploads\/2024\/11\/1732813791_InternalDealing_20169_15.pdf&#8221;][\/vc_column][\/vc_row][vc_row equal_height=&#8221;yes&#8221; content_placement=&#8221;middle&#8221;][vc_column width=&#8221;7\/12&#8243; offset=&#8221;vc_col-lg-7 vc_col-md-7 vc_col-xs-7&#8243;][vc_column_text el_class=&#8221;title_governance&#8221;]Internal Dealing Riac Holding[\/vc_column_text][\/vc_column][vc_column width=&#8221;1\/6&#8243; offset=&#8221;vc_col-lg-2 vc_col-md-2 vc_col-xs-2&#8243;][vc_column_text]27\/11\/2024[\/vc_column_text][\/vc_column][vc_column width=&#8221;1\/6&#8243; offset=&#8221;vc_col-lg-2 vc_col-md-2 vc_col-xs-2&#8243;][vc_column_text]17:40[\/vc_column_text][\/vc_column][vc_column width=&#8221;1\/12&#8243; offset=&#8221;vc_col-lg-1 vc_col-md-1 vc_col-xs-1&#8243;][vc_single_image image=&#8221;636&#8243; img_size=&#8221;full&#8221; onclick=&#8221;custom_link&#8221; img_link_target=&#8221;_blank&#8221; link=&#8221;https:\/\/taleagroupspa.com\/wp-content\/uploads\/2024\/11\/internal-dealing-riac.pdf&#8221;][\/vc_column][\/vc_row][vc_row equal_height=&#8221;yes&#8221; content_placement=&#8221;middle&#8221;][vc_column width=&#8221;7\/12&#8243; offset=&#8221;vc_col-lg-7 vc_col-md-7 vc_col-xs-7&#8243;][vc_column_text el_class=&#8221;title_governance&#8221;]Internal Dealing MDF Holding[\/vc_column_text][\/vc_column][vc_column width=&#8221;1\/6&#8243; offset=&#8221;vc_col-lg-2 vc_col-md-2 vc_col-xs-2&#8243;][vc_column_text]27\/11\/2024[\/vc_column_text][\/vc_column][vc_column width=&#8221;1\/6&#8243; offset=&#8221;vc_col-lg-2 vc_col-md-2 vc_col-xs-2&#8243;][vc_column_text]17:39[\/vc_column_text][\/vc_column][vc_column width=&#8221;1\/12&#8243; offset=&#8221;vc_col-lg-1 vc_col-md-1 vc_col-xs-1&#8243;][vc_single_image image=&#8221;636&#8243; img_size=&#8221;full&#8221; onclick=&#8221;custom_link&#8221; img_link_target=&#8221;_blank&#8221; link=&#8221;https:\/\/taleagroupspa.com\/wp-content\/uploads\/2024\/11\/internal-dealing-mdf.pdf&#8221;][\/vc_column][\/vc_row][vc_row equal_height=&#8221;yes&#8221; content_placement=&#8221;middle&#8221;][vc_column width=&#8221;7\/12&#8243; offset=&#8221;vc_col-lg-7 vc_col-md-7 vc_col-xs-7&#8243;][vc_column_text el_class=&#8221;title_governance&#8221;]Internal Dealing Riac Holding[\/vc_column_text][\/vc_column][vc_column width=&#8221;1\/6&#8243; offset=&#8221;vc_col-lg-2 vc_col-md-2 vc_col-xs-2&#8243;][vc_column_text]07\/06\/2024[\/vc_column_text][\/vc_column][vc_column width=&#8221;1\/6&#8243; offset=&#8221;vc_col-lg-2 vc_col-md-2 vc_col-xs-2&#8243;][vc_column_text]20:08[\/vc_column_text][\/vc_column][vc_column width=&#8221;1\/12&#8243; offset=&#8221;vc_col-lg-1 vc_col-md-1 vc_col-xs-1&#8243;][vc_single_image image=&#8221;636&#8243; img_size=&#8221;full&#8221; onclick=&#8221;custom_link&#8221; img_link_target=&#8221;_blank&#8221; link=&#8221;https:\/\/taleagroupspa.com\/wp-content\/uploads\/2024\/12\/riac-6-giugno.pdf&#8221;][\/vc_column][\/vc_row]<\/p>\n<\/section>","protected":false},"excerpt":{"rendered":"<p>[vc_row][vc_column][vc_column_text][\/vc_column_text][\/vc_column][\/vc_row][vc_row equal_height=&#8221;yes&#8221; content_placement=&#8221;middle&#8221;][vc_column width=&#8221;7\/12&#8243; offset=&#8221;vc_col-lg-7 vc_col-md-7 vc_col-xs-7&#8243;][vc_column_text el_class=&#8221;title_governance&#8221;]Internal Dealing Riccardo Iacometti[\/vc_column_text][\/vc_column][vc_column width=&#8221;1\/6&#8243; offset=&#8221;vc_col-lg-2 vc_col-md-2 vc_col-xs-2&#8243;][vc_column_text]04\/12\/2024[\/vc_column_text][\/vc_column][vc_column width=&#8221;1\/6&#8243; offset=&#8221;vc_col-lg-2 vc_col-md-2 vc_col-xs-2&#8243;][vc_column_text]19:12[\/vc_column_text][\/vc_column][vc_column width=&#8221;1\/12&#8243; offset=&#8221;vc_col-lg-1 vc_col-md-1 vc_col-xs-1&#8243;][vc_single_image image=&#8221;636&#8243; img_size=&#8221;full&#8221; onclick=&#8221;custom_link&#8221; img_link_target=&#8221;_blank&#8221; link=&#8221;https:\/\/taleagroupspa.com\/wp-content\/uploads\/2024\/12\/internal-dealing-riccardo.pdf&#8221;][\/vc_column][\/vc_row][vc_row equal_height=&#8221;yes&#8221; content_placement=&#8221;middle&#8221;][vc_column width=&#8221;7\/12&#8243; offset=&#8221;vc_col-lg-7 vc_col-md-7 vc_col-xs-7&#8243;][vc_column_text el_class=&#8221;title_governance&#8221;]Internal Dealing Riac Holding[\/vc_column_text][\/vc_column][vc_column width=&#8221;1\/6&#8243; offset=&#8221;vc_col-lg-2 vc_col-md-2 vc_col-xs-2&#8243;][vc_column_text]04\/12\/2024[\/vc_column_text][\/vc_column][vc_column width=&#8221;1\/6&#8243; offset=&#8221;vc_col-lg-2 vc_col-md-2 vc_col-xs-2&#8243;][vc_column_text]19:10[\/vc_column_text][\/vc_column][vc_column width=&#8221;1\/12&#8243; offset=&#8221;vc_col-lg-1 vc_col-md-1 vc_col-xs-1&#8243;][vc_single_image image=&#8221;636&#8243; img_size=&#8221;full&#8221; onclick=&#8221;custom_link&#8221; img_link_target=&#8221;_blank&#8221; link=&#8221;https:\/\/taleagroupspa.com\/wp-content\/uploads\/2024\/12\/internal-dealing-riac-4.pdf&#8221;][\/vc_column][\/vc_row][vc_row&hellip;<\/p>\n","protected":false},"author":4,"featured_media":0,"parent":645,"menu_order":0,"comment_status":"closed","ping_status":"closed","template":"page-farmaegroup.php","meta":{"_mi_skip_tracking":false},"yoast_head":"<!-- This site is optimized with the Yoast SEO plugin v20.7 - https:\/\/yoast.com\/wordpress\/plugins\/seo\/ -->\n<title>Internal Dealing 2024 - Talea Group S.p.A<\/title>\n<meta name=\"robots\" content=\"index, follow, max-snippet:-1, max-image-preview:large, max-video-preview:-1\" \/>\n<link rel=\"canonical\" href=\"https:\/\/taleagroupspa.com\/en\/investor-relations\/internal-dealing-2024\/\" \/>\n<meta property=\"og:locale\" content=\"en_US\" \/>\n<meta property=\"og:type\" content=\"article\" \/>\n<meta property=\"og:title\" content=\"Internal Dealing 2024 - Talea Group S.p.A\" \/>\n<meta property=\"og:description\" content=\"[vc_row][vc_column][vc_column_text][\/vc_column_text][\/vc_column][\/vc_row][vc_row equal_height=&#8221;yes&#8221; content_placement=&#8221;middle&#8221;][vc_column width=&#8221;7\/12&#8243; offset=&#8221;vc_col-lg-7 vc_col-md-7 vc_col-xs-7&#8243;][vc_column_text el_class=&#8221;title_governance&#8221;]Internal Dealing Riccardo Iacometti[\/vc_column_text][\/vc_column][vc_column width=&#8221;1\/6&#8243; offset=&#8221;vc_col-lg-2 vc_col-md-2 vc_col-xs-2&#8243;][vc_column_text]04\/12\/2024[\/vc_column_text][\/vc_column][vc_column width=&#8221;1\/6&#8243; offset=&#8221;vc_col-lg-2 vc_col-md-2 vc_col-xs-2&#8243;][vc_column_text]19:12[\/vc_column_text][\/vc_column][vc_column width=&#8221;1\/12&#8243; offset=&#8221;vc_col-lg-1 vc_col-md-1 vc_col-xs-1&#8243;][vc_single_image image=&#8221;636&#8243; img_size=&#8221;full&#8221; onclick=&#8221;custom_link&#8221; img_link_target=&#8221;_blank&#8221; link=&#8221;https:\/\/taleagroupspa.com\/wp-content\/uploads\/2024\/12\/internal-dealing-riccardo.pdf&#8221;][\/vc_column][\/vc_row][vc_row equal_height=&#8221;yes&#8221; content_placement=&#8221;middle&#8221;][vc_column width=&#8221;7\/12&#8243; offset=&#8221;vc_col-lg-7 vc_col-md-7 vc_col-xs-7&#8243;][vc_column_text el_class=&#8221;title_governance&#8221;]Internal Dealing Riac Holding[\/vc_column_text][\/vc_column][vc_column width=&#8221;1\/6&#8243; offset=&#8221;vc_col-lg-2 vc_col-md-2 vc_col-xs-2&#8243;][vc_column_text]04\/12\/2024[\/vc_column_text][\/vc_column][vc_column width=&#8221;1\/6&#8243; offset=&#8221;vc_col-lg-2 vc_col-md-2 vc_col-xs-2&#8243;][vc_column_text]19:10[\/vc_column_text][\/vc_column][vc_column width=&#8221;1\/12&#8243; offset=&#8221;vc_col-lg-1 vc_col-md-1 vc_col-xs-1&#8243;][vc_single_image image=&#8221;636&#8243; img_size=&#8221;full&#8221; onclick=&#8221;custom_link&#8221; img_link_target=&#8221;_blank&#8221; link=&#8221;https:\/\/taleagroupspa.com\/wp-content\/uploads\/2024\/12\/internal-dealing-riac-4.pdf&#8221;][\/vc_column][\/vc_row][vc_row&hellip;\" \/>\n<meta property=\"og:url\" content=\"https:\/\/taleagroupspa.com\/en\/investor-relations\/internal-dealing-2024\/\" \/>\n<meta property=\"og:site_name\" content=\"Talea Group S.p.A\" \/>\n<meta property=\"article:modified_time\" content=\"2024-12-04T18:37:49+00:00\" \/>\n<meta name=\"twitter:card\" content=\"summary_large_image\" \/>\n<meta name=\"twitter:label1\" content=\"Est. reading time\" \/>\n\t<meta name=\"twitter:data1\" content=\"1 minute\" \/>\n<script type=\"application\/ld+json\" class=\"yoast-schema-graph\">{\"@context\":\"https:\/\/schema.org\",\"@graph\":[{\"@type\":\"WebPage\",\"@id\":\"https:\/\/taleagroupspa.com\/en\/investor-relations\/internal-dealing-2024\/\",\"url\":\"https:\/\/taleagroupspa.com\/en\/investor-relations\/internal-dealing-2024\/\",\"name\":\"Internal Dealing 2024 - Talea Group S.p.A\",\"isPartOf\":{\"@id\":\"https:\/\/taleagroupspa.com\/en\/#website\"},\"datePublished\":\"2024-11-27T17:08:18+00:00\",\"dateModified\":\"2024-12-04T18:37:49+00:00\",\"breadcrumb\":{\"@id\":\"https:\/\/taleagroupspa.com\/en\/investor-relations\/internal-dealing-2024\/#breadcrumb\"},\"inLanguage\":\"en-US\",\"potentialAction\":[{\"@type\":\"ReadAction\",\"target\":[\"https:\/\/taleagroupspa.com\/en\/investor-relations\/internal-dealing-2024\/\"]}]},{\"@type\":\"BreadcrumbList\",\"@id\":\"https:\/\/taleagroupspa.com\/en\/investor-relations\/internal-dealing-2024\/#breadcrumb\",\"itemListElement\":[{\"@type\":\"ListItem\",\"position\":1,\"name\":\"Home\",\"item\":\"https:\/\/taleagroupspa.com\/en\/\"},{\"@type\":\"ListItem\",\"position\":2,\"name\":\"Investor Relations\",\"item\":\"https:\/\/taleagroupspa.com\/en\/investor-relations\/\"},{\"@type\":\"ListItem\",\"position\":3,\"name\":\"Internal Dealing 2024\"}]},{\"@type\":\"WebSite\",\"@id\":\"https:\/\/taleagroupspa.com\/en\/#website\",\"url\":\"https:\/\/taleagroupspa.com\/en\/\",\"name\":\"Talea Group S.p.A\",\"description\":\"Talea Group S.p.A, societ\u00e0 quotata sul mercato Euronext Growth Milan di Borsa Italiana nata dal rebranding di Farma\u00e8 S.p.A., \u00e8 tra i principali gruppi digitali in Europa nel macrosettore multicanale della Salute, Benessere e Bellezza e nei servizi media e di trasformazione digitale per le imprese.\u00a0\",\"publisher\":{\"@id\":\"https:\/\/taleagroupspa.com\/en\/#organization\"},\"potentialAction\":[{\"@type\":\"SearchAction\",\"target\":{\"@type\":\"EntryPoint\",\"urlTemplate\":\"https:\/\/taleagroupspa.com\/en\/?s={search_term_string}\"},\"query-input\":\"required name=search_term_string\"}],\"inLanguage\":\"en-US\"},{\"@type\":\"Organization\",\"@id\":\"https:\/\/taleagroupspa.com\/en\/#organization\",\"name\":\"Talea Group S.p.A\",\"url\":\"https:\/\/taleagroupspa.com\/en\/\",\"logo\":{\"@type\":\"ImageObject\",\"inLanguage\":\"en-US\",\"@id\":\"https:\/\/taleagroupspa.com\/en\/#\/schema\/logo\/image\/\",\"url\":\"https:\/\/taleagroupspa.com\/wp-content\/uploads\/2022\/09\/logo-dark.svg\",\"contentUrl\":\"https:\/\/taleagroupspa.com\/wp-content\/uploads\/2022\/09\/logo-dark.svg\",\"caption\":\"Talea Group S.p.A\"},\"image\":{\"@id\":\"https:\/\/taleagroupspa.com\/en\/#\/schema\/logo\/image\/\"}}]}<\/script>\n<!-- \/ Yoast SEO plugin. -->","yoast_head_json":{"title":"Internal Dealing 2024 - Talea Group S.p.A","robots":{"index":"index","follow":"follow","max-snippet":"max-snippet:-1","max-image-preview":"max-image-preview:large","max-video-preview":"max-video-preview:-1"},"canonical":"https:\/\/taleagroupspa.com\/en\/investor-relations\/internal-dealing-2024\/","og_locale":"en_US","og_type":"article","og_title":"Internal Dealing 2024 - Talea Group S.p.A","og_description":"[vc_row][vc_column][vc_column_text][\/vc_column_text][\/vc_column][\/vc_row][vc_row equal_height=&#8221;yes&#8221; content_placement=&#8221;middle&#8221;][vc_column width=&#8221;7\/12&#8243; offset=&#8221;vc_col-lg-7 vc_col-md-7 vc_col-xs-7&#8243;][vc_column_text el_class=&#8221;title_governance&#8221;]Internal Dealing Riccardo Iacometti[\/vc_column_text][\/vc_column][vc_column width=&#8221;1\/6&#8243; offset=&#8221;vc_col-lg-2 vc_col-md-2 vc_col-xs-2&#8243;][vc_column_text]04\/12\/2024[\/vc_column_text][\/vc_column][vc_column width=&#8221;1\/6&#8243; offset=&#8221;vc_col-lg-2 vc_col-md-2 vc_col-xs-2&#8243;][vc_column_text]19:12[\/vc_column_text][\/vc_column][vc_column width=&#8221;1\/12&#8243; offset=&#8221;vc_col-lg-1 vc_col-md-1 vc_col-xs-1&#8243;][vc_single_image image=&#8221;636&#8243; img_size=&#8221;full&#8221; onclick=&#8221;custom_link&#8221; img_link_target=&#8221;_blank&#8221; link=&#8221;https:\/\/taleagroupspa.com\/wp-content\/uploads\/2024\/12\/internal-dealing-riccardo.pdf&#8221;][\/vc_column][\/vc_row][vc_row equal_height=&#8221;yes&#8221; content_placement=&#8221;middle&#8221;][vc_column width=&#8221;7\/12&#8243; offset=&#8221;vc_col-lg-7 vc_col-md-7 vc_col-xs-7&#8243;][vc_column_text el_class=&#8221;title_governance&#8221;]Internal Dealing Riac Holding[\/vc_column_text][\/vc_column][vc_column width=&#8221;1\/6&#8243; offset=&#8221;vc_col-lg-2 vc_col-md-2 vc_col-xs-2&#8243;][vc_column_text]04\/12\/2024[\/vc_column_text][\/vc_column][vc_column width=&#8221;1\/6&#8243; offset=&#8221;vc_col-lg-2 vc_col-md-2 vc_col-xs-2&#8243;][vc_column_text]19:10[\/vc_column_text][\/vc_column][vc_column width=&#8221;1\/12&#8243; offset=&#8221;vc_col-lg-1 vc_col-md-1 vc_col-xs-1&#8243;][vc_single_image image=&#8221;636&#8243; img_size=&#8221;full&#8221; onclick=&#8221;custom_link&#8221; img_link_target=&#8221;_blank&#8221; link=&#8221;https:\/\/taleagroupspa.com\/wp-content\/uploads\/2024\/12\/internal-dealing-riac-4.pdf&#8221;][\/vc_column][\/vc_row][vc_row&hellip;","og_url":"https:\/\/taleagroupspa.com\/en\/investor-relations\/internal-dealing-2024\/","og_site_name":"Talea Group S.p.A","article_modified_time":"2024-12-04T18:37:49+00:00","twitter_card":"summary_large_image","twitter_misc":{"Est. reading time":"1 minute"},"schema":{"@context":"https:\/\/schema.org","@graph":[{"@type":"WebPage","@id":"https:\/\/taleagroupspa.com\/en\/investor-relations\/internal-dealing-2024\/","url":"https:\/\/taleagroupspa.com\/en\/investor-relations\/internal-dealing-2024\/","name":"Internal Dealing 2024 - Talea Group S.p.A","isPartOf":{"@id":"https:\/\/taleagroupspa.com\/en\/#website"},"datePublished":"2024-11-27T17:08:18+00:00","dateModified":"2024-12-04T18:37:49+00:00","breadcrumb":{"@id":"https:\/\/taleagroupspa.com\/en\/investor-relations\/internal-dealing-2024\/#breadcrumb"},"inLanguage":"en-US","potentialAction":[{"@type":"ReadAction","target":["https:\/\/taleagroupspa.com\/en\/investor-relations\/internal-dealing-2024\/"]}]},{"@type":"BreadcrumbList","@id":"https:\/\/taleagroupspa.com\/en\/investor-relations\/internal-dealing-2024\/#breadcrumb","itemListElement":[{"@type":"ListItem","position":1,"name":"Home","item":"https:\/\/taleagroupspa.com\/en\/"},{"@type":"ListItem","position":2,"name":"Investor Relations","item":"https:\/\/taleagroupspa.com\/en\/investor-relations\/"},{"@type":"ListItem","position":3,"name":"Internal Dealing 2024"}]},{"@type":"WebSite","@id":"https:\/\/taleagroupspa.com\/en\/#website","url":"https:\/\/taleagroupspa.com\/en\/","name":"Talea Group S.p.A","description":"Talea Group S.p.A, societ\u00e0 quotata sul mercato Euronext Growth Milan di Borsa Italiana nata dal rebranding di Farma\u00e8 S.p.A., \u00e8 tra i principali gruppi digitali in Europa nel macrosettore multicanale della Salute, Benessere e Bellezza e nei servizi media e di trasformazione digitale per le imprese.\u00a0","publisher":{"@id":"https:\/\/taleagroupspa.com\/en\/#organization"},"potentialAction":[{"@type":"SearchAction","target":{"@type":"EntryPoint","urlTemplate":"https:\/\/taleagroupspa.com\/en\/?s={search_term_string}"},"query-input":"required name=search_term_string"}],"inLanguage":"en-US"},{"@type":"Organization","@id":"https:\/\/taleagroupspa.com\/en\/#organization","name":"Talea Group S.p.A","url":"https:\/\/taleagroupspa.com\/en\/","logo":{"@type":"ImageObject","inLanguage":"en-US","@id":"https:\/\/taleagroupspa.com\/en\/#\/schema\/logo\/image\/","url":"https:\/\/taleagroupspa.com\/wp-content\/uploads\/2022\/09\/logo-dark.svg","contentUrl":"https:\/\/taleagroupspa.com\/wp-content\/uploads\/2022\/09\/logo-dark.svg","caption":"Talea Group S.p.A"},"image":{"@id":"https:\/\/taleagroupspa.com\/en\/#\/schema\/logo\/image\/"}}]}},"_links":{"self":[{"href":"https:\/\/taleagroupspa.com\/en\/wp-json\/wp\/v2\/pages\/13210"}],"collection":[{"href":"https:\/\/taleagroupspa.com\/en\/wp-json\/wp\/v2\/pages"}],"about":[{"href":"https:\/\/taleagroupspa.com\/en\/wp-json\/wp\/v2\/types\/page"}],"author":[{"embeddable":true,"href":"https:\/\/taleagroupspa.com\/en\/wp-json\/wp\/v2\/users\/4"}],"replies":[{"embeddable":true,"href":"https:\/\/taleagroupspa.com\/en\/wp-json\/wp\/v2\/comments?post=13210"}],"version-history":[{"count":10,"href":"https:\/\/taleagroupspa.com\/en\/wp-json\/wp\/v2\/pages\/13210\/revisions"}],"predecessor-version":[{"id":13248,"href":"https:\/\/taleagroupspa.com\/en\/wp-json\/wp\/v2\/pages\/13210\/revisions\/13248"}],"up":[{"embeddable":true,"href":"https:\/\/taleagroupspa.com\/en\/wp-json\/wp\/v2\/pages\/645"}],"wp:attachment":[{"href":"https:\/\/taleagroupspa.com\/en\/wp-json\/wp\/v2\/media?parent=13210"}],"curies":[{"name":"wp","href":"https:\/\/api.w.org\/{rel}","templated":true}]}}