{"id":1904,"date":"2022-01-25T08:42:31","date_gmt":"2022-01-25T07:42:31","guid":{"rendered":"https:\/\/www.taleaspa.com\/investor-relations\/presentations-2022\/"},"modified":"2023-02-10T12:41:34","modified_gmt":"2023-02-10T11:41:34","slug":"presentations-2022","status":"publish","type":"page","link":"https:\/\/taleagroupspa.com\/en\/investor-relations\/presentations-2022\/","title":{"rendered":"Presentations 2022"},"content":{"rendered":"<section class=\"wpb-content-wrapper\"><p>[vc_row][vc_column][vc_column_text]<div class=\"update-time\">Last update: 30 March 2026<\/div>[\/vc_column_text][\/vc_column][\/vc_row][vc_row equal_height=&#8221;yes&#8221; content_placement=&#8221;middle&#8221;][vc_column width=&#8221;1\/12&#8243; offset=&#8221;vc_col-lg-1 vc_col-md-1 vc_col-xs-1&#8243;][vc_single_image image=&#8221;634&#8243; img_size=&#8221;full&#8221;][\/vc_column][vc_column width=&#8221;5\/6&#8243; offset=&#8221;vc_col-lg-10 vc_col-md-10 vc_col-xs-10&#8243;][vc_column_text el_class=&#8221;title_governance&#8221;]<\/p>\n<div class=\"page\" title=\"Page 1\">\n<div class=\"section\">\n<div class=\"layoutArea\">\n<div class=\"column\">\n<p style=\"font-weight: 400;\"><a href=\"https:\/\/taleagroupspa.com\/wp-content\/uploads\/2022\/11\/Farma\u00e8-Roadshow-Stifel-16.11.2022-1.pdf\">STIFEL VIRTUAL ROADSHOW 16.11.2022<\/a><\/p>\n<\/div>\n<\/div>\n<\/div>\n<\/div>\n<p>[\/vc_column_text][\/vc_column][vc_column width=&#8221;1\/12&#8243; offset=&#8221;vc_col-lg-1 vc_col-md-1 vc_col-xs-1&#8243;][vc_single_image image=&#8221;636&#8243; img_size=&#8221;full&#8221; onclick=&#8221;custom_link&#8221; img_link_target=&#8221;_blank&#8221; link=&#8221;https:\/\/taleagroupspa.com\/wp-content\/uploads\/2022\/11\/Farma\u00e8-Roadshow-Stifel-16.11.2022-1.pdf&#8221;][\/vc_column][\/vc_row][vc_row equal_height=&#8221;yes&#8221; content_placement=&#8221;middle&#8221;][vc_column width=&#8221;1\/12&#8243; offset=&#8221;vc_col-lg-1 vc_col-md-1 vc_col-xs-1&#8243;][vc_single_image image=&#8221;634&#8243; img_size=&#8221;full&#8221;][\/vc_column][vc_column width=&#8221;5\/6&#8243; offset=&#8221;vc_col-lg-10 vc_col-md-10 vc_col-xs-10&#8243;][vc_column_text el_class=&#8221;title_governance&#8221;]<\/p>\n<div class=\"page\" title=\"Page 1\">\n<div class=\"section\">\n<div class=\"layoutArea\">\n<div class=\"column\">\n<p style=\"font-weight: 400;\"><a href=\"https:\/\/taleagroupspa.com\/wp-content\/uploads\/2022\/11\/Farmae\u0300-Alantra-Roadshow-20.10.2022.pdf\">ALANTRA VIRTUAL ROADSHOW 20.10.2022<\/a><\/p>\n<\/div>\n<\/div>\n<\/div>\n<\/div>\n<p>[\/vc_column_text][\/vc_column][vc_column width=&#8221;1\/12&#8243; offset=&#8221;vc_col-lg-1 vc_col-md-1 vc_col-xs-1&#8243;][vc_single_image image=&#8221;636&#8243; img_size=&#8221;full&#8221; onclick=&#8221;custom_link&#8221; img_link_target=&#8221;_blank&#8221; link=&#8221;https:\/\/taleagroupspa.com\/wp-content\/uploads\/2022\/11\/Farmae\u0300-Alantra-Roadshow-20.10.2022.pdf&#8221;][\/vc_column][\/vc_row][vc_row equal_height=&#8221;yes&#8221; content_placement=&#8221;middle&#8221;][vc_column width=&#8221;1\/12&#8243; offset=&#8221;vc_col-lg-1 vc_col-md-1 vc_col-xs-1&#8243;][vc_single_image image=&#8221;634&#8243; img_size=&#8221;full&#8221;][\/vc_column][vc_column width=&#8221;5\/6&#8243; offset=&#8221;vc_col-lg-10 vc_col-md-10 vc_col-xs-10&#8243;][vc_column_text el_class=&#8221;title_governance&#8221;]<\/p>\n<div class=\"page\" title=\"Page 1\">\n<div class=\"section\">\n<div class=\"layoutArea\">\n<div class=\"column\">\n<p style=\"font-weight: 400;\"><a href=\"https:\/\/taleagroupspa.com\/wp-content\/uploads\/2022\/10\/Farma\u00e8-1H2022-def.pdf\">ALANTRA ROADSHOW IN MILAN 04.10.2022<\/a><\/p>\n<\/div>\n<\/div>\n<\/div>\n<\/div>\n<p>[\/vc_column_text][\/vc_column][vc_column width=&#8221;1\/12&#8243; offset=&#8221;vc_col-lg-1 vc_col-md-1 vc_col-xs-1&#8243;][vc_single_image image=&#8221;636&#8243; img_size=&#8221;full&#8221; onclick=&#8221;custom_link&#8221; img_link_target=&#8221;_blank&#8221; link=&#8221;https:\/\/taleagroupspa.com\/wp-content\/uploads\/2022\/10\/Farma\u00e8-1H2022-def.pdf&#8221;][\/vc_column][\/vc_row][vc_row equal_height=&#8221;yes&#8221; content_placement=&#8221;middle&#8221;][vc_column width=&#8221;1\/12&#8243; offset=&#8221;vc_col-lg-1 vc_col-md-1 vc_col-xs-1&#8243;][vc_single_image image=&#8221;634&#8243; img_size=&#8221;full&#8221;][\/vc_column][vc_column width=&#8221;5\/6&#8243; offset=&#8221;vc_col-lg-10 vc_col-md-10 vc_col-xs-10&#8243;][vc_column_text el_class=&#8221;title_governance&#8221;]<\/p>\n<div class=\"page\" title=\"Page 1\">\n<div class=\"section\">\n<div class=\"layoutArea\">\n<div class=\"column\">\n<p style=\"font-weight: 400;\"><a href=\"https:\/\/taleagroupspa.com\/wp-content\/uploads\/2022\/06\/Farma\u00e8-Presentation-Alantra-22.06.2022-def-3.pdf\">ALANTRA ROADSHOW IN MILAN 22.06.2022<\/a><\/p>\n<\/div>\n<\/div>\n<\/div>\n<\/div>\n<p>[\/vc_column_text][\/vc_column][vc_column width=&#8221;1\/12&#8243; offset=&#8221;vc_col-lg-1 vc_col-md-1 vc_col-xs-1&#8243;][vc_single_image image=&#8221;636&#8243; img_size=&#8221;full&#8221; onclick=&#8221;custom_link&#8221; img_link_target=&#8221;_blank&#8221; link=&#8221;https:\/\/taleagroupspa.com\/wp-content\/uploads\/2022\/06\/Farma\u00e8-Presentation-Alantra-22.06.2022-def-3.pdf&#8221;][\/vc_column][\/vc_row][vc_row equal_height=&#8221;yes&#8221; content_placement=&#8221;middle&#8221;][vc_column width=&#8221;1\/12&#8243; offset=&#8221;vc_col-lg-1 vc_col-md-1 vc_col-xs-1&#8243;][vc_single_image image=&#8221;634&#8243; img_size=&#8221;full&#8221;][\/vc_column][vc_column width=&#8221;5\/6&#8243; offset=&#8221;vc_col-lg-10 vc_col-md-10 vc_col-xs-10&#8243;][vc_column_text el_class=&#8221;title_governance&#8221;]<\/p>\n<div class=\"page\" title=\"Page 1\">\n<div class=\"section\">\n<div class=\"layoutArea\">\n<div class=\"column\">\n<p style=\"font-weight: 400;\"><a href=\"https:\/\/taleagroupspa.com\/wp-content\/uploads\/2022\/05\/Farma\u00e8-Presentation-Midcap-12.05.2022-2.pdf\">TP ICAP Midcap Annual Conference 12.05.2022<\/a><\/p>\n<\/div>\n<\/div>\n<\/div>\n<\/div>\n<p>[\/vc_column_text][\/vc_column][vc_column width=&#8221;1\/12&#8243; offset=&#8221;vc_col-lg-1 vc_col-md-1 vc_col-xs-1&#8243;][vc_single_image image=&#8221;636&#8243; img_size=&#8221;full&#8221; onclick=&#8221;custom_link&#8221; img_link_target=&#8221;_blank&#8221; link=&#8221;https:\/\/taleagroupspa.com\/wp-content\/uploads\/2022\/05\/Farma\u00e8-Presentation-Midcap-12.05.2022-2.pdf&#8221;][\/vc_column][\/vc_row][vc_row equal_height=&#8221;yes&#8221; content_placement=&#8221;middle&#8221;][vc_column width=&#8221;1\/12&#8243; offset=&#8221;vc_col-lg-1 vc_col-md-1 vc_col-xs-1&#8243;][vc_single_image image=&#8221;634&#8243; img_size=&#8221;full&#8221;][\/vc_column][vc_column width=&#8221;5\/6&#8243; offset=&#8221;vc_col-lg-10 vc_col-md-10 vc_col-xs-10&#8243;][vc_column_text el_class=&#8221;title_governance&#8221;]<\/p>\n<div class=\"page\" title=\"Page 1\">\n<div class=\"section\">\n<div class=\"layoutArea\">\n<div class=\"column\">\n<p style=\"font-weight: 400;\"><a href=\"https:\/\/taleagroupspa.com\/wp-content\/uploads\/2022\/05\/Farma\u00e8-Presentation-Stifel-Roadshow-02-03.05.2022.pdf\">STIFEL VIRTUAL ROADSHOW 02-03\/05\/2022<\/a><\/p>\n<\/div>\n<\/div>\n<\/div>\n<\/div>\n<p>[\/vc_column_text][\/vc_column][vc_column width=&#8221;1\/12&#8243; offset=&#8221;vc_col-lg-1 vc_col-md-1 vc_col-xs-1&#8243;][vc_single_image image=&#8221;636&#8243; img_size=&#8221;full&#8221; onclick=&#8221;custom_link&#8221; img_link_target=&#8221;_blank&#8221; link=&#8221;https:\/\/taleagroupspa.com\/wp-content\/uploads\/2022\/05\/Farma\u00e8-Presentation-Stifel-Roadshow-02-03.05.2022-2.pdf&#8221;][\/vc_column][\/vc_row][vc_row equal_height=&#8221;yes&#8221; content_placement=&#8221;middle&#8221;][vc_column width=&#8221;1\/12&#8243; offset=&#8221;vc_col-lg-1 vc_col-md-1 vc_col-xs-1&#8243;][vc_single_image image=&#8221;634&#8243; img_size=&#8221;full&#8221;][\/vc_column][vc_column width=&#8221;5\/6&#8243; offset=&#8221;vc_col-lg-10 vc_col-md-10 vc_col-xs-10&#8243;][vc_column_text el_class=&#8221;title_governance&#8221;]<\/p>\n<div class=\"page\" title=\"Page 1\">\n<div class=\"section\">\n<div class=\"layoutArea\">\n<div class=\"column\">\n<p style=\"font-weight: 400;\"><a href=\"https:\/\/taleagroupspa.com\/wp-content\/uploads\/2022\/04\/Farma\u00e8-Presentation-Alantra-Virtual-Roadshow-04.04.2022.pdf\">ALANTRA VIRTUAL ROADSHOW 04\/04\/2022<\/a><\/p>\n<\/div>\n<\/div>\n<\/div>\n<\/div>\n<p>[\/vc_column_text][\/vc_column][vc_column width=&#8221;1\/12&#8243; offset=&#8221;vc_col-lg-1 vc_col-md-1 vc_col-xs-1&#8243;][vc_single_image image=&#8221;636&#8243; img_size=&#8221;full&#8221; onclick=&#8221;custom_link&#8221; img_link_target=&#8221;_blank&#8221; link=&#8221;https:\/\/taleagroupspa.com\/wp-content\/uploads\/2022\/04\/Farma\u00e8-Presentation-Alantra-Virtual-Roadshow-04.04.2022.pdf&#8221;][\/vc_column][\/vc_row][vc_row equal_height=&#8221;yes&#8221; content_placement=&#8221;middle&#8221;][vc_column width=&#8221;1\/12&#8243; offset=&#8221;vc_col-lg-1 vc_col-md-1 vc_col-xs-1&#8243;][vc_single_image image=&#8221;634&#8243; img_size=&#8221;full&#8221;][\/vc_column][vc_column width=&#8221;5\/6&#8243; offset=&#8221;vc_col-lg-10 vc_col-md-10 vc_col-xs-10&#8243;][vc_column_text el_class=&#8221;title_governance&#8221;]<\/p>\n<div class=\"page\" title=\"Page 1\">\n<div class=\"section\">\n<div class=\"layoutArea\">\n<div class=\"column\">\n<p style=\"font-weight: 400;\"><a href=\"https:\/\/taleagroupspa.com\/wp-content\/uploads\/2022\/02\/Farmae\u0300-Presentation-Alantra-Virtual-Roadshow.pdf\">ALANTRA VIRTUAL ROADSHOW 24\/02\/2022<\/a><\/p>\n<\/div>\n<\/div>\n<\/div>\n<\/div>\n<p>[\/vc_column_text][\/vc_column][vc_column width=&#8221;1\/12&#8243; offset=&#8221;vc_col-lg-1 vc_col-md-1 vc_col-xs-1&#8243;][vc_single_image image=&#8221;636&#8243; img_size=&#8221;full&#8221; onclick=&#8221;custom_link&#8221; img_link_target=&#8221;_blank&#8221; link=&#8221;https:\/\/taleagroupspa.com\/wp-content\/uploads\/2022\/02\/Farmae\u0300-Presentation-Alantra-Virtual-Roadshow.pdf&#8221;][\/vc_column][\/vc_row][vc_row equal_height=&#8221;yes&#8221; content_placement=&#8221;middle&#8221;][vc_column width=&#8221;1\/12&#8243; offset=&#8221;vc_col-lg-1 vc_col-md-1 vc_col-xs-1&#8243;][vc_single_image image=&#8221;634&#8243; img_size=&#8221;full&#8221;][\/vc_column][vc_column width=&#8221;5\/6&#8243; offset=&#8221;vc_col-lg-10 vc_col-md-10 vc_col-xs-10&#8243;][vc_column_text el_class=&#8221;title_governance&#8221;]<\/p>\n<div class=\"page\" title=\"Page 1\">\n<div class=\"section\">\n<div class=\"layoutArea\">\n<div class=\"column\">\n<p style=\"font-weight: 400;\"><a href=\"https:\/\/taleagroupspa.com\/wp-content\/uploads\/2022\/01\/Farma\u00e8-Presentation-Stifel-Virtual-Roadshow.pdf\">STIFEL VIRTUAL ROADSHOW 25-26\/01\/2022<\/a><\/p>\n<\/div>\n<\/div>\n<\/div>\n<\/div>\n<p>[\/vc_column_text][\/vc_column][vc_column width=&#8221;1\/12&#8243; offset=&#8221;vc_col-lg-1 vc_col-md-1 vc_col-xs-1&#8243;][vc_single_image image=&#8221;636&#8243; img_size=&#8221;full&#8221; onclick=&#8221;custom_link&#8221; img_link_target=&#8221;_blank&#8221; link=&#8221;https:%2F%2Ftaleagroupspa.com%2Fwp-content%2Fuploads%2F2022%2F01%2FFarma%C3%A8-Presentation-Stifel-Virtual-Roadshow.pdf|&#8221;][\/vc_column][\/vc_row]<\/p>\n<\/section>","protected":false},"excerpt":{"rendered":"<p>[vc_row][vc_column][vc_column_text][\/vc_column_text][\/vc_column][\/vc_row][vc_row equal_height=&#8221;yes&#8221; content_placement=&#8221;middle&#8221;][vc_column width=&#8221;1\/12&#8243; offset=&#8221;vc_col-lg-1 vc_col-md-1 vc_col-xs-1&#8243;][vc_single_image image=&#8221;634&#8243; img_size=&#8221;full&#8221;][\/vc_column][vc_column width=&#8221;5\/6&#8243; offset=&#8221;vc_col-lg-10 vc_col-md-10 vc_col-xs-10&#8243;][vc_column_text el_class=&#8221;title_governance&#8221;] STIFEL VIRTUAL ROADSHOW 16.11.2022 [\/vc_column_text][\/vc_column][vc_column width=&#8221;1\/12&#8243; offset=&#8221;vc_col-lg-1 vc_col-md-1 vc_col-xs-1&#8243;][vc_single_image image=&#8221;636&#8243; img_size=&#8221;full&#8221; onclick=&#8221;custom_link&#8221; img_link_target=&#8221;_blank&#8221; link=&#8221;https:\/\/taleagroupspa.com\/wp-content\/uploads\/2022\/11\/Farma\u00e8-Roadshow-Stifel-16.11.2022-1.pdf&#8221;][\/vc_column][\/vc_row][vc_row equal_height=&#8221;yes&#8221; content_placement=&#8221;middle&#8221;][vc_column width=&#8221;1\/12&#8243; offset=&#8221;vc_col-lg-1 vc_col-md-1 vc_col-xs-1&#8243;][vc_single_image image=&#8221;634&#8243; img_size=&#8221;full&#8221;][\/vc_column][vc_column width=&#8221;5\/6&#8243; offset=&#8221;vc_col-lg-10 vc_col-md-10 vc_col-xs-10&#8243;][vc_column_text el_class=&#8221;title_governance&#8221;] ALANTRA VIRTUAL ROADSHOW 20.10.2022 [\/vc_column_text][\/vc_column][vc_column width=&#8221;1\/12&#8243; offset=&#8221;vc_col-lg-1 vc_col-md-1 vc_col-xs-1&#8243;][vc_single_image image=&#8221;636&#8243; img_size=&#8221;full&#8221; onclick=&#8221;custom_link&#8221; img_link_target=&#8221;_blank&#8221; link=&#8221;https:\/\/taleagroupspa.com\/wp-content\/uploads\/2022\/11\/Farmae\u0300-Alantra-Roadshow-20.10.2022.pdf&#8221;][\/vc_column][\/vc_row][vc_row&hellip;<\/p>\n","protected":false},"author":1,"featured_media":0,"parent":645,"menu_order":0,"comment_status":"closed","ping_status":"closed","template":"page-farmaegroup.php","meta":{"_mi_skip_tracking":false},"yoast_head":"<!-- This site is optimized with the Yoast SEO plugin v20.7 - https:\/\/yoast.com\/wordpress\/plugins\/seo\/ -->\n<title>Presentations 2022 - Talea Group S.p.A<\/title>\n<meta name=\"robots\" content=\"index, follow, max-snippet:-1, max-image-preview:large, max-video-preview:-1\" \/>\n<link rel=\"canonical\" href=\"https:\/\/taleagroupspa.com\/en\/investor-relations\/presentations-2022\/\" \/>\n<meta property=\"og:locale\" content=\"en_US\" \/>\n<meta property=\"og:type\" content=\"article\" \/>\n<meta property=\"og:title\" content=\"Presentations 2022 - Talea Group S.p.A\" \/>\n<meta property=\"og:description\" content=\"[vc_row][vc_column][vc_column_text][\/vc_column_text][\/vc_column][\/vc_row][vc_row equal_height=&#8221;yes&#8221; content_placement=&#8221;middle&#8221;][vc_column width=&#8221;1\/12&#8243; offset=&#8221;vc_col-lg-1 vc_col-md-1 vc_col-xs-1&#8243;][vc_single_image image=&#8221;634&#8243; img_size=&#8221;full&#8221;][\/vc_column][vc_column width=&#8221;5\/6&#8243; offset=&#8221;vc_col-lg-10 vc_col-md-10 vc_col-xs-10&#8243;][vc_column_text el_class=&#8221;title_governance&#8221;] STIFEL VIRTUAL ROADSHOW 16.11.2022 [\/vc_column_text][\/vc_column][vc_column width=&#8221;1\/12&#8243; offset=&#8221;vc_col-lg-1 vc_col-md-1 vc_col-xs-1&#8243;][vc_single_image image=&#8221;636&#8243; img_size=&#8221;full&#8221; onclick=&#8221;custom_link&#8221; img_link_target=&#8221;_blank&#8221; link=&#8221;https:\/\/taleagroupspa.com\/wp-content\/uploads\/2022\/11\/Farma\u00e8-Roadshow-Stifel-16.11.2022-1.pdf&#8221;][\/vc_column][\/vc_row][vc_row equal_height=&#8221;yes&#8221; content_placement=&#8221;middle&#8221;][vc_column width=&#8221;1\/12&#8243; offset=&#8221;vc_col-lg-1 vc_col-md-1 vc_col-xs-1&#8243;][vc_single_image image=&#8221;634&#8243; img_size=&#8221;full&#8221;][\/vc_column][vc_column width=&#8221;5\/6&#8243; offset=&#8221;vc_col-lg-10 vc_col-md-10 vc_col-xs-10&#8243;][vc_column_text el_class=&#8221;title_governance&#8221;] ALANTRA VIRTUAL ROADSHOW 20.10.2022 [\/vc_column_text][\/vc_column][vc_column width=&#8221;1\/12&#8243; offset=&#8221;vc_col-lg-1 vc_col-md-1 vc_col-xs-1&#8243;][vc_single_image image=&#8221;636&#8243; img_size=&#8221;full&#8221; onclick=&#8221;custom_link&#8221; img_link_target=&#8221;_blank&#8221; link=&#8221;https:\/\/taleagroupspa.com\/wp-content\/uploads\/2022\/11\/Farmae\u0300-Alantra-Roadshow-20.10.2022.pdf&#8221;][\/vc_column][\/vc_row][vc_row&hellip;\" \/>\n<meta property=\"og:url\" content=\"https:\/\/taleagroupspa.com\/en\/investor-relations\/presentations-2022\/\" \/>\n<meta property=\"og:site_name\" content=\"Talea Group S.p.A\" \/>\n<meta property=\"article:modified_time\" content=\"2023-02-10T11:41:34+00:00\" \/>\n<meta name=\"twitter:card\" content=\"summary_large_image\" \/>\n<meta name=\"twitter:label1\" content=\"Est. reading time\" \/>\n\t<meta name=\"twitter:data1\" content=\"2 minutes\" \/>\n<script type=\"application\/ld+json\" class=\"yoast-schema-graph\">{\"@context\":\"https:\/\/schema.org\",\"@graph\":[{\"@type\":\"WebPage\",\"@id\":\"https:\/\/taleagroupspa.com\/en\/investor-relations\/presentations-2022\/\",\"url\":\"https:\/\/taleagroupspa.com\/en\/investor-relations\/presentations-2022\/\",\"name\":\"Presentations 2022 - Talea Group S.p.A\",\"isPartOf\":{\"@id\":\"https:\/\/taleagroupspa.com\/en\/#website\"},\"datePublished\":\"2022-01-25T07:42:31+00:00\",\"dateModified\":\"2023-02-10T11:41:34+00:00\",\"breadcrumb\":{\"@id\":\"https:\/\/taleagroupspa.com\/en\/investor-relations\/presentations-2022\/#breadcrumb\"},\"inLanguage\":\"en-US\",\"potentialAction\":[{\"@type\":\"ReadAction\",\"target\":[\"https:\/\/taleagroupspa.com\/en\/investor-relations\/presentations-2022\/\"]}]},{\"@type\":\"BreadcrumbList\",\"@id\":\"https:\/\/taleagroupspa.com\/en\/investor-relations\/presentations-2022\/#breadcrumb\",\"itemListElement\":[{\"@type\":\"ListItem\",\"position\":1,\"name\":\"Home\",\"item\":\"https:\/\/taleagroupspa.com\/en\/\"},{\"@type\":\"ListItem\",\"position\":2,\"name\":\"Investor Relations\",\"item\":\"https:\/\/taleagroupspa.com\/en\/investor-relations\/\"},{\"@type\":\"ListItem\",\"position\":3,\"name\":\"Presentations 2022\"}]},{\"@type\":\"WebSite\",\"@id\":\"https:\/\/taleagroupspa.com\/en\/#website\",\"url\":\"https:\/\/taleagroupspa.com\/en\/\",\"name\":\"Talea Group S.p.A\",\"description\":\"Talea Group S.p.A, societ\u00e0 quotata sul mercato Euronext Growth Milan di Borsa Italiana nata dal rebranding di Farma\u00e8 S.p.A., \u00e8 tra i principali gruppi digitali in Europa nel macrosettore multicanale della Salute, Benessere e Bellezza e nei servizi media e di trasformazione digitale per le imprese.\u00a0\",\"publisher\":{\"@id\":\"https:\/\/taleagroupspa.com\/en\/#organization\"},\"potentialAction\":[{\"@type\":\"SearchAction\",\"target\":{\"@type\":\"EntryPoint\",\"urlTemplate\":\"https:\/\/taleagroupspa.com\/en\/?s={search_term_string}\"},\"query-input\":\"required name=search_term_string\"}],\"inLanguage\":\"en-US\"},{\"@type\":\"Organization\",\"@id\":\"https:\/\/taleagroupspa.com\/en\/#organization\",\"name\":\"Talea Group S.p.A\",\"url\":\"https:\/\/taleagroupspa.com\/en\/\",\"logo\":{\"@type\":\"ImageObject\",\"inLanguage\":\"en-US\",\"@id\":\"https:\/\/taleagroupspa.com\/en\/#\/schema\/logo\/image\/\",\"url\":\"https:\/\/taleagroupspa.com\/wp-content\/uploads\/2022\/09\/logo-dark.svg\",\"contentUrl\":\"https:\/\/taleagroupspa.com\/wp-content\/uploads\/2022\/09\/logo-dark.svg\",\"caption\":\"Talea Group S.p.A\"},\"image\":{\"@id\":\"https:\/\/taleagroupspa.com\/en\/#\/schema\/logo\/image\/\"}}]}<\/script>\n<!-- \/ Yoast SEO plugin. -->","yoast_head_json":{"title":"Presentations 2022 - Talea Group S.p.A","robots":{"index":"index","follow":"follow","max-snippet":"max-snippet:-1","max-image-preview":"max-image-preview:large","max-video-preview":"max-video-preview:-1"},"canonical":"https:\/\/taleagroupspa.com\/en\/investor-relations\/presentations-2022\/","og_locale":"en_US","og_type":"article","og_title":"Presentations 2022 - Talea Group S.p.A","og_description":"[vc_row][vc_column][vc_column_text][\/vc_column_text][\/vc_column][\/vc_row][vc_row equal_height=&#8221;yes&#8221; content_placement=&#8221;middle&#8221;][vc_column width=&#8221;1\/12&#8243; offset=&#8221;vc_col-lg-1 vc_col-md-1 vc_col-xs-1&#8243;][vc_single_image image=&#8221;634&#8243; img_size=&#8221;full&#8221;][\/vc_column][vc_column width=&#8221;5\/6&#8243; offset=&#8221;vc_col-lg-10 vc_col-md-10 vc_col-xs-10&#8243;][vc_column_text el_class=&#8221;title_governance&#8221;] STIFEL VIRTUAL ROADSHOW 16.11.2022 [\/vc_column_text][\/vc_column][vc_column width=&#8221;1\/12&#8243; offset=&#8221;vc_col-lg-1 vc_col-md-1 vc_col-xs-1&#8243;][vc_single_image image=&#8221;636&#8243; img_size=&#8221;full&#8221; onclick=&#8221;custom_link&#8221; img_link_target=&#8221;_blank&#8221; link=&#8221;https:\/\/taleagroupspa.com\/wp-content\/uploads\/2022\/11\/Farma\u00e8-Roadshow-Stifel-16.11.2022-1.pdf&#8221;][\/vc_column][\/vc_row][vc_row equal_height=&#8221;yes&#8221; content_placement=&#8221;middle&#8221;][vc_column width=&#8221;1\/12&#8243; offset=&#8221;vc_col-lg-1 vc_col-md-1 vc_col-xs-1&#8243;][vc_single_image image=&#8221;634&#8243; img_size=&#8221;full&#8221;][\/vc_column][vc_column width=&#8221;5\/6&#8243; offset=&#8221;vc_col-lg-10 vc_col-md-10 vc_col-xs-10&#8243;][vc_column_text el_class=&#8221;title_governance&#8221;] ALANTRA VIRTUAL ROADSHOW 20.10.2022 [\/vc_column_text][\/vc_column][vc_column width=&#8221;1\/12&#8243; offset=&#8221;vc_col-lg-1 vc_col-md-1 vc_col-xs-1&#8243;][vc_single_image image=&#8221;636&#8243; img_size=&#8221;full&#8221; onclick=&#8221;custom_link&#8221; img_link_target=&#8221;_blank&#8221; link=&#8221;https:\/\/taleagroupspa.com\/wp-content\/uploads\/2022\/11\/Farmae\u0300-Alantra-Roadshow-20.10.2022.pdf&#8221;][\/vc_column][\/vc_row][vc_row&hellip;","og_url":"https:\/\/taleagroupspa.com\/en\/investor-relations\/presentations-2022\/","og_site_name":"Talea Group S.p.A","article_modified_time":"2023-02-10T11:41:34+00:00","twitter_card":"summary_large_image","twitter_misc":{"Est. reading time":"2 minutes"},"schema":{"@context":"https:\/\/schema.org","@graph":[{"@type":"WebPage","@id":"https:\/\/taleagroupspa.com\/en\/investor-relations\/presentations-2022\/","url":"https:\/\/taleagroupspa.com\/en\/investor-relations\/presentations-2022\/","name":"Presentations 2022 - Talea Group S.p.A","isPartOf":{"@id":"https:\/\/taleagroupspa.com\/en\/#website"},"datePublished":"2022-01-25T07:42:31+00:00","dateModified":"2023-02-10T11:41:34+00:00","breadcrumb":{"@id":"https:\/\/taleagroupspa.com\/en\/investor-relations\/presentations-2022\/#breadcrumb"},"inLanguage":"en-US","potentialAction":[{"@type":"ReadAction","target":["https:\/\/taleagroupspa.com\/en\/investor-relations\/presentations-2022\/"]}]},{"@type":"BreadcrumbList","@id":"https:\/\/taleagroupspa.com\/en\/investor-relations\/presentations-2022\/#breadcrumb","itemListElement":[{"@type":"ListItem","position":1,"name":"Home","item":"https:\/\/taleagroupspa.com\/en\/"},{"@type":"ListItem","position":2,"name":"Investor Relations","item":"https:\/\/taleagroupspa.com\/en\/investor-relations\/"},{"@type":"ListItem","position":3,"name":"Presentations 2022"}]},{"@type":"WebSite","@id":"https:\/\/taleagroupspa.com\/en\/#website","url":"https:\/\/taleagroupspa.com\/en\/","name":"Talea Group S.p.A","description":"Talea Group S.p.A, societ\u00e0 quotata sul mercato Euronext Growth Milan di Borsa Italiana nata dal rebranding di Farma\u00e8 S.p.A., \u00e8 tra i principali gruppi digitali in Europa nel macrosettore multicanale della Salute, Benessere e Bellezza e nei servizi media e di trasformazione digitale per le imprese.\u00a0","publisher":{"@id":"https:\/\/taleagroupspa.com\/en\/#organization"},"potentialAction":[{"@type":"SearchAction","target":{"@type":"EntryPoint","urlTemplate":"https:\/\/taleagroupspa.com\/en\/?s={search_term_string}"},"query-input":"required name=search_term_string"}],"inLanguage":"en-US"},{"@type":"Organization","@id":"https:\/\/taleagroupspa.com\/en\/#organization","name":"Talea Group S.p.A","url":"https:\/\/taleagroupspa.com\/en\/","logo":{"@type":"ImageObject","inLanguage":"en-US","@id":"https:\/\/taleagroupspa.com\/en\/#\/schema\/logo\/image\/","url":"https:\/\/taleagroupspa.com\/wp-content\/uploads\/2022\/09\/logo-dark.svg","contentUrl":"https:\/\/taleagroupspa.com\/wp-content\/uploads\/2022\/09\/logo-dark.svg","caption":"Talea Group S.p.A"},"image":{"@id":"https:\/\/taleagroupspa.com\/en\/#\/schema\/logo\/image\/"}}]}},"_links":{"self":[{"href":"https:\/\/taleagroupspa.com\/en\/wp-json\/wp\/v2\/pages\/1904"}],"collection":[{"href":"https:\/\/taleagroupspa.com\/en\/wp-json\/wp\/v2\/pages"}],"about":[{"href":"https:\/\/taleagroupspa.com\/en\/wp-json\/wp\/v2\/types\/page"}],"author":[{"embeddable":true,"href":"https:\/\/taleagroupspa.com\/en\/wp-json\/wp\/v2\/users\/1"}],"replies":[{"embeddable":true,"href":"https:\/\/taleagroupspa.com\/en\/wp-json\/wp\/v2\/comments?post=1904"}],"version-history":[{"count":21,"href":"https:\/\/taleagroupspa.com\/en\/wp-json\/wp\/v2\/pages\/1904\/revisions"}],"predecessor-version":[{"id":2292,"href":"https:\/\/taleagroupspa.com\/en\/wp-json\/wp\/v2\/pages\/1904\/revisions\/2292"}],"up":[{"embeddable":true,"href":"https:\/\/taleagroupspa.com\/en\/wp-json\/wp\/v2\/pages\/645"}],"wp:attachment":[{"href":"https:\/\/taleagroupspa.com\/en\/wp-json\/wp\/v2\/media?parent=1904"}],"curies":[{"name":"wp","href":"https:\/\/api.w.org\/{rel}","templated":true}]}}