{"id":2308,"date":"2022-05-12T14:16:41","date_gmt":"2022-05-12T12:16:41","guid":{"rendered":"https:\/\/www.taleaspa.com\/?page_id=2308"},"modified":"2023-04-27T16:43:36","modified_gmt":"2023-04-27T14:43:36","slug":"assemblea-degli-azionisti-del-29-aprile-2022","status":"publish","type":"page","link":"https:\/\/taleagroupspa.com\/en\/governance\/shareholders-meeting-2022\/assemblea-degli-azionisti-del-29-aprile-2022\/","title":{"rendered":"Shareholders&#8217; meeting of 29 April 2022 (available only in Italian)"},"content":{"rendered":"<section class=\"wpb-content-wrapper\"><p>[vc_row][vc_column][vc_column_text]<div class=\"update-time\">Last update: 27 February 2026<\/div>[\/vc_column_text][\/vc_column][\/vc_row][vc_row][vc_column el_class=&#8221;titolo_sezione&#8221;][vc_column_text]Shareholders&#8217; meeting of 29 April 2022 (available only in Italian)[\/vc_column_text][\/vc_column][\/vc_row][vc_row equal_height=&#8221;yes&#8221; content_placement=&#8221;middle&#8221;][vc_column width=&#8221;1\/12&#8243; offset=&#8221;vc_col-lg-1 vc_col-md-1 vc_col-xs-1&#8243;][vc_single_image image=&#8221;634&#8243; img_size=&#8221;full&#8221;][\/vc_column][vc_column width=&#8221;5\/6&#8243; offset=&#8221;vc_col-lg-10 vc_col-md-10 vc_col-xs-10&#8243;][vc_column_text el_class=&#8221;title_governance&#8221;]<a href=\"https:\/\/taleagroupspa.com\/wp-content\/uploads\/2022\/04\/Avviso-di-convocazione-integrale-ENG.pdf\">Avviso di convocazione integrale<\/a>[\/vc_column_text][\/vc_column][vc_column width=&#8221;1\/12&#8243; offset=&#8221;vc_col-lg-1 vc_col-md-1 vc_col-xs-1&#8243;][vc_single_image image=&#8221;636&#8243; img_size=&#8221;full&#8221; onclick=&#8221;custom_link&#8221; img_link_target=&#8221;_blank&#8221; link=&#8221;https:\/\/taleagroupspa.com\/wp-content\/uploads\/2022\/04\/Avviso-di-convocazione-integrale-ENG.pdf&#8221;][\/vc_column][\/vc_row][vc_row equal_height=&#8221;yes&#8221; content_placement=&#8221;middle&#8221;][vc_column width=&#8221;1\/12&#8243; offset=&#8221;vc_col-lg-1 vc_col-md-1 vc_col-xs-1&#8243;][vc_single_image image=&#8221;634&#8243; img_size=&#8221;full&#8221;][\/vc_column][vc_column width=&#8221;5\/6&#8243; offset=&#8221;vc_col-lg-10 vc_col-md-10 vc_col-xs-10&#8243;][vc_column_text el_class=&#8221;title_governance&#8221;]<a href=\"https:\/\/taleagroupspa.com\/wp-content\/uploads\/2022\/04\/Pedersoli_M2203880701Avviso-di-convocazione-estratto.pdf\">Avviso di convocazione per estratto<\/a>[\/vc_column_text][\/vc_column][vc_column width=&#8221;1\/12&#8243; offset=&#8221;vc_col-lg-1 vc_col-md-1 vc_col-xs-1&#8243;][vc_single_image image=&#8221;636&#8243; img_size=&#8221;full&#8221; onclick=&#8221;custom_link&#8221; img_link_target=&#8221;_blank&#8221; link=&#8221;https:\/\/taleagroupspa.com\/wp-content\/uploads\/2022\/04\/Pedersoli_M2203880701Avviso-di-convocazione-estratto.pdf&#8221;][\/vc_column][\/vc_row][vc_row equal_height=&#8221;yes&#8221; content_placement=&#8221;middle&#8221;][vc_column width=&#8221;1\/12&#8243; offset=&#8221;vc_col-lg-1 vc_col-md-1 vc_col-xs-1&#8243;][vc_single_image image=&#8221;634&#8243; img_size=&#8221;full&#8221;][\/vc_column][vc_column width=&#8221;5\/6&#8243; offset=&#8221;vc_col-lg-10 vc_col-md-10 vc_col-xs-10&#8243;][vc_column_text el_class=&#8221;title_governance&#8221;]<a href=\"https:\/\/taleagroupspa.com\/wp-content\/uploads\/2022\/04\/Relazione-illustrativa-CDA.pdf\">Relazione illustrativa del CdA di Farma\u00e8 SpA<\/a>[\/vc_column_text][\/vc_column][vc_column width=&#8221;1\/12&#8243; offset=&#8221;vc_col-lg-1 vc_col-md-1 vc_col-xs-1&#8243;][vc_single_image image=&#8221;636&#8243; img_size=&#8221;full&#8221; onclick=&#8221;custom_link&#8221; img_link_target=&#8221;_blank&#8221; link=&#8221;https:\/\/taleagroupspa.com\/wp-content\/uploads\/2022\/04\/Relazione-illustrativa-CDA.pdf&#8221;][\/vc_column][\/vc_row][vc_row equal_height=&#8221;yes&#8221; content_placement=&#8221;middle&#8221;][vc_column width=&#8221;1\/12&#8243; offset=&#8221;vc_col-lg-1 vc_col-md-1 vc_col-xs-1&#8243;][vc_single_image image=&#8221;634&#8243; img_size=&#8221;full&#8221;][\/vc_column][vc_column width=&#8221;5\/6&#8243; offset=&#8221;vc_col-lg-10 vc_col-md-10 vc_col-xs-10&#8243;][vc_column_text el_class=&#8221;title_governance&#8221;]<a href=\"https:\/\/taleagroupspa.com\/wp-content\/uploads\/2022\/04\/Pedersoli_M2204150101Lista-n.-1-per-la-nomina-del-Consiglio-di-Amminist.pdf\">Lista n. 1 per la nomina del Consiglio di Amministrazione presentata da RIAC Holding S.r.l.<\/a>[\/vc_column_text][\/vc_column][vc_column width=&#8221;1\/12&#8243; offset=&#8221;vc_col-lg-1 vc_col-md-1 vc_col-xs-1&#8243;][vc_single_image image=&#8221;636&#8243; img_size=&#8221;full&#8221; onclick=&#8221;custom_link&#8221; img_link_target=&#8221;_blank&#8221; link=&#8221;https:\/\/taleagroupspa.com\/wp-content\/uploads\/2022\/04\/Pedersoli_M2204150101Lista-n.-1-per-la-nomina-del-Consiglio-di-Amminist.pdf&#8221;][\/vc_column][\/vc_row][vc_row equal_height=&#8221;yes&#8221; content_placement=&#8221;middle&#8221;][vc_column width=&#8221;1\/12&#8243; offset=&#8221;vc_col-lg-1 vc_col-md-1 vc_col-xs-1&#8243;][vc_single_image image=&#8221;634&#8243; img_size=&#8221;full&#8221;][\/vc_column][vc_column width=&#8221;5\/6&#8243; offset=&#8221;vc_col-lg-10 vc_col-md-10 vc_col-xs-10&#8243;][vc_column_text el_class=&#8221;title_governance&#8221;]<a href=\"https:\/\/taleagroupspa.com\/wp-content\/uploads\/2022\/04\/Pedersoli_M2204150001Proposte-di-delibera-di-RIAC-Holding-S.r.l.-relati.pdf\">Proposte di delibera di RIAC Holding S.r.l. relative alla nomina del Consiglio di Amministrazione<\/a>[\/vc_column_text][\/vc_column][vc_column width=&#8221;1\/12&#8243; offset=&#8221;vc_col-lg-1 vc_col-md-1 vc_col-xs-1&#8243;][vc_single_image image=&#8221;636&#8243; img_size=&#8221;full&#8221; onclick=&#8221;custom_link&#8221; img_link_target=&#8221;_blank&#8221; link=&#8221;https:\/\/taleagroupspa.com\/wp-content\/uploads\/2022\/04\/Pedersoli_M2204150001Proposte-di-delibera-di-RIAC-Holding-S.r.l.-relati.pdf&#8221;][\/vc_column][\/vc_row][vc_row equal_height=&#8221;yes&#8221; content_placement=&#8221;middle&#8221;][vc_column width=&#8221;1\/12&#8243; offset=&#8221;vc_col-lg-1 vc_col-md-1 vc_col-xs-1&#8243;][vc_single_image image=&#8221;634&#8243; img_size=&#8221;full&#8221;][\/vc_column][vc_column width=&#8221;5\/6&#8243; offset=&#8221;vc_col-lg-10 vc_col-md-10 vc_col-xs-10&#8243;][vc_column_text el_class=&#8221;title_governance&#8221;]<a href=\"https:\/\/taleagroupspa.com\/wp-content\/uploads\/2019\/07\/Regolamento_assembleare.pdf\">Regolamento Assembleare<\/a>[\/vc_column_text][\/vc_column][vc_column width=&#8221;1\/12&#8243; offset=&#8221;vc_col-lg-1 vc_col-md-1 vc_col-xs-1&#8243;][vc_single_image image=&#8221;636&#8243; img_size=&#8221;full&#8221; onclick=&#8221;custom_link&#8221; img_link_target=&#8221;_blank&#8221; link=&#8221;https:\/\/taleagroupspa.com\/wp-content\/uploads\/2019\/07\/Regolamento_assembleare.pdf&#8221;][\/vc_column][\/vc_row][vc_row equal_height=&#8221;yes&#8221; content_placement=&#8221;middle&#8221;][vc_column width=&#8221;1\/12&#8243; offset=&#8221;vc_col-lg-1 vc_col-md-1 vc_col-xs-1&#8243;][vc_single_image image=&#8221;634&#8243; img_size=&#8221;full&#8221;][\/vc_column][vc_column width=&#8221;5\/6&#8243; offset=&#8221;vc_col-lg-10 vc_col-md-10 vc_col-xs-10&#8243;][vc_column_text el_class=&#8221;title_governance&#8221;]<a href=\"https:\/\/taleagroupspa.com\/wp-content\/uploads\/2022\/04\/Pedersoli_M2204013501220407_Farma\u00e8_Delega-ex-art.-135-novies.pdf\">Modulo di delega\/subdelega al Rappresentante Designato ex art. 135-novies TUF<\/a>[\/vc_column_text][\/vc_column][vc_column width=&#8221;1\/12&#8243; offset=&#8221;vc_col-lg-1 vc_col-md-1 vc_col-xs-1&#8243;][vc_single_image image=&#8221;636&#8243; img_size=&#8221;full&#8221; onclick=&#8221;custom_link&#8221; img_link_target=&#8221;_blank&#8221; link=&#8221;https:\/\/taleagroupspa.com\/wp-content\/uploads\/2022\/04\/Pedersoli_M2204013501220407_Farma\u00e8_Delega-ex-art.-135-novies-1.pdf&#8221;][\/vc_column][\/vc_row][vc_row equal_height=&#8221;yes&#8221; content_placement=&#8221;middle&#8221;][vc_column width=&#8221;1\/12&#8243; offset=&#8221;vc_col-lg-1 vc_col-md-1 vc_col-xs-1&#8243;][vc_single_image image=&#8221;634&#8243; img_size=&#8221;full&#8221;][\/vc_column][vc_column width=&#8221;5\/6&#8243; offset=&#8221;vc_col-lg-10 vc_col-md-10 vc_col-xs-10&#8243;][vc_column_text el_class=&#8221;title_governance&#8221;]<a href=\"https:\/\/taleagroupspa.com\/wp-content\/uploads\/2022\/04\/Pedersoli_M2204013601220407_Farma\u00e8_Delega-ex-art.-135-undecies.pdf\">Modulo di delega al Rappresentante Designato ex art. 135-undecies TUF<\/a>[\/vc_column_text][\/vc_column][vc_column width=&#8221;1\/12&#8243; offset=&#8221;vc_col-lg-1 vc_col-md-1 vc_col-xs-1&#8243;][vc_single_image image=&#8221;636&#8243; img_size=&#8221;full&#8221; onclick=&#8221;custom_link&#8221; img_link_target=&#8221;_blank&#8221; link=&#8221;https:\/\/taleagroupspa.com\/wp-content\/uploads\/2022\/04\/Pedersoli_M2204013601220407_Farma\u00e8_Delega-ex-art.-135-undecies.pdf&#8221;][\/vc_column][\/vc_row][vc_row equal_height=&#8221;yes&#8221; content_placement=&#8221;middle&#8221;][vc_column width=&#8221;1\/12&#8243; offset=&#8221;vc_col-lg-1 vc_col-md-1 vc_col-xs-1&#8243;][vc_single_image image=&#8221;634&#8243; img_size=&#8221;full&#8221;][\/vc_column][vc_column width=&#8221;5\/6&#8243; offset=&#8221;vc_col-lg-10 vc_col-md-10 vc_col-xs-10&#8243;][vc_column_text el_class=&#8221;title_governance&#8221;]<a href=\"https:\/\/taleagroupspa.com\/wp-content\/uploads\/2022\/05\/86192-1.pdf\">Verbale di Assemblea 29.04.2022<\/a>[\/vc_column_text][\/vc_column][vc_column width=&#8221;1\/12&#8243; offset=&#8221;vc_col-lg-1 vc_col-md-1 vc_col-xs-1&#8243;][vc_single_image image=&#8221;636&#8243; img_size=&#8221;full&#8221; onclick=&#8221;custom_link&#8221; img_link_target=&#8221;_blank&#8221; link=&#8221;https:\/\/taleagroupspa.com\/wp-content\/uploads\/2022\/05\/86192-1.pdf&#8221;][\/vc_column][\/vc_row][vc_row equal_height=&#8221;yes&#8221; content_placement=&#8221;middle&#8221;][vc_column width=&#8221;1\/12&#8243; offset=&#8221;vc_col-lg-1 vc_col-md-1 vc_col-xs-1&#8243;][vc_single_image image=&#8221;634&#8243; img_size=&#8221;full&#8221;][\/vc_column][vc_column width=&#8221;5\/6&#8243; offset=&#8221;vc_col-lg-10 vc_col-md-10 vc_col-xs-10&#8243;][vc_column_text el_class=&#8221;title_governance&#8221;]<a href=\"https:\/\/taleagroupspa.com\/wp-content\/uploads\/2022\/05\/FARMA\u00e8Report_Votazioni2022_04_29_.pdf\">Rendiconto sintetico delle votazioni<\/a>[\/vc_column_text][\/vc_column][vc_column width=&#8221;1\/12&#8243; offset=&#8221;vc_col-lg-1 vc_col-md-1 vc_col-xs-1&#8243;][vc_single_image image=&#8221;636&#8243; img_size=&#8221;full&#8221; onclick=&#8221;custom_link&#8221; img_link_target=&#8221;_blank&#8221; link=&#8221;https:\/\/taleagroupspa.com\/wp-content\/uploads\/2022\/05\/FARMA%C3%A8Report_Votazioni2022_04_29_.pdf&#8221;][\/vc_column][\/vc_row]<\/p>\n<\/section>","protected":false},"excerpt":{"rendered":"<p>[vc_row][vc_column][vc_column_text][\/vc_column_text][\/vc_column][\/vc_row][vc_row][vc_column el_class=&#8221;titolo_sezione&#8221;][vc_column_text]Shareholders&#8217; meeting of 29 April 2022 (available only in Italian)[\/vc_column_text][\/vc_column][\/vc_row][vc_row equal_height=&#8221;yes&#8221; content_placement=&#8221;middle&#8221;][vc_column width=&#8221;1\/12&#8243; offset=&#8221;vc_col-lg-1 vc_col-md-1 vc_col-xs-1&#8243;][vc_single_image image=&#8221;634&#8243; img_size=&#8221;full&#8221;][\/vc_column][vc_column width=&#8221;5\/6&#8243; offset=&#8221;vc_col-lg-10 vc_col-md-10 vc_col-xs-10&#8243;][vc_column_text el_class=&#8221;title_governance&#8221;]Avviso di convocazione integrale[\/vc_column_text][\/vc_column][vc_column width=&#8221;1\/12&#8243; offset=&#8221;vc_col-lg-1 vc_col-md-1 vc_col-xs-1&#8243;][vc_single_image image=&#8221;636&#8243; img_size=&#8221;full&#8221; onclick=&#8221;custom_link&#8221; img_link_target=&#8221;_blank&#8221; link=&#8221;https:\/\/taleagroupspa.com\/wp-content\/uploads\/2022\/04\/Avviso-di-convocazione-integrale-ENG.pdf&#8221;][\/vc_column][\/vc_row][vc_row equal_height=&#8221;yes&#8221; content_placement=&#8221;middle&#8221;][vc_column width=&#8221;1\/12&#8243; offset=&#8221;vc_col-lg-1 vc_col-md-1 vc_col-xs-1&#8243;][vc_single_image image=&#8221;634&#8243; img_size=&#8221;full&#8221;][\/vc_column][vc_column width=&#8221;5\/6&#8243; offset=&#8221;vc_col-lg-10 vc_col-md-10 vc_col-xs-10&#8243;][vc_column_text el_class=&#8221;title_governance&#8221;]Avviso di convocazione per estratto[\/vc_column_text][\/vc_column][vc_column width=&#8221;1\/12&#8243; offset=&#8221;vc_col-lg-1&hellip;<\/p>\n","protected":false},"author":4,"featured_media":0,"parent":2120,"menu_order":0,"comment_status":"closed","ping_status":"closed","template":"page-farmaegroup.php","meta":{"_mi_skip_tracking":false},"yoast_head":"<!-- This site is optimized with the Yoast SEO plugin v20.7 - https:\/\/yoast.com\/wordpress\/plugins\/seo\/ -->\n<title>Shareholders&#039; meeting of 29 April 2022 (available only in Italian) - Talea Group S.p.A<\/title>\n<meta name=\"robots\" content=\"index, follow, max-snippet:-1, max-image-preview:large, max-video-preview:-1\" \/>\n<link rel=\"canonical\" href=\"https:\/\/taleagroupspa.com\/en\/governance\/shareholders-meeting-2022\/assemblea-degli-azionisti-del-29-aprile-2022\/\" \/>\n<meta property=\"og:locale\" content=\"en_US\" \/>\n<meta property=\"og:type\" content=\"article\" \/>\n<meta property=\"og:title\" content=\"Shareholders&#039; meeting of 29 April 2022 (available only in Italian) - Talea Group S.p.A\" \/>\n<meta property=\"og:description\" content=\"[vc_row][vc_column][vc_column_text][\/vc_column_text][\/vc_column][\/vc_row][vc_row][vc_column el_class=&#8221;titolo_sezione&#8221;][vc_column_text]Shareholders&#8217; meeting of 29 April 2022 (available only in Italian)[\/vc_column_text][\/vc_column][\/vc_row][vc_row equal_height=&#8221;yes&#8221; content_placement=&#8221;middle&#8221;][vc_column width=&#8221;1\/12&#8243; offset=&#8221;vc_col-lg-1 vc_col-md-1 vc_col-xs-1&#8243;][vc_single_image image=&#8221;634&#8243; img_size=&#8221;full&#8221;][\/vc_column][vc_column width=&#8221;5\/6&#8243; offset=&#8221;vc_col-lg-10 vc_col-md-10 vc_col-xs-10&#8243;][vc_column_text el_class=&#8221;title_governance&#8221;]Avviso di convocazione integrale[\/vc_column_text][\/vc_column][vc_column width=&#8221;1\/12&#8243; offset=&#8221;vc_col-lg-1 vc_col-md-1 vc_col-xs-1&#8243;][vc_single_image image=&#8221;636&#8243; img_size=&#8221;full&#8221; onclick=&#8221;custom_link&#8221; img_link_target=&#8221;_blank&#8221; link=&#8221;https:\/\/taleagroupspa.com\/wp-content\/uploads\/2022\/04\/Avviso-di-convocazione-integrale-ENG.pdf&#8221;][\/vc_column][\/vc_row][vc_row equal_height=&#8221;yes&#8221; content_placement=&#8221;middle&#8221;][vc_column width=&#8221;1\/12&#8243; offset=&#8221;vc_col-lg-1 vc_col-md-1 vc_col-xs-1&#8243;][vc_single_image image=&#8221;634&#8243; img_size=&#8221;full&#8221;][\/vc_column][vc_column width=&#8221;5\/6&#8243; offset=&#8221;vc_col-lg-10 vc_col-md-10 vc_col-xs-10&#8243;][vc_column_text el_class=&#8221;title_governance&#8221;]Avviso di convocazione per estratto[\/vc_column_text][\/vc_column][vc_column width=&#8221;1\/12&#8243; offset=&#8221;vc_col-lg-1&hellip;\" \/>\n<meta property=\"og:url\" content=\"https:\/\/taleagroupspa.com\/en\/governance\/shareholders-meeting-2022\/assemblea-degli-azionisti-del-29-aprile-2022\/\" \/>\n<meta property=\"og:site_name\" content=\"Talea Group S.p.A\" \/>\n<meta property=\"article:modified_time\" content=\"2023-04-27T14:43:36+00:00\" \/>\n<meta name=\"twitter:card\" content=\"summary_large_image\" \/>\n<meta name=\"twitter:label1\" content=\"Est. reading time\" \/>\n\t<meta name=\"twitter:data1\" content=\"2 minutes\" \/>\n<script type=\"application\/ld+json\" class=\"yoast-schema-graph\">{\"@context\":\"https:\/\/schema.org\",\"@graph\":[{\"@type\":\"WebPage\",\"@id\":\"https:\/\/taleagroupspa.com\/en\/governance\/shareholders-meeting-2022\/assemblea-degli-azionisti-del-29-aprile-2022\/\",\"url\":\"https:\/\/taleagroupspa.com\/en\/governance\/shareholders-meeting-2022\/assemblea-degli-azionisti-del-29-aprile-2022\/\",\"name\":\"Shareholders' meeting of 29 April 2022 (available only in Italian) - Talea Group S.p.A\",\"isPartOf\":{\"@id\":\"https:\/\/taleagroupspa.com\/en\/#website\"},\"datePublished\":\"2022-05-12T12:16:41+00:00\",\"dateModified\":\"2023-04-27T14:43:36+00:00\",\"breadcrumb\":{\"@id\":\"https:\/\/taleagroupspa.com\/en\/governance\/shareholders-meeting-2022\/assemblea-degli-azionisti-del-29-aprile-2022\/#breadcrumb\"},\"inLanguage\":\"en-US\",\"potentialAction\":[{\"@type\":\"ReadAction\",\"target\":[\"https:\/\/taleagroupspa.com\/en\/governance\/shareholders-meeting-2022\/assemblea-degli-azionisti-del-29-aprile-2022\/\"]}]},{\"@type\":\"BreadcrumbList\",\"@id\":\"https:\/\/taleagroupspa.com\/en\/governance\/shareholders-meeting-2022\/assemblea-degli-azionisti-del-29-aprile-2022\/#breadcrumb\",\"itemListElement\":[{\"@type\":\"ListItem\",\"position\":1,\"name\":\"Home\",\"item\":\"https:\/\/taleagroupspa.com\/en\/\"},{\"@type\":\"ListItem\",\"position\":2,\"name\":\"Governance\",\"item\":\"https:\/\/taleagroupspa.com\/en\/governance\/\"},{\"@type\":\"ListItem\",\"position\":3,\"name\":\"SHAREHOLDERS\u2019 MEETING 2022\",\"item\":\"https:\/\/taleagroupspa.com\/en\/governance\/shareholders-meeting-2022\/\"},{\"@type\":\"ListItem\",\"position\":4,\"name\":\"Shareholders&#8217; meeting of 29 April 2022 (available only in Italian)\"}]},{\"@type\":\"WebSite\",\"@id\":\"https:\/\/taleagroupspa.com\/en\/#website\",\"url\":\"https:\/\/taleagroupspa.com\/en\/\",\"name\":\"Talea Group S.p.A\",\"description\":\"Talea Group S.p.A, societ\u00e0 quotata sul mercato Euronext Growth Milan di Borsa Italiana nata dal rebranding di Farma\u00e8 S.p.A., \u00e8 tra i principali gruppi digitali in Europa nel macrosettore multicanale della Salute, Benessere e Bellezza e nei servizi media e di trasformazione digitale per le imprese.\u00a0\",\"publisher\":{\"@id\":\"https:\/\/taleagroupspa.com\/en\/#organization\"},\"potentialAction\":[{\"@type\":\"SearchAction\",\"target\":{\"@type\":\"EntryPoint\",\"urlTemplate\":\"https:\/\/taleagroupspa.com\/en\/?s={search_term_string}\"},\"query-input\":\"required name=search_term_string\"}],\"inLanguage\":\"en-US\"},{\"@type\":\"Organization\",\"@id\":\"https:\/\/taleagroupspa.com\/en\/#organization\",\"name\":\"Talea Group S.p.A\",\"url\":\"https:\/\/taleagroupspa.com\/en\/\",\"logo\":{\"@type\":\"ImageObject\",\"inLanguage\":\"en-US\",\"@id\":\"https:\/\/taleagroupspa.com\/en\/#\/schema\/logo\/image\/\",\"url\":\"https:\/\/taleagroupspa.com\/wp-content\/uploads\/2022\/09\/logo-dark.svg\",\"contentUrl\":\"https:\/\/taleagroupspa.com\/wp-content\/uploads\/2022\/09\/logo-dark.svg\",\"caption\":\"Talea Group S.p.A\"},\"image\":{\"@id\":\"https:\/\/taleagroupspa.com\/en\/#\/schema\/logo\/image\/\"}}]}<\/script>\n<!-- \/ Yoast SEO plugin. -->","yoast_head_json":{"title":"Shareholders' meeting of 29 April 2022 (available only in Italian) - Talea Group S.p.A","robots":{"index":"index","follow":"follow","max-snippet":"max-snippet:-1","max-image-preview":"max-image-preview:large","max-video-preview":"max-video-preview:-1"},"canonical":"https:\/\/taleagroupspa.com\/en\/governance\/shareholders-meeting-2022\/assemblea-degli-azionisti-del-29-aprile-2022\/","og_locale":"en_US","og_type":"article","og_title":"Shareholders' meeting of 29 April 2022 (available only in Italian) - Talea Group S.p.A","og_description":"[vc_row][vc_column][vc_column_text][\/vc_column_text][\/vc_column][\/vc_row][vc_row][vc_column el_class=&#8221;titolo_sezione&#8221;][vc_column_text]Shareholders&#8217; meeting of 29 April 2022 (available only in Italian)[\/vc_column_text][\/vc_column][\/vc_row][vc_row equal_height=&#8221;yes&#8221; content_placement=&#8221;middle&#8221;][vc_column width=&#8221;1\/12&#8243; offset=&#8221;vc_col-lg-1 vc_col-md-1 vc_col-xs-1&#8243;][vc_single_image image=&#8221;634&#8243; img_size=&#8221;full&#8221;][\/vc_column][vc_column width=&#8221;5\/6&#8243; offset=&#8221;vc_col-lg-10 vc_col-md-10 vc_col-xs-10&#8243;][vc_column_text el_class=&#8221;title_governance&#8221;]Avviso di convocazione integrale[\/vc_column_text][\/vc_column][vc_column width=&#8221;1\/12&#8243; offset=&#8221;vc_col-lg-1 vc_col-md-1 vc_col-xs-1&#8243;][vc_single_image image=&#8221;636&#8243; img_size=&#8221;full&#8221; onclick=&#8221;custom_link&#8221; img_link_target=&#8221;_blank&#8221; link=&#8221;https:\/\/taleagroupspa.com\/wp-content\/uploads\/2022\/04\/Avviso-di-convocazione-integrale-ENG.pdf&#8221;][\/vc_column][\/vc_row][vc_row equal_height=&#8221;yes&#8221; content_placement=&#8221;middle&#8221;][vc_column width=&#8221;1\/12&#8243; offset=&#8221;vc_col-lg-1 vc_col-md-1 vc_col-xs-1&#8243;][vc_single_image image=&#8221;634&#8243; img_size=&#8221;full&#8221;][\/vc_column][vc_column width=&#8221;5\/6&#8243; offset=&#8221;vc_col-lg-10 vc_col-md-10 vc_col-xs-10&#8243;][vc_column_text el_class=&#8221;title_governance&#8221;]Avviso di convocazione per estratto[\/vc_column_text][\/vc_column][vc_column width=&#8221;1\/12&#8243; offset=&#8221;vc_col-lg-1&hellip;","og_url":"https:\/\/taleagroupspa.com\/en\/governance\/shareholders-meeting-2022\/assemblea-degli-azionisti-del-29-aprile-2022\/","og_site_name":"Talea Group S.p.A","article_modified_time":"2023-04-27T14:43:36+00:00","twitter_card":"summary_large_image","twitter_misc":{"Est. reading time":"2 minutes"},"schema":{"@context":"https:\/\/schema.org","@graph":[{"@type":"WebPage","@id":"https:\/\/taleagroupspa.com\/en\/governance\/shareholders-meeting-2022\/assemblea-degli-azionisti-del-29-aprile-2022\/","url":"https:\/\/taleagroupspa.com\/en\/governance\/shareholders-meeting-2022\/assemblea-degli-azionisti-del-29-aprile-2022\/","name":"Shareholders' meeting of 29 April 2022 (available only in Italian) - Talea Group S.p.A","isPartOf":{"@id":"https:\/\/taleagroupspa.com\/en\/#website"},"datePublished":"2022-05-12T12:16:41+00:00","dateModified":"2023-04-27T14:43:36+00:00","breadcrumb":{"@id":"https:\/\/taleagroupspa.com\/en\/governance\/shareholders-meeting-2022\/assemblea-degli-azionisti-del-29-aprile-2022\/#breadcrumb"},"inLanguage":"en-US","potentialAction":[{"@type":"ReadAction","target":["https:\/\/taleagroupspa.com\/en\/governance\/shareholders-meeting-2022\/assemblea-degli-azionisti-del-29-aprile-2022\/"]}]},{"@type":"BreadcrumbList","@id":"https:\/\/taleagroupspa.com\/en\/governance\/shareholders-meeting-2022\/assemblea-degli-azionisti-del-29-aprile-2022\/#breadcrumb","itemListElement":[{"@type":"ListItem","position":1,"name":"Home","item":"https:\/\/taleagroupspa.com\/en\/"},{"@type":"ListItem","position":2,"name":"Governance","item":"https:\/\/taleagroupspa.com\/en\/governance\/"},{"@type":"ListItem","position":3,"name":"SHAREHOLDERS\u2019 MEETING 2022","item":"https:\/\/taleagroupspa.com\/en\/governance\/shareholders-meeting-2022\/"},{"@type":"ListItem","position":4,"name":"Shareholders&#8217; meeting of 29 April 2022 (available only in Italian)"}]},{"@type":"WebSite","@id":"https:\/\/taleagroupspa.com\/en\/#website","url":"https:\/\/taleagroupspa.com\/en\/","name":"Talea Group S.p.A","description":"Talea Group S.p.A, societ\u00e0 quotata sul mercato Euronext Growth Milan di Borsa Italiana nata dal rebranding di Farma\u00e8 S.p.A., \u00e8 tra i principali gruppi digitali in Europa nel macrosettore multicanale della Salute, Benessere e Bellezza e nei servizi media e di trasformazione digitale per le imprese.\u00a0","publisher":{"@id":"https:\/\/taleagroupspa.com\/en\/#organization"},"potentialAction":[{"@type":"SearchAction","target":{"@type":"EntryPoint","urlTemplate":"https:\/\/taleagroupspa.com\/en\/?s={search_term_string}"},"query-input":"required name=search_term_string"}],"inLanguage":"en-US"},{"@type":"Organization","@id":"https:\/\/taleagroupspa.com\/en\/#organization","name":"Talea Group S.p.A","url":"https:\/\/taleagroupspa.com\/en\/","logo":{"@type":"ImageObject","inLanguage":"en-US","@id":"https:\/\/taleagroupspa.com\/en\/#\/schema\/logo\/image\/","url":"https:\/\/taleagroupspa.com\/wp-content\/uploads\/2022\/09\/logo-dark.svg","contentUrl":"https:\/\/taleagroupspa.com\/wp-content\/uploads\/2022\/09\/logo-dark.svg","caption":"Talea Group S.p.A"},"image":{"@id":"https:\/\/taleagroupspa.com\/en\/#\/schema\/logo\/image\/"}}]}},"_links":{"self":[{"href":"https:\/\/taleagroupspa.com\/en\/wp-json\/wp\/v2\/pages\/2308"}],"collection":[{"href":"https:\/\/taleagroupspa.com\/en\/wp-json\/wp\/v2\/pages"}],"about":[{"href":"https:\/\/taleagroupspa.com\/en\/wp-json\/wp\/v2\/types\/page"}],"author":[{"embeddable":true,"href":"https:\/\/taleagroupspa.com\/en\/wp-json\/wp\/v2\/users\/4"}],"replies":[{"embeddable":true,"href":"https:\/\/taleagroupspa.com\/en\/wp-json\/wp\/v2\/comments?post=2308"}],"version-history":[{"count":11,"href":"https:\/\/taleagroupspa.com\/en\/wp-json\/wp\/v2\/pages\/2308\/revisions"}],"predecessor-version":[{"id":11654,"href":"https:\/\/taleagroupspa.com\/en\/wp-json\/wp\/v2\/pages\/2308\/revisions\/11654"}],"up":[{"embeddable":true,"href":"https:\/\/taleagroupspa.com\/en\/wp-json\/wp\/v2\/pages\/2120"}],"wp:attachment":[{"href":"https:\/\/taleagroupspa.com\/en\/wp-json\/wp\/v2\/media?parent=2308"}],"curies":[{"name":"wp","href":"https:\/\/api.w.org\/{rel}","templated":true}]}}