{"id":601,"date":"2019-06-05T17:40:10","date_gmt":"2019-06-05T15:40:10","guid":{"rendered":"https:\/\/www.taleaspa.com\/home\/"},"modified":"2021-04-13T16:10:14","modified_gmt":"2021-04-13T14:10:14","slug":"home","status":"publish","type":"page","link":"https:\/\/taleagroupspa.com\/en\/home\/","title":{"rendered":"Home"},"content":{"rendered":"<section class=\"wpb-content-wrapper\"><p>[vc_row full_width=&#8221;stretch_row&#8221; content_placement=&#8221;bottom&#8221; bg_type=&#8221;image&#8221; parallax_style=&#8221;vcpb-default&#8221; bg_image_new=&#8221;id^73|url^https:\/\/taleagroupspa.com\/wp-content\/uploads\/2019\/07\/hero_homepage.jpg|caption^null|alt^null|title^hero_homepage|description^null&#8221; bg_image_repeat=&#8221;no-repeat&#8221; bg_override=&#8221;ex-full&#8221;][vc_column][vc_column_text el_class=&#8221;hero_text&#8221;]<\/p>\n<div class=\"subtitle_hero\">The first<\/div>\n<div class=\"title_hero\">Health and Wellness Onlife Retail in Italy<\/div>\n<p>[\/vc_column_text][\/vc_column][\/vc_row][vc_row][vc_column][vc_column_text el_class=&#8221;hide&#8221;]<strong>Farmae\u0300 S.p.A e\u0300 il primo eRetailer Onlife di Salute e Benessere in Italia<\/strong>, nato a Viareggio nel 2014.<br \/>\nIl Retail Onlife e\u0300 un nuovo paradigma economico caratterizzato dall&#8217;<strong>integrazione di online, offline, logistica e dati in un&#8217;unica catena di valore.<\/strong><\/p>\n<p>Farmae\u0300 S.p.A oggi opera prevalentemente nell&#8217;eCommerce con piu\u0300 di 45.000 referenze in 14 diverse categorie di prodotto commercializzate ma e\u0300 presente anche sul territorio nazionale con 7 Farmae\u0300 Store in Toscana (1 a Viareggio, 1 a Cecina e 5 nei principali ospedali della Toscana).<\/p>\n<p>Farmae\u0300 S.p.A, nel condividere la nuova filosofia &#8220;OnLife&#8221;, intende mettere al centro delle sue attivita\u0300 circolari il Cliente rispondendo in modo immediato, veloce e pragmatico ad ogni sua esigenza ed assicurandogli una customer experience unica indipendentemente dal canale di acquisto utilizzato.[\/vc_column_text][vc_column_text]<b>Farma\u00e8 S.p.A. is the first Health and Wellness Onlife Retailer in Italy. The company was founded in Viareggio in 2014 and has been listed on Borsa Italiana\u2019s AIM Italia market since July 2019.<\/b><\/p>\n<p>After establishing itself in Tuscany as a parapharmacy brand, Farma\u00e8 S.p.A. soon emerged as a leader in Italy\u2019s Health and Wellness sector, becoming <strong>the top representative of the Onlife Retailers sector<\/strong>. Onlife retail is a new economic paradigm that unites online, offline and logistics. By sharing the new \u201cOnLife\u201d philosophy, Farma\u00e8 S.p.A. intends to put Customers at the centre of its business by responding immediately, rapidly and pragmatically to all their needs and ensuring a unique customer experience regardless of which sales channel is used.<\/p>\n<p>Today, Farma\u00e8 S.p.A mainly operates in eCommerce through <a href=\"https:\/\/www.farmae.it\/\">https:\/\/www.farmae.it\/<\/a> and <a href=\"https:\/\/www.beautye.it\/\">https:\/\/www.beautye.it\/<\/a> with over 45,000 products marketed in 14 different product categories. It is also active in Italy with 9 Farma\u00e8 Stores in Italy (2 in Viareggio, 1 in Livorno, 1 in Sarzana and 5 in the main hospitals of Tuscany) and a Beauty\u00e8 Store in Viareggio.[\/vc_column_text][\/vc_column][\/vc_row][vc_row full_width=&#8221;stretch_row&#8221; el_class=&#8221;bg-grigio&#8221;][vc_column][vc_column_text el_class=&#8221;title_grigio&#8221;]<\/p>\n<div class=\"page\" title=\"Page 2\">\n<div class=\"section\">\n<div class=\"layoutArea\">\n<div class=\"column\">\n<p style=\"text-align: center;\">OUR COMPANY<\/p>\n<\/div>\n<\/div>\n<\/div>\n<\/div>\n<p>[\/vc_column_text][vc_row_inner equal_height=&#8221;yes&#8221; content_placement=&#8221;top&#8221;][vc_column_inner width=&#8221;1\/2&#8243;][vc_column_text el_class=&#8221;subtitle&#8221;]<\/p>\n<div class=\"page\" title=\"Page 2\">\n<div class=\"section\">\n<div class=\"layoutArea\">\n<div class=\"column\">\n<p>OUR COMPANY<\/p>\n<\/div>\n<\/div>\n<\/div>\n<\/div>\n<p>[\/vc_column_text][vc_column_text]<\/p>\n<div class=\"page\" title=\"Page 2\">\n<div class=\"section\">\n<div class=\"layoutArea\">\n<div class=\"column\">\n<p>The first marketplace in Italy in the Health and Wellness market.<\/p>\n<\/div>\n<\/div>\n<\/div>\n<\/div>\n<p>[\/vc_column_text][\/vc_column_inner][vc_column_inner width=&#8221;1\/2&#8243;][vc_column_text el_class=&#8221;subtitle&#8221;]<\/p>\n<div class=\"page\" title=\"Page 2\">\n<div class=\"section\">\n<div class=\"layoutArea\">\n<div class=\"column\">\n<div class=\"page\" title=\"Page 2\">\n<div class=\"section\">\n<div class=\"layoutArea\">\n<div class=\"column\">\n<p>TOP BRANDS<\/p>\n<\/div>\n<\/div>\n<\/div>\n<\/div>\n<\/div>\n<\/div>\n<\/div>\n<\/div>\n<p>[\/vc_column_text][vc_column_text]<\/p>\n<div class=\"page\" title=\"Page 2\">\n<div class=\"section\">\n<div class=\"layoutArea\">\n<div class=\"column\">\n<div class=\"page\" title=\"Page 2\">\n<div class=\"section\">\n<div class=\"layoutArea\">\n<div class=\"column\">\n<p>Every day Farma\u00e8 S.p.A works with the most important multinationals in the sector.<\/p>\n<\/div>\n<\/div>\n<\/div>\n<\/div>\n<\/div>\n<\/div>\n<\/div>\n<\/div>\n<p>[\/vc_column_text][\/vc_column_inner][\/vc_row_inner][vc_row_inner equal_height=&#8221;yes&#8221; content_placement=&#8221;top&#8221;][vc_column_inner width=&#8221;1\/2&#8243;][vc_column_text el_class=&#8221;subtitle&#8221;]<\/p>\n<div class=\"page\" title=\"Page 2\">\n<div class=\"section\">\n<div class=\"layoutArea\">\n<div class=\"column\">\n<div class=\"page\" title=\"Page 2\">\n<div class=\"section\">\n<div class=\"layoutArea\">\n<div class=\"column\">\n<p>STAFF<\/p>\n<\/div>\n<\/div>\n<\/div>\n<\/div>\n<\/div>\n<\/div>\n<\/div>\n<\/div>\n<p>[\/vc_column_text][vc_column_text]<\/p>\n<div class=\"page\" title=\"Page 2\">\n<div class=\"section\">\n<div class=\"layoutArea\">\n<div class=\"column\">\n<div class=\"page\" title=\"Page 2\">\n<div class=\"section\">\n<div class=\"layoutArea\">\n<div class=\"column\">\n<p>All 80 of Farmae\u0300 S.p.A\u2019s young employees are committed to contributing to the company\u2019s daily growth and its continuous development, always keeping in mind the \u201cCustomer-Centric\u201d mission constantly outlined by Riccardo Iacometti, CEO of Farmae\u0300 S.p.A.<\/p>\n<\/div>\n<\/div>\n<\/div>\n<\/div>\n<\/div>\n<\/div>\n<\/div>\n<\/div>\n<p>[\/vc_column_text][\/vc_column_inner][vc_column_inner width=&#8221;1\/2&#8243;][vc_column_text el_class=&#8221;subtitle&#8221;]<\/p>\n<div class=\"page\" title=\"Page 2\">\n<div class=\"section\">\n<div class=\"layoutArea\">\n<div class=\"column\">\n<div class=\"page\" title=\"Page 2\">\n<div class=\"section\">\n<div class=\"layoutArea\">\n<div class=\"column\">\n<div class=\"page\" title=\"Page 2\">\n<div class=\"section\">\n<div class=\"layoutArea\">\n<div class=\"column\">\n<p>WIDE PRODUCT RANGE<\/p>\n<\/div>\n<\/div>\n<\/div>\n<\/div>\n<\/div>\n<\/div>\n<\/div>\n<\/div>\n<\/div>\n<\/div>\n<\/div>\n<\/div>\n<p>[\/vc_column_text][vc_column_text]<\/p>\n<div class=\"page\" title=\"Page 2\">\n<div class=\"section\">\n<div class=\"layoutArea\">\n<div class=\"column\">\n<div class=\"page\" title=\"Page 2\">\n<div class=\"section\">\n<div class=\"layoutArea\">\n<div class=\"column\">\n<div class=\"page\" title=\"Page 2\">\n<div class=\"section\">\n<div class=\"layoutArea\">\n<div class=\"column\">\n<p>Today Farma\u00e8 S.p.A boasts a very wide range of products, offering around 37,000 products on its website.<\/p>\n<\/div>\n<\/div>\n<\/div>\n<\/div>\n<\/div>\n<\/div>\n<\/div>\n<\/div>\n<\/div>\n<\/div>\n<\/div>\n<\/div>\n<p>[\/vc_column_text][\/vc_column_inner][\/vc_row_inner][vc_row_inner equal_height=&#8221;yes&#8221; content_placement=&#8221;top&#8221;][vc_column_inner width=&#8221;1\/2&#8243;][vc_column_text el_class=&#8221;subtitle&#8221;]<\/p>\n<div class=\"page\" title=\"Page 2\">\n<div class=\"section\">\n<div class=\"layoutArea\">\n<div class=\"column\">\n<div class=\"page\" title=\"Page 2\">\n<div class=\"section\">\n<div class=\"layoutArea\">\n<div class=\"column\">\n<p>SERVICE<\/p>\n<\/div>\n<\/div>\n<\/div>\n<\/div>\n<\/div>\n<\/div>\n<\/div>\n<\/div>\n<p>[\/vc_column_text][vc_column_text]<\/p>\n<div class=\"page\" title=\"Page 2\">\n<div class=\"section\">\n<div class=\"layoutArea\">\n<div class=\"column\">\n<div class=\"page\" title=\"Page 2\">\n<div class=\"section\">\n<div class=\"layoutArea\">\n<div class=\"column\">\n<p>From logistics to customer care, the company makes every effort to provide and implement solutions that benefit its Customers.<\/p>\n<\/div>\n<\/div>\n<\/div>\n<\/div>\n<\/div>\n<\/div>\n<\/div>\n<\/div>\n<p>[\/vc_column_text][\/vc_column_inner][vc_column_inner width=&#8221;1\/2&#8243;][vc_column_text el_class=&#8221;subtitle&#8221;]<\/p>\n<div class=\"page\" title=\"Page 2\">\n<div class=\"section\">\n<div class=\"layoutArea\">\n<div class=\"column\">\n<div class=\"page\" title=\"Page 2\">\n<div class=\"section\">\n<div class=\"layoutArea\">\n<div class=\"column\">\n<div class=\"page\" title=\"Page 2\">\n<div class=\"section\">\n<div class=\"layoutArea\">\n<div class=\"column\">\n<p>TECH<\/p>\n<\/div>\n<\/div>\n<\/div>\n<\/div>\n<\/div>\n<\/div>\n<\/div>\n<\/div>\n<\/div>\n<\/div>\n<\/div>\n<\/div>\n<p>[\/vc_column_text][vc_column_text]<\/p>\n<div class=\"page\" title=\"Page 2\">\n<div class=\"section\">\n<div class=\"layoutArea\">\n<div class=\"column\">\n<div class=\"page\" title=\"Page 2\">\n<div class=\"section\">\n<div class=\"layoutArea\">\n<div class=\"column\">\n<div class=\"page\" title=\"Page 2\">\n<div class=\"section\">\n<div class=\"layoutArea\">\n<div class=\"column\">\n<p>Farma\u00e8 S.p.A is constantly working to introduce both physical and online technological innovations in order to always offer its Customers the best shopping experience and information.<\/p>\n<\/div>\n<\/div>\n<\/div>\n<\/div>\n<\/div>\n<\/div>\n<\/div>\n<\/div>\n<\/div>\n<\/div>\n<\/div>\n<\/div>\n<p>[\/vc_column_text][\/vc_column_inner][\/vc_row_inner][\/vc_column][\/vc_row][vc_row full_width=&#8221;stretch_row_content_no_spaces&#8221; equal_height=&#8221;yes&#8221; content_placement=&#8221;middle&#8221; css=&#8221;.vc_custom_1591794145672{margin-top: 50px !important;margin-bottom: 50px !important;}&#8221; el_class=&#8221;padding-mobile &#8220;][vc_column width=&#8221;1\/3&#8243; offset=&#8221;vc_col-lg-offset-1 vc_col-md-offset-1&#8243;][vc_column_text el_class=&#8221;title_hp&#8221;]Our <strong>Mission<\/strong>[\/vc_column_text][vc_column_text]Our mission immediately shaped our corporate culture and from the outset we have been determined to establish ourselves as a leader in the Health and Wellness sector, always putting the end Customer first in all our satisfaction strategies.<\/p>\n<p>Our guidelines allow us to grow every day and to adapt to constantly changing trends, enabling us to always meet the real needs of our Customers and of the Industries with which we have been working for years.[\/vc_column_text][\/vc_column][vc_column width=&#8221;1\/2&#8243; offset=&#8221;vc_col-lg-offset-1 vc_col-md-offset-1&#8243;][vc_raw_html]JTNDZGl2JTIwY2xhc3MlM0QlMjJ3cGJfdmlkZW9fd2lkZ2V0JTIwd3BiX2NvbnRlbnRfZWxlbWVudCUyMHZjX2NsZWFyZml4JTIwJTIwJTIwdmNfdmlkZW8tYXNwZWN0LXJhdGlvLTE2OSUyMHZjX3ZpZGVvLWVsLXdpZHRoLTEwMCUyMHZjX3ZpZGVvLWFsaWduLXJpZ2h0JTIyJTNFJTBBJTA5JTA5JTNDZGl2JTIwY2xhc3MlM0QlMjJ3cGJfd3JhcHBlciUyMiUzRSUwQSUwOSUwOSUwOSUwQSUwOSUwOSUwOSUzQ2RpdiUyMGNsYXNzJTNEJTIyd3BiX3ZpZGVvX3dyYXBwZXIlMjIlM0UlM0NpZnJhbWUlMjB0aXRsZSUzRCUyMkZhcm1hJTI2YW1wJTNCZWdyYXZlJTNCJTIwLSUyMFByZXNlbnRhemlvbmUlMjIlMjBzcmMlM0QlMjJodHRwcyUzQSUyRiUyRnBsYXllci52aW1lby5jb20lMkZ2aWRlbyUyRjM1NjY0OTUxMSUzRnRpdGxlJTNEMCUyNnBvcnRyYWl0JTNEMCUyNmJ5bGluZSUzRDAlMjIlMjB3aWR0aCUzRCUyMjUwMCUyMiUyMGhlaWdodCUzRCUyMjI4MSUyMiUyMGZyYW1lYm9yZGVyJTNEJTIyMCUyMiUyMGFsbG93JTNEJTIyYXV0b3BsYXklM0IlMjBmdWxsc2NyZWVuJTIyJTIwYWxsb3dmdWxsc2NyZWVuJTNEJTIyJTIyJTNFJTNDJTJGaWZyYW1lJTNFJTNDJTJGZGl2JTNFJTBBJTA5JTA5JTNDJTJGZGl2JTNFJTBBJTA5JTNDJTJGZGl2JTNF[\/vc_raw_html][\/vc_column][\/vc_row][vc_row full_width=&#8221;stretch_row_content_no_spaces&#8221; equal_height=&#8221;yes&#8221; content_placement=&#8221;middle&#8221; css=&#8221;.vc_custom_1591794150442{margin-bottom: 50px !important;}&#8221; el_class=&#8221;padding-mobile &#8220;][vc_column width=&#8221;1\/2&#8243;][vc_single_image image=&#8221;604&#8243; img_size=&#8221;full&#8221;][\/vc_column][vc_column width=&#8221;1\/3&#8243; offset=&#8221;vc_col-lg-offset-1 vc_col-md-offset-1&#8243;][vc_column_text el_class=&#8221;title_hp&#8221;]Anytime &amp; Anywhere[\/vc_column_text][vc_column_text]We not only want to establish ourselves as the leading Italian player in the eRetail distribution sector but also to develop our Retail positioning by adapting to the new paradigms of Omnichannel in order to allow our Customers to access our content and our products anytime &amp; anywhere.<\/p>\n<p>We also intend to soon expand into other product areas and to renew our media positioning, establishing Farmae\u0300 as an accredited voice in the sector and as a reference point for leading companies\u2019 communication and marketing strategy.[\/vc_column_text][\/vc_column][\/vc_row]<\/p>\n<\/section>","protected":false},"excerpt":{"rendered":"<p>[vc_row full_width=&#8221;stretch_row&#8221; content_placement=&#8221;bottom&#8221; bg_type=&#8221;image&#8221; parallax_style=&#8221;vcpb-default&#8221; bg_image_new=&#8221;id^73|url^https:\/\/taleagroupspa.com\/wp-content\/uploads\/2019\/07\/hero_homepage.jpg|caption^null|alt^null|title^hero_homepage|description^null&#8221; bg_image_repeat=&#8221;no-repeat&#8221; bg_override=&#8221;ex-full&#8221;][vc_column][vc_column_text el_class=&#8221;hero_text&#8221;] The first Health and Wellness Onlife Retail in Italy [\/vc_column_text][\/vc_column][\/vc_row][vc_row][vc_column][vc_column_text el_class=&#8221;hide&#8221;]Farmae\u0300 S.p.A e\u0300 il primo eRetailer Onlife di Salute e Benessere in Italia, nato a Viareggio nel 2014. Il Retail Onlife e\u0300 un nuovo paradigma economico caratterizzato dall&#8217;integrazione di online, offline, logistica e dati in un&#8217;unica&hellip;<\/p>\n","protected":false},"author":1,"featured_media":0,"parent":0,"menu_order":0,"comment_status":"closed","ping_status":"closed","template":"","meta":{"_mi_skip_tracking":false},"yoast_head":"<!-- This site is optimized with the Yoast SEO plugin v20.7 - https:\/\/yoast.com\/wordpress\/plugins\/seo\/ -->\n<title>Home - Talea Group S.p.A<\/title>\n<meta name=\"robots\" content=\"index, follow, max-snippet:-1, max-image-preview:large, max-video-preview:-1\" \/>\n<link rel=\"canonical\" href=\"https:\/\/taleagroupspa.com\/en\/home\/\" \/>\n<meta property=\"og:locale\" content=\"en_US\" \/>\n<meta property=\"og:type\" content=\"article\" \/>\n<meta property=\"og:title\" content=\"Home - Talea Group S.p.A\" \/>\n<meta property=\"og:description\" content=\"[vc_row full_width=&#8221;stretch_row&#8221; content_placement=&#8221;bottom&#8221; bg_type=&#8221;image&#8221; parallax_style=&#8221;vcpb-default&#8221; bg_image_new=&#8221;id^73|url^https:\/\/taleagroupspa.com\/wp-content\/uploads\/2019\/07\/hero_homepage.jpg|caption^null|alt^null|title^hero_homepage|description^null&#8221; bg_image_repeat=&#8221;no-repeat&#8221; bg_override=&#8221;ex-full&#8221;][vc_column][vc_column_text el_class=&#8221;hero_text&#8221;] The first Health and Wellness Onlife Retail in Italy [\/vc_column_text][\/vc_column][\/vc_row][vc_row][vc_column][vc_column_text el_class=&#8221;hide&#8221;]Farmae\u0300 S.p.A e\u0300 il primo eRetailer Onlife di Salute e Benessere in Italia, nato a Viareggio nel 2014. Il Retail Onlife e\u0300 un nuovo paradigma economico caratterizzato dall&#8217;integrazione di online, offline, logistica e dati in un&#8217;unica&hellip;\" \/>\n<meta property=\"og:url\" content=\"https:\/\/taleagroupspa.com\/en\/home\/\" \/>\n<meta property=\"og:site_name\" content=\"Talea Group S.p.A\" \/>\n<meta property=\"article:modified_time\" content=\"2021-04-13T14:10:14+00:00\" \/>\n<meta name=\"twitter:card\" content=\"summary_large_image\" \/>\n<meta name=\"twitter:label1\" content=\"Est. reading time\" \/>\n\t<meta name=\"twitter:data1\" content=\"6 minutes\" \/>\n<script type=\"application\/ld+json\" class=\"yoast-schema-graph\">{\"@context\":\"https:\/\/schema.org\",\"@graph\":[{\"@type\":\"WebPage\",\"@id\":\"https:\/\/taleagroupspa.com\/en\/home\/\",\"url\":\"https:\/\/taleagroupspa.com\/en\/home\/\",\"name\":\"Home - Talea Group S.p.A\",\"isPartOf\":{\"@id\":\"https:\/\/taleagroupspa.com\/en\/#website\"},\"datePublished\":\"2019-06-05T15:40:10+00:00\",\"dateModified\":\"2021-04-13T14:10:14+00:00\",\"breadcrumb\":{\"@id\":\"https:\/\/taleagroupspa.com\/en\/home\/#breadcrumb\"},\"inLanguage\":\"en-US\",\"potentialAction\":[{\"@type\":\"ReadAction\",\"target\":[\"https:\/\/taleagroupspa.com\/en\/home\/\"]}]},{\"@type\":\"BreadcrumbList\",\"@id\":\"https:\/\/taleagroupspa.com\/en\/home\/#breadcrumb\",\"itemListElement\":[{\"@type\":\"ListItem\",\"position\":1,\"name\":\"Home\",\"item\":\"https:\/\/taleagroupspa.com\/en\/\"},{\"@type\":\"ListItem\",\"position\":2,\"name\":\"Home\"}]},{\"@type\":\"WebSite\",\"@id\":\"https:\/\/taleagroupspa.com\/en\/#website\",\"url\":\"https:\/\/taleagroupspa.com\/en\/\",\"name\":\"Talea Group S.p.A\",\"description\":\"Talea Group S.p.A, societ\u00e0 quotata sul mercato Euronext Growth Milan di Borsa Italiana nata dal rebranding di Farma\u00e8 S.p.A., \u00e8 tra i principali gruppi digitali in Europa nel macrosettore multicanale della Salute, Benessere e Bellezza e nei servizi media e di trasformazione digitale per le imprese.\u00a0\",\"publisher\":{\"@id\":\"https:\/\/taleagroupspa.com\/en\/#organization\"},\"potentialAction\":[{\"@type\":\"SearchAction\",\"target\":{\"@type\":\"EntryPoint\",\"urlTemplate\":\"https:\/\/taleagroupspa.com\/en\/?s={search_term_string}\"},\"query-input\":\"required name=search_term_string\"}],\"inLanguage\":\"en-US\"},{\"@type\":\"Organization\",\"@id\":\"https:\/\/taleagroupspa.com\/en\/#organization\",\"name\":\"Talea Group S.p.A\",\"url\":\"https:\/\/taleagroupspa.com\/en\/\",\"logo\":{\"@type\":\"ImageObject\",\"inLanguage\":\"en-US\",\"@id\":\"https:\/\/taleagroupspa.com\/en\/#\/schema\/logo\/image\/\",\"url\":\"https:\/\/taleagroupspa.com\/wp-content\/uploads\/2022\/09\/logo-dark.svg\",\"contentUrl\":\"https:\/\/taleagroupspa.com\/wp-content\/uploads\/2022\/09\/logo-dark.svg\",\"caption\":\"Talea Group S.p.A\"},\"image\":{\"@id\":\"https:\/\/taleagroupspa.com\/en\/#\/schema\/logo\/image\/\"}}]}<\/script>\n<!-- \/ Yoast SEO plugin. -->","yoast_head_json":{"title":"Home - Talea Group S.p.A","robots":{"index":"index","follow":"follow","max-snippet":"max-snippet:-1","max-image-preview":"max-image-preview:large","max-video-preview":"max-video-preview:-1"},"canonical":"https:\/\/taleagroupspa.com\/en\/home\/","og_locale":"en_US","og_type":"article","og_title":"Home - Talea Group S.p.A","og_description":"[vc_row full_width=&#8221;stretch_row&#8221; content_placement=&#8221;bottom&#8221; bg_type=&#8221;image&#8221; parallax_style=&#8221;vcpb-default&#8221; bg_image_new=&#8221;id^73|url^https:\/\/taleagroupspa.com\/wp-content\/uploads\/2019\/07\/hero_homepage.jpg|caption^null|alt^null|title^hero_homepage|description^null&#8221; bg_image_repeat=&#8221;no-repeat&#8221; bg_override=&#8221;ex-full&#8221;][vc_column][vc_column_text el_class=&#8221;hero_text&#8221;] The first Health and Wellness Onlife Retail in Italy [\/vc_column_text][\/vc_column][\/vc_row][vc_row][vc_column][vc_column_text el_class=&#8221;hide&#8221;]Farmae\u0300 S.p.A e\u0300 il primo eRetailer Onlife di Salute e Benessere in Italia, nato a Viareggio nel 2014. Il Retail Onlife e\u0300 un nuovo paradigma economico caratterizzato dall&#8217;integrazione di online, offline, logistica e dati in un&#8217;unica&hellip;","og_url":"https:\/\/taleagroupspa.com\/en\/home\/","og_site_name":"Talea Group S.p.A","article_modified_time":"2021-04-13T14:10:14+00:00","twitter_card":"summary_large_image","twitter_misc":{"Est. reading time":"6 minutes"},"schema":{"@context":"https:\/\/schema.org","@graph":[{"@type":"WebPage","@id":"https:\/\/taleagroupspa.com\/en\/home\/","url":"https:\/\/taleagroupspa.com\/en\/home\/","name":"Home - Talea Group S.p.A","isPartOf":{"@id":"https:\/\/taleagroupspa.com\/en\/#website"},"datePublished":"2019-06-05T15:40:10+00:00","dateModified":"2021-04-13T14:10:14+00:00","breadcrumb":{"@id":"https:\/\/taleagroupspa.com\/en\/home\/#breadcrumb"},"inLanguage":"en-US","potentialAction":[{"@type":"ReadAction","target":["https:\/\/taleagroupspa.com\/en\/home\/"]}]},{"@type":"BreadcrumbList","@id":"https:\/\/taleagroupspa.com\/en\/home\/#breadcrumb","itemListElement":[{"@type":"ListItem","position":1,"name":"Home","item":"https:\/\/taleagroupspa.com\/en\/"},{"@type":"ListItem","position":2,"name":"Home"}]},{"@type":"WebSite","@id":"https:\/\/taleagroupspa.com\/en\/#website","url":"https:\/\/taleagroupspa.com\/en\/","name":"Talea Group S.p.A","description":"Talea Group S.p.A, societ\u00e0 quotata sul mercato Euronext Growth Milan di Borsa Italiana nata dal rebranding di Farma\u00e8 S.p.A., \u00e8 tra i principali gruppi digitali in Europa nel macrosettore multicanale della Salute, Benessere e Bellezza e nei servizi media e di trasformazione digitale per le imprese.\u00a0","publisher":{"@id":"https:\/\/taleagroupspa.com\/en\/#organization"},"potentialAction":[{"@type":"SearchAction","target":{"@type":"EntryPoint","urlTemplate":"https:\/\/taleagroupspa.com\/en\/?s={search_term_string}"},"query-input":"required name=search_term_string"}],"inLanguage":"en-US"},{"@type":"Organization","@id":"https:\/\/taleagroupspa.com\/en\/#organization","name":"Talea Group S.p.A","url":"https:\/\/taleagroupspa.com\/en\/","logo":{"@type":"ImageObject","inLanguage":"en-US","@id":"https:\/\/taleagroupspa.com\/en\/#\/schema\/logo\/image\/","url":"https:\/\/taleagroupspa.com\/wp-content\/uploads\/2022\/09\/logo-dark.svg","contentUrl":"https:\/\/taleagroupspa.com\/wp-content\/uploads\/2022\/09\/logo-dark.svg","caption":"Talea Group S.p.A"},"image":{"@id":"https:\/\/taleagroupspa.com\/en\/#\/schema\/logo\/image\/"}}]}},"_links":{"self":[{"href":"https:\/\/taleagroupspa.com\/en\/wp-json\/wp\/v2\/pages\/601"}],"collection":[{"href":"https:\/\/taleagroupspa.com\/en\/wp-json\/wp\/v2\/pages"}],"about":[{"href":"https:\/\/taleagroupspa.com\/en\/wp-json\/wp\/v2\/types\/page"}],"author":[{"embeddable":true,"href":"https:\/\/taleagroupspa.com\/en\/wp-json\/wp\/v2\/users\/1"}],"replies":[{"embeddable":true,"href":"https:\/\/taleagroupspa.com\/en\/wp-json\/wp\/v2\/comments?post=601"}],"version-history":[{"count":9,"href":"https:\/\/taleagroupspa.com\/en\/wp-json\/wp\/v2\/pages\/601\/revisions"}],"predecessor-version":[{"id":1488,"href":"https:\/\/taleagroupspa.com\/en\/wp-json\/wp\/v2\/pages\/601\/revisions\/1488"}],"wp:attachment":[{"href":"https:\/\/taleagroupspa.com\/en\/wp-json\/wp\/v2\/media?parent=601"}],"curies":[{"name":"wp","href":"https:\/\/api.w.org\/{rel}","templated":true}]}}