{"id":615,"date":"2019-07-11T11:58:24","date_gmt":"2019-07-11T09:58:24","guid":{"rendered":"https:\/\/www.taleaspa.com\/governance\/consiglio-di-amministrazione\/"},"modified":"2025-10-27T17:47:03","modified_gmt":"2025-10-27T16:47:03","slug":"board-of-directors","status":"publish","type":"page","link":"https:\/\/taleagroupspa.com\/en\/governance\/board-of-directors\/","title":{"rendered":"Board of directors"},"content":{"rendered":"<section class=\"wpb-content-wrapper\"><p>[vc_row][vc_column][vc_column_text]<\/p>\n<div class=\"governance-cda\">\n<p>[\/vc_column_text][\/vc_column][\/vc_row][vc_row][vc_column][vc_column_text]<div class=\"update-time\">Last update: 27 February 2026<\/div>[\/vc_column_text][\/vc_column][\/vc_row][vc_row el_class=&#8221;riga_consiglio top&#8221;][vc_column width=&#8221;1\/2&#8243;][vc_row_inner equal_height=&#8221;yes&#8221; content_placement=&#8221;top&#8221;][vc_column_inner width=&#8221;5\/12&#8243; offset=&#8221;vc_col-lg-offset-1 vc_col-md-offset-1 vc_col-sm-offset-1&#8243;][vc_column_text el_class=&#8221;nome&#8221;]Riccardo Iacometti[\/vc_column_text][vc_column_text el_class=&#8221;ruolo&#8221;]Chairman and Chief Executive Officer[\/vc_column_text][vc_raw_html]JTNDYSUyMG9uY2xpY2slM0QlMjJhcHJpcG9wdXAlMjgxJTI5JTIyJTIwcmVsJTNEJTIybm9vcGVuZXIlMjBub3JlZmVycmVyJTIyJTNFQ3VycmljdWx1bSUyMFZpdGFlJTNDJTJGYSUzRQ==[\/vc_raw_html][\/vc_column_inner][\/vc_row_inner][vc_row_inner el_class=&#8221;popup1 container-popupcv&#8221;][vc_column_inner el_class=&#8221;popupcv&#8221;][vc_raw_html]JTNDYSUyMG9uY2xpY2slM0QlMjJjaGl1ZGlwb3B1cCUyODElMjklMjIlM0UlM0NzcGFuJTIwY2xhc3MlM0QlMjJoYW1idXJnZXIlMjBfY2xvc2UlMjBjaGl1ZGlwb3B1cCUyMiUzRSUzQyUyRnNwYW4lM0UlM0MlMkZhJTNF[\/vc_raw_html][vc_column_text]<strong>Riccardo Iacometti (Chairman and Chief Executive Officer)<\/strong>: born in Viareggio (LU) on 16 July 1963. After obtaining a diploma in Accounting, he received an honorary degree in Business and Economics from Leibniz University in 2005. He started his career at Walgreens Boots Alliance Group \u2013 Alliance Healthcare Italia: initially (between 1987 and 2007) with operational roles, from logistics to sales, including management of the 30 former municipal pharmacies, serving on their board of directors; subsequently (from 2007 to 2012) as general manager of the entire Italian group. Since 2014 he has been the founder, partner and CEO of Farma\u00e8.[\/vc_column_text][\/vc_column_inner][\/vc_row_inner][\/vc_column][vc_column width=&#8221;1\/2&#8243;][vc_row_inner equal_height=&#8221;yes&#8221; content_placement=&#8221;top&#8221;][vc_column_inner width=&#8221;1\/2&#8243; offset=&#8221;vc_col-lg-offset-1 vc_col-md-offset-1 vc_col-sm-offset-1&#8243;][vc_column_text el_class=&#8221;nome&#8221;]Marco di Filippo[\/vc_column_text][vc_column_text el_class=&#8221;ruolo&#8221;]Vicepresident[\/vc_column_text][vc_raw_html]JTNDYSUyMG9uY2xpY2slM0QlMjJhcHJpcG9wdXAlMjgzJTI5JTIyJTIwcmVsJTNEJTIybm9vcGVuZXIlMjBub3JlZmVycmVyJTIyJTNFQ3VycmljdWx1bSUyMFZpdGFlJTNDJTJGYSUzRQ==[\/vc_raw_html][\/vc_column_inner][\/vc_row_inner][vc_row_inner el_class=&#8221;popup3 container-popupcv&#8221;][vc_column_inner el_class=&#8221;popupcv&#8221;][vc_raw_html]JTNDYSUyMG9uY2xpY2slM0QlMjJjaGl1ZGlwb3B1cCUyODMlMjklMjIlM0UlM0NzcGFuJTIwY2xhc3MlM0QlMjJoYW1idXJnZXIlMjBfY2xvc2UlMjBjaGl1ZGlwb3B1cCUyMiUzRSUzQyUyRnNwYW4lM0UlM0MlMkZhJTNF[\/vc_raw_html][vc_column_text]<strong>Marco di Filippo (Vicepresident)<\/strong>: born in Turin (TO) on September 12, 1986. After earning his high school diploma in scientific studies, he obtained a degree in Pharmacy in 2014, followed by professional qualification, from the University of Turin. In 2006, he founded Amicafarmacia.com as a new business asset and e-commerce channel linked to the family pharmacy, building and leading its growth path, with a particular focus on digital marketing and IT processes. Since the end of 2020, he has served as CEO and sole shareholder of Amicafarmacia Srl. In 2020 (the award ceremony in Rome at the Campidoglio was postponed to 2021 due to Covid), he received, together with Amicafarmacia, the \u201c100 Italian Excellence Award\u201d, organized by the LIBER Association and sponsored by the Presidency of the Council of Ministers. He participates as a speaker at events and conferences in the fields of e-commerce and pharmaceutical retail.[\/vc_column_text][\/vc_column_inner][\/vc_row_inner][\/vc_column][\/vc_row][vc_row][vc_column][vc_column_text]<\/p>\n<p>[\/vc_column_text][\/vc_column][\/vc_row][vc_row el_class=&#8221;riga_consiglio&#8221;][vc_column width=&#8221;1\/2&#8243;][vc_row_inner equal_height=&#8221;yes&#8221; content_placement=&#8221;top&#8221;][vc_column_inner width=&#8221;1\/2&#8243; offset=&#8221;vc_col-lg-offset-1 vc_col-md-offset-1 vc_col-sm-offset-1&#8243;][vc_column_text el_class=&#8221;nome&#8221;]Giuseppe Cannarozzi<br \/>\n[\/vc_column_text][vc_column_text el_class=&#8221;ruolo&#8221;]Director[\/vc_column_text][vc_raw_html]JTNDYSUyMG9uY2xpY2slM0QlMjJhcHJpcG9wdXAlMjgyJTI5JTIyJTIwcmVsJTNEJTIybm9vcGVuZXIlMjBub3JlZmVycmVyJTIyJTNFQ3VycmljdWx1bSUyMFZpdGFlJTNDJTJGYSUzRQ==[\/vc_raw_html][\/vc_column_inner][\/vc_row_inner][vc_row_inner el_class=&#8221;popup2 container-popupcv&#8221;][vc_column_inner el_class=&#8221;popupcv&#8221;][vc_raw_html]JTNDYSUyMG9uY2xpY2slM0QlMjJjaGl1ZGlwb3B1cCUyODIlMjklMjIlM0UlM0NzcGFuJTIwY2xhc3MlM0QlMjJoYW1idXJnZXIlMjBfY2xvc2UlMjBjaGl1ZGlwb3B1cCUyMiUzRSUzQyUyRnNwYW4lM0UlM0MlMkZhJTNF[\/vc_raw_html][vc_column_text]<strong>Giuseppe Cannarozzi (Director)<\/strong>: born in Foggia (FG) on 4 June 1952. After graduating in Business and Economics from the University of Pisa, he enrolled in the Lucca Order of Chartered Accountants and Accounting Experts and in the Register of Auditors. He began his career as an employee at two well-known audit firms; in 1983 he joined an accountant\u2019s office and in 1991 he started his own business as an accountant, opening two offices: one in Viareggio and one in the tannery district of Tuscany. He has been and continues to be an acting member of boards of statutory auditors, including of medium-large companies.[\/vc_column_text][\/vc_column_inner][\/vc_row_inner][\/vc_column][vc_column width=&#8221;1\/2&#8243;][vc_row_inner equal_height=&#8221;yes&#8221; content_placement=&#8221;top&#8221;][vc_column_inner width=&#8221;1\/2&#8243; offset=&#8221;vc_col-lg-offset-1 vc_col-md-offset-1 vc_col-sm-offset-1&#8243;][vc_column_text el_class=&#8221;nome&#8221;]Fabrizio Mutti[\/vc_column_text][vc_column_text el_class=&#8221;ruolo&#8221;]Director[\/vc_column_text][vc_raw_html]JTNDYSUyMG9uY2xpY2slM0QlMjJhcHJpcG9wdXAlMjg3JTI5JTIyJTIwcmVsJTNEJTIybm9vcGVuZXIlMjBub3JlZmVycmVyJTIyJTNFQ3VycmljdWx1bSUyMFZpdGFlJTNDJTJGYSUzRQ==[\/vc_raw_html][\/vc_column_inner][\/vc_row_inner][vc_row_inner el_class=&#8221;popup7 container-popupcv&#8221;][vc_column_inner el_class=&#8221;popupcv&#8221;][vc_raw_html]JTNDYSUyMG9uY2xpY2slM0QlMjJjaGl1ZGlwb3B1cCUyODclMjklMjIlM0UlM0NzcGFuJTIwY2xhc3MlM0QlMjJoYW1idXJnZXIlMjBfY2xvc2UlMjBjaGl1ZGlwb3B1cCUyMiUzRSUzQyUyRnNwYW4lM0UlM0MlMkZhJTNF[\/vc_raw_html][vc_column_text]<\/p>\n<article class=\"text-token-text-primary w-full focus:outline-none [--shadow-height:45px] has-data-writing-block:pointer-events-none has-data-writing-block:-mt-(--shadow-height) has-data-writing-block:pt-(--shadow-height) [&amp;:has([data-writing-block])&gt;*]:pointer-events-auto [content-visibility:auto] supports-[content-visibility:auto]:[contain-intrinsic-size:auto_100lvh] scroll-mt-[calc(var(--header-height)+min(200px,max(70px,20svh)))]\" dir=\"auto\" tabindex=\"-1\" data-turn-id=\"request-WEB:406b0053-a457-4321-8e57-1a93bab90594-11\" data-testid=\"conversation-turn-4\" data-scroll-anchor=\"true\" data-turn=\"assistant\">\n<div class=\"text-base my-auto mx-auto pb-10 [--thread-content-margin:--spacing(4)] thread-sm:[--thread-content-margin:--spacing(6)] thread-lg:[--thread-content-margin:--spacing(16)] px-(--thread-content-margin)\">\n<div class=\"[--thread-content-max-width:40rem] thread-lg:[--thread-content-max-width:48rem] mx-auto max-w-(--thread-content-max-width) flex-1 group\/turn-messages focus-visible:outline-hidden relative flex w-full min-w-0 flex-col agent-turn\" tabindex=\"-1\">\n<div class=\"flex max-w-full flex-col grow\">\n<div class=\"min-h-8 text-message relative flex w-full flex-col items-end gap-2 text-start break-words whitespace-normal [.text-message+&amp;]:mt-1\" dir=\"auto\" data-message-author-role=\"assistant\" data-message-id=\"b8b6ed9a-2a31-43a6-a584-c65729b7c909\" data-message-model-slug=\"gpt-5\">\n<div class=\"flex w-full flex-col gap-1 empty:hidden first:pt-[1px]\">\n<div class=\"markdown prose dark:prose-invert w-full break-words light markdown-new-styling\">\n<p data-start=\"0\" data-end=\"350\"><strong data-start=\"0\" data-end=\"30\">Fabrizio Mutti (Director):<\/strong> born in Milan (MI) on 17 May 1968. He graduated in Law in 1992 and has been a member of the Milan Bar Association since 1994, as well as of the Italian Supreme Court Bar since 2014. His professional practice focuses primarily on corporate law, banking law, and business crisis management. In the past, he has provided legal assistance to major healthcare institutions in Lombardy, also contributing to the implementation of organizational models pursuant to Legislative Decree 231\/2001. He has held positions as chairman of boards of statutory auditors and supervisory bodies for companies operating in the healthcare and pharmaceutical sectors. He has also served as a member of the Board of Directors of the Municipal Pharmacies of Peschiera Borromeo, as well as president of a foundation managing accredited nursery schools and of several voluntary associations.<\/p>\n<\/div>\n<\/div>\n<\/div>\n<\/div>\n<div class=\"z-0 flex min-h-[46px] justify-start\"><\/div>\n<div class=\"mt-3 w-full empty:hidden\">\n<div class=\"text-center\"><\/div>\n<\/div>\n<\/div>\n<\/div>\n<\/article>\n<div class=\"pointer-events-none h-px w-px\" aria-hidden=\"true\" data-edge=\"true\"><\/div>\n<p>[\/vc_column_text][\/vc_column_inner][\/vc_row_inner][\/vc_column][\/vc_row][vc_row][vc_column][vc_column_text][\/vc_column_text][\/vc_column][\/vc_row][vc_row el_class=&#8221;riga_consiglio&#8221;][vc_column width=&#8221;1\/2&#8243;][vc_row_inner equal_height=&#8221;yes&#8221; content_placement=&#8221;top&#8221;][vc_column_inner width=&#8221;1\/2&#8243; offset=&#8221;vc_col-lg-offset-1 vc_col-md-offset-1 vc_col-sm-offset-1&#8243;][vc_column_text el_class=&#8221;nome&#8221;]Marco Guidi[\/vc_column_text][vc_column_text el_class=&#8221;ruolo&#8221;]Independent Director*[\/vc_column_text][vc_raw_html]JTNDYSUyMG9uY2xpY2slM0QlMjJhcHJpcG9wdXAlMjg2JTI5JTIyJTIwcmVsJTNEJTIybm9vcGVuZXIlMjBub3JlZmVycmVyJTIyJTNFQ3VycmljdWx1bSUyMFZpdGFlJTNDJTJGYSUzRQ==[\/vc_raw_html][\/vc_column_inner][\/vc_row_inner][vc_row_inner el_class=&#8221;popup6 container-popupcv&#8221;][vc_column_inner el_class=&#8221;popupcv&#8221;][vc_raw_html]JTNDYSUyMG9uY2xpY2slM0QlMjJjaGl1ZGlwb3B1cCUyODYlMjklMjIlM0UlM0NzcGFuJTIwY2xhc3MlM0QlMjJoYW1idXJnZXIlMjBfY2xvc2UlMjBjaGl1ZGlwb3B1cCUyMiUzRSUzQyUyRnNwYW4lM0UlM0MlMkZhJTNF[\/vc_raw_html][vc_column_text]<strong>Marco Guidi (Independent Director):<\/strong>\u00a0born in Pontedera (PI) on 5 April 1970. He obtained a diploma as a Chartered Accountant and Commercial Expert in 1989. He has been enrolled at no. 317\/A of the Order of Chartered Accountants and Accounting Experts of Pisa since 1992 and registered in the Register of Legal Auditors with no. 86525 as per Ministerial Decree 27\/07\/1999, in G.U. no. 77 of 28\/09\/1999. He began working as an accountant on an individual basis in 1992, with his own organisation and collaborating professionally with Studio Bertini, providing consultancy to their clients. He currently provides corporate, tax and administrative consultancy and assistance, on an ongoing basis, also in collaboration with leading commercial firms, to companies in the industry and fashion sector. He is currently a member of the Board of Statutory Auditors of River Chimica Industriale S.p.A. and Fimm Italia S.p.A.; he is Sole Director of BagRe S.r.l., Coilservice S.r.l. and Ferric S.r.l., and liquidator of Riverfin S.r.l. in liquidation.<\/p>\n<p>[\/vc_column_text][\/vc_column_inner][\/vc_row_inner][\/vc_column][vc_column width=&#8221;1\/2&#8243;][\/vc_column][\/vc_row][vc_row][vc_column][vc_column_text]<\/p>\n<p>&nbsp;<\/p>\n<p>[\/vc_column_text][\/vc_column][\/vc_row][vc_row][vc_column][vc_column_text](*) Director holding the independence requirements pursuant to Article 148, paragraph 3, of the TUF (Consolidated Law on Finance)[\/vc_column_text][\/vc_column][\/vc_row][vc_row][vc_column][vc_raw_js]JTNDc2NyaXB0JTIwdHlwZSUzRCUyMnRleHQlMkZqYXZhc2NyaXB0JTIyJTNFJTBBJTBBJTIwJTIwJTIwJTIwJTIwJTIwJTIwJTIwZnVuY3Rpb24lMjBhcHJpcG9wdXAlMjh4JTI5JTIwJTdCJTBBaWYlMjAlMjhqUXVlcnklMjh3aW5kb3clMjkud2lkdGglMjglMjklMjAlM0MlMjA3NjklMjklMjAlN0IlMEFqUXVlcnklMjglMjIuaGVhZGVyLXdyYXBwZXIlMjIlMjkuaGlkZSUyOCUyOSUzQiUwQSU3RCUwQSUyMCUyMCUyMCUyMCUyMCUyMCUyMCUyMCUyMCUyMCUyMCUyMGpRdWVyeSUyOCUyMi5wb3B1cCUyMiUyQnglMjkuYWRkQ2xhc3MlMjglMjJhY3RpdmVwb3B1cCUyMiUyOSUzQiUwQSUwQSUyMCUyMCUyMCUyMCUyMCUyMCUyMCUyMCU3RCUwQSUyMCUyMCUyMCUyMCUyMCUyMCUyMCUyMGZ1bmN0aW9uJTIwY2hpdWRpcG9wdXAlMjh4JTI5JTIwJTdCJTBBaWYlMjAlMjhqUXVlcnklMjh3aW5kb3clMjkud2lkdGglMjglMjklMjAlM0MlMjA3NjklMjklMjAlN0IlMEFqUXVlcnklMjglMjIuaGVhZGVyLXdyYXBwZXIlMjIlMjkuc2hvdyUyOCUyOSUzQiUwQSU3RCUwQSUyMCUyMCUyMCUyMCUyMCUyMCUyMCUyMCUyMCUyMCUyMCUyMGpRdWVyeSUyOCUyMi5wb3B1cCUyMiUyQnglMjkucmVtb3ZlQ2xhc3MlMjglMjJhY3RpdmVwb3B1cCUyMiUyOSUzQiUwQSUwQSUyMCUyMCUyMCUyMCUyMCUyMCUyMCUyMCU3RCUwQSUyMCUyMCUyMCUyMCUwQSUzQyUyRnNjcmlwdCUzRQ==[\/vc_raw_js][\/vc_column][\/vc_row][vc_row][vc_column][vc_column_text]<\/p>\n<\/div>\n<p>[\/vc_column_text][\/vc_column][\/vc_row]<\/p>\n<\/section>","protected":false},"excerpt":{"rendered":"<p>[vc_row][vc_column][vc_column_text] [\/vc_column_text][\/vc_column][\/vc_row][vc_row][vc_column][vc_column_text][\/vc_column_text][\/vc_column][\/vc_row][vc_row el_class=&#8221;riga_consiglio top&#8221;][vc_column width=&#8221;1\/2&#8243;][vc_row_inner equal_height=&#8221;yes&#8221; content_placement=&#8221;top&#8221;][vc_column_inner width=&#8221;5\/12&#8243; offset=&#8221;vc_col-lg-offset-1 vc_col-md-offset-1 vc_col-sm-offset-1&#8243;][vc_column_text el_class=&#8221;nome&#8221;]Riccardo Iacometti[\/vc_column_text][vc_column_text el_class=&#8221;ruolo&#8221;]Chairman and Chief Executive Officer[\/vc_column_text][vc_raw_html]JTNDYSUyMG9uY2xpY2slM0QlMjJhcHJpcG9wdXAlMjgxJTI5JTIyJTIwcmVsJTNEJTIybm9vcGVuZXIlMjBub3JlZmVycmVyJTIyJTNFQ3VycmljdWx1bSUyMFZpdGFlJTNDJTJGYSUzRQ==[\/vc_raw_html][\/vc_column_inner][\/vc_row_inner][vc_row_inner el_class=&#8221;popup1 container-popupcv&#8221;][vc_column_inner el_class=&#8221;popupcv&#8221;][vc_raw_html]JTNDYSUyMG9uY2xpY2slM0QlMjJjaGl1ZGlwb3B1cCUyODElMjklMjIlM0UlM0NzcGFuJTIwY2xhc3MlM0QlMjJoYW1idXJnZXIlMjBfY2xvc2UlMjBjaGl1ZGlwb3B1cCUyMiUzRSUzQyUyRnNwYW4lM0UlM0MlMkZhJTNF[\/vc_raw_html][vc_column_text]Riccardo Iacometti (Chairman and Chief Executive Officer): born in Viareggio (LU) on 16 July 1963. After obtaining a diploma in Accounting, he received an honorary degree in Business and Economics from Leibniz University in 2005.&hellip;<\/p>\n","protected":false},"author":1,"featured_media":0,"parent":610,"menu_order":0,"comment_status":"closed","ping_status":"closed","template":"page-farmaegroup.php","meta":{"_mi_skip_tracking":false},"yoast_head":"<!-- This site is optimized with the Yoast SEO plugin v20.7 - https:\/\/yoast.com\/wordpress\/plugins\/seo\/ -->\n<title>Board of directors - Talea Group S.p.A<\/title>\n<meta name=\"robots\" content=\"index, follow, max-snippet:-1, max-image-preview:large, max-video-preview:-1\" \/>\n<link rel=\"canonical\" href=\"https:\/\/taleagroupspa.com\/en\/governance\/board-of-directors\/\" \/>\n<meta property=\"og:locale\" content=\"en_US\" \/>\n<meta property=\"og:type\" content=\"article\" \/>\n<meta property=\"og:title\" content=\"Board of directors - Talea Group S.p.A\" \/>\n<meta property=\"og:description\" content=\"[vc_row][vc_column][vc_column_text] [\/vc_column_text][\/vc_column][\/vc_row][vc_row][vc_column][vc_column_text][\/vc_column_text][\/vc_column][\/vc_row][vc_row el_class=&#8221;riga_consiglio top&#8221;][vc_column width=&#8221;1\/2&#8243;][vc_row_inner equal_height=&#8221;yes&#8221; content_placement=&#8221;top&#8221;][vc_column_inner width=&#8221;5\/12&#8243; offset=&#8221;vc_col-lg-offset-1 vc_col-md-offset-1 vc_col-sm-offset-1&#8243;][vc_column_text el_class=&#8221;nome&#8221;]Riccardo Iacometti[\/vc_column_text][vc_column_text el_class=&#8221;ruolo&#8221;]Chairman and Chief Executive Officer[\/vc_column_text][vc_raw_html]JTNDYSUyMG9uY2xpY2slM0QlMjJhcHJpcG9wdXAlMjgxJTI5JTIyJTIwcmVsJTNEJTIybm9vcGVuZXIlMjBub3JlZmVycmVyJTIyJTNFQ3VycmljdWx1bSUyMFZpdGFlJTNDJTJGYSUzRQ==[\/vc_raw_html][\/vc_column_inner][\/vc_row_inner][vc_row_inner el_class=&#8221;popup1 container-popupcv&#8221;][vc_column_inner el_class=&#8221;popupcv&#8221;][vc_raw_html]JTNDYSUyMG9uY2xpY2slM0QlMjJjaGl1ZGlwb3B1cCUyODElMjklMjIlM0UlM0NzcGFuJTIwY2xhc3MlM0QlMjJoYW1idXJnZXIlMjBfY2xvc2UlMjBjaGl1ZGlwb3B1cCUyMiUzRSUzQyUyRnNwYW4lM0UlM0MlMkZhJTNF[\/vc_raw_html][vc_column_text]Riccardo Iacometti (Chairman and Chief Executive Officer): born in Viareggio (LU) on 16 July 1963. After obtaining a diploma in Accounting, he received an honorary degree in Business and Economics from Leibniz University in 2005.&hellip;\" \/>\n<meta property=\"og:url\" content=\"https:\/\/taleagroupspa.com\/en\/governance\/board-of-directors\/\" \/>\n<meta property=\"og:site_name\" content=\"Talea Group S.p.A\" \/>\n<meta property=\"article:modified_time\" content=\"2025-10-27T16:47:03+00:00\" \/>\n<meta name=\"twitter:card\" content=\"summary_large_image\" \/>\n<meta name=\"twitter:label1\" content=\"Est. reading time\" \/>\n\t<meta name=\"twitter:data1\" content=\"4 minutes\" \/>\n<script type=\"application\/ld+json\" class=\"yoast-schema-graph\">{\"@context\":\"https:\/\/schema.org\",\"@graph\":[{\"@type\":\"WebPage\",\"@id\":\"https:\/\/taleagroupspa.com\/en\/governance\/board-of-directors\/\",\"url\":\"https:\/\/taleagroupspa.com\/en\/governance\/board-of-directors\/\",\"name\":\"Board of directors - Talea Group S.p.A\",\"isPartOf\":{\"@id\":\"https:\/\/taleagroupspa.com\/en\/#website\"},\"datePublished\":\"2019-07-11T09:58:24+00:00\",\"dateModified\":\"2025-10-27T16:47:03+00:00\",\"breadcrumb\":{\"@id\":\"https:\/\/taleagroupspa.com\/en\/governance\/board-of-directors\/#breadcrumb\"},\"inLanguage\":\"en-US\",\"potentialAction\":[{\"@type\":\"ReadAction\",\"target\":[\"https:\/\/taleagroupspa.com\/en\/governance\/board-of-directors\/\"]}]},{\"@type\":\"BreadcrumbList\",\"@id\":\"https:\/\/taleagroupspa.com\/en\/governance\/board-of-directors\/#breadcrumb\",\"itemListElement\":[{\"@type\":\"ListItem\",\"position\":1,\"name\":\"Home\",\"item\":\"https:\/\/taleagroupspa.com\/en\/\"},{\"@type\":\"ListItem\",\"position\":2,\"name\":\"Governance\",\"item\":\"https:\/\/taleagroupspa.com\/en\/governance\/\"},{\"@type\":\"ListItem\",\"position\":3,\"name\":\"Board of directors\"}]},{\"@type\":\"WebSite\",\"@id\":\"https:\/\/taleagroupspa.com\/en\/#website\",\"url\":\"https:\/\/taleagroupspa.com\/en\/\",\"name\":\"Talea Group S.p.A\",\"description\":\"Talea Group S.p.A, societ\u00e0 quotata sul mercato Euronext Growth Milan di Borsa Italiana nata dal rebranding di Farma\u00e8 S.p.A., \u00e8 tra i principali gruppi digitali in Europa nel macrosettore multicanale della Salute, Benessere e Bellezza e nei servizi media e di trasformazione digitale per le imprese.\u00a0\",\"publisher\":{\"@id\":\"https:\/\/taleagroupspa.com\/en\/#organization\"},\"potentialAction\":[{\"@type\":\"SearchAction\",\"target\":{\"@type\":\"EntryPoint\",\"urlTemplate\":\"https:\/\/taleagroupspa.com\/en\/?s={search_term_string}\"},\"query-input\":\"required name=search_term_string\"}],\"inLanguage\":\"en-US\"},{\"@type\":\"Organization\",\"@id\":\"https:\/\/taleagroupspa.com\/en\/#organization\",\"name\":\"Talea Group S.p.A\",\"url\":\"https:\/\/taleagroupspa.com\/en\/\",\"logo\":{\"@type\":\"ImageObject\",\"inLanguage\":\"en-US\",\"@id\":\"https:\/\/taleagroupspa.com\/en\/#\/schema\/logo\/image\/\",\"url\":\"https:\/\/taleagroupspa.com\/wp-content\/uploads\/2022\/09\/logo-dark.svg\",\"contentUrl\":\"https:\/\/taleagroupspa.com\/wp-content\/uploads\/2022\/09\/logo-dark.svg\",\"caption\":\"Talea Group S.p.A\"},\"image\":{\"@id\":\"https:\/\/taleagroupspa.com\/en\/#\/schema\/logo\/image\/\"}}]}<\/script>\n<!-- \/ Yoast SEO plugin. -->","yoast_head_json":{"title":"Board of directors - Talea Group S.p.A","robots":{"index":"index","follow":"follow","max-snippet":"max-snippet:-1","max-image-preview":"max-image-preview:large","max-video-preview":"max-video-preview:-1"},"canonical":"https:\/\/taleagroupspa.com\/en\/governance\/board-of-directors\/","og_locale":"en_US","og_type":"article","og_title":"Board of directors - Talea Group S.p.A","og_description":"[vc_row][vc_column][vc_column_text] [\/vc_column_text][\/vc_column][\/vc_row][vc_row][vc_column][vc_column_text][\/vc_column_text][\/vc_column][\/vc_row][vc_row el_class=&#8221;riga_consiglio top&#8221;][vc_column width=&#8221;1\/2&#8243;][vc_row_inner equal_height=&#8221;yes&#8221; content_placement=&#8221;top&#8221;][vc_column_inner width=&#8221;5\/12&#8243; offset=&#8221;vc_col-lg-offset-1 vc_col-md-offset-1 vc_col-sm-offset-1&#8243;][vc_column_text el_class=&#8221;nome&#8221;]Riccardo Iacometti[\/vc_column_text][vc_column_text el_class=&#8221;ruolo&#8221;]Chairman and Chief Executive Officer[\/vc_column_text][vc_raw_html]JTNDYSUyMG9uY2xpY2slM0QlMjJhcHJpcG9wdXAlMjgxJTI5JTIyJTIwcmVsJTNEJTIybm9vcGVuZXIlMjBub3JlZmVycmVyJTIyJTNFQ3VycmljdWx1bSUyMFZpdGFlJTNDJTJGYSUzRQ==[\/vc_raw_html][\/vc_column_inner][\/vc_row_inner][vc_row_inner el_class=&#8221;popup1 container-popupcv&#8221;][vc_column_inner el_class=&#8221;popupcv&#8221;][vc_raw_html]JTNDYSUyMG9uY2xpY2slM0QlMjJjaGl1ZGlwb3B1cCUyODElMjklMjIlM0UlM0NzcGFuJTIwY2xhc3MlM0QlMjJoYW1idXJnZXIlMjBfY2xvc2UlMjBjaGl1ZGlwb3B1cCUyMiUzRSUzQyUyRnNwYW4lM0UlM0MlMkZhJTNF[\/vc_raw_html][vc_column_text]Riccardo Iacometti (Chairman and Chief Executive Officer): born in Viareggio (LU) on 16 July 1963. After obtaining a diploma in Accounting, he received an honorary degree in Business and Economics from Leibniz University in 2005.&hellip;","og_url":"https:\/\/taleagroupspa.com\/en\/governance\/board-of-directors\/","og_site_name":"Talea Group S.p.A","article_modified_time":"2025-10-27T16:47:03+00:00","twitter_card":"summary_large_image","twitter_misc":{"Est. reading time":"4 minutes"},"schema":{"@context":"https:\/\/schema.org","@graph":[{"@type":"WebPage","@id":"https:\/\/taleagroupspa.com\/en\/governance\/board-of-directors\/","url":"https:\/\/taleagroupspa.com\/en\/governance\/board-of-directors\/","name":"Board of directors - Talea Group S.p.A","isPartOf":{"@id":"https:\/\/taleagroupspa.com\/en\/#website"},"datePublished":"2019-07-11T09:58:24+00:00","dateModified":"2025-10-27T16:47:03+00:00","breadcrumb":{"@id":"https:\/\/taleagroupspa.com\/en\/governance\/board-of-directors\/#breadcrumb"},"inLanguage":"en-US","potentialAction":[{"@type":"ReadAction","target":["https:\/\/taleagroupspa.com\/en\/governance\/board-of-directors\/"]}]},{"@type":"BreadcrumbList","@id":"https:\/\/taleagroupspa.com\/en\/governance\/board-of-directors\/#breadcrumb","itemListElement":[{"@type":"ListItem","position":1,"name":"Home","item":"https:\/\/taleagroupspa.com\/en\/"},{"@type":"ListItem","position":2,"name":"Governance","item":"https:\/\/taleagroupspa.com\/en\/governance\/"},{"@type":"ListItem","position":3,"name":"Board of directors"}]},{"@type":"WebSite","@id":"https:\/\/taleagroupspa.com\/en\/#website","url":"https:\/\/taleagroupspa.com\/en\/","name":"Talea Group S.p.A","description":"Talea Group S.p.A, societ\u00e0 quotata sul mercato Euronext Growth Milan di Borsa Italiana nata dal rebranding di Farma\u00e8 S.p.A., \u00e8 tra i principali gruppi digitali in Europa nel macrosettore multicanale della Salute, Benessere e Bellezza e nei servizi media e di trasformazione digitale per le imprese.\u00a0","publisher":{"@id":"https:\/\/taleagroupspa.com\/en\/#organization"},"potentialAction":[{"@type":"SearchAction","target":{"@type":"EntryPoint","urlTemplate":"https:\/\/taleagroupspa.com\/en\/?s={search_term_string}"},"query-input":"required name=search_term_string"}],"inLanguage":"en-US"},{"@type":"Organization","@id":"https:\/\/taleagroupspa.com\/en\/#organization","name":"Talea Group S.p.A","url":"https:\/\/taleagroupspa.com\/en\/","logo":{"@type":"ImageObject","inLanguage":"en-US","@id":"https:\/\/taleagroupspa.com\/en\/#\/schema\/logo\/image\/","url":"https:\/\/taleagroupspa.com\/wp-content\/uploads\/2022\/09\/logo-dark.svg","contentUrl":"https:\/\/taleagroupspa.com\/wp-content\/uploads\/2022\/09\/logo-dark.svg","caption":"Talea Group S.p.A"},"image":{"@id":"https:\/\/taleagroupspa.com\/en\/#\/schema\/logo\/image\/"}}]}},"_links":{"self":[{"href":"https:\/\/taleagroupspa.com\/en\/wp-json\/wp\/v2\/pages\/615"}],"collection":[{"href":"https:\/\/taleagroupspa.com\/en\/wp-json\/wp\/v2\/pages"}],"about":[{"href":"https:\/\/taleagroupspa.com\/en\/wp-json\/wp\/v2\/types\/page"}],"author":[{"embeddable":true,"href":"https:\/\/taleagroupspa.com\/en\/wp-json\/wp\/v2\/users\/1"}],"replies":[{"embeddable":true,"href":"https:\/\/taleagroupspa.com\/en\/wp-json\/wp\/v2\/comments?post=615"}],"version-history":[{"count":27,"href":"https:\/\/taleagroupspa.com\/en\/wp-json\/wp\/v2\/pages\/615\/revisions"}],"predecessor-version":[{"id":13660,"href":"https:\/\/taleagroupspa.com\/en\/wp-json\/wp\/v2\/pages\/615\/revisions\/13660"}],"up":[{"embeddable":true,"href":"https:\/\/taleagroupspa.com\/en\/wp-json\/wp\/v2\/pages\/610"}],"wp:attachment":[{"href":"https:\/\/taleagroupspa.com\/en\/wp-json\/wp\/v2\/media?parent=615"}],"curies":[{"name":"wp","href":"https:\/\/api.w.org\/{rel}","templated":true}]}}