{"id":621,"date":"2020-04-08T10:05:43","date_gmt":"2020-04-08T08:05:43","guid":{"rendered":"https:\/\/www.taleaspa.com\/?page_id=621"},"modified":"2024-09-30T11:34:09","modified_gmt":"2024-09-30T09:34:09","slug":"board-of-statutory-auditors","status":"publish","type":"page","link":"https:\/\/taleagroupspa.com\/en\/governance\/board-of-statutory-auditors\/","title":{"rendered":"Board of Statutory Auditors"},"content":{"rendered":"<section class=\"wpb-content-wrapper\"><p>[vc_row][vc_column][vc_column_text]<\/p>\n<div class=\"governance-cda\">[\/vc_column_text][\/vc_column][\/vc_row][vc_row][vc_column][vc_column_text]<div class=\"update-time\">Last update: 16 April 2026<\/div>[\/vc_column_text][\/vc_column][\/vc_row][vc_row el_class=&#8221;riga_consiglio top&#8221;][vc_column width=&#8221;1\/2&#8243;][vc_row_inner equal_height=&#8221;yes&#8221; content_placement=&#8221;top&#8221;][vc_column_inner width=&#8221;1\/2&#8243; offset=&#8221;vc_col-lg-offset-1 vc_col-md-offset-1 vc_col-sm-offset-1&#8243;][vc_column_text el_class=&#8221;nome&#8221;]Alberto Colella[\/vc_column_text][vc_column_text el_class=&#8221;ruolo&#8221;]Chairman[\/vc_column_text][vc_raw_html]JTNDYSUyMG9uY2xpY2slM0QlMjJhcHJpcG9wdXAlMjgxJTI5JTIyJTIwcmVsJTNEJTIybm9vcGVuZXIlMjBub3JlZmVycmVyJTIyJTNFQ3VycmljdWx1bSUyMFZpdGFlJTNDJTJGYSUzRQ==[\/vc_raw_html][\/vc_column_inner][\/vc_row_inner][vc_row_inner el_class=&#8221;popup1 container-popupcv&#8221;][vc_column_inner el_class=&#8221;popupcv&#8221;][vc_raw_html]JTNDYSUyMG9uY2xpY2slM0QlMjJjaGl1ZGlwb3B1cCUyODElMjklMjIlM0UlM0NzcGFuJTIwY2xhc3MlM0QlMjJoYW1idXJnZXIlMjBfY2xvc2UlMjBjaGl1ZGlwb3B1cCUyMiUzRSUzQyUyRnNwYW4lM0UlM0MlMkZhJTNF[\/vc_raw_html][vc_column_text]<strong>Alberto Colella (Chairman)<\/strong>: born in Milan on 13 February 1965, he graduated from Bocconi University \u2013 Business<br \/>\nManagement School \u2013 in 1992. He has been enrolled in the Order of Chartered Accountants of Milan since 1994 and in the Register of Auditors and the Register of Technical Consultants at the Court of Milan since 1999. He is a university assistant at Bocconi University\u2019s Institute of Business Law. Since 1 January 1991 he has worked independently, focusing, inter alia, on tax and accounting assistance, tax litigation consultancy, assistance in relations with tax authorities and corporate and bankruptcy law consultancy.[\/vc_column_text][\/vc_column_inner][\/vc_row_inner][\/vc_column][vc_column width=&#8221;1\/2&#8243;][\/vc_column][\/vc_row][vc_row el_class=&#8221;riga_consiglio&#8221;][vc_column width=&#8221;1\/2&#8243;][vc_row_inner equal_height=&#8221;yes&#8221; content_placement=&#8221;top&#8221;][vc_column_inner width=&#8221;1\/2&#8243; offset=&#8221;vc_col-lg-offset-1 vc_col-md-offset-1 vc_col-sm-offset-1&#8243;][vc_column_text el_class=&#8221;nome&#8221;]Simone Bottero[\/vc_column_text][vc_column_text el_class=&#8221;ruolo&#8221;]Acting Auditor[\/vc_column_text][vc_raw_html]JTNDYSUyMG9uY2xpY2slM0QlMjJhcHJpcG9wdXAlMjgzJTI5JTIyJTIwcmVsJTNEJTIybm9vcGVuZXIlMjBub3JlZmVycmVyJTIyJTNFQ3VycmljdWx1bSUyMFZpdGFlJTNDJTJGYSUzRQ==[\/vc_raw_html][\/vc_column_inner][\/vc_row_inner][vc_row_inner el_class=&#8221;popup3 container-popupcv&#8221;][vc_column_inner el_class=&#8221;popupcv&#8221;][vc_raw_html]JTNDYSUyMG9uY2xpY2slM0QlMjJjaGl1ZGlwb3B1cCUyODMlMjklMjIlM0UlM0NzcGFuJTIwY2xhc3MlM0QlMjJoYW1idXJnZXIlMjBfY2xvc2UlMjBjaGl1ZGlwb3B1cCUyMiUzRSUzQyUyRnNwYW4lM0UlM0MlMkZhJTNF[\/vc_raw_html][vc_column_text]<span data-teams=\"true\"><span class=\"ui-provider a b c d e f g h i j k l m n o p q r s t u v w x y z ab ac ae af ag ah ai aj ak\" dir=\"ltr\"><strong>Simone Bottero (Acting Auditor)<\/strong>: born in Milan on March 23, 1976, he graduated from Bocconi University \u2013 Faculty of Business Administration \u2013 in 2001. He has been a member of the Milan Register of Chartered Accountants and a Registered Auditor since 2004.<\/span><\/span>[\/vc_column_text][\/vc_column_inner][\/vc_row_inner][\/vc_column][vc_column width=&#8221;1\/2&#8243;][vc_row_inner equal_height=&#8221;yes&#8221; content_placement=&#8221;top&#8221;][vc_column_inner width=&#8221;1\/2&#8243; offset=&#8221;vc_col-lg-offset-1 vc_col-md-offset-1 vc_col-sm-offset-1&#8243;][vc_column_text el_class=&#8221;nome&#8221;]Monica Barbara Baldini[\/vc_column_text][vc_column_text el_class=&#8221;ruolo&#8221;]Acting Auditor[\/vc_column_text][vc_raw_html]JTNDYSUyMG9uY2xpY2slM0QlMjJhcHJpcG9wdXAlMjgyJTI5JTIyJTIwcmVsJTNEJTIybm9vcGVuZXIlMjBub3JlZmVycmVyJTIyJTNFQ3VycmljdWx1bSUyMFZpdGFlJTNDJTJGYSUzRQ==[\/vc_raw_html][\/vc_column_inner][\/vc_row_inner][vc_row_inner el_class=&#8221;popup2 container-popupcv&#8221;][vc_column_inner el_class=&#8221;popupcv&#8221;][vc_raw_html]JTNDYSUyMG9uY2xpY2slM0QlMjJjaGl1ZGlwb3B1cCUyODIlMjklMjIlM0UlM0NzcGFuJTIwY2xhc3MlM0QlMjJoYW1idXJnZXIlMjBfY2xvc2UlMjBjaGl1ZGlwb3B1cCUyMiUzRSUzQyUyRnNwYW4lM0UlM0MlMkZhJTNF[\/vc_raw_html][vc_column_text]<strong>Monica Barbara Baldini (Acting Auditor)<\/strong>: born in Viareggio on 10 April 1960, she graduated from the University of Pisa \u2013 Business and Economics School \u2013 in 1984. Since 2011 she has also been a professional mediator and expert in over-indebtedness crisis of consumers and businesses. She has been enrolled in the Register of Auditors since 1995 and in the Register of Judge\u2019s Technical Consultants at the Court of Lucca and Florence. She has run her own business as an accountant since 1992.[\/vc_column_text][\/vc_column_inner][\/vc_row_inner][\/vc_column][\/vc_row][vc_row el_class=&#8221;riga_consiglio&#8221;][vc_column width=&#8221;1\/2&#8243;][vc_row_inner equal_height=&#8221;yes&#8221; content_placement=&#8221;top&#8221;][vc_column_inner width=&#8221;1\/2&#8243; offset=&#8221;vc_col-lg-offset-1 vc_col-md-offset-1 vc_col-sm-offset-1&#8243;][vc_column_text el_class=&#8221;nome&#8221;]Fabio Panicucci[\/vc_column_text][vc_column_text el_class=&#8221;ruolo&#8221;]Alternate Auditor[\/vc_column_text][vc_raw_html]JTNDYSUyMG9uY2xpY2slM0QlMjJhcHJpcG9wdXAlMjg1JTI5JTIyJTIwcmVsJTNEJTIybm9vcGVuZXIlMjBub3JlZmVycmVyJTIyJTNFQ3VycmljdWx1bSUyMFZpdGFlJTNDJTJGYSUzRQ==[\/vc_raw_html][\/vc_column_inner][\/vc_row_inner][vc_row_inner el_class=&#8221;popup5 container-popupcv&#8221;][vc_column_inner el_class=&#8221;popupcv&#8221;][vc_raw_html]JTNDYSUyMG9uY2xpY2slM0QlMjJjaGl1ZGlwb3B1cCUyODUlMjklMjIlM0UlM0NzcGFuJTIwY2xhc3MlM0QlMjJoYW1idXJnZXIlMjBfY2xvc2UlMjBjaGl1ZGlwb3B1cCUyMiUzRSUzQyUyRnNwYW4lM0UlM0MlMkZhJTNF[\/vc_raw_html][vc_column_text]<strong>Fabio Panicucci (Alternate Auditor)<\/strong>: born in Viareggio on 21 December 1950, he graduated from the University of Pisa \u2013 Faculty of Political Science \u2013 in 1980. He has been enrolled in the Lucca Order of Chartered Accountants since 1991 and, since 1995, in the Register of Legal Auditors, in the Register of Experts and Technical Consultants at the Court of Lucca and in the Register of Arbitrators at the Lucca Chamber of Commerce. He has been a member of AIADC since 2012. Since 2017 he has served as manager of the over-indebtedness crisis at the Lucca Corporate Crisis Monitoring Body (OCC) registered with the Ministry of Justice. He has worked for companies in Italy and abroad as an accountant and has worked freelance for law firms and accountants. He has held and still holds positions as chairman and member of various boards of statutory auditors, as well as auditor of sports clubs and non-profit organizations.[\/vc_column_text][\/vc_column_inner][\/vc_row_inner][\/vc_column][vc_column width=&#8221;1\/2&#8243;][vc_row_inner equal_height=&#8221;yes&#8221; content_placement=&#8221;top&#8221;][vc_column_inner width=&#8221;1\/2&#8243; offset=&#8221;vc_col-lg-offset-1 vc_col-md-offset-1 vc_col-sm-offset-1&#8243;][vc_column_text el_class=&#8221;nome&#8221;]Gianni Pierotti[\/vc_column_text][vc_column_text el_class=&#8221;ruolo&#8221;]Alternate Auditor[\/vc_column_text][vc_raw_html]JTNDYSUyMG9uY2xpY2slM0QlMjJhcHJpcG9wdXAlMjg0JTI5JTIyJTIwcmVsJTNEJTIybm9vcGVuZXIlMjBub3JlZmVycmVyJTIyJTNFQ3VycmljdWx1bSUyMFZpdGFlJTNDJTJGYSUzRQ==[\/vc_raw_html][\/vc_column_inner][\/vc_row_inner][vc_row_inner el_class=&#8221;popup4 container-popupcv&#8221;][vc_column_inner el_class=&#8221;popupcv&#8221;][vc_raw_html]JTNDYSUyMG9uY2xpY2slM0QlMjJjaGl1ZGlwb3B1cCUyODQlMjklMjIlM0UlM0NzcGFuJTIwY2xhc3MlM0QlMjJoYW1idXJnZXIlMjBfY2xvc2UlMjBjaGl1ZGlwb3B1cCUyMiUzRSUzQyUyRnNwYW4lM0UlM0MlMkZhJTNF[\/vc_raw_html][vc_column_text]<span data-teams=\"true\"><span class=\"ui-provider a b c d e f g h i j k l m n o p q r s t u v w x y z ab ac ae af ag ah ai aj ak\" dir=\"ltr\"><strong>Gianni Pierotti (Alternate Auditor)<\/strong>: born in Pontedera on July 18, 1970.<\/span><\/span>[\/vc_column_text][\/vc_column_inner][\/vc_row_inner][\/vc_column][\/vc_row][vc_row][vc_column][vc_raw_js]JTNDc2NyaXB0JTIwdHlwZSUzRCUyMnRleHQlMkZqYXZhc2NyaXB0JTIyJTNFJTBBJTBBJTIwJTIwJTIwJTIwJTIwJTIwJTIwJTIwZnVuY3Rpb24lMjBhcHJpcG9wdXAlMjh4JTI5JTIwJTdCJTBBaWYlMjAlMjhqUXVlcnklMjh3aW5kb3clMjkud2lkdGglMjglMjklMjAlM0MlMjA3NjklMjklMjAlN0IlMEFqUXVlcnklMjglMjIuaGVhZGVyLXdyYXBwZXIlMjIlMjkuaGlkZSUyOCUyOSUzQiUwQSU3RCUwQSUyMCUyMCUyMCUyMCUyMCUyMCUyMCUyMCUyMCUyMCUyMCUyMGpRdWVyeSUyOCUyMi5wb3B1cCUyMiUyQnglMjkuYWRkQ2xhc3MlMjglMjJhY3RpdmVwb3B1cCUyMiUyOSUzQiUwQSUwQSUyMCUyMCUyMCUyMCUyMCUyMCUyMCUyMCU3RCUwQSUyMCUyMCUyMCUyMCUyMCUyMCUyMCUyMGZ1bmN0aW9uJTIwY2hpdWRpcG9wdXAlMjh4JTI5JTIwJTdCJTBBaWYlMjAlMjhqUXVlcnklMjh3aW5kb3clMjkud2lkdGglMjglMjklMjAlM0MlMjA3NjklMjklMjAlN0IlMEFqUXVlcnklMjglMjIuaGVhZGVyLXdyYXBwZXIlMjIlMjkuc2hvdyUyOCUyOSUzQiUwQSU3RCUwQSUyMCUyMCUyMCUyMCUyMCUyMCUyMCUyMCUyMCUyMCUyMCUyMGpRdWVyeSUyOCUyMi5wb3B1cCUyMiUyQnglMjkucmVtb3ZlQ2xhc3MlMjglMjJhY3RpdmVwb3B1cCUyMiUyOSUzQiUwQSUwQSUyMCUyMCUyMCUyMCUyMCUyMCUyMCUyMCU3RCUwQSUyMCUyMCUyMCUyMCUwQSUzQyUyRnNjcmlwdCUzRQ==[\/vc_raw_js][\/vc_column][\/vc_row][vc_row][vc_column][vc_column_text]<\/div>\n<p>[\/vc_column_text][\/vc_column][\/vc_row]<\/p>\n<\/section>","protected":false},"excerpt":{"rendered":"<p>[vc_row][vc_column][vc_column_text] [\/vc_column_text][\/vc_column][\/vc_row][vc_row][vc_column][vc_column_text][\/vc_column_text][\/vc_column][\/vc_row][vc_row el_class=&#8221;riga_consiglio top&#8221;][vc_column width=&#8221;1\/2&#8243;][vc_row_inner equal_height=&#8221;yes&#8221; content_placement=&#8221;top&#8221;][vc_column_inner width=&#8221;1\/2&#8243; offset=&#8221;vc_col-lg-offset-1 vc_col-md-offset-1 vc_col-sm-offset-1&#8243;][vc_column_text el_class=&#8221;nome&#8221;]Alberto Colella[\/vc_column_text][vc_column_text el_class=&#8221;ruolo&#8221;]Chairman[\/vc_column_text][vc_raw_html]JTNDYSUyMG9uY2xpY2slM0QlMjJhcHJpcG9wdXAlMjgxJTI5JTIyJTIwcmVsJTNEJTIybm9vcGVuZXIlMjBub3JlZmVycmVyJTIyJTNFQ3VycmljdWx1bSUyMFZpdGFlJTNDJTJGYSUzRQ==[\/vc_raw_html][\/vc_column_inner][\/vc_row_inner][vc_row_inner el_class=&#8221;popup1 container-popupcv&#8221;][vc_column_inner el_class=&#8221;popupcv&#8221;][vc_raw_html]JTNDYSUyMG9uY2xpY2slM0QlMjJjaGl1ZGlwb3B1cCUyODElMjklMjIlM0UlM0NzcGFuJTIwY2xhc3MlM0QlMjJoYW1idXJnZXIlMjBfY2xvc2UlMjBjaGl1ZGlwb3B1cCUyMiUzRSUzQyUyRnNwYW4lM0UlM0MlMkZhJTNF[\/vc_raw_html][vc_column_text]Alberto Colella (Chairman): born in Milan on 13 February 1965, he graduated from Bocconi University \u2013 Business Management School \u2013 in 1992. He has been enrolled in the Order of Chartered Accountants of Milan since 1994 and in the&hellip;<\/p>\n","protected":false},"author":1,"featured_media":0,"parent":610,"menu_order":0,"comment_status":"closed","ping_status":"closed","template":"page-farmaegroup.php","meta":{"_mi_skip_tracking":false},"yoast_head":"<!-- This site is optimized with the Yoast SEO plugin v20.7 - https:\/\/yoast.com\/wordpress\/plugins\/seo\/ -->\n<title>Board of Statutory Auditors - Talea Group S.p.A<\/title>\n<meta name=\"robots\" content=\"index, follow, max-snippet:-1, max-image-preview:large, max-video-preview:-1\" \/>\n<link rel=\"canonical\" href=\"https:\/\/taleagroupspa.com\/en\/governance\/board-of-statutory-auditors\/\" \/>\n<meta property=\"og:locale\" content=\"en_US\" \/>\n<meta property=\"og:type\" content=\"article\" \/>\n<meta property=\"og:title\" content=\"Board of Statutory Auditors - Talea Group S.p.A\" \/>\n<meta property=\"og:description\" content=\"[vc_row][vc_column][vc_column_text] [\/vc_column_text][\/vc_column][\/vc_row][vc_row][vc_column][vc_column_text][\/vc_column_text][\/vc_column][\/vc_row][vc_row el_class=&#8221;riga_consiglio top&#8221;][vc_column width=&#8221;1\/2&#8243;][vc_row_inner equal_height=&#8221;yes&#8221; content_placement=&#8221;top&#8221;][vc_column_inner width=&#8221;1\/2&#8243; offset=&#8221;vc_col-lg-offset-1 vc_col-md-offset-1 vc_col-sm-offset-1&#8243;][vc_column_text el_class=&#8221;nome&#8221;]Alberto Colella[\/vc_column_text][vc_column_text el_class=&#8221;ruolo&#8221;]Chairman[\/vc_column_text][vc_raw_html]JTNDYSUyMG9uY2xpY2slM0QlMjJhcHJpcG9wdXAlMjgxJTI5JTIyJTIwcmVsJTNEJTIybm9vcGVuZXIlMjBub3JlZmVycmVyJTIyJTNFQ3VycmljdWx1bSUyMFZpdGFlJTNDJTJGYSUzRQ==[\/vc_raw_html][\/vc_column_inner][\/vc_row_inner][vc_row_inner el_class=&#8221;popup1 container-popupcv&#8221;][vc_column_inner el_class=&#8221;popupcv&#8221;][vc_raw_html]JTNDYSUyMG9uY2xpY2slM0QlMjJjaGl1ZGlwb3B1cCUyODElMjklMjIlM0UlM0NzcGFuJTIwY2xhc3MlM0QlMjJoYW1idXJnZXIlMjBfY2xvc2UlMjBjaGl1ZGlwb3B1cCUyMiUzRSUzQyUyRnNwYW4lM0UlM0MlMkZhJTNF[\/vc_raw_html][vc_column_text]Alberto Colella (Chairman): born in Milan on 13 February 1965, he graduated from Bocconi University \u2013 Business Management School \u2013 in 1992. He has been enrolled in the Order of Chartered Accountants of Milan since 1994 and in the&hellip;\" \/>\n<meta property=\"og:url\" content=\"https:\/\/taleagroupspa.com\/en\/governance\/board-of-statutory-auditors\/\" \/>\n<meta property=\"og:site_name\" content=\"Talea Group S.p.A\" \/>\n<meta property=\"article:modified_time\" content=\"2024-09-30T09:34:09+00:00\" \/>\n<meta name=\"twitter:card\" content=\"summary_large_image\" \/>\n<meta name=\"twitter:label1\" content=\"Est. reading time\" \/>\n\t<meta name=\"twitter:data1\" content=\"3 minutes\" \/>\n<script type=\"application\/ld+json\" class=\"yoast-schema-graph\">{\"@context\":\"https:\/\/schema.org\",\"@graph\":[{\"@type\":\"WebPage\",\"@id\":\"https:\/\/taleagroupspa.com\/en\/governance\/board-of-statutory-auditors\/\",\"url\":\"https:\/\/taleagroupspa.com\/en\/governance\/board-of-statutory-auditors\/\",\"name\":\"Board of Statutory Auditors - Talea Group S.p.A\",\"isPartOf\":{\"@id\":\"https:\/\/taleagroupspa.com\/en\/#website\"},\"datePublished\":\"2020-04-08T08:05:43+00:00\",\"dateModified\":\"2024-09-30T09:34:09+00:00\",\"breadcrumb\":{\"@id\":\"https:\/\/taleagroupspa.com\/en\/governance\/board-of-statutory-auditors\/#breadcrumb\"},\"inLanguage\":\"en-US\",\"potentialAction\":[{\"@type\":\"ReadAction\",\"target\":[\"https:\/\/taleagroupspa.com\/en\/governance\/board-of-statutory-auditors\/\"]}]},{\"@type\":\"BreadcrumbList\",\"@id\":\"https:\/\/taleagroupspa.com\/en\/governance\/board-of-statutory-auditors\/#breadcrumb\",\"itemListElement\":[{\"@type\":\"ListItem\",\"position\":1,\"name\":\"Home\",\"item\":\"https:\/\/taleagroupspa.com\/en\/\"},{\"@type\":\"ListItem\",\"position\":2,\"name\":\"Governance\",\"item\":\"https:\/\/taleagroupspa.com\/en\/governance\/\"},{\"@type\":\"ListItem\",\"position\":3,\"name\":\"Board of Statutory Auditors\"}]},{\"@type\":\"WebSite\",\"@id\":\"https:\/\/taleagroupspa.com\/en\/#website\",\"url\":\"https:\/\/taleagroupspa.com\/en\/\",\"name\":\"Talea Group S.p.A\",\"description\":\"Talea Group S.p.A, societ\u00e0 quotata sul mercato Euronext Growth Milan di Borsa Italiana nata dal rebranding di Farma\u00e8 S.p.A., \u00e8 tra i principali gruppi digitali in Europa nel macrosettore multicanale della Salute, Benessere e Bellezza e nei servizi media e di trasformazione digitale per le imprese.\u00a0\",\"publisher\":{\"@id\":\"https:\/\/taleagroupspa.com\/en\/#organization\"},\"potentialAction\":[{\"@type\":\"SearchAction\",\"target\":{\"@type\":\"EntryPoint\",\"urlTemplate\":\"https:\/\/taleagroupspa.com\/en\/?s={search_term_string}\"},\"query-input\":\"required name=search_term_string\"}],\"inLanguage\":\"en-US\"},{\"@type\":\"Organization\",\"@id\":\"https:\/\/taleagroupspa.com\/en\/#organization\",\"name\":\"Talea Group S.p.A\",\"url\":\"https:\/\/taleagroupspa.com\/en\/\",\"logo\":{\"@type\":\"ImageObject\",\"inLanguage\":\"en-US\",\"@id\":\"https:\/\/taleagroupspa.com\/en\/#\/schema\/logo\/image\/\",\"url\":\"https:\/\/taleagroupspa.com\/wp-content\/uploads\/2022\/09\/logo-dark.svg\",\"contentUrl\":\"https:\/\/taleagroupspa.com\/wp-content\/uploads\/2022\/09\/logo-dark.svg\",\"caption\":\"Talea Group S.p.A\"},\"image\":{\"@id\":\"https:\/\/taleagroupspa.com\/en\/#\/schema\/logo\/image\/\"}}]}<\/script>\n<!-- \/ Yoast SEO plugin. -->","yoast_head_json":{"title":"Board of Statutory Auditors - Talea Group S.p.A","robots":{"index":"index","follow":"follow","max-snippet":"max-snippet:-1","max-image-preview":"max-image-preview:large","max-video-preview":"max-video-preview:-1"},"canonical":"https:\/\/taleagroupspa.com\/en\/governance\/board-of-statutory-auditors\/","og_locale":"en_US","og_type":"article","og_title":"Board of Statutory Auditors - Talea Group S.p.A","og_description":"[vc_row][vc_column][vc_column_text] [\/vc_column_text][\/vc_column][\/vc_row][vc_row][vc_column][vc_column_text][\/vc_column_text][\/vc_column][\/vc_row][vc_row el_class=&#8221;riga_consiglio top&#8221;][vc_column width=&#8221;1\/2&#8243;][vc_row_inner equal_height=&#8221;yes&#8221; content_placement=&#8221;top&#8221;][vc_column_inner width=&#8221;1\/2&#8243; offset=&#8221;vc_col-lg-offset-1 vc_col-md-offset-1 vc_col-sm-offset-1&#8243;][vc_column_text el_class=&#8221;nome&#8221;]Alberto Colella[\/vc_column_text][vc_column_text el_class=&#8221;ruolo&#8221;]Chairman[\/vc_column_text][vc_raw_html]JTNDYSUyMG9uY2xpY2slM0QlMjJhcHJpcG9wdXAlMjgxJTI5JTIyJTIwcmVsJTNEJTIybm9vcGVuZXIlMjBub3JlZmVycmVyJTIyJTNFQ3VycmljdWx1bSUyMFZpdGFlJTNDJTJGYSUzRQ==[\/vc_raw_html][\/vc_column_inner][\/vc_row_inner][vc_row_inner el_class=&#8221;popup1 container-popupcv&#8221;][vc_column_inner el_class=&#8221;popupcv&#8221;][vc_raw_html]JTNDYSUyMG9uY2xpY2slM0QlMjJjaGl1ZGlwb3B1cCUyODElMjklMjIlM0UlM0NzcGFuJTIwY2xhc3MlM0QlMjJoYW1idXJnZXIlMjBfY2xvc2UlMjBjaGl1ZGlwb3B1cCUyMiUzRSUzQyUyRnNwYW4lM0UlM0MlMkZhJTNF[\/vc_raw_html][vc_column_text]Alberto Colella (Chairman): born in Milan on 13 February 1965, he graduated from Bocconi University \u2013 Business Management School \u2013 in 1992. He has been enrolled in the Order of Chartered Accountants of Milan since 1994 and in the&hellip;","og_url":"https:\/\/taleagroupspa.com\/en\/governance\/board-of-statutory-auditors\/","og_site_name":"Talea Group S.p.A","article_modified_time":"2024-09-30T09:34:09+00:00","twitter_card":"summary_large_image","twitter_misc":{"Est. reading time":"3 minutes"},"schema":{"@context":"https:\/\/schema.org","@graph":[{"@type":"WebPage","@id":"https:\/\/taleagroupspa.com\/en\/governance\/board-of-statutory-auditors\/","url":"https:\/\/taleagroupspa.com\/en\/governance\/board-of-statutory-auditors\/","name":"Board of Statutory Auditors - Talea Group S.p.A","isPartOf":{"@id":"https:\/\/taleagroupspa.com\/en\/#website"},"datePublished":"2020-04-08T08:05:43+00:00","dateModified":"2024-09-30T09:34:09+00:00","breadcrumb":{"@id":"https:\/\/taleagroupspa.com\/en\/governance\/board-of-statutory-auditors\/#breadcrumb"},"inLanguage":"en-US","potentialAction":[{"@type":"ReadAction","target":["https:\/\/taleagroupspa.com\/en\/governance\/board-of-statutory-auditors\/"]}]},{"@type":"BreadcrumbList","@id":"https:\/\/taleagroupspa.com\/en\/governance\/board-of-statutory-auditors\/#breadcrumb","itemListElement":[{"@type":"ListItem","position":1,"name":"Home","item":"https:\/\/taleagroupspa.com\/en\/"},{"@type":"ListItem","position":2,"name":"Governance","item":"https:\/\/taleagroupspa.com\/en\/governance\/"},{"@type":"ListItem","position":3,"name":"Board of Statutory Auditors"}]},{"@type":"WebSite","@id":"https:\/\/taleagroupspa.com\/en\/#website","url":"https:\/\/taleagroupspa.com\/en\/","name":"Talea Group S.p.A","description":"Talea Group S.p.A, societ\u00e0 quotata sul mercato Euronext Growth Milan di Borsa Italiana nata dal rebranding di Farma\u00e8 S.p.A., \u00e8 tra i principali gruppi digitali in Europa nel macrosettore multicanale della Salute, Benessere e Bellezza e nei servizi media e di trasformazione digitale per le imprese.\u00a0","publisher":{"@id":"https:\/\/taleagroupspa.com\/en\/#organization"},"potentialAction":[{"@type":"SearchAction","target":{"@type":"EntryPoint","urlTemplate":"https:\/\/taleagroupspa.com\/en\/?s={search_term_string}"},"query-input":"required name=search_term_string"}],"inLanguage":"en-US"},{"@type":"Organization","@id":"https:\/\/taleagroupspa.com\/en\/#organization","name":"Talea Group S.p.A","url":"https:\/\/taleagroupspa.com\/en\/","logo":{"@type":"ImageObject","inLanguage":"en-US","@id":"https:\/\/taleagroupspa.com\/en\/#\/schema\/logo\/image\/","url":"https:\/\/taleagroupspa.com\/wp-content\/uploads\/2022\/09\/logo-dark.svg","contentUrl":"https:\/\/taleagroupspa.com\/wp-content\/uploads\/2022\/09\/logo-dark.svg","caption":"Talea Group S.p.A"},"image":{"@id":"https:\/\/taleagroupspa.com\/en\/#\/schema\/logo\/image\/"}}]}},"_links":{"self":[{"href":"https:\/\/taleagroupspa.com\/en\/wp-json\/wp\/v2\/pages\/621"}],"collection":[{"href":"https:\/\/taleagroupspa.com\/en\/wp-json\/wp\/v2\/pages"}],"about":[{"href":"https:\/\/taleagroupspa.com\/en\/wp-json\/wp\/v2\/types\/page"}],"author":[{"embeddable":true,"href":"https:\/\/taleagroupspa.com\/en\/wp-json\/wp\/v2\/users\/1"}],"replies":[{"embeddable":true,"href":"https:\/\/taleagroupspa.com\/en\/wp-json\/wp\/v2\/comments?post=621"}],"version-history":[{"count":10,"href":"https:\/\/taleagroupspa.com\/en\/wp-json\/wp\/v2\/pages\/621\/revisions"}],"predecessor-version":[{"id":12953,"href":"https:\/\/taleagroupspa.com\/en\/wp-json\/wp\/v2\/pages\/621\/revisions\/12953"}],"up":[{"embeddable":true,"href":"https:\/\/taleagroupspa.com\/en\/wp-json\/wp\/v2\/pages\/610"}],"wp:attachment":[{"href":"https:\/\/taleagroupspa.com\/en\/wp-json\/wp\/v2\/media?parent=621"}],"curies":[{"name":"wp","href":"https:\/\/api.w.org\/{rel}","templated":true}]}}