{"id":663,"date":"2019-07-12T16:32:11","date_gmt":"2019-07-12T14:32:11","guid":{"rendered":"https:\/\/www.taleaspa.com\/investor-relations\/azionisti-significativi\/"},"modified":"2025-01-15T17:56:53","modified_gmt":"2025-01-15T16:56:53","slug":"significant-shareholders","status":"publish","type":"page","link":"https:\/\/taleagroupspa.com\/en\/investor-relations\/significant-shareholders\/","title":{"rendered":"SIGNIFICANT SHAREHOLDERS"},"content":{"rendered":"<section class=\"wpb-content-wrapper\"><p>[vc_row][vc_column][vc_column_text]<div class=\"update-time\">Last update: 16 April 2026<\/div>[\/vc_column_text][\/vc_column][\/vc_row][vc_row el_class=&#8221;riga_tabella testata c-807667&#8243;][vc_column width=&#8221;1\/3&#8243; offset=&#8221;vc_col-xs-4&#8243;][vc_column_text]<\/p>\n<p class=\"p1\" style=\"text-align: center;\"><span class=\"s1\"><b>Shareholder<\/b><\/span><\/p>\n<p>[\/vc_column_text][\/vc_column][vc_column width=&#8221;1\/3&#8243; offset=&#8221;vc_col-xs-4&#8243;][vc_column_text]<\/p>\n<p class=\"p1\" style=\"text-align: center;\"><span class=\"s1\"><b>Number of owned shares<\/b><\/span><\/p>\n<p>[\/vc_column_text][\/vc_column][vc_column width=&#8221;1\/3&#8243; offset=&#8221;vc_col-xs-4&#8243;][vc_column_text]<\/p>\n<p class=\"p1\" style=\"text-align: center;\"><span class=\"s1\"><b>% on share capital<\/b><\/span><\/p>\n<p>[\/vc_column_text][\/vc_column][\/vc_row][vc_row el_class=&#8221;riga_tabella&#8221;][vc_column width=&#8221;1\/3&#8243; offset=&#8221;vc_col-xs-4&#8243;][vc_column_text]<\/p>\n<p style=\"text-align: center;\">Riccardo Iacometti<\/p>\n<p>[\/vc_column_text][\/vc_column][vc_column width=&#8221;1\/3&#8243; offset=&#8221;vc_col-xs-4&#8243;][vc_column_text]<\/p>\n<p class=\"p1\" style=\"text-align: center;\">4.089.167<\/p>\n<p>[\/vc_column_text][\/vc_column][vc_column width=&#8221;1\/3&#8243; offset=&#8221;vc_col-xs-4&#8243;][vc_column_text]<\/p>\n<p class=\"p1\" style=\"text-align: center;\">48,71%<\/p>\n<p>[\/vc_column_text][\/vc_column][\/vc_row][vc_row el_class=&#8221;riga_tabella&#8221;][vc_column width=&#8221;1\/3&#8243; offset=&#8221;vc_col-xs-4&#8243;][vc_column_text]<\/p>\n<h6 style=\"text-align: right;\"><em>Riccardo Iacometti persona fisica<\/em><\/h6>\n<p>[\/vc_column_text][vc_column_text]<\/p>\n<h6 style=\"text-align: right;\"><em>tramite RIAC Holding S.r.l.*<\/em><\/h6>\n<p>[\/vc_column_text][\/vc_column][vc_column width=&#8221;1\/3&#8243; offset=&#8221;vc_col-xs-4&#8243;][vc_column_text]<\/p>\n<p style=\"text-align: center;\"><em>200.000<\/em><\/p>\n<p>[\/vc_column_text][vc_column_text]<\/p>\n<p class=\"p1\" style=\"text-align: center;\"><em>3.889.167<\/em><\/p>\n<p>[\/vc_column_text][\/vc_column][vc_column width=&#8221;1\/3&#8243; offset=&#8221;vc_col-xs-4&#8243;][vc_column_text]<\/p>\n<p style=\"text-align: center;\"><em>2,38%<\/em><\/p>\n<p>[\/vc_column_text][vc_column_text]<\/p>\n<p class=\"p1\" style=\"text-align: center;\"><em>46,33%<\/em><\/p>\n<p>[\/vc_column_text][\/vc_column][\/vc_row][vc_row el_class=&#8221;riga_tabella&#8221;][vc_column width=&#8221;1\/3&#8243; offset=&#8221;vc_col-xs-4&#8243;][vc_column_text]<\/p>\n<p class=\"p1\" style=\"text-align: center;\">MDF Holding S.r.l.**<\/p>\n<p>[\/vc_column_text][\/vc_column][vc_column width=&#8221;1\/3&#8243; offset=&#8221;vc_col-xs-4&#8243;][vc_column_text]<\/p>\n<p class=\"p1\" style=\"text-align: center;\">1.173.803<\/p>\n<p>[\/vc_column_text][\/vc_column][vc_column width=&#8221;1\/3&#8243; offset=&#8221;vc_col-xs-4&#8243;][vc_column_text]<\/p>\n<p class=\"p1\" style=\"text-align: center;\">13,98%<\/p>\n<p>[\/vc_column_text][\/vc_column][\/vc_row][vc_row el_class=&#8221;riga_tabella&#8221;][vc_column width=&#8221;1\/3&#8243; offset=&#8221;vc_col-xs-4&#8243;][vc_column_text]<\/p>\n<p class=\"p1\" style=\"text-align: center;\">Azioni proprie<\/p>\n<p>[\/vc_column_text][\/vc_column][vc_column width=&#8221;1\/3&#8243; offset=&#8221;vc_col-xs-4&#8243;][vc_column_text]<\/p>\n<p class=\"p1\" style=\"text-align: center;\">8.540<\/p>\n<p>[\/vc_column_text][\/vc_column][vc_column width=&#8221;1\/3&#8243; offset=&#8221;vc_col-xs-4&#8243;][vc_column_text]<\/p>\n<p class=\"p1\" style=\"text-align: center;\">0,1%<\/p>\n<p>[\/vc_column_text][\/vc_column][\/vc_row][vc_row el_class=&#8221;riga_tabella&#8221;][vc_column width=&#8221;1\/3&#8243; offset=&#8221;vc_col-xs-4&#8243;][vc_column_text]<\/p>\n<p class=\"p1\" style=\"text-align: center;\"><span class=\"s1\">Mercato<\/span><\/p>\n<p>[\/vc_column_text][\/vc_column][vc_column width=&#8221;1\/3&#8243; offset=&#8221;vc_col-xs-4&#8243;][vc_column_text]<\/p>\n<p class=\"p1\" style=\"text-align: center;\">3.123.867<\/p>\n<p>[\/vc_column_text][\/vc_column][vc_column width=&#8221;1\/3&#8243; offset=&#8221;vc_col-xs-4&#8243;][vc_column_text]<\/p>\n<p class=\"p1\" style=\"text-align: center;\">37,21%<\/p>\n<p>[\/vc_column_text][\/vc_column][\/vc_row][vc_row el_class=&#8221;riga_tabella&#8221;][vc_column width=&#8221;1\/3&#8243; offset=&#8221;vc_col-xs-4&#8243; el_class=&#8221;font45 weight-bold&#8221;][vc_column_text]<\/p>\n<p class=\"p1\" style=\"text-align: center;\"><span class=\"s1\"><b>Totale<\/b><\/span><\/p>\n<p>[\/vc_column_text][\/vc_column][vc_column width=&#8221;1\/3&#8243; offset=&#8221;vc_col-xs-4&#8243; el_class=&#8221;font40&#8243;][vc_column_text]<\/p>\n<p style=\"text-align: center;\">8.395.377<\/p>\n<p>[\/vc_column_text][\/vc_column][vc_column width=&#8221;1\/3&#8243; offset=&#8221;vc_col-xs-4&#8243; el_class=&#8221;font40&#8243;][vc_column_text]<\/p>\n<p class=\"p1\" style=\"text-align: center;\"><span class=\"s1\"><b>100,00%<\/b><\/span><\/p>\n<p>[\/vc_column_text][\/vc_column][\/vc_row][vc_row css=&#8221;.vc_custom_1676300243928{margin-top: 70px !important;}&#8221; el_class=&#8221;no-border-bottom&#8221;][vc_column][vc_column_text]*The share capital of RIAC Holding Srl is held 70% by Riccardo Iacometti and 20% by Andrea Iacometti and 10% by Cinzia Rossi<\/p>\n<p>** attributable to Marco di Filippo, member of the Board of Directors of Talea Group[\/vc_column_text][\/vc_column][\/vc_row]<\/p>\n<\/section>","protected":false},"excerpt":{"rendered":"<p>[vc_row][vc_column][vc_column_text][\/vc_column_text][\/vc_column][\/vc_row][vc_row el_class=&#8221;riga_tabella testata c-807667&#8243;][vc_column width=&#8221;1\/3&#8243; offset=&#8221;vc_col-xs-4&#8243;][vc_column_text] Shareholder [\/vc_column_text][\/vc_column][vc_column width=&#8221;1\/3&#8243; offset=&#8221;vc_col-xs-4&#8243;][vc_column_text] Number of owned shares [\/vc_column_text][\/vc_column][vc_column width=&#8221;1\/3&#8243; offset=&#8221;vc_col-xs-4&#8243;][vc_column_text] % on share capital [\/vc_column_text][\/vc_column][\/vc_row][vc_row el_class=&#8221;riga_tabella&#8221;][vc_column width=&#8221;1\/3&#8243; offset=&#8221;vc_col-xs-4&#8243;][vc_column_text] Riccardo Iacometti [\/vc_column_text][\/vc_column][vc_column width=&#8221;1\/3&#8243; offset=&#8221;vc_col-xs-4&#8243;][vc_column_text] 4.089.167 [\/vc_column_text][\/vc_column][vc_column width=&#8221;1\/3&#8243; offset=&#8221;vc_col-xs-4&#8243;][vc_column_text] 48,71% [\/vc_column_text][\/vc_column][\/vc_row][vc_row el_class=&#8221;riga_tabella&#8221;][vc_column width=&#8221;1\/3&#8243; offset=&#8221;vc_col-xs-4&#8243;][vc_column_text] Riccardo Iacometti persona fisica [\/vc_column_text][vc_column_text] tramite RIAC Holding S.r.l.* [\/vc_column_text][\/vc_column][vc_column width=&#8221;1\/3&#8243; offset=&#8221;vc_col-xs-4&#8243;][vc_column_text] 200.000 [\/vc_column_text][vc_column_text] 3.889.167 [\/vc_column_text][\/vc_column][vc_column&hellip;<\/p>\n","protected":false},"author":1,"featured_media":0,"parent":645,"menu_order":0,"comment_status":"closed","ping_status":"closed","template":"page-farmaegroup.php","meta":{"_mi_skip_tracking":false},"yoast_head":"<!-- This site is optimized with the Yoast SEO plugin v20.7 - https:\/\/yoast.com\/wordpress\/plugins\/seo\/ -->\n<title>SIGNIFICANT SHAREHOLDERS - Talea Group S.p.A<\/title>\n<meta name=\"robots\" content=\"index, follow, max-snippet:-1, max-image-preview:large, max-video-preview:-1\" \/>\n<link rel=\"canonical\" href=\"https:\/\/taleagroupspa.com\/en\/investor-relations\/significant-shareholders\/\" \/>\n<meta property=\"og:locale\" content=\"en_US\" \/>\n<meta property=\"og:type\" content=\"article\" \/>\n<meta property=\"og:title\" content=\"SIGNIFICANT SHAREHOLDERS - Talea Group S.p.A\" \/>\n<meta property=\"og:description\" content=\"[vc_row][vc_column][vc_column_text][\/vc_column_text][\/vc_column][\/vc_row][vc_row el_class=&#8221;riga_tabella testata c-807667&#8243;][vc_column width=&#8221;1\/3&#8243; offset=&#8221;vc_col-xs-4&#8243;][vc_column_text] Shareholder [\/vc_column_text][\/vc_column][vc_column width=&#8221;1\/3&#8243; offset=&#8221;vc_col-xs-4&#8243;][vc_column_text] Number of owned shares [\/vc_column_text][\/vc_column][vc_column width=&#8221;1\/3&#8243; offset=&#8221;vc_col-xs-4&#8243;][vc_column_text] % on share capital [\/vc_column_text][\/vc_column][\/vc_row][vc_row el_class=&#8221;riga_tabella&#8221;][vc_column width=&#8221;1\/3&#8243; offset=&#8221;vc_col-xs-4&#8243;][vc_column_text] Riccardo Iacometti [\/vc_column_text][\/vc_column][vc_column width=&#8221;1\/3&#8243; offset=&#8221;vc_col-xs-4&#8243;][vc_column_text] 4.089.167 [\/vc_column_text][\/vc_column][vc_column width=&#8221;1\/3&#8243; offset=&#8221;vc_col-xs-4&#8243;][vc_column_text] 48,71% [\/vc_column_text][\/vc_column][\/vc_row][vc_row el_class=&#8221;riga_tabella&#8221;][vc_column width=&#8221;1\/3&#8243; offset=&#8221;vc_col-xs-4&#8243;][vc_column_text] Riccardo Iacometti persona fisica [\/vc_column_text][vc_column_text] tramite RIAC Holding S.r.l.* [\/vc_column_text][\/vc_column][vc_column width=&#8221;1\/3&#8243; offset=&#8221;vc_col-xs-4&#8243;][vc_column_text] 200.000 [\/vc_column_text][vc_column_text] 3.889.167 [\/vc_column_text][\/vc_column][vc_column&hellip;\" \/>\n<meta property=\"og:url\" content=\"https:\/\/taleagroupspa.com\/en\/investor-relations\/significant-shareholders\/\" \/>\n<meta property=\"og:site_name\" content=\"Talea Group S.p.A\" \/>\n<meta property=\"article:modified_time\" content=\"2025-01-15T16:56:53+00:00\" \/>\n<meta name=\"twitter:card\" content=\"summary_large_image\" \/>\n<meta name=\"twitter:label1\" content=\"Est. reading time\" \/>\n\t<meta name=\"twitter:data1\" content=\"1 minute\" \/>\n<script type=\"application\/ld+json\" class=\"yoast-schema-graph\">{\"@context\":\"https:\/\/schema.org\",\"@graph\":[{\"@type\":\"WebPage\",\"@id\":\"https:\/\/taleagroupspa.com\/en\/investor-relations\/significant-shareholders\/\",\"url\":\"https:\/\/taleagroupspa.com\/en\/investor-relations\/significant-shareholders\/\",\"name\":\"SIGNIFICANT SHAREHOLDERS - Talea Group S.p.A\",\"isPartOf\":{\"@id\":\"https:\/\/taleagroupspa.com\/en\/#website\"},\"datePublished\":\"2019-07-12T14:32:11+00:00\",\"dateModified\":\"2025-01-15T16:56:53+00:00\",\"breadcrumb\":{\"@id\":\"https:\/\/taleagroupspa.com\/en\/investor-relations\/significant-shareholders\/#breadcrumb\"},\"inLanguage\":\"en-US\",\"potentialAction\":[{\"@type\":\"ReadAction\",\"target\":[\"https:\/\/taleagroupspa.com\/en\/investor-relations\/significant-shareholders\/\"]}]},{\"@type\":\"BreadcrumbList\",\"@id\":\"https:\/\/taleagroupspa.com\/en\/investor-relations\/significant-shareholders\/#breadcrumb\",\"itemListElement\":[{\"@type\":\"ListItem\",\"position\":1,\"name\":\"Home\",\"item\":\"https:\/\/taleagroupspa.com\/en\/\"},{\"@type\":\"ListItem\",\"position\":2,\"name\":\"Investor Relations\",\"item\":\"https:\/\/taleagroupspa.com\/en\/investor-relations\/\"},{\"@type\":\"ListItem\",\"position\":3,\"name\":\"SIGNIFICANT SHAREHOLDERS\"}]},{\"@type\":\"WebSite\",\"@id\":\"https:\/\/taleagroupspa.com\/en\/#website\",\"url\":\"https:\/\/taleagroupspa.com\/en\/\",\"name\":\"Talea Group S.p.A\",\"description\":\"Talea Group S.p.A, societ\u00e0 quotata sul mercato Euronext Growth Milan di Borsa Italiana nata dal rebranding di Farma\u00e8 S.p.A., \u00e8 tra i principali gruppi digitali in Europa nel macrosettore multicanale della Salute, Benessere e Bellezza e nei servizi media e di trasformazione digitale per le imprese.\u00a0\",\"publisher\":{\"@id\":\"https:\/\/taleagroupspa.com\/en\/#organization\"},\"potentialAction\":[{\"@type\":\"SearchAction\",\"target\":{\"@type\":\"EntryPoint\",\"urlTemplate\":\"https:\/\/taleagroupspa.com\/en\/?s={search_term_string}\"},\"query-input\":\"required name=search_term_string\"}],\"inLanguage\":\"en-US\"},{\"@type\":\"Organization\",\"@id\":\"https:\/\/taleagroupspa.com\/en\/#organization\",\"name\":\"Talea Group S.p.A\",\"url\":\"https:\/\/taleagroupspa.com\/en\/\",\"logo\":{\"@type\":\"ImageObject\",\"inLanguage\":\"en-US\",\"@id\":\"https:\/\/taleagroupspa.com\/en\/#\/schema\/logo\/image\/\",\"url\":\"https:\/\/taleagroupspa.com\/wp-content\/uploads\/2022\/09\/logo-dark.svg\",\"contentUrl\":\"https:\/\/taleagroupspa.com\/wp-content\/uploads\/2022\/09\/logo-dark.svg\",\"caption\":\"Talea Group S.p.A\"},\"image\":{\"@id\":\"https:\/\/taleagroupspa.com\/en\/#\/schema\/logo\/image\/\"}}]}<\/script>\n<!-- \/ Yoast SEO plugin. -->","yoast_head_json":{"title":"SIGNIFICANT SHAREHOLDERS - Talea Group S.p.A","robots":{"index":"index","follow":"follow","max-snippet":"max-snippet:-1","max-image-preview":"max-image-preview:large","max-video-preview":"max-video-preview:-1"},"canonical":"https:\/\/taleagroupspa.com\/en\/investor-relations\/significant-shareholders\/","og_locale":"en_US","og_type":"article","og_title":"SIGNIFICANT SHAREHOLDERS - Talea Group S.p.A","og_description":"[vc_row][vc_column][vc_column_text][\/vc_column_text][\/vc_column][\/vc_row][vc_row el_class=&#8221;riga_tabella testata c-807667&#8243;][vc_column width=&#8221;1\/3&#8243; offset=&#8221;vc_col-xs-4&#8243;][vc_column_text] Shareholder [\/vc_column_text][\/vc_column][vc_column width=&#8221;1\/3&#8243; offset=&#8221;vc_col-xs-4&#8243;][vc_column_text] Number of owned shares [\/vc_column_text][\/vc_column][vc_column width=&#8221;1\/3&#8243; offset=&#8221;vc_col-xs-4&#8243;][vc_column_text] % on share capital [\/vc_column_text][\/vc_column][\/vc_row][vc_row el_class=&#8221;riga_tabella&#8221;][vc_column width=&#8221;1\/3&#8243; offset=&#8221;vc_col-xs-4&#8243;][vc_column_text] Riccardo Iacometti [\/vc_column_text][\/vc_column][vc_column width=&#8221;1\/3&#8243; offset=&#8221;vc_col-xs-4&#8243;][vc_column_text] 4.089.167 [\/vc_column_text][\/vc_column][vc_column width=&#8221;1\/3&#8243; offset=&#8221;vc_col-xs-4&#8243;][vc_column_text] 48,71% [\/vc_column_text][\/vc_column][\/vc_row][vc_row el_class=&#8221;riga_tabella&#8221;][vc_column width=&#8221;1\/3&#8243; offset=&#8221;vc_col-xs-4&#8243;][vc_column_text] Riccardo Iacometti persona fisica [\/vc_column_text][vc_column_text] tramite RIAC Holding S.r.l.* [\/vc_column_text][\/vc_column][vc_column width=&#8221;1\/3&#8243; offset=&#8221;vc_col-xs-4&#8243;][vc_column_text] 200.000 [\/vc_column_text][vc_column_text] 3.889.167 [\/vc_column_text][\/vc_column][vc_column&hellip;","og_url":"https:\/\/taleagroupspa.com\/en\/investor-relations\/significant-shareholders\/","og_site_name":"Talea Group S.p.A","article_modified_time":"2025-01-15T16:56:53+00:00","twitter_card":"summary_large_image","twitter_misc":{"Est. reading time":"1 minute"},"schema":{"@context":"https:\/\/schema.org","@graph":[{"@type":"WebPage","@id":"https:\/\/taleagroupspa.com\/en\/investor-relations\/significant-shareholders\/","url":"https:\/\/taleagroupspa.com\/en\/investor-relations\/significant-shareholders\/","name":"SIGNIFICANT SHAREHOLDERS - Talea Group S.p.A","isPartOf":{"@id":"https:\/\/taleagroupspa.com\/en\/#website"},"datePublished":"2019-07-12T14:32:11+00:00","dateModified":"2025-01-15T16:56:53+00:00","breadcrumb":{"@id":"https:\/\/taleagroupspa.com\/en\/investor-relations\/significant-shareholders\/#breadcrumb"},"inLanguage":"en-US","potentialAction":[{"@type":"ReadAction","target":["https:\/\/taleagroupspa.com\/en\/investor-relations\/significant-shareholders\/"]}]},{"@type":"BreadcrumbList","@id":"https:\/\/taleagroupspa.com\/en\/investor-relations\/significant-shareholders\/#breadcrumb","itemListElement":[{"@type":"ListItem","position":1,"name":"Home","item":"https:\/\/taleagroupspa.com\/en\/"},{"@type":"ListItem","position":2,"name":"Investor Relations","item":"https:\/\/taleagroupspa.com\/en\/investor-relations\/"},{"@type":"ListItem","position":3,"name":"SIGNIFICANT SHAREHOLDERS"}]},{"@type":"WebSite","@id":"https:\/\/taleagroupspa.com\/en\/#website","url":"https:\/\/taleagroupspa.com\/en\/","name":"Talea Group S.p.A","description":"Talea Group S.p.A, societ\u00e0 quotata sul mercato Euronext Growth Milan di Borsa Italiana nata dal rebranding di Farma\u00e8 S.p.A., \u00e8 tra i principali gruppi digitali in Europa nel macrosettore multicanale della Salute, Benessere e Bellezza e nei servizi media e di trasformazione digitale per le imprese.\u00a0","publisher":{"@id":"https:\/\/taleagroupspa.com\/en\/#organization"},"potentialAction":[{"@type":"SearchAction","target":{"@type":"EntryPoint","urlTemplate":"https:\/\/taleagroupspa.com\/en\/?s={search_term_string}"},"query-input":"required name=search_term_string"}],"inLanguage":"en-US"},{"@type":"Organization","@id":"https:\/\/taleagroupspa.com\/en\/#organization","name":"Talea Group S.p.A","url":"https:\/\/taleagroupspa.com\/en\/","logo":{"@type":"ImageObject","inLanguage":"en-US","@id":"https:\/\/taleagroupspa.com\/en\/#\/schema\/logo\/image\/","url":"https:\/\/taleagroupspa.com\/wp-content\/uploads\/2022\/09\/logo-dark.svg","contentUrl":"https:\/\/taleagroupspa.com\/wp-content\/uploads\/2022\/09\/logo-dark.svg","caption":"Talea Group S.p.A"},"image":{"@id":"https:\/\/taleagroupspa.com\/en\/#\/schema\/logo\/image\/"}}]}},"_links":{"self":[{"href":"https:\/\/taleagroupspa.com\/en\/wp-json\/wp\/v2\/pages\/663"}],"collection":[{"href":"https:\/\/taleagroupspa.com\/en\/wp-json\/wp\/v2\/pages"}],"about":[{"href":"https:\/\/taleagroupspa.com\/en\/wp-json\/wp\/v2\/types\/page"}],"author":[{"embeddable":true,"href":"https:\/\/taleagroupspa.com\/en\/wp-json\/wp\/v2\/users\/1"}],"replies":[{"embeddable":true,"href":"https:\/\/taleagroupspa.com\/en\/wp-json\/wp\/v2\/comments?post=663"}],"version-history":[{"count":27,"href":"https:\/\/taleagroupspa.com\/en\/wp-json\/wp\/v2\/pages\/663\/revisions"}],"predecessor-version":[{"id":13315,"href":"https:\/\/taleagroupspa.com\/en\/wp-json\/wp\/v2\/pages\/663\/revisions\/13315"}],"up":[{"embeddable":true,"href":"https:\/\/taleagroupspa.com\/en\/wp-json\/wp\/v2\/pages\/645"}],"wp:attachment":[{"href":"https:\/\/taleagroupspa.com\/en\/wp-json\/wp\/v2\/media?parent=663"}],"curies":[{"name":"wp","href":"https:\/\/api.w.org\/{rel}","templated":true}]}}