{"id":711,"date":"2019-07-12T17:10:48","date_gmt":"2019-07-12T15:10:48","guid":{"rendered":"https:\/\/www.taleaspa.com\/investor-relations\/dati-azione\/"},"modified":"2023-05-12T09:29:57","modified_gmt":"2023-05-12T07:29:57","slug":"shares","status":"publish","type":"page","link":"https:\/\/taleagroupspa.com\/en\/investor-relations\/shares\/","title":{"rendered":"Shares"},"content":{"rendered":"<section class=\"wpb-content-wrapper\"><p>[vc_row][vc_column][vc_column_text]<div class=\"update-time\">Last update: 16 April 2026<\/div>[\/vc_column_text][\/vc_column][\/vc_row][vc_row el_class=&#8221;riga_tabella testata&#8221;][vc_column][vc_row_inner][vc_column_inner width=&#8221;6\/12&#8243; offset=&#8221;vc_col-lg-6 vc_col-md-6 vc_col-xs-6&#8243;][vc_column_text el_class=&#8221;c-807667&#8243;]ADMISSION PRICE[\/vc_column_text][\/vc_column_inner][vc_column_inner width=&#8221;6\/12&#8243;][vc_column_text]<\/p>\n<p style=\"text-align: center;\">\u20ac 7,50<\/p>\n<p>[\/vc_column_text][\/vc_column_inner][\/vc_row_inner][\/vc_column][\/vc_row][vc_row el_class=&#8221;riga_tabella testata&#8221;][vc_column][vc_row_inner][vc_column_inner width=&#8221;6\/12&#8243; offset=&#8221;vc_col-lg-6 vc_col-md-6 vc_col-xs-6&#8243;][vc_column_text el_class=&#8221;c-807667&#8243;]<\/p>\n<div class=\"page\" title=\"Page 16\">\n<div class=\"section\">\n<div class=\"layoutArea\">\n<div class=\"column\">\n<p>NUMBER OF SHARES<\/p>\n<\/div>\n<\/div>\n<\/div>\n<\/div>\n<p>[\/vc_column_text][\/vc_column_inner][vc_column_inner width=&#8221;6\/12&#8243;][vc_column_text]<\/p>\n<p style=\"text-align: center;\">6.846.270<\/p>\n<p>[\/vc_column_text][\/vc_column_inner][\/vc_row_inner][\/vc_column][\/vc_row][vc_row el_class=&#8221;riga_tabella testata&#8221;][vc_column][vc_row_inner][vc_column_inner width=&#8221;6\/12&#8243; offset=&#8221;vc_col-lg-6 vc_col-md-6 vc_col-xs-6&#8243;][vc_column_text el_class=&#8221;c-807667&#8243;]<\/p>\n<div class=\"page\" title=\"Page 16\">\n<div class=\"section\">\n<div class=\"layoutArea\">\n<div class=\"column\">\n<div class=\"page\" title=\"Page 16\">\n<div class=\"section\">\n<div class=\"layoutArea\">\n<div class=\"column\">\n<div class=\"page\" title=\"Page 16\">\n<div class=\"section\">\n<div class=\"layoutArea\">\n<div class=\"column\">\n<p>ISIN CODE<\/p>\n<\/div>\n<\/div>\n<\/div>\n<\/div>\n<\/div>\n<\/div>\n<\/div>\n<\/div>\n<\/div>\n<\/div>\n<\/div>\n<\/div>\n<p>[\/vc_column_text][\/vc_column_inner][vc_column_inner width=&#8221;6\/12&#8243;][vc_column_text]<\/p>\n<p style=\"text-align: center;\">IT0005378333<\/p>\n<p>[\/vc_column_text][\/vc_column_inner][\/vc_row_inner][\/vc_column][\/vc_row][vc_row el_class=&#8221;riga_tabella testata&#8221;][vc_column][vc_row_inner][vc_column_inner width=&#8221;6\/12&#8243; offset=&#8221;vc_col-lg-6 vc_col-md-6 vc_col-xs-6&#8243;][vc_column_text el_class=&#8221;c-807667&#8243;]<\/p>\n<div class=\"page\" title=\"Page 16\">\n<div class=\"section\">\n<div class=\"layoutArea\">\n<div class=\"column\">\n<div class=\"page\" title=\"Page 16\">\n<div class=\"section\">\n<div class=\"layoutArea\">\n<div class=\"column\">\n<div class=\"page\" title=\"Page 16\">\n<div class=\"section\">\n<div class=\"layoutArea\">\n<div class=\"column\">\n<div class=\"page\" title=\"Page 16\">\n<div class=\"section\">\n<div class=\"layoutArea\">\n<div class=\"column\">\n<p>ALPHANUMERIC CODE<\/p>\n<\/div>\n<\/div>\n<\/div>\n<\/div>\n<\/div>\n<\/div>\n<\/div>\n<\/div>\n<\/div>\n<\/div>\n<\/div>\n<\/div>\n<\/div>\n<\/div>\n<\/div>\n<\/div>\n<p>[\/vc_column_text][\/vc_column_inner][vc_column_inner width=&#8221;6\/12&#8243;][vc_column_text]<\/p>\n<p style=\"text-align: center;\">TALEA<\/p>\n<p>[\/vc_column_text][\/vc_column_inner][\/vc_row_inner][\/vc_column][\/vc_row][vc_row el_class=&#8221;riga_tabella testata&#8221;][vc_column][vc_row_inner][vc_column_inner width=&#8221;6\/12&#8243; offset=&#8221;vc_col-lg-6 vc_col-md-6 vc_col-xs-6&#8243;][vc_column_text el_class=&#8221;c-807667&#8243;]<\/p>\n<div class=\"page\" title=\"Page 16\">\n<div class=\"section\">\n<div class=\"layoutArea\">\n<div class=\"column\">\n<div class=\"page\" title=\"Page 16\">\n<div class=\"section\">\n<div class=\"layoutArea\">\n<div class=\"column\">\n<div class=\"page\" title=\"Page 16\">\n<div class=\"section\">\n<div class=\"layoutArea\">\n<div class=\"column\">\n<div class=\"page\" title=\"Page 16\">\n<div class=\"section\">\n<div class=\"layoutArea\">\n<div class=\"column\">\n<div class=\"page\" title=\"Page 16\">\n<div class=\"section\">\n<div class=\"layoutArea\">\n<div class=\"column\">\n<p>MARKET<\/p>\n<\/div>\n<\/div>\n<\/div>\n<\/div>\n<\/div>\n<\/div>\n<\/div>\n<\/div>\n<\/div>\n<\/div>\n<\/div>\n<\/div>\n<\/div>\n<\/div>\n<\/div>\n<\/div>\n<\/div>\n<\/div>\n<\/div>\n<\/div>\n<p>[\/vc_column_text][\/vc_column_inner][vc_column_inner width=&#8221;6\/12&#8243;][vc_column_text]<\/p>\n<p style=\"text-align: center;\">EURONEXT GROWTH MILAN<\/p>\n<p>[\/vc_column_text][\/vc_column_inner][\/vc_row_inner][\/vc_column][\/vc_row]<\/p>\n<\/section>","protected":false},"excerpt":{"rendered":"<p>[vc_row][vc_column][vc_column_text][\/vc_column_text][\/vc_column][\/vc_row][vc_row el_class=&#8221;riga_tabella testata&#8221;][vc_column][vc_row_inner][vc_column_inner width=&#8221;6\/12&#8243; offset=&#8221;vc_col-lg-6 vc_col-md-6 vc_col-xs-6&#8243;][vc_column_text el_class=&#8221;c-807667&#8243;]ADMISSION PRICE[\/vc_column_text][\/vc_column_inner][vc_column_inner width=&#8221;6\/12&#8243;][vc_column_text] \u20ac 7,50 [\/vc_column_text][\/vc_column_inner][\/vc_row_inner][\/vc_column][\/vc_row][vc_row el_class=&#8221;riga_tabella testata&#8221;][vc_column][vc_row_inner][vc_column_inner width=&#8221;6\/12&#8243; offset=&#8221;vc_col-lg-6 vc_col-md-6 vc_col-xs-6&#8243;][vc_column_text el_class=&#8221;c-807667&#8243;] NUMBER OF SHARES [\/vc_column_text][\/vc_column_inner][vc_column_inner width=&#8221;6\/12&#8243;][vc_column_text] 6.846.270 [\/vc_column_text][\/vc_column_inner][\/vc_row_inner][\/vc_column][\/vc_row][vc_row el_class=&#8221;riga_tabella testata&#8221;][vc_column][vc_row_inner][vc_column_inner width=&#8221;6\/12&#8243; offset=&#8221;vc_col-lg-6 vc_col-md-6 vc_col-xs-6&#8243;][vc_column_text el_class=&#8221;c-807667&#8243;] ISIN CODE [\/vc_column_text][\/vc_column_inner][vc_column_inner width=&#8221;6\/12&#8243;][vc_column_text] IT0005378333 [\/vc_column_text][\/vc_column_inner][\/vc_row_inner][\/vc_column][\/vc_row][vc_row el_class=&#8221;riga_tabella testata&#8221;][vc_column][vc_row_inner][vc_column_inner width=&#8221;6\/12&#8243; offset=&#8221;vc_col-lg-6 vc_col-md-6 vc_col-xs-6&#8243;][vc_column_text el_class=&#8221;c-807667&#8243;] ALPHANUMERIC CODE [\/vc_column_text][\/vc_column_inner][vc_column_inner width=&#8221;6\/12&#8243;][vc_column_text] TALEA [\/vc_column_text][\/vc_column_inner][\/vc_row_inner][\/vc_column][\/vc_row][vc_row el_class=&#8221;riga_tabella testata&#8221;][vc_column][vc_row_inner][vc_column_inner&hellip;<\/p>\n","protected":false},"author":1,"featured_media":0,"parent":645,"menu_order":0,"comment_status":"closed","ping_status":"closed","template":"page-farmaegroup.php","meta":{"_mi_skip_tracking":false},"yoast_head":"<!-- This site is optimized with the Yoast SEO plugin v20.7 - https:\/\/yoast.com\/wordpress\/plugins\/seo\/ -->\n<title>Shares - Talea Group S.p.A<\/title>\n<meta name=\"robots\" content=\"index, follow, max-snippet:-1, max-image-preview:large, max-video-preview:-1\" \/>\n<link rel=\"canonical\" href=\"https:\/\/taleagroupspa.com\/en\/investor-relations\/shares\/\" \/>\n<meta property=\"og:locale\" content=\"en_US\" \/>\n<meta property=\"og:type\" content=\"article\" \/>\n<meta property=\"og:title\" content=\"Shares - Talea Group S.p.A\" \/>\n<meta property=\"og:description\" content=\"[vc_row][vc_column][vc_column_text][\/vc_column_text][\/vc_column][\/vc_row][vc_row el_class=&#8221;riga_tabella testata&#8221;][vc_column][vc_row_inner][vc_column_inner width=&#8221;6\/12&#8243; offset=&#8221;vc_col-lg-6 vc_col-md-6 vc_col-xs-6&#8243;][vc_column_text el_class=&#8221;c-807667&#8243;]ADMISSION PRICE[\/vc_column_text][\/vc_column_inner][vc_column_inner width=&#8221;6\/12&#8243;][vc_column_text] \u20ac 7,50 [\/vc_column_text][\/vc_column_inner][\/vc_row_inner][\/vc_column][\/vc_row][vc_row el_class=&#8221;riga_tabella testata&#8221;][vc_column][vc_row_inner][vc_column_inner width=&#8221;6\/12&#8243; offset=&#8221;vc_col-lg-6 vc_col-md-6 vc_col-xs-6&#8243;][vc_column_text el_class=&#8221;c-807667&#8243;] NUMBER OF SHARES [\/vc_column_text][\/vc_column_inner][vc_column_inner width=&#8221;6\/12&#8243;][vc_column_text] 6.846.270 [\/vc_column_text][\/vc_column_inner][\/vc_row_inner][\/vc_column][\/vc_row][vc_row el_class=&#8221;riga_tabella testata&#8221;][vc_column][vc_row_inner][vc_column_inner width=&#8221;6\/12&#8243; offset=&#8221;vc_col-lg-6 vc_col-md-6 vc_col-xs-6&#8243;][vc_column_text el_class=&#8221;c-807667&#8243;] ISIN CODE [\/vc_column_text][\/vc_column_inner][vc_column_inner width=&#8221;6\/12&#8243;][vc_column_text] IT0005378333 [\/vc_column_text][\/vc_column_inner][\/vc_row_inner][\/vc_column][\/vc_row][vc_row el_class=&#8221;riga_tabella testata&#8221;][vc_column][vc_row_inner][vc_column_inner width=&#8221;6\/12&#8243; offset=&#8221;vc_col-lg-6 vc_col-md-6 vc_col-xs-6&#8243;][vc_column_text el_class=&#8221;c-807667&#8243;] ALPHANUMERIC CODE [\/vc_column_text][\/vc_column_inner][vc_column_inner width=&#8221;6\/12&#8243;][vc_column_text] TALEA [\/vc_column_text][\/vc_column_inner][\/vc_row_inner][\/vc_column][\/vc_row][vc_row el_class=&#8221;riga_tabella testata&#8221;][vc_column][vc_row_inner][vc_column_inner&hellip;\" \/>\n<meta property=\"og:url\" content=\"https:\/\/taleagroupspa.com\/en\/investor-relations\/shares\/\" \/>\n<meta property=\"og:site_name\" content=\"Talea Group S.p.A\" \/>\n<meta property=\"article:modified_time\" content=\"2023-05-12T07:29:57+00:00\" \/>\n<meta name=\"twitter:card\" content=\"summary_large_image\" \/>\n<meta name=\"twitter:label1\" content=\"Est. reading time\" \/>\n\t<meta name=\"twitter:data1\" content=\"1 minute\" \/>\n<script type=\"application\/ld+json\" class=\"yoast-schema-graph\">{\"@context\":\"https:\/\/schema.org\",\"@graph\":[{\"@type\":\"WebPage\",\"@id\":\"https:\/\/taleagroupspa.com\/en\/investor-relations\/shares\/\",\"url\":\"https:\/\/taleagroupspa.com\/en\/investor-relations\/shares\/\",\"name\":\"Shares - Talea Group S.p.A\",\"isPartOf\":{\"@id\":\"https:\/\/taleagroupspa.com\/en\/#website\"},\"datePublished\":\"2019-07-12T15:10:48+00:00\",\"dateModified\":\"2023-05-12T07:29:57+00:00\",\"breadcrumb\":{\"@id\":\"https:\/\/taleagroupspa.com\/en\/investor-relations\/shares\/#breadcrumb\"},\"inLanguage\":\"en-US\",\"potentialAction\":[{\"@type\":\"ReadAction\",\"target\":[\"https:\/\/taleagroupspa.com\/en\/investor-relations\/shares\/\"]}]},{\"@type\":\"BreadcrumbList\",\"@id\":\"https:\/\/taleagroupspa.com\/en\/investor-relations\/shares\/#breadcrumb\",\"itemListElement\":[{\"@type\":\"ListItem\",\"position\":1,\"name\":\"Home\",\"item\":\"https:\/\/taleagroupspa.com\/en\/\"},{\"@type\":\"ListItem\",\"position\":2,\"name\":\"Investor Relations\",\"item\":\"https:\/\/taleagroupspa.com\/en\/investor-relations\/\"},{\"@type\":\"ListItem\",\"position\":3,\"name\":\"Shares\"}]},{\"@type\":\"WebSite\",\"@id\":\"https:\/\/taleagroupspa.com\/en\/#website\",\"url\":\"https:\/\/taleagroupspa.com\/en\/\",\"name\":\"Talea Group S.p.A\",\"description\":\"Talea Group S.p.A, societ\u00e0 quotata sul mercato Euronext Growth Milan di Borsa Italiana nata dal rebranding di Farma\u00e8 S.p.A., \u00e8 tra i principali gruppi digitali in Europa nel macrosettore multicanale della Salute, Benessere e Bellezza e nei servizi media e di trasformazione digitale per le imprese.\u00a0\",\"publisher\":{\"@id\":\"https:\/\/taleagroupspa.com\/en\/#organization\"},\"potentialAction\":[{\"@type\":\"SearchAction\",\"target\":{\"@type\":\"EntryPoint\",\"urlTemplate\":\"https:\/\/taleagroupspa.com\/en\/?s={search_term_string}\"},\"query-input\":\"required name=search_term_string\"}],\"inLanguage\":\"en-US\"},{\"@type\":\"Organization\",\"@id\":\"https:\/\/taleagroupspa.com\/en\/#organization\",\"name\":\"Talea Group S.p.A\",\"url\":\"https:\/\/taleagroupspa.com\/en\/\",\"logo\":{\"@type\":\"ImageObject\",\"inLanguage\":\"en-US\",\"@id\":\"https:\/\/taleagroupspa.com\/en\/#\/schema\/logo\/image\/\",\"url\":\"https:\/\/taleagroupspa.com\/wp-content\/uploads\/2022\/09\/logo-dark.svg\",\"contentUrl\":\"https:\/\/taleagroupspa.com\/wp-content\/uploads\/2022\/09\/logo-dark.svg\",\"caption\":\"Talea Group S.p.A\"},\"image\":{\"@id\":\"https:\/\/taleagroupspa.com\/en\/#\/schema\/logo\/image\/\"}}]}<\/script>\n<!-- \/ Yoast SEO plugin. -->","yoast_head_json":{"title":"Shares - Talea Group S.p.A","robots":{"index":"index","follow":"follow","max-snippet":"max-snippet:-1","max-image-preview":"max-image-preview:large","max-video-preview":"max-video-preview:-1"},"canonical":"https:\/\/taleagroupspa.com\/en\/investor-relations\/shares\/","og_locale":"en_US","og_type":"article","og_title":"Shares - Talea Group S.p.A","og_description":"[vc_row][vc_column][vc_column_text][\/vc_column_text][\/vc_column][\/vc_row][vc_row el_class=&#8221;riga_tabella testata&#8221;][vc_column][vc_row_inner][vc_column_inner width=&#8221;6\/12&#8243; offset=&#8221;vc_col-lg-6 vc_col-md-6 vc_col-xs-6&#8243;][vc_column_text el_class=&#8221;c-807667&#8243;]ADMISSION PRICE[\/vc_column_text][\/vc_column_inner][vc_column_inner width=&#8221;6\/12&#8243;][vc_column_text] \u20ac 7,50 [\/vc_column_text][\/vc_column_inner][\/vc_row_inner][\/vc_column][\/vc_row][vc_row el_class=&#8221;riga_tabella testata&#8221;][vc_column][vc_row_inner][vc_column_inner width=&#8221;6\/12&#8243; offset=&#8221;vc_col-lg-6 vc_col-md-6 vc_col-xs-6&#8243;][vc_column_text el_class=&#8221;c-807667&#8243;] NUMBER OF SHARES [\/vc_column_text][\/vc_column_inner][vc_column_inner width=&#8221;6\/12&#8243;][vc_column_text] 6.846.270 [\/vc_column_text][\/vc_column_inner][\/vc_row_inner][\/vc_column][\/vc_row][vc_row el_class=&#8221;riga_tabella testata&#8221;][vc_column][vc_row_inner][vc_column_inner width=&#8221;6\/12&#8243; offset=&#8221;vc_col-lg-6 vc_col-md-6 vc_col-xs-6&#8243;][vc_column_text el_class=&#8221;c-807667&#8243;] ISIN CODE [\/vc_column_text][\/vc_column_inner][vc_column_inner width=&#8221;6\/12&#8243;][vc_column_text] IT0005378333 [\/vc_column_text][\/vc_column_inner][\/vc_row_inner][\/vc_column][\/vc_row][vc_row el_class=&#8221;riga_tabella testata&#8221;][vc_column][vc_row_inner][vc_column_inner width=&#8221;6\/12&#8243; offset=&#8221;vc_col-lg-6 vc_col-md-6 vc_col-xs-6&#8243;][vc_column_text el_class=&#8221;c-807667&#8243;] ALPHANUMERIC CODE [\/vc_column_text][\/vc_column_inner][vc_column_inner width=&#8221;6\/12&#8243;][vc_column_text] TALEA [\/vc_column_text][\/vc_column_inner][\/vc_row_inner][\/vc_column][\/vc_row][vc_row el_class=&#8221;riga_tabella testata&#8221;][vc_column][vc_row_inner][vc_column_inner&hellip;","og_url":"https:\/\/taleagroupspa.com\/en\/investor-relations\/shares\/","og_site_name":"Talea Group S.p.A","article_modified_time":"2023-05-12T07:29:57+00:00","twitter_card":"summary_large_image","twitter_misc":{"Est. reading time":"1 minute"},"schema":{"@context":"https:\/\/schema.org","@graph":[{"@type":"WebPage","@id":"https:\/\/taleagroupspa.com\/en\/investor-relations\/shares\/","url":"https:\/\/taleagroupspa.com\/en\/investor-relations\/shares\/","name":"Shares - Talea Group S.p.A","isPartOf":{"@id":"https:\/\/taleagroupspa.com\/en\/#website"},"datePublished":"2019-07-12T15:10:48+00:00","dateModified":"2023-05-12T07:29:57+00:00","breadcrumb":{"@id":"https:\/\/taleagroupspa.com\/en\/investor-relations\/shares\/#breadcrumb"},"inLanguage":"en-US","potentialAction":[{"@type":"ReadAction","target":["https:\/\/taleagroupspa.com\/en\/investor-relations\/shares\/"]}]},{"@type":"BreadcrumbList","@id":"https:\/\/taleagroupspa.com\/en\/investor-relations\/shares\/#breadcrumb","itemListElement":[{"@type":"ListItem","position":1,"name":"Home","item":"https:\/\/taleagroupspa.com\/en\/"},{"@type":"ListItem","position":2,"name":"Investor Relations","item":"https:\/\/taleagroupspa.com\/en\/investor-relations\/"},{"@type":"ListItem","position":3,"name":"Shares"}]},{"@type":"WebSite","@id":"https:\/\/taleagroupspa.com\/en\/#website","url":"https:\/\/taleagroupspa.com\/en\/","name":"Talea Group S.p.A","description":"Talea Group S.p.A, societ\u00e0 quotata sul mercato Euronext Growth Milan di Borsa Italiana nata dal rebranding di Farma\u00e8 S.p.A., \u00e8 tra i principali gruppi digitali in Europa nel macrosettore multicanale della Salute, Benessere e Bellezza e nei servizi media e di trasformazione digitale per le imprese.\u00a0","publisher":{"@id":"https:\/\/taleagroupspa.com\/en\/#organization"},"potentialAction":[{"@type":"SearchAction","target":{"@type":"EntryPoint","urlTemplate":"https:\/\/taleagroupspa.com\/en\/?s={search_term_string}"},"query-input":"required name=search_term_string"}],"inLanguage":"en-US"},{"@type":"Organization","@id":"https:\/\/taleagroupspa.com\/en\/#organization","name":"Talea Group S.p.A","url":"https:\/\/taleagroupspa.com\/en\/","logo":{"@type":"ImageObject","inLanguage":"en-US","@id":"https:\/\/taleagroupspa.com\/en\/#\/schema\/logo\/image\/","url":"https:\/\/taleagroupspa.com\/wp-content\/uploads\/2022\/09\/logo-dark.svg","contentUrl":"https:\/\/taleagroupspa.com\/wp-content\/uploads\/2022\/09\/logo-dark.svg","caption":"Talea Group S.p.A"},"image":{"@id":"https:\/\/taleagroupspa.com\/en\/#\/schema\/logo\/image\/"}}]}},"_links":{"self":[{"href":"https:\/\/taleagroupspa.com\/en\/wp-json\/wp\/v2\/pages\/711"}],"collection":[{"href":"https:\/\/taleagroupspa.com\/en\/wp-json\/wp\/v2\/pages"}],"about":[{"href":"https:\/\/taleagroupspa.com\/en\/wp-json\/wp\/v2\/types\/page"}],"author":[{"embeddable":true,"href":"https:\/\/taleagroupspa.com\/en\/wp-json\/wp\/v2\/users\/1"}],"replies":[{"embeddable":true,"href":"https:\/\/taleagroupspa.com\/en\/wp-json\/wp\/v2\/comments?post=711"}],"version-history":[{"count":10,"href":"https:\/\/taleagroupspa.com\/en\/wp-json\/wp\/v2\/pages\/711\/revisions"}],"predecessor-version":[{"id":11886,"href":"https:\/\/taleagroupspa.com\/en\/wp-json\/wp\/v2\/pages\/711\/revisions\/11886"}],"up":[{"embeddable":true,"href":"https:\/\/taleagroupspa.com\/en\/wp-json\/wp\/v2\/pages\/645"}],"wp:attachment":[{"href":"https:\/\/taleagroupspa.com\/en\/wp-json\/wp\/v2\/media?parent=711"}],"curies":[{"name":"wp","href":"https:\/\/api.w.org\/{rel}","templated":true}]}}