{"id":758,"date":"2019-06-06T12:31:23","date_gmt":"2019-06-06T10:31:23","guid":{"rendered":"https:\/\/www.taleaspa.com\/contatti\/"},"modified":"2021-05-18T15:36:31","modified_gmt":"2021-05-18T13:36:31","slug":"contacts","status":"publish","type":"page","link":"https:\/\/taleagroupspa.com\/en\/contacts\/","title":{"rendered":"Contacts"},"content":{"rendered":"<section class=\"wpb-content-wrapper\"><p>[vc_row][vc_column width=&#8221;1\/3&#8243;][vc_column_text el_class=&#8221;subtitle-contatti&#8221;]HEADQUARTERS[\/vc_column_text][vc_column_text]Via Marco Polo 190<br \/>\n55049 Viareggio (LU)[\/vc_column_text][vc_column_text]<\/p>\n<div class=\"container_mail\"><a class=\"mail\" href=\"mailto:info@farmae.it\">info@farmae.it<\/a><\/div>\n<div class=\"container_mail\"><a class=\"mail\" href=\"mailto:amministrazione@farmae.it\">amministrazione@farmae.it<\/a><\/div>\n<p>[\/vc_column_text][\/vc_column][vc_column width=&#8221;5\/12&#8243; offset=&#8221;vc_col-lg-offset-2 vc_col-md-offset-2&#8243;][vc_column_text el_class=&#8221;subtitle-contatti&#8221;]<\/p>\n<div class=\"page\" title=\"Page 29\">\n<div class=\"section\">\n<div class=\"layoutArea\">\n<div class=\"column\">\n<p>FOLLOW US<\/p>\n<\/div>\n<\/div>\n<\/div>\n<\/div>\n<p>[\/vc_column_text][vc_column_text]<span class=\"social_contatti\">FACEBOOK<\/span><br \/>\n<a href=\"https:\/\/facebook.com\/farmaestore\" target=\"_blank\" rel=\"noopener noreferrer\">facebook.com\/farmaestore<\/a>[\/vc_column_text][vc_column_text]<span class=\"social_contatti\">LINKEDIN<\/span><br \/>\n<a href=\"https:\/\/linkedin.com\/company\/farmae\" target=\"_blank\" rel=\"noopener noreferrer\">linkedin.com\/company\/farmae<\/a>[\/vc_column_text][vc_column_text]<span class=\"social_contatti\">WOULD YOU LIKE TO WORK WITH US?<\/span><br \/>\nWe are always looking for new talents to grow and improve ourselves.<\/p>\n<div class=\"container-mail\"><a class=\"mail\" href=\"mailto:cv@farmae.it\">cv@farmae.it<\/a><\/div>\n<p>[\/vc_column_text][\/vc_column][\/vc_row]<\/p>\n<\/section>","protected":false},"excerpt":{"rendered":"<p>[vc_row][vc_column width=&#8221;1\/3&#8243;][vc_column_text el_class=&#8221;subtitle-contatti&#8221;]HEADQUARTERS[\/vc_column_text][vc_column_text]Via Marco Polo 190 55049 Viareggio (LU)[\/vc_column_text][vc_column_text] info@farmae.it amministrazione@farmae.it [\/vc_column_text][\/vc_column][vc_column width=&#8221;5\/12&#8243; offset=&#8221;vc_col-lg-offset-2 vc_col-md-offset-2&#8243;][vc_column_text el_class=&#8221;subtitle-contatti&#8221;] FOLLOW US [\/vc_column_text][vc_column_text]FACEBOOK facebook.com\/farmaestore[\/vc_column_text][vc_column_text]LINKEDIN linkedin.com\/company\/farmae[\/vc_column_text][vc_column_text]WOULD YOU LIKE TO WORK WITH US? We are always looking for new talents to grow and improve ourselves. cv@farmae.it [\/vc_column_text][\/vc_column][\/vc_row]<\/p>\n","protected":false},"author":1,"featured_media":0,"parent":0,"menu_order":0,"comment_status":"closed","ping_status":"closed","template":"page-farmaegroup.php","meta":{"_mi_skip_tracking":false},"yoast_head":"<!-- This site is optimized with the Yoast SEO plugin v20.7 - https:\/\/yoast.com\/wordpress\/plugins\/seo\/ -->\n<title>Contacts - Talea Group S.p.A<\/title>\n<meta name=\"robots\" content=\"index, follow, max-snippet:-1, max-image-preview:large, max-video-preview:-1\" \/>\n<link rel=\"canonical\" href=\"https:\/\/taleagroupspa.com\/en\/contacts\/\" \/>\n<meta property=\"og:locale\" content=\"en_US\" \/>\n<meta property=\"og:type\" content=\"article\" \/>\n<meta property=\"og:title\" content=\"Contacts - Talea Group S.p.A\" \/>\n<meta property=\"og:description\" content=\"[vc_row][vc_column width=&#8221;1\/3&#8243;][vc_column_text el_class=&#8221;subtitle-contatti&#8221;]HEADQUARTERS[\/vc_column_text][vc_column_text]Via Marco Polo 190 55049 Viareggio (LU)[\/vc_column_text][vc_column_text] info@farmae.it amministrazione@farmae.it [\/vc_column_text][\/vc_column][vc_column width=&#8221;5\/12&#8243; offset=&#8221;vc_col-lg-offset-2 vc_col-md-offset-2&#8243;][vc_column_text el_class=&#8221;subtitle-contatti&#8221;] FOLLOW US [\/vc_column_text][vc_column_text]FACEBOOK facebook.com\/farmaestore[\/vc_column_text][vc_column_text]LINKEDIN linkedin.com\/company\/farmae[\/vc_column_text][vc_column_text]WOULD YOU LIKE TO WORK WITH US? We are always looking for new talents to grow and improve ourselves. cv@farmae.it [\/vc_column_text][\/vc_column][\/vc_row]\" \/>\n<meta property=\"og:url\" content=\"https:\/\/taleagroupspa.com\/en\/contacts\/\" \/>\n<meta property=\"og:site_name\" content=\"Talea Group S.p.A\" \/>\n<meta property=\"article:modified_time\" content=\"2021-05-18T13:36:31+00:00\" \/>\n<meta name=\"twitter:card\" content=\"summary_large_image\" \/>\n<meta name=\"twitter:label1\" content=\"Est. reading time\" \/>\n\t<meta name=\"twitter:data1\" content=\"1 minute\" \/>\n<script type=\"application\/ld+json\" class=\"yoast-schema-graph\">{\"@context\":\"https:\/\/schema.org\",\"@graph\":[{\"@type\":\"WebPage\",\"@id\":\"https:\/\/taleagroupspa.com\/en\/contacts\/\",\"url\":\"https:\/\/taleagroupspa.com\/en\/contacts\/\",\"name\":\"Contacts - Talea Group S.p.A\",\"isPartOf\":{\"@id\":\"https:\/\/taleagroupspa.com\/en\/#website\"},\"datePublished\":\"2019-06-06T10:31:23+00:00\",\"dateModified\":\"2021-05-18T13:36:31+00:00\",\"breadcrumb\":{\"@id\":\"https:\/\/taleagroupspa.com\/en\/contacts\/#breadcrumb\"},\"inLanguage\":\"en-US\",\"potentialAction\":[{\"@type\":\"ReadAction\",\"target\":[\"https:\/\/taleagroupspa.com\/en\/contacts\/\"]}]},{\"@type\":\"BreadcrumbList\",\"@id\":\"https:\/\/taleagroupspa.com\/en\/contacts\/#breadcrumb\",\"itemListElement\":[{\"@type\":\"ListItem\",\"position\":1,\"name\":\"Home\",\"item\":\"https:\/\/taleagroupspa.com\/en\/\"},{\"@type\":\"ListItem\",\"position\":2,\"name\":\"Contacts\"}]},{\"@type\":\"WebSite\",\"@id\":\"https:\/\/taleagroupspa.com\/en\/#website\",\"url\":\"https:\/\/taleagroupspa.com\/en\/\",\"name\":\"Talea Group S.p.A\",\"description\":\"Talea Group S.p.A, societ\u00e0 quotata sul mercato Euronext Growth Milan di Borsa Italiana nata dal rebranding di Farma\u00e8 S.p.A., \u00e8 tra i principali gruppi digitali in Europa nel macrosettore multicanale della Salute, Benessere e Bellezza e nei servizi media e di trasformazione digitale per le imprese.\u00a0\",\"publisher\":{\"@id\":\"https:\/\/taleagroupspa.com\/en\/#organization\"},\"potentialAction\":[{\"@type\":\"SearchAction\",\"target\":{\"@type\":\"EntryPoint\",\"urlTemplate\":\"https:\/\/taleagroupspa.com\/en\/?s={search_term_string}\"},\"query-input\":\"required name=search_term_string\"}],\"inLanguage\":\"en-US\"},{\"@type\":\"Organization\",\"@id\":\"https:\/\/taleagroupspa.com\/en\/#organization\",\"name\":\"Talea Group S.p.A\",\"url\":\"https:\/\/taleagroupspa.com\/en\/\",\"logo\":{\"@type\":\"ImageObject\",\"inLanguage\":\"en-US\",\"@id\":\"https:\/\/taleagroupspa.com\/en\/#\/schema\/logo\/image\/\",\"url\":\"https:\/\/taleagroupspa.com\/wp-content\/uploads\/2022\/09\/logo-dark.svg\",\"contentUrl\":\"https:\/\/taleagroupspa.com\/wp-content\/uploads\/2022\/09\/logo-dark.svg\",\"caption\":\"Talea Group S.p.A\"},\"image\":{\"@id\":\"https:\/\/taleagroupspa.com\/en\/#\/schema\/logo\/image\/\"}}]}<\/script>\n<!-- \/ Yoast SEO plugin. -->","yoast_head_json":{"title":"Contacts - Talea Group S.p.A","robots":{"index":"index","follow":"follow","max-snippet":"max-snippet:-1","max-image-preview":"max-image-preview:large","max-video-preview":"max-video-preview:-1"},"canonical":"https:\/\/taleagroupspa.com\/en\/contacts\/","og_locale":"en_US","og_type":"article","og_title":"Contacts - Talea Group S.p.A","og_description":"[vc_row][vc_column width=&#8221;1\/3&#8243;][vc_column_text el_class=&#8221;subtitle-contatti&#8221;]HEADQUARTERS[\/vc_column_text][vc_column_text]Via Marco Polo 190 55049 Viareggio (LU)[\/vc_column_text][vc_column_text] info@farmae.it amministrazione@farmae.it [\/vc_column_text][\/vc_column][vc_column width=&#8221;5\/12&#8243; offset=&#8221;vc_col-lg-offset-2 vc_col-md-offset-2&#8243;][vc_column_text el_class=&#8221;subtitle-contatti&#8221;] FOLLOW US [\/vc_column_text][vc_column_text]FACEBOOK facebook.com\/farmaestore[\/vc_column_text][vc_column_text]LINKEDIN linkedin.com\/company\/farmae[\/vc_column_text][vc_column_text]WOULD YOU LIKE TO WORK WITH US? We are always looking for new talents to grow and improve ourselves. cv@farmae.it [\/vc_column_text][\/vc_column][\/vc_row]","og_url":"https:\/\/taleagroupspa.com\/en\/contacts\/","og_site_name":"Talea Group S.p.A","article_modified_time":"2021-05-18T13:36:31+00:00","twitter_card":"summary_large_image","twitter_misc":{"Est. reading time":"1 minute"},"schema":{"@context":"https:\/\/schema.org","@graph":[{"@type":"WebPage","@id":"https:\/\/taleagroupspa.com\/en\/contacts\/","url":"https:\/\/taleagroupspa.com\/en\/contacts\/","name":"Contacts - Talea Group S.p.A","isPartOf":{"@id":"https:\/\/taleagroupspa.com\/en\/#website"},"datePublished":"2019-06-06T10:31:23+00:00","dateModified":"2021-05-18T13:36:31+00:00","breadcrumb":{"@id":"https:\/\/taleagroupspa.com\/en\/contacts\/#breadcrumb"},"inLanguage":"en-US","potentialAction":[{"@type":"ReadAction","target":["https:\/\/taleagroupspa.com\/en\/contacts\/"]}]},{"@type":"BreadcrumbList","@id":"https:\/\/taleagroupspa.com\/en\/contacts\/#breadcrumb","itemListElement":[{"@type":"ListItem","position":1,"name":"Home","item":"https:\/\/taleagroupspa.com\/en\/"},{"@type":"ListItem","position":2,"name":"Contacts"}]},{"@type":"WebSite","@id":"https:\/\/taleagroupspa.com\/en\/#website","url":"https:\/\/taleagroupspa.com\/en\/","name":"Talea Group S.p.A","description":"Talea Group S.p.A, societ\u00e0 quotata sul mercato Euronext Growth Milan di Borsa Italiana nata dal rebranding di Farma\u00e8 S.p.A., \u00e8 tra i principali gruppi digitali in Europa nel macrosettore multicanale della Salute, Benessere e Bellezza e nei servizi media e di trasformazione digitale per le imprese.\u00a0","publisher":{"@id":"https:\/\/taleagroupspa.com\/en\/#organization"},"potentialAction":[{"@type":"SearchAction","target":{"@type":"EntryPoint","urlTemplate":"https:\/\/taleagroupspa.com\/en\/?s={search_term_string}"},"query-input":"required name=search_term_string"}],"inLanguage":"en-US"},{"@type":"Organization","@id":"https:\/\/taleagroupspa.com\/en\/#organization","name":"Talea Group S.p.A","url":"https:\/\/taleagroupspa.com\/en\/","logo":{"@type":"ImageObject","inLanguage":"en-US","@id":"https:\/\/taleagroupspa.com\/en\/#\/schema\/logo\/image\/","url":"https:\/\/taleagroupspa.com\/wp-content\/uploads\/2022\/09\/logo-dark.svg","contentUrl":"https:\/\/taleagroupspa.com\/wp-content\/uploads\/2022\/09\/logo-dark.svg","caption":"Talea Group S.p.A"},"image":{"@id":"https:\/\/taleagroupspa.com\/en\/#\/schema\/logo\/image\/"}}]}},"_links":{"self":[{"href":"https:\/\/taleagroupspa.com\/en\/wp-json\/wp\/v2\/pages\/758"}],"collection":[{"href":"https:\/\/taleagroupspa.com\/en\/wp-json\/wp\/v2\/pages"}],"about":[{"href":"https:\/\/taleagroupspa.com\/en\/wp-json\/wp\/v2\/types\/page"}],"author":[{"embeddable":true,"href":"https:\/\/taleagroupspa.com\/en\/wp-json\/wp\/v2\/users\/1"}],"replies":[{"embeddable":true,"href":"https:\/\/taleagroupspa.com\/en\/wp-json\/wp\/v2\/comments?post=758"}],"version-history":[{"count":3,"href":"https:\/\/taleagroupspa.com\/en\/wp-json\/wp\/v2\/pages\/758\/revisions"}],"predecessor-version":[{"id":1621,"href":"https:\/\/taleagroupspa.com\/en\/wp-json\/wp\/v2\/pages\/758\/revisions\/1621"}],"wp:attachment":[{"href":"https:\/\/taleagroupspa.com\/en\/wp-json\/wp\/v2\/media?parent=758"}],"curies":[{"name":"wp","href":"https:\/\/api.w.org\/{rel}","templated":true}]}}